{"id":78115,"date":"2025-08-11T08:16:02","date_gmt":"2025-08-11T12:16:02","guid":{"rendered":"https:\/\/staging.gravitzero.com\/?post_type=product&#038;p=78115"},"modified":"2025-08-11T08:53:24","modified_gmt":"2025-08-11T12:53:24","slug":"programme-combine-travail-en-hauteur-engin-elevateur-requalification-acces-individuel","status":"publish","type":"product","link":"https:\/\/staging.gravitzero.com\/en\/produit\/programme-combine-travail-en-hauteur-engin-elevateur-requalification-acces-individuel\/","title":{"rendered":"Programme combin\u00e9: Travail en hauteur &#8211; Engin \u00e9l\u00e9vateur (requalification) &#8211; Acc\u00e8s individuel"},"content":{"rendered":"<h3 data-start=\"718\" data-end=\"1068\"><strong>Objectifs:<\/strong><\/h3>\n<p data-start=\"718\" data-end=\"1068\"><strong data-start=\"721\" data-end=\"764\">Travail en hauteur \u2013 Formation g\u00e9n\u00e9rale<\/strong><br data-start=\"764\" data-end=\"767\" \/>Cette formation en ligne couvre l\u2019identification des risques de chute, l\u2019utilisation s\u00e9curitaire des \u00e9quipements antichute, le port et l\u2019ajustement du harnais, ainsi que les exigences r\u00e9glementaires en vigueur. Elle permet de satisfaire aux obligations du Code de s\u00e9curit\u00e9 pour les travaux en hauteur.<\/p>\n<p data-start=\"1070\" data-end=\"1438\"><strong data-start=\"1073\" data-end=\"1122\">Engin \u00e9l\u00e9vateur\u00a0<\/strong><br data-start=\"1122\" data-end=\"1125\" \/>Cette formation en ligne sur les engins \u00e9l\u00e9vateurs (reconnaissance des comp\u00e9tences) vous garantit une utilisation s\u00e9curitaire et conforme aux plus hauts standards. D\u00e9j\u00e0 align\u00e9e sur la norme CSA B354 avant m\u00eame la mise \u00e0 jour r\u00e9glementaire du 3 octobre 2024, elle r\u00e9pond int\u00e9gralement aux exigences l\u00e9gales pour l\u2019obtention ou le renouvellement de votre certification.<\/p>\n","protected":false},"excerpt":{"rendered":"<p data-start=\"731\" data-end=\"928\">Programme complet combinant la formation <strong data-start=\"469\" data-end=\"491\">Travail en hauteur<\/strong> et la <strong data-start=\"498\" data-end=\"558\">reconnaissance des comp\u00e9tences sur les engins \u00e9l\u00e9vateurs<\/strong> selon la norme CSA B354. Conforme aux exigences r\u00e9glementaires en vigueur depuis octobre 2024.<\/p>\n<p><span style=\"color: #850d0d;\"><strong>Un volet d&#8217;initiation technique (pratique) devrait compl\u00e9ter ce programme.<\/strong><\/span><\/p>\n<p>&nbsp;<\/p>\n<p data-start=\"662\" data-end=\"785\">Ce <strong data-start=\"747\" data-end=\"768\">programme combin\u00e9<\/strong> regroupe :<\/p>\n<ol data-start=\"786\" data-end=\"1107\">\n<li data-start=\"786\" data-end=\"918\">\n<p data-start=\"789\" data-end=\"918\"><strong data-start=\"789\" data-end=\"824\">La formation Travail en hauteur<\/strong>, pour pr\u00e9venir les risques de chute et utiliser correctement les \u00e9quipements de protection.<\/p>\n<\/li>\n<li data-start=\"919\" data-end=\"1107\">\n<p data-start=\"922\" data-end=\"1107\"><strong data-start=\"922\" data-end=\"985\">La reconnaissance des comp\u00e9tences sur les engins \u00e9l\u00e9vateurs<\/strong>, pour valider vos habilet\u00e9s th\u00e9oriques et pratiques conform\u00e9ment \u00e0 la norme CSA B354 et au Code de s\u00e9curit\u00e9 du travail.<\/p>\n<\/li>\n<\/ol>\n<p>&nbsp;<\/p>\n<p>Si vous souhaitez acheter plusieurs acc\u00e8s pour une entreprise, cliquez sur ce produit :<br \/>\n<a style=\"font-size: 24px; text-decoration: underline;\" href=\"https:\/\/staging.gravitzero.com\/produit\/programme-combine-telecom-travail-en-hauteur-espaces-clos-achat-dacces-entreprise\"><br \/>\n<strong>Programme Travail en hauteur et Espaces clos \u2013 Achat d\u2019acc\u00e8s entreprise<\/strong><br \/>\n<\/a><\/p>\n","protected":false},"featured_media":78116,"template":"","meta":{"_acf_changed":false,"_price":"150","_stock":"","_tribe_ticket_header":"","_tribe_default_ticket_provider":"","_ticket_start_date":"","_ticket_end_date":"","_tribe_ticket_show_description":"","_tribe_ticket_show_not_going":false,"_tribe_ticket_use_global_stock":"","_tribe_ticket_global_stock_level":"","_global_stock_mode":"","_global_stock_cap":"","_tribe_rsvp_for_event":"","_tribe_ticket_going_count":"","_tribe_ticket_not_going_count":"","_tribe_tickets_list":"[]","_tribe_ticket_has_attendee_info_fields":false,"_tec_slr_enabled":"","_tec_slr_layout":""},"product_brand":[],"product_cat":[2023,2053],"product_tag":[],"class_list":{"0":"post-78115","1":"product","2":"type-product","3":"status-publish","4":"has-post-thumbnail","6":"product_cat-programmes-combines","7":"product_cat-travail-en-hauteur-et-engin-elevateur-requalification-individuel","9":"first","10":"instock","11":"virtual","12":"sold-individually","13":"taxable","14":"purchasable","15":"product-type-simple"},"acf":[],"yoast_head":"<!-- This site is optimized with the Yoast SEO Premium plugin v26.7 (Yoast SEO v26.7) - https:\/\/yoast.com\/wordpress\/plugins\/seo\/ -->\n<title>Programme combin\u00e9: Travail en hauteur - Engin \u00e9l\u00e9vateur (requalification) - Acc\u00e8s individuel | GRAVI-T ZERO<\/title>\n<meta name=\"robots\" content=\"index, follow, max-snippet:-1, max-image-preview:large, max-video-preview:-1\" \/>\n<link rel=\"canonical\" href=\"https:\/\/staging.gravitzero.com\/produit\/programme-combine-travail-en-hauteur-engin-elevateur-requalification-acces-individuel\/\" \/>\n<meta property=\"og:locale\" content=\"en_US\" \/>\n<meta property=\"og:type\" content=\"article\" \/>\n<meta property=\"og:title\" content=\"Programme combin\u00e9: Travail en hauteur - Engin \u00e9l\u00e9vateur (requalification) - Acc\u00e8s individuel\" \/>\n<meta property=\"og:description\" content=\"Programme complet combinant la formation Travail en hauteur et la reconnaissance des comp\u00e9tences sur les engins \u00e9l\u00e9vateurs selon la norme CSA B354. Conforme aux exigences r\u00e9glementaires en vigueur depuis octobre 2024. Un volet d&#039;initiation technique (pratique) devrait compl\u00e9ter ce programme.  &nbsp; Ce programme combin\u00e9 regroupe :     La formation Travail en hauteur, pour pr\u00e9venir les risques de chute et utiliser correctement les \u00e9quipements de protection.    La reconnaissance des comp\u00e9tences sur les engins \u00e9l\u00e9vateurs, pour valider vos habilet\u00e9s th\u00e9oriques et pratiques conform\u00e9ment \u00e0 la norme CSA B354 et au Code de s\u00e9curit\u00e9 du travail.   &nbsp;  Si vous souhaitez acheter plusieurs acc\u00e8s pour une entreprise, cliquez sur ce produit :  Programme Travail en hauteur et Espaces clos \u2013 Achat d\u2019acc\u00e8s entreprise\" \/>\n<meta property=\"og:url\" content=\"https:\/\/staging.gravitzero.com\/produit\/programme-combine-travail-en-hauteur-engin-elevateur-requalification-acces-individuel\/\" \/>\n<meta property=\"og:site_name\" content=\"GRAVI-T ZERO\" \/>\n<meta property=\"article:publisher\" content=\"https:\/\/www.facebook.com\/gravitzero\/\" \/>\n<meta property=\"article:modified_time\" content=\"2025-08-11T12:53:24+00:00\" \/>\n<meta property=\"og:image\" content=\"https:\/\/staging.gravitzero.com\/wp-content\/uploads\/2025\/08\/Travail-hauteur-engin.png\" \/>\n\t<meta property=\"og:image:width\" content=\"203\" \/>\n\t<meta property=\"og:image:height\" content=\"244\" \/>\n\t<meta property=\"og:image:type\" content=\"image\/png\" \/>\n<meta name=\"twitter:card\" content=\"summary_large_image\" \/>\n<meta name=\"twitter:label1\" content=\"Est. reading time\" \/>\n\t<meta name=\"twitter:data1\" content=\"1 minute\" \/>\n<script type=\"application\/ld+json\" class=\"yoast-schema-graph\">{\"@context\":\"https:\/\/schema.org\",\"@graph\":[{\"@type\":\"WebPage\",\"@id\":\"https:\/\/staging.gravitzero.com\/produit\/programme-combine-travail-en-hauteur-engin-elevateur-requalification-acces-individuel\/\",\"url\":\"https:\/\/staging.gravitzero.com\/produit\/programme-combine-travail-en-hauteur-engin-elevateur-requalification-acces-individuel\/\",\"name\":\"Programme combin\u00e9: Travail en hauteur - Engin \u00e9l\u00e9vateur (requalification) - Acc\u00e8s individuel | GRAVI-T ZERO\",\"isPartOf\":{\"@id\":\"https:\/\/staging.gravitzero.com\/#website\"},\"primaryImageOfPage\":{\"@id\":\"https:\/\/staging.gravitzero.com\/produit\/programme-combine-travail-en-hauteur-engin-elevateur-requalification-acces-individuel\/#primaryimage\"},\"image\":{\"@id\":\"https:\/\/staging.gravitzero.com\/produit\/programme-combine-travail-en-hauteur-engin-elevateur-requalification-acces-individuel\/#primaryimage\"},\"thumbnailUrl\":\"https:\/\/staging.gravitzero.com\/wp-content\/uploads\/2025\/08\/Travail-hauteur-engin.png\",\"datePublished\":\"2025-08-11T12:16:02+00:00\",\"dateModified\":\"2025-08-11T12:53:24+00:00\",\"breadcrumb\":{\"@id\":\"https:\/\/staging.gravitzero.com\/produit\/programme-combine-travail-en-hauteur-engin-elevateur-requalification-acces-individuel\/#breadcrumb\"},\"inLanguage\":\"en-US\",\"potentialAction\":[{\"@type\":\"ReadAction\",\"target\":[\"https:\/\/staging.gravitzero.com\/produit\/programme-combine-travail-en-hauteur-engin-elevateur-requalification-acces-individuel\/\"]}]},{\"@type\":\"ImageObject\",\"inLanguage\":\"en-US\",\"@id\":\"https:\/\/staging.gravitzero.com\/produit\/programme-combine-travail-en-hauteur-engin-elevateur-requalification-acces-individuel\/#primaryimage\",\"url\":\"https:\/\/staging.gravitzero.com\/wp-content\/uploads\/2025\/08\/Travail-hauteur-engin.png\",\"contentUrl\":\"https:\/\/staging.gravitzero.com\/wp-content\/uploads\/2025\/08\/Travail-hauteur-engin.png\",\"width\":203,\"height\":244},{\"@type\":\"BreadcrumbList\",\"@id\":\"https:\/\/staging.gravitzero.com\/produit\/programme-combine-travail-en-hauteur-engin-elevateur-requalification-acces-individuel\/#breadcrumb\",\"itemListElement\":[{\"@type\":\"ListItem\",\"position\":1,\"name\":\"Accueil\",\"item\":\"https:\/\/staging.gravitzero.com\/\"},{\"@type\":\"ListItem\",\"position\":2,\"name\":\"Shop\",\"item\":\"https:\/\/staging.gravitzero.com\/en\/shop\/\"},{\"@type\":\"ListItem\",\"position\":3,\"name\":\"Programmes combin\u00e9s - Individuels\",\"item\":\"https:\/\/staging.gravitzero.com\/categorie-produit\/programmes-combines\/\"},{\"@type\":\"ListItem\",\"position\":4,\"name\":\"Programme combin\u00e9: Travail en hauteur &#8211; Engin \u00e9l\u00e9vateur (requalification) &#8211; Acc\u00e8s individuel\"}]},{\"@type\":\"WebSite\",\"@id\":\"https:\/\/staging.gravitzero.com\/#website\",\"url\":\"https:\/\/staging.gravitzero.com\/\",\"name\":\"GRAVI-T ZERO\",\"description\":\"Entreprise de formation en sant\u00e9 et s\u00e9curit\u00e9 au travail\",\"publisher\":{\"@id\":\"https:\/\/staging.gravitzero.com\/#organization\"},\"inLanguage\":\"en-US\"},{\"@type\":\"Organization\",\"@id\":\"https:\/\/staging.gravitzero.com\/#organization\",\"name\":\"GRAVI-T ZERO\",\"url\":\"https:\/\/staging.gravitzero.com\/\",\"logo\":{\"@type\":\"ImageObject\",\"inLanguage\":\"en-US\",\"@id\":\"https:\/\/staging.gravitzero.com\/#\/schema\/logo\/image\/\",\"url\":\"https:\/\/staging.gravitzero.com\/wp-content\/uploads\/2018\/03\/logo-340-156.jpg\",\"contentUrl\":\"https:\/\/staging.gravitzero.com\/wp-content\/uploads\/2018\/03\/logo-340-156.jpg\",\"width\":340,\"height\":156,\"caption\":\"GRAVI-T ZERO\"},\"image\":{\"@id\":\"https:\/\/staging.gravitzero.com\/#\/schema\/logo\/image\/\"},\"sameAs\":[\"https:\/\/www.facebook.com\/gravitzero\/\"]}]}<\/script>\n<!-- \/ Yoast SEO Premium plugin. -->","yoast_head_json":{"title":"Programme combin\u00e9: Travail en hauteur - Engin \u00e9l\u00e9vateur (requalification) - Acc\u00e8s individuel | GRAVI-T ZERO","robots":{"index":"index","follow":"follow","max-snippet":"max-snippet:-1","max-image-preview":"max-image-preview:large","max-video-preview":"max-video-preview:-1"},"canonical":"https:\/\/staging.gravitzero.com\/produit\/programme-combine-travail-en-hauteur-engin-elevateur-requalification-acces-individuel\/","og_locale":"en_US","og_type":"article","og_title":"Programme combin\u00e9: Travail en hauteur - Engin \u00e9l\u00e9vateur (requalification) - Acc\u00e8s individuel","og_description":"Programme complet combinant la formation Travail en hauteur et la reconnaissance des comp\u00e9tences sur les engins \u00e9l\u00e9vateurs selon la norme CSA B354. Conforme aux exigences r\u00e9glementaires en vigueur depuis octobre 2024. Un volet d'initiation technique (pratique) devrait compl\u00e9ter ce programme.  &nbsp; Ce programme combin\u00e9 regroupe :     La formation Travail en hauteur, pour pr\u00e9venir les risques de chute et utiliser correctement les \u00e9quipements de protection.    La reconnaissance des comp\u00e9tences sur les engins \u00e9l\u00e9vateurs, pour valider vos habilet\u00e9s th\u00e9oriques et pratiques conform\u00e9ment \u00e0 la norme CSA B354 et au Code de s\u00e9curit\u00e9 du travail.   &nbsp;  Si vous souhaitez acheter plusieurs acc\u00e8s pour une entreprise, cliquez sur ce produit :  Programme Travail en hauteur et Espaces clos \u2013 Achat d\u2019acc\u00e8s entreprise","og_url":"https:\/\/staging.gravitzero.com\/produit\/programme-combine-travail-en-hauteur-engin-elevateur-requalification-acces-individuel\/","og_site_name":"GRAVI-T ZERO","article_publisher":"https:\/\/www.facebook.com\/gravitzero\/","article_modified_time":"2025-08-11T12:53:24+00:00","og_image":[{"width":203,"height":244,"url":"https:\/\/staging.gravitzero.com\/wp-content\/uploads\/2025\/08\/Travail-hauteur-engin.png","type":"image\/png"}],"twitter_card":"summary_large_image","twitter_misc":{"Est. reading time":"1 minute"},"schema":{"@context":"https:\/\/schema.org","@graph":[{"@type":"WebPage","@id":"https:\/\/staging.gravitzero.com\/produit\/programme-combine-travail-en-hauteur-engin-elevateur-requalification-acces-individuel\/","url":"https:\/\/staging.gravitzero.com\/produit\/programme-combine-travail-en-hauteur-engin-elevateur-requalification-acces-individuel\/","name":"Programme combin\u00e9: Travail en hauteur - Engin \u00e9l\u00e9vateur (requalification) - Acc\u00e8s individuel | GRAVI-T ZERO","isPartOf":{"@id":"https:\/\/staging.gravitzero.com\/#website"},"primaryImageOfPage":{"@id":"https:\/\/staging.gravitzero.com\/produit\/programme-combine-travail-en-hauteur-engin-elevateur-requalification-acces-individuel\/#primaryimage"},"image":{"@id":"https:\/\/staging.gravitzero.com\/produit\/programme-combine-travail-en-hauteur-engin-elevateur-requalification-acces-individuel\/#primaryimage"},"thumbnailUrl":"https:\/\/staging.gravitzero.com\/wp-content\/uploads\/2025\/08\/Travail-hauteur-engin.png","datePublished":"2025-08-11T12:16:02+00:00","dateModified":"2025-08-11T12:53:24+00:00","breadcrumb":{"@id":"https:\/\/staging.gravitzero.com\/produit\/programme-combine-travail-en-hauteur-engin-elevateur-requalification-acces-individuel\/#breadcrumb"},"inLanguage":"en-US","potentialAction":[{"@type":"ReadAction","target":["https:\/\/staging.gravitzero.com\/produit\/programme-combine-travail-en-hauteur-engin-elevateur-requalification-acces-individuel\/"]}]},{"@type":"ImageObject","inLanguage":"en-US","@id":"https:\/\/staging.gravitzero.com\/produit\/programme-combine-travail-en-hauteur-engin-elevateur-requalification-acces-individuel\/#primaryimage","url":"https:\/\/staging.gravitzero.com\/wp-content\/uploads\/2025\/08\/Travail-hauteur-engin.png","contentUrl":"https:\/\/staging.gravitzero.com\/wp-content\/uploads\/2025\/08\/Travail-hauteur-engin.png","width":203,"height":244},{"@type":"BreadcrumbList","@id":"https:\/\/staging.gravitzero.com\/produit\/programme-combine-travail-en-hauteur-engin-elevateur-requalification-acces-individuel\/#breadcrumb","itemListElement":[{"@type":"ListItem","position":1,"name":"Accueil","item":"https:\/\/staging.gravitzero.com\/"},{"@type":"ListItem","position":2,"name":"Shop","item":"https:\/\/staging.gravitzero.com\/en\/shop\/"},{"@type":"ListItem","position":3,"name":"Programmes combin\u00e9s - Individuels","item":"https:\/\/staging.gravitzero.com\/categorie-produit\/programmes-combines\/"},{"@type":"ListItem","position":4,"name":"Programme combin\u00e9: Travail en hauteur &#8211; Engin \u00e9l\u00e9vateur (requalification) &#8211; Acc\u00e8s individuel"}]},{"@type":"WebSite","@id":"https:\/\/staging.gravitzero.com\/#website","url":"https:\/\/staging.gravitzero.com\/","name":"GRAVI-T ZERO","description":"Entreprise de formation en sant\u00e9 et s\u00e9curit\u00e9 au travail","publisher":{"@id":"https:\/\/staging.gravitzero.com\/#organization"},"inLanguage":"en-US"},{"@type":"Organization","@id":"https:\/\/staging.gravitzero.com\/#organization","name":"GRAVI-T ZERO","url":"https:\/\/staging.gravitzero.com\/","logo":{"@type":"ImageObject","inLanguage":"en-US","@id":"https:\/\/staging.gravitzero.com\/#\/schema\/logo\/image\/","url":"https:\/\/staging.gravitzero.com\/wp-content\/uploads\/2018\/03\/logo-340-156.jpg","contentUrl":"https:\/\/staging.gravitzero.com\/wp-content\/uploads\/2018\/03\/logo-340-156.jpg","width":340,"height":156,"caption":"GRAVI-T ZERO"},"image":{"@id":"https:\/\/staging.gravitzero.com\/#\/schema\/logo\/image\/"},"sameAs":["https:\/\/www.facebook.com\/gravitzero\/"]}]}},"_links":{"self":[{"href":"https:\/\/staging.gravitzero.com\/en\/wp-json\/wp\/v2\/product\/78115","targetHints":{"allow":["GET"]}}],"collection":[{"href":"https:\/\/staging.gravitzero.com\/en\/wp-json\/wp\/v2\/product"}],"about":[{"href":"https:\/\/staging.gravitzero.com\/en\/wp-json\/wp\/v2\/types\/product"}],"version-history":[{"count":2,"href":"https:\/\/staging.gravitzero.com\/en\/wp-json\/wp\/v2\/product\/78115\/revisions"}],"predecessor-version":[{"id":78118,"href":"https:\/\/staging.gravitzero.com\/en\/wp-json\/wp\/v2\/product\/78115\/revisions\/78118"}],"wp:featuredmedia":[{"embeddable":true,"href":"https:\/\/staging.gravitzero.com\/en\/wp-json\/wp\/v2\/media\/78116"}],"wp:attachment":[{"href":"https:\/\/staging.gravitzero.com\/en\/wp-json\/wp\/v2\/media?parent=78115"}],"wp:term":[{"taxonomy":"product_brand","embeddable":true,"href":"https:\/\/staging.gravitzero.com\/en\/wp-json\/wp\/v2\/product_brand?post=78115"},{"taxonomy":"product_cat","embeddable":true,"href":"https:\/\/staging.gravitzero.com\/en\/wp-json\/wp\/v2\/product_cat?post=78115"},{"taxonomy":"product_tag","embeddable":true,"href":"https:\/\/staging.gravitzero.com\/en\/wp-json\/wp\/v2\/product_tag?post=78115"}],"curies":[{"name":"wp","href":"https:\/\/api.w.org\/{rel}","templated":true}]}}