{"id":78102,"date":"2025-08-08T14:36:20","date_gmt":"2025-08-08T18:36:20","guid":{"rendered":"https:\/\/staging.gravitzero.com\/?post_type=product&#038;p=78102"},"modified":"2025-08-28T22:01:27","modified_gmt":"2025-08-29T02:01:27","slug":"engins-elevateurs-reconnaissance-des-competences-acces-individuel","status":"publish","type":"product","link":"https:\/\/staging.gravitzero.com\/en\/produit\/engins-elevateurs-reconnaissance-des-competences-acces-individuel\/","title":{"rendered":"Engins \u00e9l\u00e9vateurs reconnaissance des comp\u00e9tences &#8211; Individuel"},"content":{"rendered":"<p><strong data-start=\"82\" data-end=\"155\">Formation en ligne \u2013 Requalification appareils de levage de personnes<br \/>\n<\/strong><br data-start=\"155\" data-end=\"158\" \/>Mettez-vous en conformit\u00e9 avec la nouvelle r\u00e9glementation de la CNESST. Cette formation en ligne vous pr\u00e9sente les modifications au Code de s\u00e9curit\u00e9 pour les travaux de construction du Qu\u00e9bec, les exigences de la norme CSA B354. Id\u00e9al pour les d\u00e9tenteurs d\u2019une carte de comp\u00e9tence de plus de 5 ans souhaitant se requalifier sans refaire toute la formation initiale.<\/p>\n<p><span style=\"color: #7d0b0b;\"><strong>Un volet d&#8217;initiation technique (pratique) devrait compl\u00e9ter ce cours.<\/strong><\/span><\/p>\n","protected":false},"excerpt":{"rendered":"<p>Formation en ligne sur les modifications r\u00e9glementaires apport\u00e9es au Code de s\u00e9curit\u00e9 pour les travaux de construction du Qu\u00e9bec concernant l&#8217;utilisation des engins \u00e9l\u00e9vateurs.<\/p>\n<p style=\"margin: 24px 0;\">Si vous souhaitez acheter plusieurs acc\u00e8s pour une entreprise, cliquez sur ce produit :<br \/>\n<a style=\"font-size: 24px; text-decoration: underline;\" href=\"https:\/\/staging.gravitzero.com\/produit\/engins-elevateurs-reconnaissance-des-competences-achat-dacces-entreprise\/\"><br \/>\n<strong>Engins \u00e9l\u00e9vateurs reconnaissance des comp\u00e9tences \u2013 Achat d\u2019acc\u00e8s entreprise<\/strong><br \/>\n<\/a><\/p>\n","protected":false},"featured_media":73528,"template":"","meta":{"_acf_changed":false,"_price":"0","_stock":"","_tribe_ticket_header":"","_tribe_default_ticket_provider":"","_ticket_start_date":"","_ticket_end_date":"","_tribe_ticket_show_description":"","_tribe_ticket_show_not_going":false,"_tribe_ticket_use_global_stock":"","_tribe_ticket_global_stock_level":"","_global_stock_mode":"","_global_stock_cap":"","_tribe_rsvp_for_event":"","_tribe_ticket_going_count":"","_tribe_ticket_not_going_count":"","_tribe_tickets_list":"[]","_tribe_ticket_has_attendee_info_fields":false,"_tec_slr_enabled":"","_tec_slr_layout":""},"product_brand":[],"product_cat":[1857,2031],"product_tag":[],"class_list":{"0":"post-78102","1":"product","2":"type-product","3":"status-publish","4":"has-post-thumbnail","6":"product_cat-engins-elevateurs","7":"product_cat-formation-en-ligne-individuelle","9":"first","10":"instock","11":"virtual","12":"sold-individually","13":"taxable","14":"purchasable","15":"product-type-simple"},"acf":[],"yoast_head":"<!-- This site is optimized with the Yoast SEO Premium plugin v26.7 (Yoast SEO v26.7) - https:\/\/yoast.com\/wordpress\/plugins\/seo\/ -->\n<title>Engins \u00e9l\u00e9vateurs reconnaissance des comp\u00e9tences - Individuel | GRAVI-T ZERO<\/title>\n<meta name=\"robots\" content=\"index, follow, max-snippet:-1, max-image-preview:large, max-video-preview:-1\" \/>\n<link rel=\"canonical\" href=\"https:\/\/staging.gravitzero.com\/produit\/engins-elevateurs-reconnaissance-des-competences-acces-individuel\/\" \/>\n<meta property=\"og:locale\" content=\"en_US\" \/>\n<meta property=\"og:type\" content=\"article\" \/>\n<meta property=\"og:title\" content=\"Engins \u00e9l\u00e9vateurs reconnaissance des comp\u00e9tences - Individuel\" \/>\n<meta property=\"og:description\" content=\"Formation en ligne sur les modifications r\u00e9glementaires apport\u00e9es au Code de s\u00e9curit\u00e9 pour les travaux de construction du Qu\u00e9bec concernant l&#039;utilisation des engins \u00e9l\u00e9vateurs. Si vous souhaitez acheter plusieurs acc\u00e8s pour une entreprise, cliquez sur ce produit :  Engins \u00e9l\u00e9vateurs reconnaissance des comp\u00e9tences \u2013 Achat d\u2019acc\u00e8s entreprise\" \/>\n<meta property=\"og:url\" content=\"https:\/\/staging.gravitzero.com\/produit\/engins-elevateurs-reconnaissance-des-competences-acces-individuel\/\" \/>\n<meta property=\"og:site_name\" content=\"GRAVI-T ZERO\" \/>\n<meta property=\"article:publisher\" content=\"https:\/\/www.facebook.com\/gravitzero\/\" \/>\n<meta property=\"article:modified_time\" content=\"2025-08-29T02:01:27+00:00\" \/>\n<meta property=\"og:image\" content=\"https:\/\/staging.gravitzero.com\/wp-content\/uploads\/2025\/05\/GTZ-Sauvetage-en-hauteur-au-moyen-dun-engin-elevateur-2-1-1-1.jpg\" \/>\n\t<meta property=\"og:image:width\" content=\"1909\" \/>\n\t<meta property=\"og:image:height\" content=\"765\" \/>\n\t<meta property=\"og:image:type\" content=\"image\/jpeg\" \/>\n<meta name=\"twitter:card\" content=\"summary_large_image\" \/>\n<script type=\"application\/ld+json\" class=\"yoast-schema-graph\">{\"@context\":\"https:\/\/schema.org\",\"@graph\":[{\"@type\":\"WebPage\",\"@id\":\"https:\/\/staging.gravitzero.com\/produit\/engins-elevateurs-reconnaissance-des-competences-acces-individuel\/\",\"url\":\"https:\/\/staging.gravitzero.com\/produit\/engins-elevateurs-reconnaissance-des-competences-acces-individuel\/\",\"name\":\"Engins \u00e9l\u00e9vateurs reconnaissance des comp\u00e9tences - Individuel | GRAVI-T ZERO\",\"isPartOf\":{\"@id\":\"https:\/\/staging.gravitzero.com\/#website\"},\"primaryImageOfPage\":{\"@id\":\"https:\/\/staging.gravitzero.com\/produit\/engins-elevateurs-reconnaissance-des-competences-acces-individuel\/#primaryimage\"},\"image\":{\"@id\":\"https:\/\/staging.gravitzero.com\/produit\/engins-elevateurs-reconnaissance-des-competences-acces-individuel\/#primaryimage\"},\"thumbnailUrl\":\"https:\/\/staging.gravitzero.com\/wp-content\/uploads\/2025\/05\/GTZ-Sauvetage-en-hauteur-au-moyen-dun-engin-elevateur-2-1-1-1.jpg\",\"datePublished\":\"2025-08-08T18:36:20+00:00\",\"dateModified\":\"2025-08-29T02:01:27+00:00\",\"breadcrumb\":{\"@id\":\"https:\/\/staging.gravitzero.com\/produit\/engins-elevateurs-reconnaissance-des-competences-acces-individuel\/#breadcrumb\"},\"inLanguage\":\"en-US\",\"potentialAction\":[{\"@type\":\"ReadAction\",\"target\":[\"https:\/\/staging.gravitzero.com\/produit\/engins-elevateurs-reconnaissance-des-competences-acces-individuel\/\"]}]},{\"@type\":\"ImageObject\",\"inLanguage\":\"en-US\",\"@id\":\"https:\/\/staging.gravitzero.com\/produit\/engins-elevateurs-reconnaissance-des-competences-acces-individuel\/#primaryimage\",\"url\":\"https:\/\/staging.gravitzero.com\/wp-content\/uploads\/2025\/05\/GTZ-Sauvetage-en-hauteur-au-moyen-dun-engin-elevateur-2-1-1-1.jpg\",\"contentUrl\":\"https:\/\/staging.gravitzero.com\/wp-content\/uploads\/2025\/05\/GTZ-Sauvetage-en-hauteur-au-moyen-dun-engin-elevateur-2-1-1-1.jpg\",\"width\":1909,\"height\":765},{\"@type\":\"BreadcrumbList\",\"@id\":\"https:\/\/staging.gravitzero.com\/produit\/engins-elevateurs-reconnaissance-des-competences-acces-individuel\/#breadcrumb\",\"itemListElement\":[{\"@type\":\"ListItem\",\"position\":1,\"name\":\"Accueil\",\"item\":\"https:\/\/staging.gravitzero.com\/\"},{\"@type\":\"ListItem\",\"position\":2,\"name\":\"Shop\",\"item\":\"https:\/\/staging.gravitzero.com\/en\/shop\/\"},{\"@type\":\"ListItem\",\"position\":3,\"name\":\"Engins \u00e9l\u00e9vateurs\",\"item\":\"https:\/\/staging.gravitzero.com\/categorie-produit\/engins-elevateurs\/\"},{\"@type\":\"ListItem\",\"position\":4,\"name\":\"Engins \u00e9l\u00e9vateurs reconnaissance des comp\u00e9tences &#8211; Individuel\"}]},{\"@type\":\"WebSite\",\"@id\":\"https:\/\/staging.gravitzero.com\/#website\",\"url\":\"https:\/\/staging.gravitzero.com\/\",\"name\":\"GRAVI-T ZERO\",\"description\":\"Entreprise de formation en sant\u00e9 et s\u00e9curit\u00e9 au travail\",\"publisher\":{\"@id\":\"https:\/\/staging.gravitzero.com\/#organization\"},\"inLanguage\":\"en-US\"},{\"@type\":\"Organization\",\"@id\":\"https:\/\/staging.gravitzero.com\/#organization\",\"name\":\"GRAVI-T ZERO\",\"url\":\"https:\/\/staging.gravitzero.com\/\",\"logo\":{\"@type\":\"ImageObject\",\"inLanguage\":\"en-US\",\"@id\":\"https:\/\/staging.gravitzero.com\/#\/schema\/logo\/image\/\",\"url\":\"https:\/\/staging.gravitzero.com\/wp-content\/uploads\/2018\/03\/logo-340-156.jpg\",\"contentUrl\":\"https:\/\/staging.gravitzero.com\/wp-content\/uploads\/2018\/03\/logo-340-156.jpg\",\"width\":340,\"height\":156,\"caption\":\"GRAVI-T ZERO\"},\"image\":{\"@id\":\"https:\/\/staging.gravitzero.com\/#\/schema\/logo\/image\/\"},\"sameAs\":[\"https:\/\/www.facebook.com\/gravitzero\/\"]}]}<\/script>\n<!-- \/ Yoast SEO Premium plugin. -->","yoast_head_json":{"title":"Engins \u00e9l\u00e9vateurs reconnaissance des comp\u00e9tences - Individuel | GRAVI-T ZERO","robots":{"index":"index","follow":"follow","max-snippet":"max-snippet:-1","max-image-preview":"max-image-preview:large","max-video-preview":"max-video-preview:-1"},"canonical":"https:\/\/staging.gravitzero.com\/produit\/engins-elevateurs-reconnaissance-des-competences-acces-individuel\/","og_locale":"en_US","og_type":"article","og_title":"Engins \u00e9l\u00e9vateurs reconnaissance des comp\u00e9tences - Individuel","og_description":"Formation en ligne sur les modifications r\u00e9glementaires apport\u00e9es au Code de s\u00e9curit\u00e9 pour les travaux de construction du Qu\u00e9bec concernant l'utilisation des engins \u00e9l\u00e9vateurs. Si vous souhaitez acheter plusieurs acc\u00e8s pour une entreprise, cliquez sur ce produit :  Engins \u00e9l\u00e9vateurs reconnaissance des comp\u00e9tences \u2013 Achat d\u2019acc\u00e8s entreprise","og_url":"https:\/\/staging.gravitzero.com\/produit\/engins-elevateurs-reconnaissance-des-competences-acces-individuel\/","og_site_name":"GRAVI-T ZERO","article_publisher":"https:\/\/www.facebook.com\/gravitzero\/","article_modified_time":"2025-08-29T02:01:27+00:00","og_image":[{"width":1909,"height":765,"url":"https:\/\/staging.gravitzero.com\/wp-content\/uploads\/2025\/05\/GTZ-Sauvetage-en-hauteur-au-moyen-dun-engin-elevateur-2-1-1-1.jpg","type":"image\/jpeg"}],"twitter_card":"summary_large_image","schema":{"@context":"https:\/\/schema.org","@graph":[{"@type":"WebPage","@id":"https:\/\/staging.gravitzero.com\/produit\/engins-elevateurs-reconnaissance-des-competences-acces-individuel\/","url":"https:\/\/staging.gravitzero.com\/produit\/engins-elevateurs-reconnaissance-des-competences-acces-individuel\/","name":"Engins \u00e9l\u00e9vateurs reconnaissance des comp\u00e9tences - Individuel | GRAVI-T ZERO","isPartOf":{"@id":"https:\/\/staging.gravitzero.com\/#website"},"primaryImageOfPage":{"@id":"https:\/\/staging.gravitzero.com\/produit\/engins-elevateurs-reconnaissance-des-competences-acces-individuel\/#primaryimage"},"image":{"@id":"https:\/\/staging.gravitzero.com\/produit\/engins-elevateurs-reconnaissance-des-competences-acces-individuel\/#primaryimage"},"thumbnailUrl":"https:\/\/staging.gravitzero.com\/wp-content\/uploads\/2025\/05\/GTZ-Sauvetage-en-hauteur-au-moyen-dun-engin-elevateur-2-1-1-1.jpg","datePublished":"2025-08-08T18:36:20+00:00","dateModified":"2025-08-29T02:01:27+00:00","breadcrumb":{"@id":"https:\/\/staging.gravitzero.com\/produit\/engins-elevateurs-reconnaissance-des-competences-acces-individuel\/#breadcrumb"},"inLanguage":"en-US","potentialAction":[{"@type":"ReadAction","target":["https:\/\/staging.gravitzero.com\/produit\/engins-elevateurs-reconnaissance-des-competences-acces-individuel\/"]}]},{"@type":"ImageObject","inLanguage":"en-US","@id":"https:\/\/staging.gravitzero.com\/produit\/engins-elevateurs-reconnaissance-des-competences-acces-individuel\/#primaryimage","url":"https:\/\/staging.gravitzero.com\/wp-content\/uploads\/2025\/05\/GTZ-Sauvetage-en-hauteur-au-moyen-dun-engin-elevateur-2-1-1-1.jpg","contentUrl":"https:\/\/staging.gravitzero.com\/wp-content\/uploads\/2025\/05\/GTZ-Sauvetage-en-hauteur-au-moyen-dun-engin-elevateur-2-1-1-1.jpg","width":1909,"height":765},{"@type":"BreadcrumbList","@id":"https:\/\/staging.gravitzero.com\/produit\/engins-elevateurs-reconnaissance-des-competences-acces-individuel\/#breadcrumb","itemListElement":[{"@type":"ListItem","position":1,"name":"Accueil","item":"https:\/\/staging.gravitzero.com\/"},{"@type":"ListItem","position":2,"name":"Shop","item":"https:\/\/staging.gravitzero.com\/en\/shop\/"},{"@type":"ListItem","position":3,"name":"Engins \u00e9l\u00e9vateurs","item":"https:\/\/staging.gravitzero.com\/categorie-produit\/engins-elevateurs\/"},{"@type":"ListItem","position":4,"name":"Engins \u00e9l\u00e9vateurs reconnaissance des comp\u00e9tences &#8211; Individuel"}]},{"@type":"WebSite","@id":"https:\/\/staging.gravitzero.com\/#website","url":"https:\/\/staging.gravitzero.com\/","name":"GRAVI-T ZERO","description":"Entreprise de formation en sant\u00e9 et s\u00e9curit\u00e9 au travail","publisher":{"@id":"https:\/\/staging.gravitzero.com\/#organization"},"inLanguage":"en-US"},{"@type":"Organization","@id":"https:\/\/staging.gravitzero.com\/#organization","name":"GRAVI-T ZERO","url":"https:\/\/staging.gravitzero.com\/","logo":{"@type":"ImageObject","inLanguage":"en-US","@id":"https:\/\/staging.gravitzero.com\/#\/schema\/logo\/image\/","url":"https:\/\/staging.gravitzero.com\/wp-content\/uploads\/2018\/03\/logo-340-156.jpg","contentUrl":"https:\/\/staging.gravitzero.com\/wp-content\/uploads\/2018\/03\/logo-340-156.jpg","width":340,"height":156,"caption":"GRAVI-T ZERO"},"image":{"@id":"https:\/\/staging.gravitzero.com\/#\/schema\/logo\/image\/"},"sameAs":["https:\/\/www.facebook.com\/gravitzero\/"]}]}},"_links":{"self":[{"href":"https:\/\/staging.gravitzero.com\/en\/wp-json\/wp\/v2\/product\/78102","targetHints":{"allow":["GET"]}}],"collection":[{"href":"https:\/\/staging.gravitzero.com\/en\/wp-json\/wp\/v2\/product"}],"about":[{"href":"https:\/\/staging.gravitzero.com\/en\/wp-json\/wp\/v2\/types\/product"}],"version-history":[{"count":5,"href":"https:\/\/staging.gravitzero.com\/en\/wp-json\/wp\/v2\/product\/78102\/revisions"}],"predecessor-version":[{"id":79220,"href":"https:\/\/staging.gravitzero.com\/en\/wp-json\/wp\/v2\/product\/78102\/revisions\/79220"}],"wp:featuredmedia":[{"embeddable":true,"href":"https:\/\/staging.gravitzero.com\/en\/wp-json\/wp\/v2\/media\/73528"}],"wp:attachment":[{"href":"https:\/\/staging.gravitzero.com\/en\/wp-json\/wp\/v2\/media?parent=78102"}],"wp:term":[{"taxonomy":"product_brand","embeddable":true,"href":"https:\/\/staging.gravitzero.com\/en\/wp-json\/wp\/v2\/product_brand?post=78102"},{"taxonomy":"product_cat","embeddable":true,"href":"https:\/\/staging.gravitzero.com\/en\/wp-json\/wp\/v2\/product_cat?post=78102"},{"taxonomy":"product_tag","embeddable":true,"href":"https:\/\/staging.gravitzero.com\/en\/wp-json\/wp\/v2\/product_tag?post=78102"}],"curies":[{"name":"wp","href":"https:\/\/api.w.org\/{rel}","templated":true}]}}