{"id":78100,"date":"2025-08-08T14:33:00","date_gmt":"2025-08-08T18:33:00","guid":{"rendered":"https:\/\/staging.gravitzero.com\/?post_type=product&#038;p=78100"},"modified":"2026-05-07T15:10:14","modified_gmt":"2026-05-07T19:10:14","slug":"engins-elevateurs-reconnaissance-des-competences-achat-dacces-entreprise","status":"publish","type":"product","link":"https:\/\/staging.gravitzero.com\/en\/produit\/engins-elevateurs-reconnaissance-des-competences-achat-dacces-entreprise\/","title":{"rendered":"Engins \u00e9l\u00e9vateurs reconnaissance des comp\u00e9tences &#8211; Entreprise"},"content":{"rendered":"","protected":false},"excerpt":{"rendered":"<p>Formation en ligne sur les modifications r\u00e9glementaires apport\u00e9es au Code de s\u00e9curit\u00e9 pour les travaux de construction du Qu\u00e9bec concernant l&#8217;utilisation des engins \u00e9l\u00e9vateurs.<\/p>\n<p>(2 \u00e0 9 acc\u00e8s : 25% de rabais)<br \/>\n(10 acc\u00e8s ou plus : 50% de rabais)<\/p>\n<p style=\"margin: 24px 0;\">Si vous souhaitez acheter un acc\u00e8s individuel, cliquez sur ce produit :<br \/>\n<a style=\"font-size: 24px; text-decoration: underline;\" href=\"https:\/\/staging.gravitzero.com\/?post_type=product&amp;p=78102&amp;preview=true\"><br \/>\n<strong>Engins \u00e9l\u00e9vateur &#8211; reconnaissance des comp\u00e9tences \u2013 Acc\u00e8s individuel<\/strong><br \/>\n<\/a><\/p>\n","protected":false},"featured_media":73529,"template":"","meta":{"_acf_changed":false,"_price":"0","_stock":"","_tribe_ticket_header":"","_tribe_default_ticket_provider":"","_ticket_start_date":"","_ticket_end_date":"","_tribe_ticket_show_description":"","_tribe_ticket_show_not_going":false,"_tribe_ticket_use_global_stock":"","_tribe_ticket_global_stock_level":"","_global_stock_mode":"","_global_stock_cap":"","_tribe_rsvp_for_event":"","_tribe_ticket_going_count":"","_tribe_ticket_not_going_count":"","_tribe_tickets_list":"[]","_tribe_ticket_has_attendee_info_fields":false,"_tec_slr_enabled":"","_tec_slr_layout":""},"product_brand":[],"product_cat":[2038,2032],"product_tag":[],"class_list":{"0":"post-78100","1":"product","2":"type-product","3":"status-publish","4":"has-post-thumbnail","6":"product_cat-engins-elevateurs-entreprise","7":"product_cat-formation-en-ligne-entreprise","9":"first","10":"instock","11":"virtual","12":"taxable","13":"purchasable","14":"product-type-license"},"acf":[],"yoast_head":"<!-- This site is optimized with the Yoast SEO Premium plugin v26.7 (Yoast SEO v26.7) - https:\/\/yoast.com\/wordpress\/plugins\/seo\/ -->\n<title>Engins \u00e9l\u00e9vateurs reconnaissance des comp\u00e9tences - Entreprise | GRAVI-T ZERO<\/title>\n<meta name=\"robots\" content=\"index, follow, max-snippet:-1, max-image-preview:large, max-video-preview:-1\" \/>\n<link rel=\"canonical\" href=\"https:\/\/staging.gravitzero.com\/produit\/engins-elevateurs-reconnaissance-des-competences-achat-dacces-entreprise\/\" \/>\n<meta property=\"og:locale\" content=\"en_US\" \/>\n<meta property=\"og:type\" content=\"article\" \/>\n<meta property=\"og:title\" content=\"Engins \u00e9l\u00e9vateurs reconnaissance des comp\u00e9tences - Entreprise\" \/>\n<meta property=\"og:description\" content=\"Formation en ligne sur les modifications r\u00e9glementaires apport\u00e9es au Code de s\u00e9curit\u00e9 pour les travaux de construction du Qu\u00e9bec concernant l&#039;utilisation des engins \u00e9l\u00e9vateurs.  (2 \u00e0 9 acc\u00e8s : 25% de rabais) (10 acc\u00e8s ou plus : 50% de rabais) Si vous souhaitez acheter un acc\u00e8s individuel, cliquez sur ce produit :  Engins \u00e9l\u00e9vateur - reconnaissance des comp\u00e9tences \u2013 Acc\u00e8s individuel\" \/>\n<meta property=\"og:url\" content=\"https:\/\/staging.gravitzero.com\/produit\/engins-elevateurs-reconnaissance-des-competences-achat-dacces-entreprise\/\" \/>\n<meta property=\"og:site_name\" content=\"GRAVI-T ZERO\" \/>\n<meta property=\"article:publisher\" content=\"https:\/\/www.facebook.com\/gravitzero\/\" \/>\n<meta property=\"article:modified_time\" content=\"2026-05-07T19:10:14+00:00\" \/>\n<meta property=\"og:image\" content=\"https:\/\/staging.gravitzero.com\/wp-content\/uploads\/2025\/05\/GTZ-Sauvetage-en-hauteur-au-moyen-dun-engin-elevateur-2-1-1-1.jpg\" \/>\n\t<meta property=\"og:image:width\" content=\"1909\" \/>\n\t<meta property=\"og:image:height\" content=\"765\" \/>\n\t<meta property=\"og:image:type\" content=\"image\/jpeg\" \/>\n<meta name=\"twitter:card\" content=\"summary_large_image\" \/>\n<script type=\"application\/ld+json\" class=\"yoast-schema-graph\">{\"@context\":\"https:\/\/schema.org\",\"@graph\":[{\"@type\":\"WebPage\",\"@id\":\"https:\/\/staging.gravitzero.com\/produit\/engins-elevateurs-reconnaissance-des-competences-achat-dacces-entreprise\/\",\"url\":\"https:\/\/staging.gravitzero.com\/produit\/engins-elevateurs-reconnaissance-des-competences-achat-dacces-entreprise\/\",\"name\":\"Engins \u00e9l\u00e9vateurs reconnaissance des comp\u00e9tences - Entreprise | GRAVI-T ZERO\",\"isPartOf\":{\"@id\":\"https:\/\/staging.gravitzero.com\/#website\"},\"primaryImageOfPage\":{\"@id\":\"https:\/\/staging.gravitzero.com\/produit\/engins-elevateurs-reconnaissance-des-competences-achat-dacces-entreprise\/#primaryimage\"},\"image\":{\"@id\":\"https:\/\/staging.gravitzero.com\/produit\/engins-elevateurs-reconnaissance-des-competences-achat-dacces-entreprise\/#primaryimage\"},\"thumbnailUrl\":\"https:\/\/staging.gravitzero.com\/wp-content\/uploads\/2025\/05\/GTZ-Sauvetage-en-hauteur-au-moyen-dun-engin-elevateur-2-1-1-1.jpg\",\"datePublished\":\"2025-08-08T18:33:00+00:00\",\"dateModified\":\"2026-05-07T19:10:14+00:00\",\"breadcrumb\":{\"@id\":\"https:\/\/staging.gravitzero.com\/produit\/engins-elevateurs-reconnaissance-des-competences-achat-dacces-entreprise\/#breadcrumb\"},\"inLanguage\":\"en-US\",\"potentialAction\":[{\"@type\":\"ReadAction\",\"target\":[\"https:\/\/staging.gravitzero.com\/produit\/engins-elevateurs-reconnaissance-des-competences-achat-dacces-entreprise\/\"]}]},{\"@type\":\"ImageObject\",\"inLanguage\":\"en-US\",\"@id\":\"https:\/\/staging.gravitzero.com\/produit\/engins-elevateurs-reconnaissance-des-competences-achat-dacces-entreprise\/#primaryimage\",\"url\":\"https:\/\/staging.gravitzero.com\/wp-content\/uploads\/2025\/05\/GTZ-Sauvetage-en-hauteur-au-moyen-dun-engin-elevateur-2-1-1-1.jpg\",\"contentUrl\":\"https:\/\/staging.gravitzero.com\/wp-content\/uploads\/2025\/05\/GTZ-Sauvetage-en-hauteur-au-moyen-dun-engin-elevateur-2-1-1-1.jpg\",\"width\":1909,\"height\":765},{\"@type\":\"BreadcrumbList\",\"@id\":\"https:\/\/staging.gravitzero.com\/produit\/engins-elevateurs-reconnaissance-des-competences-achat-dacces-entreprise\/#breadcrumb\",\"itemListElement\":[{\"@type\":\"ListItem\",\"position\":1,\"name\":\"Accueil\",\"item\":\"https:\/\/staging.gravitzero.com\/\"},{\"@type\":\"ListItem\",\"position\":2,\"name\":\"Shop\",\"item\":\"https:\/\/staging.gravitzero.com\/en\/shop\/\"},{\"@type\":\"ListItem\",\"position\":3,\"name\":\"Engins \u00e9l\u00e9vateurs - Entreprise\",\"item\":\"https:\/\/staging.gravitzero.com\/categorie-produit\/engins-elevateurs-entreprise\/\"},{\"@type\":\"ListItem\",\"position\":4,\"name\":\"Engins \u00e9l\u00e9vateurs reconnaissance des comp\u00e9tences &#8211; Entreprise\"}]},{\"@type\":\"WebSite\",\"@id\":\"https:\/\/staging.gravitzero.com\/#website\",\"url\":\"https:\/\/staging.gravitzero.com\/\",\"name\":\"GRAVI-T ZERO\",\"description\":\"Entreprise de formation en sant\u00e9 et s\u00e9curit\u00e9 au travail\",\"publisher\":{\"@id\":\"https:\/\/staging.gravitzero.com\/#organization\"},\"inLanguage\":\"en-US\"},{\"@type\":\"Organization\",\"@id\":\"https:\/\/staging.gravitzero.com\/#organization\",\"name\":\"GRAVI-T ZERO\",\"url\":\"https:\/\/staging.gravitzero.com\/\",\"logo\":{\"@type\":\"ImageObject\",\"inLanguage\":\"en-US\",\"@id\":\"https:\/\/staging.gravitzero.com\/#\/schema\/logo\/image\/\",\"url\":\"https:\/\/staging.gravitzero.com\/wp-content\/uploads\/2018\/03\/logo-340-156.jpg\",\"contentUrl\":\"https:\/\/staging.gravitzero.com\/wp-content\/uploads\/2018\/03\/logo-340-156.jpg\",\"width\":340,\"height\":156,\"caption\":\"GRAVI-T ZERO\"},\"image\":{\"@id\":\"https:\/\/staging.gravitzero.com\/#\/schema\/logo\/image\/\"},\"sameAs\":[\"https:\/\/www.facebook.com\/gravitzero\/\"]}]}<\/script>\n<!-- \/ Yoast SEO Premium plugin. -->","yoast_head_json":{"title":"Engins \u00e9l\u00e9vateurs reconnaissance des comp\u00e9tences - Entreprise | GRAVI-T ZERO","robots":{"index":"index","follow":"follow","max-snippet":"max-snippet:-1","max-image-preview":"max-image-preview:large","max-video-preview":"max-video-preview:-1"},"canonical":"https:\/\/staging.gravitzero.com\/produit\/engins-elevateurs-reconnaissance-des-competences-achat-dacces-entreprise\/","og_locale":"en_US","og_type":"article","og_title":"Engins \u00e9l\u00e9vateurs reconnaissance des comp\u00e9tences - Entreprise","og_description":"Formation en ligne sur les modifications r\u00e9glementaires apport\u00e9es au Code de s\u00e9curit\u00e9 pour les travaux de construction du Qu\u00e9bec concernant l'utilisation des engins \u00e9l\u00e9vateurs.  (2 \u00e0 9 acc\u00e8s : 25% de rabais) (10 acc\u00e8s ou plus : 50% de rabais) Si vous souhaitez acheter un acc\u00e8s individuel, cliquez sur ce produit :  Engins \u00e9l\u00e9vateur - reconnaissance des comp\u00e9tences \u2013 Acc\u00e8s individuel","og_url":"https:\/\/staging.gravitzero.com\/produit\/engins-elevateurs-reconnaissance-des-competences-achat-dacces-entreprise\/","og_site_name":"GRAVI-T ZERO","article_publisher":"https:\/\/www.facebook.com\/gravitzero\/","article_modified_time":"2026-05-07T19:10:14+00:00","og_image":[{"width":1909,"height":765,"url":"https:\/\/staging.gravitzero.com\/wp-content\/uploads\/2025\/05\/GTZ-Sauvetage-en-hauteur-au-moyen-dun-engin-elevateur-2-1-1-1.jpg","type":"image\/jpeg"}],"twitter_card":"summary_large_image","schema":{"@context":"https:\/\/schema.org","@graph":[{"@type":"WebPage","@id":"https:\/\/staging.gravitzero.com\/produit\/engins-elevateurs-reconnaissance-des-competences-achat-dacces-entreprise\/","url":"https:\/\/staging.gravitzero.com\/produit\/engins-elevateurs-reconnaissance-des-competences-achat-dacces-entreprise\/","name":"Engins \u00e9l\u00e9vateurs reconnaissance des comp\u00e9tences - Entreprise | GRAVI-T ZERO","isPartOf":{"@id":"https:\/\/staging.gravitzero.com\/#website"},"primaryImageOfPage":{"@id":"https:\/\/staging.gravitzero.com\/produit\/engins-elevateurs-reconnaissance-des-competences-achat-dacces-entreprise\/#primaryimage"},"image":{"@id":"https:\/\/staging.gravitzero.com\/produit\/engins-elevateurs-reconnaissance-des-competences-achat-dacces-entreprise\/#primaryimage"},"thumbnailUrl":"https:\/\/staging.gravitzero.com\/wp-content\/uploads\/2025\/05\/GTZ-Sauvetage-en-hauteur-au-moyen-dun-engin-elevateur-2-1-1-1.jpg","datePublished":"2025-08-08T18:33:00+00:00","dateModified":"2026-05-07T19:10:14+00:00","breadcrumb":{"@id":"https:\/\/staging.gravitzero.com\/produit\/engins-elevateurs-reconnaissance-des-competences-achat-dacces-entreprise\/#breadcrumb"},"inLanguage":"en-US","potentialAction":[{"@type":"ReadAction","target":["https:\/\/staging.gravitzero.com\/produit\/engins-elevateurs-reconnaissance-des-competences-achat-dacces-entreprise\/"]}]},{"@type":"ImageObject","inLanguage":"en-US","@id":"https:\/\/staging.gravitzero.com\/produit\/engins-elevateurs-reconnaissance-des-competences-achat-dacces-entreprise\/#primaryimage","url":"https:\/\/staging.gravitzero.com\/wp-content\/uploads\/2025\/05\/GTZ-Sauvetage-en-hauteur-au-moyen-dun-engin-elevateur-2-1-1-1.jpg","contentUrl":"https:\/\/staging.gravitzero.com\/wp-content\/uploads\/2025\/05\/GTZ-Sauvetage-en-hauteur-au-moyen-dun-engin-elevateur-2-1-1-1.jpg","width":1909,"height":765},{"@type":"BreadcrumbList","@id":"https:\/\/staging.gravitzero.com\/produit\/engins-elevateurs-reconnaissance-des-competences-achat-dacces-entreprise\/#breadcrumb","itemListElement":[{"@type":"ListItem","position":1,"name":"Accueil","item":"https:\/\/staging.gravitzero.com\/"},{"@type":"ListItem","position":2,"name":"Shop","item":"https:\/\/staging.gravitzero.com\/en\/shop\/"},{"@type":"ListItem","position":3,"name":"Engins \u00e9l\u00e9vateurs - Entreprise","item":"https:\/\/staging.gravitzero.com\/categorie-produit\/engins-elevateurs-entreprise\/"},{"@type":"ListItem","position":4,"name":"Engins \u00e9l\u00e9vateurs reconnaissance des comp\u00e9tences &#8211; Entreprise"}]},{"@type":"WebSite","@id":"https:\/\/staging.gravitzero.com\/#website","url":"https:\/\/staging.gravitzero.com\/","name":"GRAVI-T ZERO","description":"Entreprise de formation en sant\u00e9 et s\u00e9curit\u00e9 au travail","publisher":{"@id":"https:\/\/staging.gravitzero.com\/#organization"},"inLanguage":"en-US"},{"@type":"Organization","@id":"https:\/\/staging.gravitzero.com\/#organization","name":"GRAVI-T ZERO","url":"https:\/\/staging.gravitzero.com\/","logo":{"@type":"ImageObject","inLanguage":"en-US","@id":"https:\/\/staging.gravitzero.com\/#\/schema\/logo\/image\/","url":"https:\/\/staging.gravitzero.com\/wp-content\/uploads\/2018\/03\/logo-340-156.jpg","contentUrl":"https:\/\/staging.gravitzero.com\/wp-content\/uploads\/2018\/03\/logo-340-156.jpg","width":340,"height":156,"caption":"GRAVI-T ZERO"},"image":{"@id":"https:\/\/staging.gravitzero.com\/#\/schema\/logo\/image\/"},"sameAs":["https:\/\/www.facebook.com\/gravitzero\/"]}]}},"_links":{"self":[{"href":"https:\/\/staging.gravitzero.com\/en\/wp-json\/wp\/v2\/product\/78100","targetHints":{"allow":["GET"]}}],"collection":[{"href":"https:\/\/staging.gravitzero.com\/en\/wp-json\/wp\/v2\/product"}],"about":[{"href":"https:\/\/staging.gravitzero.com\/en\/wp-json\/wp\/v2\/types\/product"}],"version-history":[{"count":8,"href":"https:\/\/staging.gravitzero.com\/en\/wp-json\/wp\/v2\/product\/78100\/revisions"}],"predecessor-version":[{"id":79194,"href":"https:\/\/staging.gravitzero.com\/en\/wp-json\/wp\/v2\/product\/78100\/revisions\/79194"}],"wp:featuredmedia":[{"embeddable":true,"href":"https:\/\/staging.gravitzero.com\/en\/wp-json\/wp\/v2\/media\/73529"}],"wp:attachment":[{"href":"https:\/\/staging.gravitzero.com\/en\/wp-json\/wp\/v2\/media?parent=78100"}],"wp:term":[{"taxonomy":"product_brand","embeddable":true,"href":"https:\/\/staging.gravitzero.com\/en\/wp-json\/wp\/v2\/product_brand?post=78100"},{"taxonomy":"product_cat","embeddable":true,"href":"https:\/\/staging.gravitzero.com\/en\/wp-json\/wp\/v2\/product_cat?post=78100"},{"taxonomy":"product_tag","embeddable":true,"href":"https:\/\/staging.gravitzero.com\/en\/wp-json\/wp\/v2\/product_tag?post=78100"}],"curies":[{"name":"wp","href":"https:\/\/api.w.org\/{rel}","templated":true}]}}