{"id":77594,"date":"2025-06-21T17:33:22","date_gmt":"2025-06-21T21:33:22","guid":{"rendered":"https:\/\/staging.gravitzero.com\/?post_type=product&#038;p=77594"},"modified":"2026-05-07T14:11:07","modified_gmt":"2026-05-07T18:11:07","slug":"sauvetage-en-hauteur-chantier-de-construction-achat-dacces-entreprise","status":"publish","type":"product","link":"https:\/\/staging.gravitzero.com\/en\/produit\/sauvetage-en-hauteur-chantier-de-construction-achat-dacces-entreprise\/","title":{"rendered":"Sauvetage en hauteur &#8211; Chantier de construction &#8211; Entreprise"},"content":{"rendered":"<h4 data-start=\"1016\" data-end=\"1052\"><strong data-start=\"1023\" data-end=\"1052\">Objectifs de la formation<\/strong><\/h4>\n<ul data-start=\"1054\" data-end=\"1485\">\n<li data-start=\"1054\" data-end=\"1155\">\n<p data-start=\"1056\" data-end=\"1155\">Utiliser des dispositifs de sauvetage normalis\u00e9s : descendeurs, cordes, connecteurs, ancrages, etc.<\/p>\n<\/li>\n<li data-start=\"1156\" data-end=\"1244\">\n<p data-start=\"1158\" data-end=\"1244\">Effectuer un <strong data-start=\"1171\" data-end=\"1207\">sauvetage en moins de 15 minutes<\/strong>, selon les exigences r\u00e9glementaires.<\/p>\n<\/li>\n<li data-start=\"1245\" data-end=\"1297\">\n<p data-start=\"1247\" data-end=\"1297\">Mettre en place un <strong data-start=\"1266\" data-end=\"1296\">plan de sauvetage efficace<\/strong>.<\/p>\n<\/li>\n<li data-start=\"1298\" data-end=\"1400\">\n<p data-start=\"1300\" data-end=\"1400\">Former des intervenants qui peuvent <strong data-start=\"1336\" data-end=\"1355\">agir \u00e0 distance<\/strong> pour \u00e9viter une double exposition au risque.<\/p>\n<\/li>\n<li data-start=\"1401\" data-end=\"1485\">\n<p data-start=\"1403\" data-end=\"1485\">Conna\u00eetre les obligations du <a href=\"https:\/\/www.publicationsduquebec.gouv.qc.ca\/fileadmin\/gazette\/pdf_encrypte\/lois_reglements\/2025F\/84924.pdf\"><strong data-start=\"1432\" data-end=\"1484\">d\u00e9cret 63-2025 sur les chantiers de construction<\/strong><\/a>.<\/p>\n<\/li>\n<\/ul>\n","protected":false},"excerpt":{"rendered":"<p>Cette formation vous pr\u00e9pare \u00e0 ex\u00e9cuter un sauvetage rapide et s\u00e9curitaire \u00e0 l\u2019aide de dispositifs certifi\u00e9s de descente contr\u00f4l\u00e9e.<\/p>\n<p>Elle est <a style=\"font-weight: bold; font-size: inherit; line-height: inherit; all: unset; display: inline; font-family: inherit; color: #0073aa; text-decoration: underline;\" href=\"https:\/\/www.publicationsduquebec.gouv.qc.ca\/fileadmin\/gazette\/pdf_encrypte\/lois_reglements\/2025F\/84924.pdf\">conforme au d\u00e9cret 63-2025<\/a>, qui exige un plan de sauvetage op\u00e9rationnel et une intervention en moins de 15 minutes lors de travaux en hauteur sur les chantiers de construction.<\/p>\n<p><span style=\"color: #870909;\"><strong>Un volet d&#8217;initiation technique (pratique) doit compl\u00e9ter ce cours.<\/strong><\/span><\/p>\n<p>(2 \u00e0 9 acc\u00e8s : 25% de rabais)<br \/>\n(10 acc\u00e8s ou plus : 50% de rabais)<\/p>\n<p style=\"margin: 24px 0;\">Si vous souhaitez acheter un acc\u00e8s individuel, cliquez sur ce produit :<br \/>\n<a style=\"font-size: 24px; text-decoration: underline;\" href=\"https:\/\/staging.gravitzero.com\/produit\/sauvetage-en-hauteur-chantier-de-construction-acces-individuel\"><br \/>\n<strong>Sauvetage en hauteur &#8211; Chantier de construction \u2013 Acc\u00e8s individuel<\/strong><br \/>\n<\/a><\/p>\n","protected":false},"featured_media":76447,"template":"","meta":{"_acf_changed":false,"_price":"0","_stock":"","_tribe_ticket_header":"","_tribe_default_ticket_provider":"","_ticket_start_date":"","_ticket_end_date":"","_tribe_ticket_show_description":"","_tribe_ticket_show_not_going":false,"_tribe_ticket_use_global_stock":"","_tribe_ticket_global_stock_level":"","_global_stock_mode":"","_global_stock_cap":"","_tribe_rsvp_for_event":"","_tribe_ticket_going_count":"","_tribe_ticket_not_going_count":"","_tribe_tickets_list":"[]","_tribe_ticket_has_attendee_info_fields":false,"_tec_slr_enabled":"","_tec_slr_layout":""},"product_brand":[],"product_cat":[2032,2042],"product_tag":[],"class_list":{"0":"post-77594","1":"product","2":"type-product","3":"status-publish","4":"has-post-thumbnail","6":"product_cat-formation-en-ligne-entreprise","7":"product_cat-sauvetage-en-hauteur-entreprise","9":"first","10":"instock","11":"virtual","12":"taxable","13":"purchasable","14":"product-type-license"},"acf":[],"yoast_head":"<!-- This site is optimized with the Yoast SEO Premium plugin v26.7 (Yoast SEO v26.7) - https:\/\/yoast.com\/wordpress\/plugins\/seo\/ -->\n<title>Sauvetage en hauteur - Chantier de construction - Entreprise | GRAVI-T ZERO<\/title>\n<meta name=\"robots\" content=\"index, follow, max-snippet:-1, max-image-preview:large, max-video-preview:-1\" \/>\n<link rel=\"canonical\" href=\"https:\/\/staging.gravitzero.com\/produit\/sauvetage-en-hauteur-chantier-de-construction-achat-dacces-entreprise\/\" \/>\n<meta property=\"og:locale\" content=\"en_US\" \/>\n<meta property=\"og:type\" content=\"article\" \/>\n<meta property=\"og:title\" content=\"Sauvetage en hauteur - Chantier de construction - Entreprise\" \/>\n<meta property=\"og:description\" content=\"Cette formation vous pr\u00e9pare \u00e0 ex\u00e9cuter un sauvetage rapide et s\u00e9curitaire \u00e0 l\u2019aide de dispositifs certifi\u00e9s de descente contr\u00f4l\u00e9e.  Elle est conforme au d\u00e9cret 63-2025, qui exige un plan de sauvetage op\u00e9rationnel et une intervention en moins de 15 minutes lors de travaux en hauteur sur les chantiers de construction.  Un volet d&#039;initiation technique (pratique) doit compl\u00e9ter ce cours.  (2 \u00e0 9 acc\u00e8s : 25% de rabais) (10 acc\u00e8s ou plus : 50% de rabais) Si vous souhaitez acheter un acc\u00e8s individuel, cliquez sur ce produit :  Sauvetage en hauteur - Chantier de construction \u2013 Acc\u00e8s individuel\" \/>\n<meta property=\"og:url\" content=\"https:\/\/staging.gravitzero.com\/produit\/sauvetage-en-hauteur-chantier-de-construction-achat-dacces-entreprise\/\" \/>\n<meta property=\"og:site_name\" content=\"GRAVI-T ZERO\" \/>\n<meta property=\"article:publisher\" content=\"https:\/\/www.facebook.com\/gravitzero\/\" \/>\n<meta property=\"article:modified_time\" content=\"2026-05-07T18:11:07+00:00\" \/>\n<meta property=\"og:image\" content=\"https:\/\/staging.gravitzero.com\/wp-content\/uploads\/2025\/05\/Sauvetage-chantier-construction.png\" \/>\n\t<meta property=\"og:image:width\" content=\"560\" \/>\n\t<meta property=\"og:image:height\" content=\"669\" \/>\n\t<meta property=\"og:image:type\" content=\"image\/png\" \/>\n<meta name=\"twitter:card\" content=\"summary_large_image\" \/>\n<script type=\"application\/ld+json\" class=\"yoast-schema-graph\">{\"@context\":\"https:\/\/schema.org\",\"@graph\":[{\"@type\":\"WebPage\",\"@id\":\"https:\/\/staging.gravitzero.com\/produit\/sauvetage-en-hauteur-chantier-de-construction-achat-dacces-entreprise\/\",\"url\":\"https:\/\/staging.gravitzero.com\/produit\/sauvetage-en-hauteur-chantier-de-construction-achat-dacces-entreprise\/\",\"name\":\"Sauvetage en hauteur - Chantier de construction - Entreprise | GRAVI-T ZERO\",\"isPartOf\":{\"@id\":\"https:\/\/staging.gravitzero.com\/#website\"},\"primaryImageOfPage\":{\"@id\":\"https:\/\/staging.gravitzero.com\/produit\/sauvetage-en-hauteur-chantier-de-construction-achat-dacces-entreprise\/#primaryimage\"},\"image\":{\"@id\":\"https:\/\/staging.gravitzero.com\/produit\/sauvetage-en-hauteur-chantier-de-construction-achat-dacces-entreprise\/#primaryimage\"},\"thumbnailUrl\":\"https:\/\/staging.gravitzero.com\/wp-content\/uploads\/2025\/05\/Sauvetage-chantier-construction.png\",\"datePublished\":\"2025-06-21T21:33:22+00:00\",\"dateModified\":\"2026-05-07T18:11:07+00:00\",\"breadcrumb\":{\"@id\":\"https:\/\/staging.gravitzero.com\/produit\/sauvetage-en-hauteur-chantier-de-construction-achat-dacces-entreprise\/#breadcrumb\"},\"inLanguage\":\"en-US\",\"potentialAction\":[{\"@type\":\"ReadAction\",\"target\":[\"https:\/\/staging.gravitzero.com\/produit\/sauvetage-en-hauteur-chantier-de-construction-achat-dacces-entreprise\/\"]}]},{\"@type\":\"ImageObject\",\"inLanguage\":\"en-US\",\"@id\":\"https:\/\/staging.gravitzero.com\/produit\/sauvetage-en-hauteur-chantier-de-construction-achat-dacces-entreprise\/#primaryimage\",\"url\":\"https:\/\/staging.gravitzero.com\/wp-content\/uploads\/2025\/05\/Sauvetage-chantier-construction.png\",\"contentUrl\":\"https:\/\/staging.gravitzero.com\/wp-content\/uploads\/2025\/05\/Sauvetage-chantier-construction.png\",\"width\":560,\"height\":669},{\"@type\":\"BreadcrumbList\",\"@id\":\"https:\/\/staging.gravitzero.com\/produit\/sauvetage-en-hauteur-chantier-de-construction-achat-dacces-entreprise\/#breadcrumb\",\"itemListElement\":[{\"@type\":\"ListItem\",\"position\":1,\"name\":\"Accueil\",\"item\":\"https:\/\/staging.gravitzero.com\/\"},{\"@type\":\"ListItem\",\"position\":2,\"name\":\"Shop\",\"item\":\"https:\/\/staging.gravitzero.com\/en\/shop\/\"},{\"@type\":\"ListItem\",\"position\":3,\"name\":\"Formation en ligne entreprise\",\"item\":\"https:\/\/staging.gravitzero.com\/categorie-produit\/formation-en-ligne-entreprise\/\"},{\"@type\":\"ListItem\",\"position\":4,\"name\":\"Sauvetage en hauteur &#8211; Chantier de construction &#8211; Entreprise\"}]},{\"@type\":\"WebSite\",\"@id\":\"https:\/\/staging.gravitzero.com\/#website\",\"url\":\"https:\/\/staging.gravitzero.com\/\",\"name\":\"GRAVI-T ZERO\",\"description\":\"Entreprise de formation en sant\u00e9 et s\u00e9curit\u00e9 au travail\",\"publisher\":{\"@id\":\"https:\/\/staging.gravitzero.com\/#organization\"},\"inLanguage\":\"en-US\"},{\"@type\":\"Organization\",\"@id\":\"https:\/\/staging.gravitzero.com\/#organization\",\"name\":\"GRAVI-T ZERO\",\"url\":\"https:\/\/staging.gravitzero.com\/\",\"logo\":{\"@type\":\"ImageObject\",\"inLanguage\":\"en-US\",\"@id\":\"https:\/\/staging.gravitzero.com\/#\/schema\/logo\/image\/\",\"url\":\"https:\/\/staging.gravitzero.com\/wp-content\/uploads\/2018\/03\/logo-340-156.jpg\",\"contentUrl\":\"https:\/\/staging.gravitzero.com\/wp-content\/uploads\/2018\/03\/logo-340-156.jpg\",\"width\":340,\"height\":156,\"caption\":\"GRAVI-T ZERO\"},\"image\":{\"@id\":\"https:\/\/staging.gravitzero.com\/#\/schema\/logo\/image\/\"},\"sameAs\":[\"https:\/\/www.facebook.com\/gravitzero\/\"]}]}<\/script>\n<!-- \/ Yoast SEO Premium plugin. -->","yoast_head_json":{"title":"Sauvetage en hauteur - Chantier de construction - Entreprise | GRAVI-T ZERO","robots":{"index":"index","follow":"follow","max-snippet":"max-snippet:-1","max-image-preview":"max-image-preview:large","max-video-preview":"max-video-preview:-1"},"canonical":"https:\/\/staging.gravitzero.com\/produit\/sauvetage-en-hauteur-chantier-de-construction-achat-dacces-entreprise\/","og_locale":"en_US","og_type":"article","og_title":"Sauvetage en hauteur - Chantier de construction - Entreprise","og_description":"Cette formation vous pr\u00e9pare \u00e0 ex\u00e9cuter un sauvetage rapide et s\u00e9curitaire \u00e0 l\u2019aide de dispositifs certifi\u00e9s de descente contr\u00f4l\u00e9e.  Elle est conforme au d\u00e9cret 63-2025, qui exige un plan de sauvetage op\u00e9rationnel et une intervention en moins de 15 minutes lors de travaux en hauteur sur les chantiers de construction.  Un volet d'initiation technique (pratique) doit compl\u00e9ter ce cours.  (2 \u00e0 9 acc\u00e8s : 25% de rabais) (10 acc\u00e8s ou plus : 50% de rabais) Si vous souhaitez acheter un acc\u00e8s individuel, cliquez sur ce produit :  Sauvetage en hauteur - Chantier de construction \u2013 Acc\u00e8s individuel","og_url":"https:\/\/staging.gravitzero.com\/produit\/sauvetage-en-hauteur-chantier-de-construction-achat-dacces-entreprise\/","og_site_name":"GRAVI-T ZERO","article_publisher":"https:\/\/www.facebook.com\/gravitzero\/","article_modified_time":"2026-05-07T18:11:07+00:00","og_image":[{"width":560,"height":669,"url":"https:\/\/staging.gravitzero.com\/wp-content\/uploads\/2025\/05\/Sauvetage-chantier-construction.png","type":"image\/png"}],"twitter_card":"summary_large_image","schema":{"@context":"https:\/\/schema.org","@graph":[{"@type":"WebPage","@id":"https:\/\/staging.gravitzero.com\/produit\/sauvetage-en-hauteur-chantier-de-construction-achat-dacces-entreprise\/","url":"https:\/\/staging.gravitzero.com\/produit\/sauvetage-en-hauteur-chantier-de-construction-achat-dacces-entreprise\/","name":"Sauvetage en hauteur - Chantier de construction - Entreprise | GRAVI-T ZERO","isPartOf":{"@id":"https:\/\/staging.gravitzero.com\/#website"},"primaryImageOfPage":{"@id":"https:\/\/staging.gravitzero.com\/produit\/sauvetage-en-hauteur-chantier-de-construction-achat-dacces-entreprise\/#primaryimage"},"image":{"@id":"https:\/\/staging.gravitzero.com\/produit\/sauvetage-en-hauteur-chantier-de-construction-achat-dacces-entreprise\/#primaryimage"},"thumbnailUrl":"https:\/\/staging.gravitzero.com\/wp-content\/uploads\/2025\/05\/Sauvetage-chantier-construction.png","datePublished":"2025-06-21T21:33:22+00:00","dateModified":"2026-05-07T18:11:07+00:00","breadcrumb":{"@id":"https:\/\/staging.gravitzero.com\/produit\/sauvetage-en-hauteur-chantier-de-construction-achat-dacces-entreprise\/#breadcrumb"},"inLanguage":"en-US","potentialAction":[{"@type":"ReadAction","target":["https:\/\/staging.gravitzero.com\/produit\/sauvetage-en-hauteur-chantier-de-construction-achat-dacces-entreprise\/"]}]},{"@type":"ImageObject","inLanguage":"en-US","@id":"https:\/\/staging.gravitzero.com\/produit\/sauvetage-en-hauteur-chantier-de-construction-achat-dacces-entreprise\/#primaryimage","url":"https:\/\/staging.gravitzero.com\/wp-content\/uploads\/2025\/05\/Sauvetage-chantier-construction.png","contentUrl":"https:\/\/staging.gravitzero.com\/wp-content\/uploads\/2025\/05\/Sauvetage-chantier-construction.png","width":560,"height":669},{"@type":"BreadcrumbList","@id":"https:\/\/staging.gravitzero.com\/produit\/sauvetage-en-hauteur-chantier-de-construction-achat-dacces-entreprise\/#breadcrumb","itemListElement":[{"@type":"ListItem","position":1,"name":"Accueil","item":"https:\/\/staging.gravitzero.com\/"},{"@type":"ListItem","position":2,"name":"Shop","item":"https:\/\/staging.gravitzero.com\/en\/shop\/"},{"@type":"ListItem","position":3,"name":"Formation en ligne entreprise","item":"https:\/\/staging.gravitzero.com\/categorie-produit\/formation-en-ligne-entreprise\/"},{"@type":"ListItem","position":4,"name":"Sauvetage en hauteur &#8211; Chantier de construction &#8211; Entreprise"}]},{"@type":"WebSite","@id":"https:\/\/staging.gravitzero.com\/#website","url":"https:\/\/staging.gravitzero.com\/","name":"GRAVI-T ZERO","description":"Entreprise de formation en sant\u00e9 et s\u00e9curit\u00e9 au travail","publisher":{"@id":"https:\/\/staging.gravitzero.com\/#organization"},"inLanguage":"en-US"},{"@type":"Organization","@id":"https:\/\/staging.gravitzero.com\/#organization","name":"GRAVI-T ZERO","url":"https:\/\/staging.gravitzero.com\/","logo":{"@type":"ImageObject","inLanguage":"en-US","@id":"https:\/\/staging.gravitzero.com\/#\/schema\/logo\/image\/","url":"https:\/\/staging.gravitzero.com\/wp-content\/uploads\/2018\/03\/logo-340-156.jpg","contentUrl":"https:\/\/staging.gravitzero.com\/wp-content\/uploads\/2018\/03\/logo-340-156.jpg","width":340,"height":156,"caption":"GRAVI-T ZERO"},"image":{"@id":"https:\/\/staging.gravitzero.com\/#\/schema\/logo\/image\/"},"sameAs":["https:\/\/www.facebook.com\/gravitzero\/"]}]}},"_links":{"self":[{"href":"https:\/\/staging.gravitzero.com\/en\/wp-json\/wp\/v2\/product\/77594","targetHints":{"allow":["GET"]}}],"collection":[{"href":"https:\/\/staging.gravitzero.com\/en\/wp-json\/wp\/v2\/product"}],"about":[{"href":"https:\/\/staging.gravitzero.com\/en\/wp-json\/wp\/v2\/types\/product"}],"version-history":[{"count":4,"href":"https:\/\/staging.gravitzero.com\/en\/wp-json\/wp\/v2\/product\/77594\/revisions"}],"predecessor-version":[{"id":79199,"href":"https:\/\/staging.gravitzero.com\/en\/wp-json\/wp\/v2\/product\/77594\/revisions\/79199"}],"wp:featuredmedia":[{"embeddable":true,"href":"https:\/\/staging.gravitzero.com\/en\/wp-json\/wp\/v2\/media\/76447"}],"wp:attachment":[{"href":"https:\/\/staging.gravitzero.com\/en\/wp-json\/wp\/v2\/media?parent=77594"}],"wp:term":[{"taxonomy":"product_brand","embeddable":true,"href":"https:\/\/staging.gravitzero.com\/en\/wp-json\/wp\/v2\/product_brand?post=77594"},{"taxonomy":"product_cat","embeddable":true,"href":"https:\/\/staging.gravitzero.com\/en\/wp-json\/wp\/v2\/product_cat?post=77594"},{"taxonomy":"product_tag","embeddable":true,"href":"https:\/\/staging.gravitzero.com\/en\/wp-json\/wp\/v2\/product_tag?post=77594"}],"curies":[{"name":"wp","href":"https:\/\/api.w.org\/{rel}","templated":true}]}}