{"id":77579,"date":"2025-06-21T08:33:48","date_gmt":"2025-06-21T12:33:48","guid":{"rendered":"https:\/\/staging.gravitzero.com\/?post_type=product&#038;p=77579"},"modified":"2025-08-28T21:57:56","modified_gmt":"2025-08-29T01:57:56","slug":"chariot-telescopique-charge-suspendue-acces-entreprise","status":"publish","type":"product","link":"https:\/\/staging.gravitzero.com\/en\/produit\/chariot-telescopique-charge-suspendue-acces-entreprise\/","title":{"rendered":"Chariot t\u00e9lescopique &#8211; Charge suspendue &#8211; Entreprise"},"content":{"rendered":"<h4 data-start=\"1016\" data-end=\"1052\"><strong data-start=\"1023\" data-end=\"1052\">Objectifs de la formation<\/strong><\/h4>\n<ul>\n<li data-start=\"288\" data-end=\"327\">\n<p data-start=\"290\" data-end=\"327\"><span class=\"relative -mx-px my-[-0.2rem] rounded px-px py-[0.2rem] transition-colors duration-100 ease-in-out\">Ma\u00eetriser les r\u00e8gles de s\u00e9curit\u00e9 et les normes applicables au d\u00e9placement de charges suspendues.<\/span><\/p>\n<\/li>\n<li data-start=\"328\" data-end=\"367\">\n<p data-start=\"330\" data-end=\"367\"><span class=\"relative -mx-px my-[-0.2rem] rounded px-px py-[0.2rem] transition-colors duration-100 ease-in-out\">Savoir inspecter et pr\u00e9parer l\u2019accessoire de suspension.<\/span><\/p>\n<\/li>\n<li data-start=\"368\" data-end=\"407\">\n<p data-start=\"370\" data-end=\"407\"><span class=\"relative -mx-px my-[-0.2rem] rounded px-px py-[0.2rem] transition-colors duration-100 ease-in-out\">\u00c9valuer correctement le poids de la charge et sa r\u00e9partition.<\/span><\/p>\n<\/li>\n<li data-start=\"408\" data-end=\"447\">\n<p data-start=\"410\" data-end=\"447\"><span class=\"relative -mx-px my-[-0.2rem] rounded px-px py-[0.2rem] transition-colors duration-100 ease-in-out\">Interpr\u00e9ter et appliquer la charte de capacit\u00e9s du chariot ou de l\u2019accessoire.<\/span><\/p>\n<\/li>\n<li data-start=\"448\" data-end=\"487\">\n<p data-start=\"450\" data-end=\"487\"><span class=\"relative -mx-px my-[-0.2rem] rounded px-px py-[0.2rem] transition-colors duration-100 ease-in-out\">R\u00e9aliser des man\u0153uvres s\u00e9curitaires : levage, translation, rotation, positionnement.<\/span><\/p>\n<\/li>\n<li data-start=\"488\" data-end=\"527\">\n<p data-start=\"490\" data-end=\"527\"><span class=\"relative -mx-px my-[-0.2rem] rounded px-px py-[0.2rem] transition-colors duration-100 ease-in-out\">R\u00e9agir efficacement aux situations \u00e0 risque : balancement, surcharge, obstacles.<\/span><\/p>\n<\/li>\n<\/ul>\n","protected":false},"excerpt":{"rendered":"<p data-start=\"148\" data-end=\"247\"><span class=\"relative -mx-px my-[-0.2rem] rounded px-px py-[0.2rem] bg-[#FCECC1] dark:bg-[#64572A] transition-colors duration-100 ease-in-out\">Former les op\u00e9rateurs \u00e0 manipuler en toute s\u00e9curit\u00e9 des charges suspendues \u00e0 l&#8217;extr\u00e9mit\u00e9 d\u2019une fl\u00e8che mont\u00e9e sur chariot t\u00e9lescopique, conform\u00e9ment \u00e0 la norme ISO\u202f11525\u20114 (ou CSA au Canada)<\/span><\/p>\n<p><span style=\"color: #800000;\"><strong>Un volet d\u2019initiation technique (pratique) doit compl\u00e9ter ce cours.<\/strong><\/span><\/p>\n<p>(2 \u00e0 9 acc\u00e8s : 25% de rabais)<br \/>\n(10 acc\u00e8s ou plus : 50% de rabais)<\/p>\n<h3><a href=\"https:\/\/staging.gravitzero.com\/produit\/chariot-telescopique-charge-suspendue-acces-individuel\/\"><strong>Charge suspendue \u2013 Achat d\u2019acc\u00e8s individuel<\/strong><\/a><\/h3>\n","protected":false},"featured_media":5772,"template":"","meta":{"_acf_changed":false,"_price":"125","_stock":"","_tribe_ticket_header":"","_tribe_default_ticket_provider":"","_ticket_start_date":"","_ticket_end_date":"","_tribe_ticket_show_description":"","_tribe_ticket_show_not_going":false,"_tribe_ticket_use_global_stock":"","_tribe_ticket_global_stock_level":"","_global_stock_mode":"","_global_stock_cap":"","_tribe_rsvp_for_event":"","_tribe_ticket_going_count":"","_tribe_ticket_not_going_count":"","_tribe_tickets_list":"[]","_tribe_ticket_has_attendee_info_fields":false,"_tec_slr_enabled":"","_tec_slr_layout":""},"product_brand":[],"product_cat":[2037,2032],"product_tag":[],"class_list":{"0":"post-77579","1":"product","2":"type-product","3":"status-publish","4":"has-post-thumbnail","6":"product_cat-chariot-telescopique-entreprise","7":"product_cat-formation-en-ligne-entreprise","9":"first","10":"instock","11":"virtual","12":"taxable","13":"purchasable","14":"product-type-license"},"acf":[],"yoast_head":"<!-- This site is optimized with the Yoast SEO Premium plugin v26.7 (Yoast SEO v26.7) - https:\/\/yoast.com\/wordpress\/plugins\/seo\/ -->\n<title>Chariot t\u00e9lescopique - Charge suspendue - Entreprise | GRAVI-T ZERO<\/title>\n<meta name=\"robots\" content=\"index, follow, max-snippet:-1, max-image-preview:large, max-video-preview:-1\" \/>\n<link rel=\"canonical\" href=\"https:\/\/staging.gravitzero.com\/produit\/chariot-telescopique-charge-suspendue-acces-entreprise\/\" \/>\n<meta property=\"og:locale\" content=\"en_US\" \/>\n<meta property=\"og:type\" content=\"article\" \/>\n<meta property=\"og:title\" content=\"Chariot t\u00e9lescopique - Charge suspendue - Entreprise\" \/>\n<meta property=\"og:description\" content=\"Former les op\u00e9rateurs \u00e0 manipuler en toute s\u00e9curit\u00e9 des charges suspendues \u00e0 l&#039;extr\u00e9mit\u00e9 d\u2019une fl\u00e8che mont\u00e9e sur chariot t\u00e9lescopique, conform\u00e9ment \u00e0 la norme ISO\u202f11525\u20114 (ou CSA au Canada) Un volet d\u2019initiation technique (pratique) doit compl\u00e9ter ce cours.  (2 \u00e0 9 acc\u00e8s : 25% de rabais) (10 acc\u00e8s ou plus : 50% de rabais) Charge suspendue \u2013 Achat d\u2019acc\u00e8s individuel\" \/>\n<meta property=\"og:url\" content=\"https:\/\/staging.gravitzero.com\/produit\/chariot-telescopique-charge-suspendue-acces-entreprise\/\" \/>\n<meta property=\"og:site_name\" content=\"GRAVI-T ZERO\" \/>\n<meta property=\"article:publisher\" content=\"https:\/\/www.facebook.com\/gravitzero\/\" \/>\n<meta property=\"article:modified_time\" content=\"2025-08-29T01:57:56+00:00\" \/>\n<meta property=\"og:image\" content=\"https:\/\/staging.gravitzero.com\/wp-content\/uploads\/2016\/06\/roto_4025_cutout_forks.jpg\" \/>\n\t<meta property=\"og:image:width\" content=\"558\" \/>\n\t<meta property=\"og:image:height\" content=\"423\" \/>\n\t<meta property=\"og:image:type\" content=\"image\/jpeg\" \/>\n<meta name=\"twitter:card\" content=\"summary_large_image\" \/>\n<script type=\"application\/ld+json\" class=\"yoast-schema-graph\">{\"@context\":\"https:\/\/schema.org\",\"@graph\":[{\"@type\":\"WebPage\",\"@id\":\"https:\/\/staging.gravitzero.com\/produit\/chariot-telescopique-charge-suspendue-acces-entreprise\/\",\"url\":\"https:\/\/staging.gravitzero.com\/produit\/chariot-telescopique-charge-suspendue-acces-entreprise\/\",\"name\":\"Chariot t\u00e9lescopique - Charge suspendue - Entreprise | GRAVI-T ZERO\",\"isPartOf\":{\"@id\":\"https:\/\/staging.gravitzero.com\/#website\"},\"primaryImageOfPage\":{\"@id\":\"https:\/\/staging.gravitzero.com\/produit\/chariot-telescopique-charge-suspendue-acces-entreprise\/#primaryimage\"},\"image\":{\"@id\":\"https:\/\/staging.gravitzero.com\/produit\/chariot-telescopique-charge-suspendue-acces-entreprise\/#primaryimage\"},\"thumbnailUrl\":\"https:\/\/staging.gravitzero.com\/wp-content\/uploads\/2016\/06\/roto_4025_cutout_forks.jpg\",\"datePublished\":\"2025-06-21T12:33:48+00:00\",\"dateModified\":\"2025-08-29T01:57:56+00:00\",\"breadcrumb\":{\"@id\":\"https:\/\/staging.gravitzero.com\/produit\/chariot-telescopique-charge-suspendue-acces-entreprise\/#breadcrumb\"},\"inLanguage\":\"en-US\",\"potentialAction\":[{\"@type\":\"ReadAction\",\"target\":[\"https:\/\/staging.gravitzero.com\/produit\/chariot-telescopique-charge-suspendue-acces-entreprise\/\"]}]},{\"@type\":\"ImageObject\",\"inLanguage\":\"en-US\",\"@id\":\"https:\/\/staging.gravitzero.com\/produit\/chariot-telescopique-charge-suspendue-acces-entreprise\/#primaryimage\",\"url\":\"https:\/\/staging.gravitzero.com\/wp-content\/uploads\/2016\/06\/roto_4025_cutout_forks.jpg\",\"contentUrl\":\"https:\/\/staging.gravitzero.com\/wp-content\/uploads\/2016\/06\/roto_4025_cutout_forks.jpg\",\"width\":558,\"height\":423},{\"@type\":\"BreadcrumbList\",\"@id\":\"https:\/\/staging.gravitzero.com\/produit\/chariot-telescopique-charge-suspendue-acces-entreprise\/#breadcrumb\",\"itemListElement\":[{\"@type\":\"ListItem\",\"position\":1,\"name\":\"Accueil\",\"item\":\"https:\/\/staging.gravitzero.com\/\"},{\"@type\":\"ListItem\",\"position\":2,\"name\":\"Shop\",\"item\":\"https:\/\/staging.gravitzero.com\/en\/shop\/\"},{\"@type\":\"ListItem\",\"position\":3,\"name\":\"Chariot t\u00e9lescopique - Entreprise\",\"item\":\"https:\/\/staging.gravitzero.com\/categorie-produit\/chariot-telescopique-entreprise\/\"},{\"@type\":\"ListItem\",\"position\":4,\"name\":\"Chariot t\u00e9lescopique &#8211; Charge suspendue &#8211; Entreprise\"}]},{\"@type\":\"WebSite\",\"@id\":\"https:\/\/staging.gravitzero.com\/#website\",\"url\":\"https:\/\/staging.gravitzero.com\/\",\"name\":\"GRAVI-T ZERO\",\"description\":\"Entreprise de formation en sant\u00e9 et s\u00e9curit\u00e9 au travail\",\"publisher\":{\"@id\":\"https:\/\/staging.gravitzero.com\/#organization\"},\"inLanguage\":\"en-US\"},{\"@type\":\"Organization\",\"@id\":\"https:\/\/staging.gravitzero.com\/#organization\",\"name\":\"GRAVI-T ZERO\",\"url\":\"https:\/\/staging.gravitzero.com\/\",\"logo\":{\"@type\":\"ImageObject\",\"inLanguage\":\"en-US\",\"@id\":\"https:\/\/staging.gravitzero.com\/#\/schema\/logo\/image\/\",\"url\":\"https:\/\/staging.gravitzero.com\/wp-content\/uploads\/2018\/03\/logo-340-156.jpg\",\"contentUrl\":\"https:\/\/staging.gravitzero.com\/wp-content\/uploads\/2018\/03\/logo-340-156.jpg\",\"width\":340,\"height\":156,\"caption\":\"GRAVI-T ZERO\"},\"image\":{\"@id\":\"https:\/\/staging.gravitzero.com\/#\/schema\/logo\/image\/\"},\"sameAs\":[\"https:\/\/www.facebook.com\/gravitzero\/\"]}]}<\/script>\n<!-- \/ Yoast SEO Premium plugin. -->","yoast_head_json":{"title":"Chariot t\u00e9lescopique - Charge suspendue - Entreprise | GRAVI-T ZERO","robots":{"index":"index","follow":"follow","max-snippet":"max-snippet:-1","max-image-preview":"max-image-preview:large","max-video-preview":"max-video-preview:-1"},"canonical":"https:\/\/staging.gravitzero.com\/produit\/chariot-telescopique-charge-suspendue-acces-entreprise\/","og_locale":"en_US","og_type":"article","og_title":"Chariot t\u00e9lescopique - Charge suspendue - Entreprise","og_description":"Former les op\u00e9rateurs \u00e0 manipuler en toute s\u00e9curit\u00e9 des charges suspendues \u00e0 l'extr\u00e9mit\u00e9 d\u2019une fl\u00e8che mont\u00e9e sur chariot t\u00e9lescopique, conform\u00e9ment \u00e0 la norme ISO\u202f11525\u20114 (ou CSA au Canada) Un volet d\u2019initiation technique (pratique) doit compl\u00e9ter ce cours.  (2 \u00e0 9 acc\u00e8s : 25% de rabais) (10 acc\u00e8s ou plus : 50% de rabais) Charge suspendue \u2013 Achat d\u2019acc\u00e8s individuel","og_url":"https:\/\/staging.gravitzero.com\/produit\/chariot-telescopique-charge-suspendue-acces-entreprise\/","og_site_name":"GRAVI-T ZERO","article_publisher":"https:\/\/www.facebook.com\/gravitzero\/","article_modified_time":"2025-08-29T01:57:56+00:00","og_image":[{"width":558,"height":423,"url":"https:\/\/staging.gravitzero.com\/wp-content\/uploads\/2016\/06\/roto_4025_cutout_forks.jpg","type":"image\/jpeg"}],"twitter_card":"summary_large_image","schema":{"@context":"https:\/\/schema.org","@graph":[{"@type":"WebPage","@id":"https:\/\/staging.gravitzero.com\/produit\/chariot-telescopique-charge-suspendue-acces-entreprise\/","url":"https:\/\/staging.gravitzero.com\/produit\/chariot-telescopique-charge-suspendue-acces-entreprise\/","name":"Chariot t\u00e9lescopique - Charge suspendue - Entreprise | GRAVI-T ZERO","isPartOf":{"@id":"https:\/\/staging.gravitzero.com\/#website"},"primaryImageOfPage":{"@id":"https:\/\/staging.gravitzero.com\/produit\/chariot-telescopique-charge-suspendue-acces-entreprise\/#primaryimage"},"image":{"@id":"https:\/\/staging.gravitzero.com\/produit\/chariot-telescopique-charge-suspendue-acces-entreprise\/#primaryimage"},"thumbnailUrl":"https:\/\/staging.gravitzero.com\/wp-content\/uploads\/2016\/06\/roto_4025_cutout_forks.jpg","datePublished":"2025-06-21T12:33:48+00:00","dateModified":"2025-08-29T01:57:56+00:00","breadcrumb":{"@id":"https:\/\/staging.gravitzero.com\/produit\/chariot-telescopique-charge-suspendue-acces-entreprise\/#breadcrumb"},"inLanguage":"en-US","potentialAction":[{"@type":"ReadAction","target":["https:\/\/staging.gravitzero.com\/produit\/chariot-telescopique-charge-suspendue-acces-entreprise\/"]}]},{"@type":"ImageObject","inLanguage":"en-US","@id":"https:\/\/staging.gravitzero.com\/produit\/chariot-telescopique-charge-suspendue-acces-entreprise\/#primaryimage","url":"https:\/\/staging.gravitzero.com\/wp-content\/uploads\/2016\/06\/roto_4025_cutout_forks.jpg","contentUrl":"https:\/\/staging.gravitzero.com\/wp-content\/uploads\/2016\/06\/roto_4025_cutout_forks.jpg","width":558,"height":423},{"@type":"BreadcrumbList","@id":"https:\/\/staging.gravitzero.com\/produit\/chariot-telescopique-charge-suspendue-acces-entreprise\/#breadcrumb","itemListElement":[{"@type":"ListItem","position":1,"name":"Accueil","item":"https:\/\/staging.gravitzero.com\/"},{"@type":"ListItem","position":2,"name":"Shop","item":"https:\/\/staging.gravitzero.com\/en\/shop\/"},{"@type":"ListItem","position":3,"name":"Chariot t\u00e9lescopique - Entreprise","item":"https:\/\/staging.gravitzero.com\/categorie-produit\/chariot-telescopique-entreprise\/"},{"@type":"ListItem","position":4,"name":"Chariot t\u00e9lescopique &#8211; Charge suspendue &#8211; Entreprise"}]},{"@type":"WebSite","@id":"https:\/\/staging.gravitzero.com\/#website","url":"https:\/\/staging.gravitzero.com\/","name":"GRAVI-T ZERO","description":"Entreprise de formation en sant\u00e9 et s\u00e9curit\u00e9 au travail","publisher":{"@id":"https:\/\/staging.gravitzero.com\/#organization"},"inLanguage":"en-US"},{"@type":"Organization","@id":"https:\/\/staging.gravitzero.com\/#organization","name":"GRAVI-T ZERO","url":"https:\/\/staging.gravitzero.com\/","logo":{"@type":"ImageObject","inLanguage":"en-US","@id":"https:\/\/staging.gravitzero.com\/#\/schema\/logo\/image\/","url":"https:\/\/staging.gravitzero.com\/wp-content\/uploads\/2018\/03\/logo-340-156.jpg","contentUrl":"https:\/\/staging.gravitzero.com\/wp-content\/uploads\/2018\/03\/logo-340-156.jpg","width":340,"height":156,"caption":"GRAVI-T ZERO"},"image":{"@id":"https:\/\/staging.gravitzero.com\/#\/schema\/logo\/image\/"},"sameAs":["https:\/\/www.facebook.com\/gravitzero\/"]}]}},"_links":{"self":[{"href":"https:\/\/staging.gravitzero.com\/en\/wp-json\/wp\/v2\/product\/77579","targetHints":{"allow":["GET"]}}],"collection":[{"href":"https:\/\/staging.gravitzero.com\/en\/wp-json\/wp\/v2\/product"}],"about":[{"href":"https:\/\/staging.gravitzero.com\/en\/wp-json\/wp\/v2\/types\/product"}],"version-history":[{"count":7,"href":"https:\/\/staging.gravitzero.com\/en\/wp-json\/wp\/v2\/product\/77579\/revisions"}],"predecessor-version":[{"id":79218,"href":"https:\/\/staging.gravitzero.com\/en\/wp-json\/wp\/v2\/product\/77579\/revisions\/79218"}],"wp:featuredmedia":[{"embeddable":true,"href":"https:\/\/staging.gravitzero.com\/en\/wp-json\/wp\/v2\/media\/5772"}],"wp:attachment":[{"href":"https:\/\/staging.gravitzero.com\/en\/wp-json\/wp\/v2\/media?parent=77579"}],"wp:term":[{"taxonomy":"product_brand","embeddable":true,"href":"https:\/\/staging.gravitzero.com\/en\/wp-json\/wp\/v2\/product_brand?post=77579"},{"taxonomy":"product_cat","embeddable":true,"href":"https:\/\/staging.gravitzero.com\/en\/wp-json\/wp\/v2\/product_cat?post=77579"},{"taxonomy":"product_tag","embeddable":true,"href":"https:\/\/staging.gravitzero.com\/en\/wp-json\/wp\/v2\/product_tag?post=77579"}],"curies":[{"name":"wp","href":"https:\/\/api.w.org\/{rel}","templated":true}]}}