{"id":77299,"date":"2025-06-11T21:58:06","date_gmt":"2025-06-12T01:58:06","guid":{"rendered":"https:\/\/staging.gravitzero.com\/?post_type=product&#038;p=77299"},"modified":"2025-08-28T14:47:13","modified_gmt":"2025-08-28T18:47:13","slug":"chariot-telescopique-a-tourelle-rotative-roto-merlo-acces-entreprise","status":"publish","type":"product","link":"https:\/\/staging.gravitzero.com\/en\/produit\/chariot-telescopique-a-tourelle-rotative-roto-merlo-acces-entreprise\/","title":{"rendered":"Chariot t\u00e9lescopique \u00e0 tourelle rotative ROTO Merlo &#8211; Entreprise"},"content":{"rendered":"<h4 data-start=\"1016\" data-end=\"1052\"><strong data-start=\"1023\" data-end=\"1052\">Objectifs de la formation<\/strong><\/h4>\n<ul>\n<li data-start=\"983\" data-end=\"1047\">\n<p data-start=\"985\" data-end=\"1047\">Comprendre les sp\u00e9cificit\u00e9s des chariots \u00e0 tourelle rotative<\/p>\n<\/li>\n<li data-start=\"1048\" data-end=\"1102\">\n<p data-start=\"1050\" data-end=\"1102\">Conna\u00eetre la r\u00e9glementation applicable<\/p>\n<\/li>\n<li data-start=\"1103\" data-end=\"1190\">\n<p data-start=\"1105\" data-end=\"1190\">Apprendre les principes de s\u00e9curit\u00e9 li\u00e9s \u00e0 la stabilit\u00e9, la rotation et l\u2019\u00e9l\u00e9vation<\/p>\n<\/li>\n<li data-start=\"1191\" data-end=\"1249\">\n<p data-start=\"1193\" data-end=\"1249\">Identifier les risques courants et savoir les pr\u00e9venir<\/p>\n<\/li>\n<li data-start=\"1250\" data-end=\"1329\">\n<p data-start=\"1252\" data-end=\"1329\">Ma\u00eetriser les bonnes pratiques d\u2019utilisation, de signalisation et d\u2019entretien<\/p>\n<\/li>\n<\/ul>\n<p><span style=\"color: #870909;\"><strong>Un volet d&#8217;initiation technique (pratique) doit compl\u00e9ter ce cours.<\/strong><\/span><\/p>\n","protected":false},"excerpt":{"rendered":"<p>Cette <strong data-start=\"561\" data-end=\"583\">formation en ligne<\/strong> d\u00e9di\u00e9e aux <strong data-start=\"595\" data-end=\"638\">chariots \u00e9l\u00e9vateurs \u00e0 tourelle rotative<\/strong> vous permet de d\u00e9velopper vos comp\u00e9tences th\u00e9oriques en toute autonomie, depuis chez vous.<\/p>\n<p>Elle s\u2019adresse aux professionnels ou futurs op\u00e9rateurs souhaitant comprendre le fonctionnement de ces machines sp\u00e9cifiques, les r\u00e8gles de s\u00e9curit\u00e9 \u00e0 respecter, et les bonnes pratiques \u00e0 appliquer sur le terrain.<\/p>\n<p>(2 \u00e0 9 acc\u00e8s : 25% de rabais)<br \/>\n(10 acc\u00e8s ou plus : 50% de rabais)<\/p>\n","protected":false},"featured_media":43546,"template":"","meta":{"_acf_changed":false,"_price":"125","_stock":"","_tribe_ticket_header":"","_tribe_default_ticket_provider":"","_ticket_start_date":"","_ticket_end_date":"","_tribe_ticket_show_description":"","_tribe_ticket_show_not_going":false,"_tribe_ticket_use_global_stock":"","_tribe_ticket_global_stock_level":"","_global_stock_mode":"","_global_stock_cap":"","_tribe_rsvp_for_event":"","_tribe_ticket_going_count":"","_tribe_ticket_not_going_count":"","_tribe_tickets_list":"[]","_tribe_ticket_has_attendee_info_fields":false,"_tec_slr_enabled":"","_tec_slr_layout":""},"product_brand":[],"product_cat":[2037,2032],"product_tag":[],"class_list":{"0":"post-77299","1":"product","2":"type-product","3":"status-publish","4":"has-post-thumbnail","6":"product_cat-chariot-telescopique-entreprise","7":"product_cat-formation-en-ligne-entreprise","9":"first","10":"instock","11":"virtual","12":"sold-individually","13":"taxable","14":"purchasable","15":"product-type-license"},"acf":[],"yoast_head":"<!-- This site is optimized with the Yoast SEO Premium plugin v26.7 (Yoast SEO v26.7) - https:\/\/yoast.com\/wordpress\/plugins\/seo\/ -->\n<title>Chariot t\u00e9lescopique \u00e0 tourelle rotative ROTO Merlo - Entreprise | GRAVI-T ZERO<\/title>\n<meta name=\"robots\" content=\"index, follow, max-snippet:-1, max-image-preview:large, max-video-preview:-1\" \/>\n<link rel=\"canonical\" href=\"https:\/\/staging.gravitzero.com\/produit\/chariot-telescopique-a-tourelle-rotative-roto-merlo-acces-entreprise\/\" \/>\n<meta property=\"og:locale\" content=\"en_US\" \/>\n<meta property=\"og:type\" content=\"article\" \/>\n<meta property=\"og:title\" content=\"Chariot t\u00e9lescopique \u00e0 tourelle rotative ROTO Merlo - Entreprise\" \/>\n<meta property=\"og:description\" content=\"Cette formation en ligne d\u00e9di\u00e9e aux chariots \u00e9l\u00e9vateurs \u00e0 tourelle rotative vous permet de d\u00e9velopper vos comp\u00e9tences th\u00e9oriques en toute autonomie, depuis chez vous.  Elle s\u2019adresse aux professionnels ou futurs op\u00e9rateurs souhaitant comprendre le fonctionnement de ces machines sp\u00e9cifiques, les r\u00e8gles de s\u00e9curit\u00e9 \u00e0 respecter, et les bonnes pratiques \u00e0 appliquer sur le terrain.  (2 \u00e0 9 acc\u00e8s : 25% de rabais) (10 acc\u00e8s ou plus : 50% de rabais)\" \/>\n<meta property=\"og:url\" content=\"https:\/\/staging.gravitzero.com\/produit\/chariot-telescopique-a-tourelle-rotative-roto-merlo-acces-entreprise\/\" \/>\n<meta property=\"og:site_name\" content=\"GRAVI-T ZERO\" \/>\n<meta property=\"article:publisher\" content=\"https:\/\/www.facebook.com\/gravitzero\/\" \/>\n<meta property=\"article:modified_time\" content=\"2025-08-28T18:47:13+00:00\" \/>\n<meta property=\"og:image\" content=\"https:\/\/staging.gravitzero.com\/wp-content\/uploads\/2021\/06\/roto-1.png\" \/>\n\t<meta property=\"og:image:width\" content=\"600\" \/>\n\t<meta property=\"og:image:height\" content=\"600\" \/>\n\t<meta property=\"og:image:type\" content=\"image\/png\" \/>\n<meta name=\"twitter:card\" content=\"summary_large_image\" \/>\n<script type=\"application\/ld+json\" class=\"yoast-schema-graph\">{\"@context\":\"https:\/\/schema.org\",\"@graph\":[{\"@type\":\"WebPage\",\"@id\":\"https:\/\/staging.gravitzero.com\/produit\/chariot-telescopique-a-tourelle-rotative-roto-merlo-acces-entreprise\/\",\"url\":\"https:\/\/staging.gravitzero.com\/produit\/chariot-telescopique-a-tourelle-rotative-roto-merlo-acces-entreprise\/\",\"name\":\"Chariot t\u00e9lescopique \u00e0 tourelle rotative ROTO Merlo - Entreprise | GRAVI-T ZERO\",\"isPartOf\":{\"@id\":\"https:\/\/staging.gravitzero.com\/#website\"},\"primaryImageOfPage\":{\"@id\":\"https:\/\/staging.gravitzero.com\/produit\/chariot-telescopique-a-tourelle-rotative-roto-merlo-acces-entreprise\/#primaryimage\"},\"image\":{\"@id\":\"https:\/\/staging.gravitzero.com\/produit\/chariot-telescopique-a-tourelle-rotative-roto-merlo-acces-entreprise\/#primaryimage\"},\"thumbnailUrl\":\"https:\/\/staging.gravitzero.com\/wp-content\/uploads\/2021\/06\/roto-1.png\",\"datePublished\":\"2025-06-12T01:58:06+00:00\",\"dateModified\":\"2025-08-28T18:47:13+00:00\",\"breadcrumb\":{\"@id\":\"https:\/\/staging.gravitzero.com\/produit\/chariot-telescopique-a-tourelle-rotative-roto-merlo-acces-entreprise\/#breadcrumb\"},\"inLanguage\":\"en-US\",\"potentialAction\":[{\"@type\":\"ReadAction\",\"target\":[\"https:\/\/staging.gravitzero.com\/produit\/chariot-telescopique-a-tourelle-rotative-roto-merlo-acces-entreprise\/\"]}]},{\"@type\":\"ImageObject\",\"inLanguage\":\"en-US\",\"@id\":\"https:\/\/staging.gravitzero.com\/produit\/chariot-telescopique-a-tourelle-rotative-roto-merlo-acces-entreprise\/#primaryimage\",\"url\":\"https:\/\/staging.gravitzero.com\/wp-content\/uploads\/2021\/06\/roto-1.png\",\"contentUrl\":\"https:\/\/staging.gravitzero.com\/wp-content\/uploads\/2021\/06\/roto-1.png\",\"width\":600,\"height\":600},{\"@type\":\"BreadcrumbList\",\"@id\":\"https:\/\/staging.gravitzero.com\/produit\/chariot-telescopique-a-tourelle-rotative-roto-merlo-acces-entreprise\/#breadcrumb\",\"itemListElement\":[{\"@type\":\"ListItem\",\"position\":1,\"name\":\"Accueil\",\"item\":\"https:\/\/staging.gravitzero.com\/\"},{\"@type\":\"ListItem\",\"position\":2,\"name\":\"Shop\",\"item\":\"https:\/\/staging.gravitzero.com\/en\/shop\/\"},{\"@type\":\"ListItem\",\"position\":3,\"name\":\"Chariot t\u00e9lescopique - Entreprise\",\"item\":\"https:\/\/staging.gravitzero.com\/categorie-produit\/chariot-telescopique-entreprise\/\"},{\"@type\":\"ListItem\",\"position\":4,\"name\":\"Chariot t\u00e9lescopique \u00e0 tourelle rotative ROTO Merlo &#8211; Entreprise\"}]},{\"@type\":\"WebSite\",\"@id\":\"https:\/\/staging.gravitzero.com\/#website\",\"url\":\"https:\/\/staging.gravitzero.com\/\",\"name\":\"GRAVI-T ZERO\",\"description\":\"Entreprise de formation en sant\u00e9 et s\u00e9curit\u00e9 au travail\",\"publisher\":{\"@id\":\"https:\/\/staging.gravitzero.com\/#organization\"},\"inLanguage\":\"en-US\"},{\"@type\":\"Organization\",\"@id\":\"https:\/\/staging.gravitzero.com\/#organization\",\"name\":\"GRAVI-T ZERO\",\"url\":\"https:\/\/staging.gravitzero.com\/\",\"logo\":{\"@type\":\"ImageObject\",\"inLanguage\":\"en-US\",\"@id\":\"https:\/\/staging.gravitzero.com\/#\/schema\/logo\/image\/\",\"url\":\"https:\/\/staging.gravitzero.com\/wp-content\/uploads\/2018\/03\/logo-340-156.jpg\",\"contentUrl\":\"https:\/\/staging.gravitzero.com\/wp-content\/uploads\/2018\/03\/logo-340-156.jpg\",\"width\":340,\"height\":156,\"caption\":\"GRAVI-T ZERO\"},\"image\":{\"@id\":\"https:\/\/staging.gravitzero.com\/#\/schema\/logo\/image\/\"},\"sameAs\":[\"https:\/\/www.facebook.com\/gravitzero\/\"]}]}<\/script>\n<!-- \/ Yoast SEO Premium plugin. -->","yoast_head_json":{"title":"Chariot t\u00e9lescopique \u00e0 tourelle rotative ROTO Merlo - Entreprise | GRAVI-T ZERO","robots":{"index":"index","follow":"follow","max-snippet":"max-snippet:-1","max-image-preview":"max-image-preview:large","max-video-preview":"max-video-preview:-1"},"canonical":"https:\/\/staging.gravitzero.com\/produit\/chariot-telescopique-a-tourelle-rotative-roto-merlo-acces-entreprise\/","og_locale":"en_US","og_type":"article","og_title":"Chariot t\u00e9lescopique \u00e0 tourelle rotative ROTO Merlo - Entreprise","og_description":"Cette formation en ligne d\u00e9di\u00e9e aux chariots \u00e9l\u00e9vateurs \u00e0 tourelle rotative vous permet de d\u00e9velopper vos comp\u00e9tences th\u00e9oriques en toute autonomie, depuis chez vous.  Elle s\u2019adresse aux professionnels ou futurs op\u00e9rateurs souhaitant comprendre le fonctionnement de ces machines sp\u00e9cifiques, les r\u00e8gles de s\u00e9curit\u00e9 \u00e0 respecter, et les bonnes pratiques \u00e0 appliquer sur le terrain.  (2 \u00e0 9 acc\u00e8s : 25% de rabais) (10 acc\u00e8s ou plus : 50% de rabais)","og_url":"https:\/\/staging.gravitzero.com\/produit\/chariot-telescopique-a-tourelle-rotative-roto-merlo-acces-entreprise\/","og_site_name":"GRAVI-T ZERO","article_publisher":"https:\/\/www.facebook.com\/gravitzero\/","article_modified_time":"2025-08-28T18:47:13+00:00","og_image":[{"width":600,"height":600,"url":"https:\/\/staging.gravitzero.com\/wp-content\/uploads\/2021\/06\/roto-1.png","type":"image\/png"}],"twitter_card":"summary_large_image","schema":{"@context":"https:\/\/schema.org","@graph":[{"@type":"WebPage","@id":"https:\/\/staging.gravitzero.com\/produit\/chariot-telescopique-a-tourelle-rotative-roto-merlo-acces-entreprise\/","url":"https:\/\/staging.gravitzero.com\/produit\/chariot-telescopique-a-tourelle-rotative-roto-merlo-acces-entreprise\/","name":"Chariot t\u00e9lescopique \u00e0 tourelle rotative ROTO Merlo - Entreprise | GRAVI-T ZERO","isPartOf":{"@id":"https:\/\/staging.gravitzero.com\/#website"},"primaryImageOfPage":{"@id":"https:\/\/staging.gravitzero.com\/produit\/chariot-telescopique-a-tourelle-rotative-roto-merlo-acces-entreprise\/#primaryimage"},"image":{"@id":"https:\/\/staging.gravitzero.com\/produit\/chariot-telescopique-a-tourelle-rotative-roto-merlo-acces-entreprise\/#primaryimage"},"thumbnailUrl":"https:\/\/staging.gravitzero.com\/wp-content\/uploads\/2021\/06\/roto-1.png","datePublished":"2025-06-12T01:58:06+00:00","dateModified":"2025-08-28T18:47:13+00:00","breadcrumb":{"@id":"https:\/\/staging.gravitzero.com\/produit\/chariot-telescopique-a-tourelle-rotative-roto-merlo-acces-entreprise\/#breadcrumb"},"inLanguage":"en-US","potentialAction":[{"@type":"ReadAction","target":["https:\/\/staging.gravitzero.com\/produit\/chariot-telescopique-a-tourelle-rotative-roto-merlo-acces-entreprise\/"]}]},{"@type":"ImageObject","inLanguage":"en-US","@id":"https:\/\/staging.gravitzero.com\/produit\/chariot-telescopique-a-tourelle-rotative-roto-merlo-acces-entreprise\/#primaryimage","url":"https:\/\/staging.gravitzero.com\/wp-content\/uploads\/2021\/06\/roto-1.png","contentUrl":"https:\/\/staging.gravitzero.com\/wp-content\/uploads\/2021\/06\/roto-1.png","width":600,"height":600},{"@type":"BreadcrumbList","@id":"https:\/\/staging.gravitzero.com\/produit\/chariot-telescopique-a-tourelle-rotative-roto-merlo-acces-entreprise\/#breadcrumb","itemListElement":[{"@type":"ListItem","position":1,"name":"Accueil","item":"https:\/\/staging.gravitzero.com\/"},{"@type":"ListItem","position":2,"name":"Shop","item":"https:\/\/staging.gravitzero.com\/en\/shop\/"},{"@type":"ListItem","position":3,"name":"Chariot t\u00e9lescopique - Entreprise","item":"https:\/\/staging.gravitzero.com\/categorie-produit\/chariot-telescopique-entreprise\/"},{"@type":"ListItem","position":4,"name":"Chariot t\u00e9lescopique \u00e0 tourelle rotative ROTO Merlo &#8211; Entreprise"}]},{"@type":"WebSite","@id":"https:\/\/staging.gravitzero.com\/#website","url":"https:\/\/staging.gravitzero.com\/","name":"GRAVI-T ZERO","description":"Entreprise de formation en sant\u00e9 et s\u00e9curit\u00e9 au travail","publisher":{"@id":"https:\/\/staging.gravitzero.com\/#organization"},"inLanguage":"en-US"},{"@type":"Organization","@id":"https:\/\/staging.gravitzero.com\/#organization","name":"GRAVI-T ZERO","url":"https:\/\/staging.gravitzero.com\/","logo":{"@type":"ImageObject","inLanguage":"en-US","@id":"https:\/\/staging.gravitzero.com\/#\/schema\/logo\/image\/","url":"https:\/\/staging.gravitzero.com\/wp-content\/uploads\/2018\/03\/logo-340-156.jpg","contentUrl":"https:\/\/staging.gravitzero.com\/wp-content\/uploads\/2018\/03\/logo-340-156.jpg","width":340,"height":156,"caption":"GRAVI-T ZERO"},"image":{"@id":"https:\/\/staging.gravitzero.com\/#\/schema\/logo\/image\/"},"sameAs":["https:\/\/www.facebook.com\/gravitzero\/"]}]}},"_links":{"self":[{"href":"https:\/\/staging.gravitzero.com\/en\/wp-json\/wp\/v2\/product\/77299","targetHints":{"allow":["GET"]}}],"collection":[{"href":"https:\/\/staging.gravitzero.com\/en\/wp-json\/wp\/v2\/product"}],"about":[{"href":"https:\/\/staging.gravitzero.com\/en\/wp-json\/wp\/v2\/types\/product"}],"version-history":[{"count":16,"href":"https:\/\/staging.gravitzero.com\/en\/wp-json\/wp\/v2\/product\/77299\/revisions"}],"predecessor-version":[{"id":79188,"href":"https:\/\/staging.gravitzero.com\/en\/wp-json\/wp\/v2\/product\/77299\/revisions\/79188"}],"wp:featuredmedia":[{"embeddable":true,"href":"https:\/\/staging.gravitzero.com\/en\/wp-json\/wp\/v2\/media\/43546"}],"wp:attachment":[{"href":"https:\/\/staging.gravitzero.com\/en\/wp-json\/wp\/v2\/media?parent=77299"}],"wp:term":[{"taxonomy":"product_brand","embeddable":true,"href":"https:\/\/staging.gravitzero.com\/en\/wp-json\/wp\/v2\/product_brand?post=77299"},{"taxonomy":"product_cat","embeddable":true,"href":"https:\/\/staging.gravitzero.com\/en\/wp-json\/wp\/v2\/product_cat?post=77299"},{"taxonomy":"product_tag","embeddable":true,"href":"https:\/\/staging.gravitzero.com\/en\/wp-json\/wp\/v2\/product_tag?post=77299"}],"curies":[{"name":"wp","href":"https:\/\/api.w.org\/{rel}","templated":true}]}}