{"id":76713,"date":"2025-05-29T19:35:48","date_gmt":"2025-05-29T23:35:48","guid":{"rendered":"https:\/\/staging.gravitzero.com\/?post_type=product&#038;p=76713"},"modified":"2025-08-11T08:45:08","modified_gmt":"2025-08-11T12:45:08","slug":"programme-combine-travail-en-hauteur-espaces-clos-acces-individuel","status":"publish","type":"product","link":"https:\/\/staging.gravitzero.com\/en\/produit\/programme-combine-travail-en-hauteur-espaces-clos-acces-individuel\/","title":{"rendered":"Programme combin\u00e9: Travail en hauteur &#8211; Espaces clos &#8211; Acc\u00e8s individuel"},"content":{"rendered":"<h3 data-start=\"718\" data-end=\"1068\"><strong>Objectifs:<\/strong><\/h3>\n<p data-start=\"718\" data-end=\"1068\"><strong data-start=\"721\" data-end=\"764\">Travail en hauteur \u2013 Formation g\u00e9n\u00e9rale<\/strong><br data-start=\"764\" data-end=\"767\" \/>Cette formation en ligne couvre l\u2019identification des risques de chute, l\u2019utilisation s\u00e9curitaire des \u00e9quipements antichute, le port et l\u2019ajustement du harnais, ainsi que les exigences r\u00e9glementaires en vigueur. Elle permet de satisfaire aux obligations du Code de s\u00e9curit\u00e9 pour les travaux en hauteur.<\/p>\n<p data-start=\"1070\" data-end=\"1438\"><strong data-start=\"1073\" data-end=\"1122\">Espaces clos \u2013 Travailleur habilit\u00e9 (entrant)<\/strong><br data-start=\"1122\" data-end=\"1125\" \/>Ax\u00e9e sur la pr\u00e9vention des accidents en milieu confin\u00e9, cette formation permet au travailleur de reconna\u00eetre les dangers li\u00e9s aux gaz, \u00e0 la ventilation, au port du harnais, \u00e0 l\u2019utilisation du d\u00e9tecteur de gaz et \u00e0 la compr\u00e9hension du permis d\u2019entr\u00e9e. Elle met aussi l\u2019accent sur l\u2019importance du plan de sauvetage.<\/p>\n","protected":false},"excerpt":{"rendered":"<p data-start=\"731\" data-end=\"928\">Programme combin\u00e9 essentiel pour les travailleurs appel\u00e9s \u00e0 intervenir dans des environnements \u00e0 risque. Comprend les formations &#8220;Travail en hauteur&#8221; et &#8220;Espaces clos \u2013 travailleur habilit\u00e9&#8221;, enti\u00e8rement en ligne, conformes aux exigences r\u00e9glementaires.<\/p>\n<p>&nbsp;<\/p>\n<p><span style=\"color: #850d0d;\"><strong>Un volet d&#8217;initiation technique (pratique) devrait compl\u00e9ter ce programme.<\/strong><\/span><\/p>\n<p>&nbsp;<\/p>\n<p data-start=\"930\" data-end=\"1121\">Il regroupe deux formations essentielles, accessibles en ligne:<\/p>\n<p>&nbsp;<\/p>\n<p style=\"padding-left: 40px;\"><strong data-start=\"1178\" data-end=\"1221\">1. Travail en hauteur \u2013 Formation g\u00e9n\u00e9rale<\/strong><\/p>\n<p style=\"padding-left: 40px;\"><strong data-start=\"1430\" data-end=\"1483\">2. Espaces clos &#8211; Travailleur habilit\u00e9 et surveillant<\/strong><\/p>\n<p>&nbsp;<\/p>\n<p>Si vous souhaitez acheter plusieurs acc\u00e8s pour une entreprise, cliquez sur ce produit :<br \/>\n<a style=\"font-size: 24px; text-decoration: underline;\" href=\"https:\/\/staging.gravitzero.com\/produit\/programme-combine-telecom-travail-en-hauteur-espaces-clos-achat-dacces-entreprise\"><br \/>\n<strong>Programme Travail en hauteur et Espaces clos \u2013 Achat d\u2019acc\u00e8s entreprise<\/strong><br \/>\n<\/a><\/p>\n","protected":false},"featured_media":32029,"template":"","meta":{"_acf_changed":false,"_price":"150","_stock":"","_tribe_ticket_header":"","_tribe_default_ticket_provider":"","_ticket_start_date":"","_ticket_end_date":"","_tribe_ticket_show_description":"","_tribe_ticket_show_not_going":false,"_tribe_ticket_use_global_stock":"","_tribe_ticket_global_stock_level":"","_global_stock_mode":"","_global_stock_cap":"","_tribe_rsvp_for_event":"","_tribe_ticket_going_count":"","_tribe_ticket_not_going_count":"","_tribe_tickets_list":"[]","_tribe_ticket_has_attendee_info_fields":false,"_tec_slr_enabled":"","_tec_slr_layout":""},"product_brand":[],"product_cat":[2023,2027],"product_tag":[],"class_list":{"0":"post-76713","1":"product","2":"type-product","3":"status-publish","4":"has-post-thumbnail","6":"product_cat-programmes-combines","7":"product_cat-travail-en-hauteur-et-espaces-clos","9":"first","10":"instock","11":"virtual","12":"sold-individually","13":"taxable","14":"purchasable","15":"product-type-simple"},"acf":[],"yoast_head":"<!-- This site is optimized with the Yoast SEO Premium plugin v26.7 (Yoast SEO v26.7) - https:\/\/yoast.com\/wordpress\/plugins\/seo\/ -->\n<title>Programme combin\u00e9: Travail en hauteur - Espaces clos - Acc\u00e8s individuel | GRAVI-T ZERO<\/title>\n<meta name=\"robots\" content=\"index, follow, max-snippet:-1, max-image-preview:large, max-video-preview:-1\" \/>\n<link rel=\"canonical\" href=\"https:\/\/staging.gravitzero.com\/produit\/programme-combine-travail-en-hauteur-espaces-clos-acces-individuel\/\" \/>\n<meta property=\"og:locale\" content=\"en_US\" \/>\n<meta property=\"og:type\" content=\"article\" \/>\n<meta property=\"og:title\" content=\"Programme combin\u00e9: Travail en hauteur - Espaces clos - Acc\u00e8s individuel\" \/>\n<meta property=\"og:description\" content=\"Programme combin\u00e9 essentiel pour les travailleurs appel\u00e9s \u00e0 intervenir dans des environnements \u00e0 risque. Comprend les formations &quot;Travail en hauteur&quot; et &quot;Espaces clos \u2013 travailleur habilit\u00e9&quot;, enti\u00e8rement en ligne, conformes aux exigences r\u00e9glementaires. &nbsp;  Un volet d&#039;initiation technique (pratique) devrait compl\u00e9ter ce programme.  &nbsp; Il regroupe deux formations essentielles, accessibles en ligne: &nbsp; 1. Travail en hauteur \u2013 Formation g\u00e9n\u00e9rale 2. Espaces clos - Travailleur habilit\u00e9 et surveillant &nbsp;  Si vous souhaitez acheter plusieurs acc\u00e8s pour une entreprise, cliquez sur ce produit :  Programme Travail en hauteur et Espaces clos \u2013 Achat d\u2019acc\u00e8s entreprise\" \/>\n<meta property=\"og:url\" content=\"https:\/\/staging.gravitzero.com\/produit\/programme-combine-travail-en-hauteur-espaces-clos-acces-individuel\/\" \/>\n<meta property=\"og:site_name\" content=\"GRAVI-T ZERO\" \/>\n<meta property=\"article:publisher\" content=\"https:\/\/www.facebook.com\/gravitzero\/\" \/>\n<meta property=\"article:modified_time\" content=\"2025-08-11T12:45:08+00:00\" \/>\n<meta property=\"og:image\" content=\"https:\/\/staging.gravitzero.com\/wp-content\/uploads\/2020\/08\/echelle-telecommunications-formation-manipulation.jpg\" \/>\n\t<meta property=\"og:image:width\" content=\"435\" \/>\n\t<meta property=\"og:image:height\" content=\"450\" \/>\n\t<meta property=\"og:image:type\" content=\"image\/jpeg\" \/>\n<meta name=\"twitter:card\" content=\"summary_large_image\" \/>\n<meta name=\"twitter:label1\" content=\"Est. reading time\" \/>\n\t<meta name=\"twitter:data1\" content=\"1 minute\" \/>\n<script type=\"application\/ld+json\" class=\"yoast-schema-graph\">{\"@context\":\"https:\/\/schema.org\",\"@graph\":[{\"@type\":\"WebPage\",\"@id\":\"https:\/\/staging.gravitzero.com\/produit\/programme-combine-travail-en-hauteur-espaces-clos-acces-individuel\/\",\"url\":\"https:\/\/staging.gravitzero.com\/produit\/programme-combine-travail-en-hauteur-espaces-clos-acces-individuel\/\",\"name\":\"Programme combin\u00e9: Travail en hauteur - Espaces clos - Acc\u00e8s individuel | GRAVI-T ZERO\",\"isPartOf\":{\"@id\":\"https:\/\/staging.gravitzero.com\/#website\"},\"primaryImageOfPage\":{\"@id\":\"https:\/\/staging.gravitzero.com\/produit\/programme-combine-travail-en-hauteur-espaces-clos-acces-individuel\/#primaryimage\"},\"image\":{\"@id\":\"https:\/\/staging.gravitzero.com\/produit\/programme-combine-travail-en-hauteur-espaces-clos-acces-individuel\/#primaryimage\"},\"thumbnailUrl\":\"https:\/\/staging.gravitzero.com\/wp-content\/uploads\/2020\/08\/echelle-telecommunications-formation-manipulation.jpg\",\"datePublished\":\"2025-05-29T23:35:48+00:00\",\"dateModified\":\"2025-08-11T12:45:08+00:00\",\"breadcrumb\":{\"@id\":\"https:\/\/staging.gravitzero.com\/produit\/programme-combine-travail-en-hauteur-espaces-clos-acces-individuel\/#breadcrumb\"},\"inLanguage\":\"en-US\",\"potentialAction\":[{\"@type\":\"ReadAction\",\"target\":[\"https:\/\/staging.gravitzero.com\/produit\/programme-combine-travail-en-hauteur-espaces-clos-acces-individuel\/\"]}]},{\"@type\":\"ImageObject\",\"inLanguage\":\"en-US\",\"@id\":\"https:\/\/staging.gravitzero.com\/produit\/programme-combine-travail-en-hauteur-espaces-clos-acces-individuel\/#primaryimage\",\"url\":\"https:\/\/staging.gravitzero.com\/wp-content\/uploads\/2020\/08\/echelle-telecommunications-formation-manipulation.jpg\",\"contentUrl\":\"https:\/\/staging.gravitzero.com\/wp-content\/uploads\/2020\/08\/echelle-telecommunications-formation-manipulation.jpg\",\"width\":435,\"height\":450},{\"@type\":\"BreadcrumbList\",\"@id\":\"https:\/\/staging.gravitzero.com\/produit\/programme-combine-travail-en-hauteur-espaces-clos-acces-individuel\/#breadcrumb\",\"itemListElement\":[{\"@type\":\"ListItem\",\"position\":1,\"name\":\"Accueil\",\"item\":\"https:\/\/staging.gravitzero.com\/\"},{\"@type\":\"ListItem\",\"position\":2,\"name\":\"Shop\",\"item\":\"https:\/\/staging.gravitzero.com\/en\/shop\/\"},{\"@type\":\"ListItem\",\"position\":3,\"name\":\"Programmes combin\u00e9s - Individuels\",\"item\":\"https:\/\/staging.gravitzero.com\/categorie-produit\/programmes-combines\/\"},{\"@type\":\"ListItem\",\"position\":4,\"name\":\"Programme combin\u00e9: Travail en hauteur &#8211; Espaces clos &#8211; Acc\u00e8s individuel\"}]},{\"@type\":\"WebSite\",\"@id\":\"https:\/\/staging.gravitzero.com\/#website\",\"url\":\"https:\/\/staging.gravitzero.com\/\",\"name\":\"GRAVI-T ZERO\",\"description\":\"Entreprise de formation en sant\u00e9 et s\u00e9curit\u00e9 au travail\",\"publisher\":{\"@id\":\"https:\/\/staging.gravitzero.com\/#organization\"},\"inLanguage\":\"en-US\"},{\"@type\":\"Organization\",\"@id\":\"https:\/\/staging.gravitzero.com\/#organization\",\"name\":\"GRAVI-T ZERO\",\"url\":\"https:\/\/staging.gravitzero.com\/\",\"logo\":{\"@type\":\"ImageObject\",\"inLanguage\":\"en-US\",\"@id\":\"https:\/\/staging.gravitzero.com\/#\/schema\/logo\/image\/\",\"url\":\"https:\/\/staging.gravitzero.com\/wp-content\/uploads\/2018\/03\/logo-340-156.jpg\",\"contentUrl\":\"https:\/\/staging.gravitzero.com\/wp-content\/uploads\/2018\/03\/logo-340-156.jpg\",\"width\":340,\"height\":156,\"caption\":\"GRAVI-T ZERO\"},\"image\":{\"@id\":\"https:\/\/staging.gravitzero.com\/#\/schema\/logo\/image\/\"},\"sameAs\":[\"https:\/\/www.facebook.com\/gravitzero\/\"]}]}<\/script>\n<!-- \/ Yoast SEO Premium plugin. -->","yoast_head_json":{"title":"Programme combin\u00e9: Travail en hauteur - Espaces clos - Acc\u00e8s individuel | GRAVI-T ZERO","robots":{"index":"index","follow":"follow","max-snippet":"max-snippet:-1","max-image-preview":"max-image-preview:large","max-video-preview":"max-video-preview:-1"},"canonical":"https:\/\/staging.gravitzero.com\/produit\/programme-combine-travail-en-hauteur-espaces-clos-acces-individuel\/","og_locale":"en_US","og_type":"article","og_title":"Programme combin\u00e9: Travail en hauteur - Espaces clos - Acc\u00e8s individuel","og_description":"Programme combin\u00e9 essentiel pour les travailleurs appel\u00e9s \u00e0 intervenir dans des environnements \u00e0 risque. Comprend les formations \"Travail en hauteur\" et \"Espaces clos \u2013 travailleur habilit\u00e9\", enti\u00e8rement en ligne, conformes aux exigences r\u00e9glementaires. &nbsp;  Un volet d'initiation technique (pratique) devrait compl\u00e9ter ce programme.  &nbsp; Il regroupe deux formations essentielles, accessibles en ligne: &nbsp; 1. Travail en hauteur \u2013 Formation g\u00e9n\u00e9rale 2. Espaces clos - Travailleur habilit\u00e9 et surveillant &nbsp;  Si vous souhaitez acheter plusieurs acc\u00e8s pour une entreprise, cliquez sur ce produit :  Programme Travail en hauteur et Espaces clos \u2013 Achat d\u2019acc\u00e8s entreprise","og_url":"https:\/\/staging.gravitzero.com\/produit\/programme-combine-travail-en-hauteur-espaces-clos-acces-individuel\/","og_site_name":"GRAVI-T ZERO","article_publisher":"https:\/\/www.facebook.com\/gravitzero\/","article_modified_time":"2025-08-11T12:45:08+00:00","og_image":[{"width":435,"height":450,"url":"https:\/\/staging.gravitzero.com\/wp-content\/uploads\/2020\/08\/echelle-telecommunications-formation-manipulation.jpg","type":"image\/jpeg"}],"twitter_card":"summary_large_image","twitter_misc":{"Est. reading time":"1 minute"},"schema":{"@context":"https:\/\/schema.org","@graph":[{"@type":"WebPage","@id":"https:\/\/staging.gravitzero.com\/produit\/programme-combine-travail-en-hauteur-espaces-clos-acces-individuel\/","url":"https:\/\/staging.gravitzero.com\/produit\/programme-combine-travail-en-hauteur-espaces-clos-acces-individuel\/","name":"Programme combin\u00e9: Travail en hauteur - Espaces clos - Acc\u00e8s individuel | GRAVI-T ZERO","isPartOf":{"@id":"https:\/\/staging.gravitzero.com\/#website"},"primaryImageOfPage":{"@id":"https:\/\/staging.gravitzero.com\/produit\/programme-combine-travail-en-hauteur-espaces-clos-acces-individuel\/#primaryimage"},"image":{"@id":"https:\/\/staging.gravitzero.com\/produit\/programme-combine-travail-en-hauteur-espaces-clos-acces-individuel\/#primaryimage"},"thumbnailUrl":"https:\/\/staging.gravitzero.com\/wp-content\/uploads\/2020\/08\/echelle-telecommunications-formation-manipulation.jpg","datePublished":"2025-05-29T23:35:48+00:00","dateModified":"2025-08-11T12:45:08+00:00","breadcrumb":{"@id":"https:\/\/staging.gravitzero.com\/produit\/programme-combine-travail-en-hauteur-espaces-clos-acces-individuel\/#breadcrumb"},"inLanguage":"en-US","potentialAction":[{"@type":"ReadAction","target":["https:\/\/staging.gravitzero.com\/produit\/programme-combine-travail-en-hauteur-espaces-clos-acces-individuel\/"]}]},{"@type":"ImageObject","inLanguage":"en-US","@id":"https:\/\/staging.gravitzero.com\/produit\/programme-combine-travail-en-hauteur-espaces-clos-acces-individuel\/#primaryimage","url":"https:\/\/staging.gravitzero.com\/wp-content\/uploads\/2020\/08\/echelle-telecommunications-formation-manipulation.jpg","contentUrl":"https:\/\/staging.gravitzero.com\/wp-content\/uploads\/2020\/08\/echelle-telecommunications-formation-manipulation.jpg","width":435,"height":450},{"@type":"BreadcrumbList","@id":"https:\/\/staging.gravitzero.com\/produit\/programme-combine-travail-en-hauteur-espaces-clos-acces-individuel\/#breadcrumb","itemListElement":[{"@type":"ListItem","position":1,"name":"Accueil","item":"https:\/\/staging.gravitzero.com\/"},{"@type":"ListItem","position":2,"name":"Shop","item":"https:\/\/staging.gravitzero.com\/en\/shop\/"},{"@type":"ListItem","position":3,"name":"Programmes combin\u00e9s - Individuels","item":"https:\/\/staging.gravitzero.com\/categorie-produit\/programmes-combines\/"},{"@type":"ListItem","position":4,"name":"Programme combin\u00e9: Travail en hauteur &#8211; Espaces clos &#8211; Acc\u00e8s individuel"}]},{"@type":"WebSite","@id":"https:\/\/staging.gravitzero.com\/#website","url":"https:\/\/staging.gravitzero.com\/","name":"GRAVI-T ZERO","description":"Entreprise de formation en sant\u00e9 et s\u00e9curit\u00e9 au travail","publisher":{"@id":"https:\/\/staging.gravitzero.com\/#organization"},"inLanguage":"en-US"},{"@type":"Organization","@id":"https:\/\/staging.gravitzero.com\/#organization","name":"GRAVI-T ZERO","url":"https:\/\/staging.gravitzero.com\/","logo":{"@type":"ImageObject","inLanguage":"en-US","@id":"https:\/\/staging.gravitzero.com\/#\/schema\/logo\/image\/","url":"https:\/\/staging.gravitzero.com\/wp-content\/uploads\/2018\/03\/logo-340-156.jpg","contentUrl":"https:\/\/staging.gravitzero.com\/wp-content\/uploads\/2018\/03\/logo-340-156.jpg","width":340,"height":156,"caption":"GRAVI-T ZERO"},"image":{"@id":"https:\/\/staging.gravitzero.com\/#\/schema\/logo\/image\/"},"sameAs":["https:\/\/www.facebook.com\/gravitzero\/"]}]}},"_links":{"self":[{"href":"https:\/\/staging.gravitzero.com\/en\/wp-json\/wp\/v2\/product\/76713","targetHints":{"allow":["GET"]}}],"collection":[{"href":"https:\/\/staging.gravitzero.com\/en\/wp-json\/wp\/v2\/product"}],"about":[{"href":"https:\/\/staging.gravitzero.com\/en\/wp-json\/wp\/v2\/types\/product"}],"version-history":[{"count":9,"href":"https:\/\/staging.gravitzero.com\/en\/wp-json\/wp\/v2\/product\/76713\/revisions"}],"predecessor-version":[{"id":78120,"href":"https:\/\/staging.gravitzero.com\/en\/wp-json\/wp\/v2\/product\/76713\/revisions\/78120"}],"wp:featuredmedia":[{"embeddable":true,"href":"https:\/\/staging.gravitzero.com\/en\/wp-json\/wp\/v2\/media\/32029"}],"wp:attachment":[{"href":"https:\/\/staging.gravitzero.com\/en\/wp-json\/wp\/v2\/media?parent=76713"}],"wp:term":[{"taxonomy":"product_brand","embeddable":true,"href":"https:\/\/staging.gravitzero.com\/en\/wp-json\/wp\/v2\/product_brand?post=76713"},{"taxonomy":"product_cat","embeddable":true,"href":"https:\/\/staging.gravitzero.com\/en\/wp-json\/wp\/v2\/product_cat?post=76713"},{"taxonomy":"product_tag","embeddable":true,"href":"https:\/\/staging.gravitzero.com\/en\/wp-json\/wp\/v2\/product_tag?post=76713"}],"curies":[{"name":"wp","href":"https:\/\/api.w.org\/{rel}","templated":true}]}}