{"id":76544,"date":"2025-05-27T23:05:55","date_gmt":"2025-05-28T03:05:55","guid":{"rendered":"https:\/\/staging.gravitzero.com\/?post_type=product&#038;p=76544"},"modified":"2025-08-30T09:54:16","modified_gmt":"2025-08-30T13:54:16","slug":"programme-combine-telecom-travail-en-hauteur-echelles-camion-nacelle-achat-dacces-entreprise","status":"publish","type":"product","link":"https:\/\/staging.gravitzero.com\/en\/produit\/programme-combine-telecom-travail-en-hauteur-echelles-camion-nacelle-achat-dacces-entreprise\/","title":{"rendered":"Programme combin\u00e9 T\u00e9l\u00e9com: Travail en hauteur &#8211; \u00c9chelles &#8211; Camion-nacelle &#8211; Entreprise"},"content":{"rendered":"<h4 data-start=\"1016\" data-end=\"1052\"><strong data-start=\"1023\" data-end=\"1052\">Objectifs du programme<\/strong><\/h4>\n<ul>\n<li data-start=\"1913\" data-end=\"1986\">\n<p data-start=\"1915\" data-end=\"1986\">Pr\u00e9parer les techniciens \u00e0 travailler en hauteur de mani\u00e8re s\u00e9curitaire<\/p>\n<\/li>\n<li data-start=\"1987\" data-end=\"2067\">\n<p data-start=\"1989\" data-end=\"2067\">Renforcer les pratiques s\u00e9curitaires li\u00e9es \u00e0 l\u2019usage d\u2019\u00e9chelles et d\u2019escabeaux<\/p>\n<\/li>\n<li data-start=\"2068\" data-end=\"2153\">\n<p data-start=\"2070\" data-end=\"2153\">Former les op\u00e9rateurs de camions-nacelles aux bonnes pratiques et exigences l\u00e9gales<\/p>\n<\/li>\n<li data-start=\"2154\" data-end=\"2246\">\n<p data-start=\"2156\" data-end=\"2246\">Pr\u00e9venir les chutes, collisions et autres incidents fr\u00e9quents dans le domaine des t\u00e9l\u00e9coms<\/p>\n<\/li>\n<\/ul>\n<p>&nbsp;<\/p>\n<h3 data-start=\"2351\" data-end=\"2374\"><strong data-start=\"2358\" data-end=\"2374\">Public cible<\/strong><\/h3>\n<p data-start=\"2376\" data-end=\"2402\">Ce programme s\u2019adresse \u00e0 :<\/p>\n<ul>\n<li data-start=\"2278\" data-end=\"2341\">\n<p data-start=\"2280\" data-end=\"2341\">Techniciens installateurs ou r\u00e9parateurs en t\u00e9l\u00e9communication<\/p>\n<\/li>\n<li data-start=\"2342\" data-end=\"2394\">\n<p data-start=\"2344\" data-end=\"2394\">Entrepreneurs en c\u00e2blage, fibre optique ou r\u00e9seaux<\/p>\n<\/li>\n<li data-start=\"2395\" data-end=\"2475\">\n<p data-start=\"2397\" data-end=\"2475\">Entreprises de services cherchant \u00e0 assurer la conformit\u00e9 SST de leurs \u00e9quipes<\/p>\n<\/li>\n<\/ul>\n","protected":false},"excerpt":{"rendered":"<p data-start=\"731\" data-end=\"928\">Ce programme a \u00e9t\u00e9 con\u00e7u sp\u00e9cifiquement pour r\u00e9pondre aux r\u00e9alit\u00e9s des <strong data-start=\"802\" data-end=\"828\">techniciens en t\u00e9l\u00e9com<\/strong>, souvent expos\u00e9s \u00e0 des risques de chute ou appel\u00e9s \u00e0 intervenir sur des infrastructures en hauteur.<\/p>\n<p><strong><span style=\"color: #870909;\">Un volet d&#8217;initiation technique (pratique) devrait compl\u00e9ter ce programme.<\/span><\/strong><\/p>\n<p data-start=\"930\" data-end=\"1121\">Il regroupe trois formations essentielles, accessibles en ligne, permettant d\u2019acqu\u00e9rir toutes les comp\u00e9tences requises pour intervenir de mani\u00e8re <strong data-start=\"1076\" data-end=\"1120\">s\u00e9curitaire, conforme et professionnelle<\/strong>.<\/p>\n<p style=\"padding-left: 40px;\"><strong data-start=\"1178\" data-end=\"1221\">1. Travail en hauteur \u2013 Formation g\u00e9n\u00e9rale<\/strong><\/p>\n<p style=\"padding-left: 40px;\"><strong data-start=\"1430\" data-end=\"1483\">2. Utilisation s\u00e9curitaire des \u00e9chelles et escabeaux<\/strong><\/p>\n<p style=\"padding-left: 40px;\"><strong data-start=\"1661\" data-end=\"1700\">3. Camion-nacelle \u2013 Formation g\u00e9n\u00e9rale<\/strong><\/p>\n<p>(2 \u00e0 9 acc\u00e8s : 25% de rabais)<\/p>\n<p>(10 acc\u00e8s ou plus : 50% de rabais)<\/p>\n<p style=\"margin: 24px 0;\">Si vous souhaitez acheter un acc\u00e8s individuel, cliquez sur ce produit :<br \/>\n<a style=\"font-size: 24px; text-decoration: underline;\" href=\"https:\/\/staging.gravitzero.com\/produit\/programme-combine-technicien-telecommunications-acces-individuel\/\"><br \/>\n<strong>Programme T\u00e9l\u00e9com \u2013 Acc\u00e8s individuel<\/strong><br \/>\n<\/a><\/p>\n","protected":false},"featured_media":43709,"template":"","meta":{"_acf_changed":false,"_price":"125","_stock":"","_tribe_ticket_header":"","_tribe_default_ticket_provider":"","_ticket_start_date":"","_ticket_end_date":"","_tribe_ticket_show_description":"","_tribe_ticket_show_not_going":false,"_tribe_ticket_use_global_stock":"","_tribe_ticket_global_stock_level":"","_global_stock_mode":"","_global_stock_cap":"","_tribe_rsvp_for_event":"","_tribe_ticket_going_count":"","_tribe_ticket_not_going_count":"","_tribe_tickets_list":"[]","_tribe_ticket_has_attendee_info_fields":false,"_tec_slr_enabled":"","_tec_slr_layout":""},"product_brand":[],"product_cat":[2032,2046,2049],"product_tag":[],"class_list":{"0":"post-76544","1":"product","2":"type-product","3":"status-publish","4":"has-post-thumbnail","6":"product_cat-formation-en-ligne-entreprise","7":"product_cat-programmes-combines-entreprise","8":"product_cat-technicien-en-telecommunications-entreprise","10":"first","11":"instock","12":"virtual","13":"taxable","14":"purchasable","15":"product-type-license"},"acf":[],"yoast_head":"<!-- This site is optimized with the Yoast SEO Premium plugin v26.7 (Yoast SEO v26.7) - https:\/\/yoast.com\/wordpress\/plugins\/seo\/ -->\n<title>Programme combin\u00e9 T\u00e9l\u00e9com: Travail en hauteur - \u00c9chelles - Camion-nacelle - Entreprise | GRAVI-T ZERO<\/title>\n<meta name=\"robots\" content=\"index, follow, max-snippet:-1, max-image-preview:large, max-video-preview:-1\" \/>\n<link rel=\"canonical\" href=\"https:\/\/staging.gravitzero.com\/produit\/programme-combine-telecom-travail-en-hauteur-echelles-camion-nacelle-achat-dacces-entreprise\/\" \/>\n<meta property=\"og:locale\" content=\"en_US\" \/>\n<meta property=\"og:type\" content=\"article\" \/>\n<meta property=\"og:title\" content=\"Programme combin\u00e9 T\u00e9l\u00e9com: Travail en hauteur - \u00c9chelles - Camion-nacelle - Entreprise\" \/>\n<meta property=\"og:description\" content=\"Ce programme a \u00e9t\u00e9 con\u00e7u sp\u00e9cifiquement pour r\u00e9pondre aux r\u00e9alit\u00e9s des techniciens en t\u00e9l\u00e9com, souvent expos\u00e9s \u00e0 des risques de chute ou appel\u00e9s \u00e0 intervenir sur des infrastructures en hauteur. Un volet d&#039;initiation technique (pratique) devrait compl\u00e9ter ce programme. Il regroupe trois formations essentielles, accessibles en ligne, permettant d\u2019acqu\u00e9rir toutes les comp\u00e9tences requises pour intervenir de mani\u00e8re s\u00e9curitaire, conforme et professionnelle. 1. Travail en hauteur \u2013 Formation g\u00e9n\u00e9rale 2. Utilisation s\u00e9curitaire des \u00e9chelles et escabeaux 3. Camion-nacelle \u2013 Formation g\u00e9n\u00e9rale (2 \u00e0 9 acc\u00e8s : 25% de rabais)  (10 acc\u00e8s ou plus : 50% de rabais) Si vous souhaitez acheter un acc\u00e8s individuel, cliquez sur ce produit :  Programme T\u00e9l\u00e9com \u2013 Acc\u00e8s individuel\" \/>\n<meta property=\"og:url\" content=\"https:\/\/staging.gravitzero.com\/produit\/programme-combine-telecom-travail-en-hauteur-echelles-camion-nacelle-achat-dacces-entreprise\/\" \/>\n<meta property=\"og:site_name\" content=\"GRAVI-T ZERO\" \/>\n<meta property=\"article:publisher\" content=\"https:\/\/www.facebook.com\/gravitzero\/\" \/>\n<meta property=\"article:modified_time\" content=\"2025-08-30T13:54:16+00:00\" \/>\n<meta property=\"og:image\" content=\"https:\/\/staging.gravitzero.com\/wp-content\/uploads\/2021\/06\/echelle-telecommunications-formation-manipulation.jpg\" \/>\n\t<meta property=\"og:image:width\" content=\"435\" \/>\n\t<meta property=\"og:image:height\" content=\"450\" \/>\n\t<meta property=\"og:image:type\" content=\"image\/jpeg\" \/>\n<meta name=\"twitter:card\" content=\"summary_large_image\" \/>\n<script type=\"application\/ld+json\" class=\"yoast-schema-graph\">{\"@context\":\"https:\/\/schema.org\",\"@graph\":[{\"@type\":\"WebPage\",\"@id\":\"https:\/\/staging.gravitzero.com\/produit\/programme-combine-telecom-travail-en-hauteur-echelles-camion-nacelle-achat-dacces-entreprise\/\",\"url\":\"https:\/\/staging.gravitzero.com\/produit\/programme-combine-telecom-travail-en-hauteur-echelles-camion-nacelle-achat-dacces-entreprise\/\",\"name\":\"Programme combin\u00e9 T\u00e9l\u00e9com: Travail en hauteur - \u00c9chelles - Camion-nacelle - Entreprise | GRAVI-T ZERO\",\"isPartOf\":{\"@id\":\"https:\/\/staging.gravitzero.com\/#website\"},\"primaryImageOfPage\":{\"@id\":\"https:\/\/staging.gravitzero.com\/produit\/programme-combine-telecom-travail-en-hauteur-echelles-camion-nacelle-achat-dacces-entreprise\/#primaryimage\"},\"image\":{\"@id\":\"https:\/\/staging.gravitzero.com\/produit\/programme-combine-telecom-travail-en-hauteur-echelles-camion-nacelle-achat-dacces-entreprise\/#primaryimage\"},\"thumbnailUrl\":\"https:\/\/staging.gravitzero.com\/wp-content\/uploads\/2021\/06\/echelle-telecommunications-formation-manipulation.jpg\",\"datePublished\":\"2025-05-28T03:05:55+00:00\",\"dateModified\":\"2025-08-30T13:54:16+00:00\",\"breadcrumb\":{\"@id\":\"https:\/\/staging.gravitzero.com\/produit\/programme-combine-telecom-travail-en-hauteur-echelles-camion-nacelle-achat-dacces-entreprise\/#breadcrumb\"},\"inLanguage\":\"en-US\",\"potentialAction\":[{\"@type\":\"ReadAction\",\"target\":[\"https:\/\/staging.gravitzero.com\/produit\/programme-combine-telecom-travail-en-hauteur-echelles-camion-nacelle-achat-dacces-entreprise\/\"]}]},{\"@type\":\"ImageObject\",\"inLanguage\":\"en-US\",\"@id\":\"https:\/\/staging.gravitzero.com\/produit\/programme-combine-telecom-travail-en-hauteur-echelles-camion-nacelle-achat-dacces-entreprise\/#primaryimage\",\"url\":\"https:\/\/staging.gravitzero.com\/wp-content\/uploads\/2021\/06\/echelle-telecommunications-formation-manipulation.jpg\",\"contentUrl\":\"https:\/\/staging.gravitzero.com\/wp-content\/uploads\/2021\/06\/echelle-telecommunications-formation-manipulation.jpg\",\"width\":435,\"height\":450},{\"@type\":\"BreadcrumbList\",\"@id\":\"https:\/\/staging.gravitzero.com\/produit\/programme-combine-telecom-travail-en-hauteur-echelles-camion-nacelle-achat-dacces-entreprise\/#breadcrumb\",\"itemListElement\":[{\"@type\":\"ListItem\",\"position\":1,\"name\":\"Accueil\",\"item\":\"https:\/\/staging.gravitzero.com\/\"},{\"@type\":\"ListItem\",\"position\":2,\"name\":\"Shop\",\"item\":\"https:\/\/staging.gravitzero.com\/en\/shop\/\"},{\"@type\":\"ListItem\",\"position\":3,\"name\":\"Formation en ligne entreprise\",\"item\":\"https:\/\/staging.gravitzero.com\/categorie-produit\/formation-en-ligne-entreprise\/\"},{\"@type\":\"ListItem\",\"position\":4,\"name\":\"Programme combin\u00e9 T\u00e9l\u00e9com: Travail en hauteur &#8211; \u00c9chelles &#8211; Camion-nacelle &#8211; Entreprise\"}]},{\"@type\":\"WebSite\",\"@id\":\"https:\/\/staging.gravitzero.com\/#website\",\"url\":\"https:\/\/staging.gravitzero.com\/\",\"name\":\"GRAVI-T ZERO\",\"description\":\"Entreprise de formation en sant\u00e9 et s\u00e9curit\u00e9 au travail\",\"publisher\":{\"@id\":\"https:\/\/staging.gravitzero.com\/#organization\"},\"inLanguage\":\"en-US\"},{\"@type\":\"Organization\",\"@id\":\"https:\/\/staging.gravitzero.com\/#organization\",\"name\":\"GRAVI-T ZERO\",\"url\":\"https:\/\/staging.gravitzero.com\/\",\"logo\":{\"@type\":\"ImageObject\",\"inLanguage\":\"en-US\",\"@id\":\"https:\/\/staging.gravitzero.com\/#\/schema\/logo\/image\/\",\"url\":\"https:\/\/staging.gravitzero.com\/wp-content\/uploads\/2018\/03\/logo-340-156.jpg\",\"contentUrl\":\"https:\/\/staging.gravitzero.com\/wp-content\/uploads\/2018\/03\/logo-340-156.jpg\",\"width\":340,\"height\":156,\"caption\":\"GRAVI-T ZERO\"},\"image\":{\"@id\":\"https:\/\/staging.gravitzero.com\/#\/schema\/logo\/image\/\"},\"sameAs\":[\"https:\/\/www.facebook.com\/gravitzero\/\"]}]}<\/script>\n<!-- \/ Yoast SEO Premium plugin. -->","yoast_head_json":{"title":"Programme combin\u00e9 T\u00e9l\u00e9com: Travail en hauteur - \u00c9chelles - Camion-nacelle - Entreprise | GRAVI-T ZERO","robots":{"index":"index","follow":"follow","max-snippet":"max-snippet:-1","max-image-preview":"max-image-preview:large","max-video-preview":"max-video-preview:-1"},"canonical":"https:\/\/staging.gravitzero.com\/produit\/programme-combine-telecom-travail-en-hauteur-echelles-camion-nacelle-achat-dacces-entreprise\/","og_locale":"en_US","og_type":"article","og_title":"Programme combin\u00e9 T\u00e9l\u00e9com: Travail en hauteur - \u00c9chelles - Camion-nacelle - Entreprise","og_description":"Ce programme a \u00e9t\u00e9 con\u00e7u sp\u00e9cifiquement pour r\u00e9pondre aux r\u00e9alit\u00e9s des techniciens en t\u00e9l\u00e9com, souvent expos\u00e9s \u00e0 des risques de chute ou appel\u00e9s \u00e0 intervenir sur des infrastructures en hauteur. Un volet d'initiation technique (pratique) devrait compl\u00e9ter ce programme. Il regroupe trois formations essentielles, accessibles en ligne, permettant d\u2019acqu\u00e9rir toutes les comp\u00e9tences requises pour intervenir de mani\u00e8re s\u00e9curitaire, conforme et professionnelle. 1. Travail en hauteur \u2013 Formation g\u00e9n\u00e9rale 2. Utilisation s\u00e9curitaire des \u00e9chelles et escabeaux 3. Camion-nacelle \u2013 Formation g\u00e9n\u00e9rale (2 \u00e0 9 acc\u00e8s : 25% de rabais)  (10 acc\u00e8s ou plus : 50% de rabais) Si vous souhaitez acheter un acc\u00e8s individuel, cliquez sur ce produit :  Programme T\u00e9l\u00e9com \u2013 Acc\u00e8s individuel","og_url":"https:\/\/staging.gravitzero.com\/produit\/programme-combine-telecom-travail-en-hauteur-echelles-camion-nacelle-achat-dacces-entreprise\/","og_site_name":"GRAVI-T ZERO","article_publisher":"https:\/\/www.facebook.com\/gravitzero\/","article_modified_time":"2025-08-30T13:54:16+00:00","og_image":[{"width":435,"height":450,"url":"https:\/\/staging.gravitzero.com\/wp-content\/uploads\/2021\/06\/echelle-telecommunications-formation-manipulation.jpg","type":"image\/jpeg"}],"twitter_card":"summary_large_image","schema":{"@context":"https:\/\/schema.org","@graph":[{"@type":"WebPage","@id":"https:\/\/staging.gravitzero.com\/produit\/programme-combine-telecom-travail-en-hauteur-echelles-camion-nacelle-achat-dacces-entreprise\/","url":"https:\/\/staging.gravitzero.com\/produit\/programme-combine-telecom-travail-en-hauteur-echelles-camion-nacelle-achat-dacces-entreprise\/","name":"Programme combin\u00e9 T\u00e9l\u00e9com: Travail en hauteur - \u00c9chelles - Camion-nacelle - Entreprise | GRAVI-T ZERO","isPartOf":{"@id":"https:\/\/staging.gravitzero.com\/#website"},"primaryImageOfPage":{"@id":"https:\/\/staging.gravitzero.com\/produit\/programme-combine-telecom-travail-en-hauteur-echelles-camion-nacelle-achat-dacces-entreprise\/#primaryimage"},"image":{"@id":"https:\/\/staging.gravitzero.com\/produit\/programme-combine-telecom-travail-en-hauteur-echelles-camion-nacelle-achat-dacces-entreprise\/#primaryimage"},"thumbnailUrl":"https:\/\/staging.gravitzero.com\/wp-content\/uploads\/2021\/06\/echelle-telecommunications-formation-manipulation.jpg","datePublished":"2025-05-28T03:05:55+00:00","dateModified":"2025-08-30T13:54:16+00:00","breadcrumb":{"@id":"https:\/\/staging.gravitzero.com\/produit\/programme-combine-telecom-travail-en-hauteur-echelles-camion-nacelle-achat-dacces-entreprise\/#breadcrumb"},"inLanguage":"en-US","potentialAction":[{"@type":"ReadAction","target":["https:\/\/staging.gravitzero.com\/produit\/programme-combine-telecom-travail-en-hauteur-echelles-camion-nacelle-achat-dacces-entreprise\/"]}]},{"@type":"ImageObject","inLanguage":"en-US","@id":"https:\/\/staging.gravitzero.com\/produit\/programme-combine-telecom-travail-en-hauteur-echelles-camion-nacelle-achat-dacces-entreprise\/#primaryimage","url":"https:\/\/staging.gravitzero.com\/wp-content\/uploads\/2021\/06\/echelle-telecommunications-formation-manipulation.jpg","contentUrl":"https:\/\/staging.gravitzero.com\/wp-content\/uploads\/2021\/06\/echelle-telecommunications-formation-manipulation.jpg","width":435,"height":450},{"@type":"BreadcrumbList","@id":"https:\/\/staging.gravitzero.com\/produit\/programme-combine-telecom-travail-en-hauteur-echelles-camion-nacelle-achat-dacces-entreprise\/#breadcrumb","itemListElement":[{"@type":"ListItem","position":1,"name":"Accueil","item":"https:\/\/staging.gravitzero.com\/"},{"@type":"ListItem","position":2,"name":"Shop","item":"https:\/\/staging.gravitzero.com\/en\/shop\/"},{"@type":"ListItem","position":3,"name":"Formation en ligne entreprise","item":"https:\/\/staging.gravitzero.com\/categorie-produit\/formation-en-ligne-entreprise\/"},{"@type":"ListItem","position":4,"name":"Programme combin\u00e9 T\u00e9l\u00e9com: Travail en hauteur &#8211; \u00c9chelles &#8211; Camion-nacelle &#8211; Entreprise"}]},{"@type":"WebSite","@id":"https:\/\/staging.gravitzero.com\/#website","url":"https:\/\/staging.gravitzero.com\/","name":"GRAVI-T ZERO","description":"Entreprise de formation en sant\u00e9 et s\u00e9curit\u00e9 au travail","publisher":{"@id":"https:\/\/staging.gravitzero.com\/#organization"},"inLanguage":"en-US"},{"@type":"Organization","@id":"https:\/\/staging.gravitzero.com\/#organization","name":"GRAVI-T ZERO","url":"https:\/\/staging.gravitzero.com\/","logo":{"@type":"ImageObject","inLanguage":"en-US","@id":"https:\/\/staging.gravitzero.com\/#\/schema\/logo\/image\/","url":"https:\/\/staging.gravitzero.com\/wp-content\/uploads\/2018\/03\/logo-340-156.jpg","contentUrl":"https:\/\/staging.gravitzero.com\/wp-content\/uploads\/2018\/03\/logo-340-156.jpg","width":340,"height":156,"caption":"GRAVI-T ZERO"},"image":{"@id":"https:\/\/staging.gravitzero.com\/#\/schema\/logo\/image\/"},"sameAs":["https:\/\/www.facebook.com\/gravitzero\/"]}]}},"_links":{"self":[{"href":"https:\/\/staging.gravitzero.com\/en\/wp-json\/wp\/v2\/product\/76544","targetHints":{"allow":["GET"]}}],"collection":[{"href":"https:\/\/staging.gravitzero.com\/en\/wp-json\/wp\/v2\/product"}],"about":[{"href":"https:\/\/staging.gravitzero.com\/en\/wp-json\/wp\/v2\/types\/product"}],"version-history":[{"count":24,"href":"https:\/\/staging.gravitzero.com\/en\/wp-json\/wp\/v2\/product\/76544\/revisions"}],"predecessor-version":[{"id":79267,"href":"https:\/\/staging.gravitzero.com\/en\/wp-json\/wp\/v2\/product\/76544\/revisions\/79267"}],"wp:featuredmedia":[{"embeddable":true,"href":"https:\/\/staging.gravitzero.com\/en\/wp-json\/wp\/v2\/media\/43709"}],"wp:attachment":[{"href":"https:\/\/staging.gravitzero.com\/en\/wp-json\/wp\/v2\/media?parent=76544"}],"wp:term":[{"taxonomy":"product_brand","embeddable":true,"href":"https:\/\/staging.gravitzero.com\/en\/wp-json\/wp\/v2\/product_brand?post=76544"},{"taxonomy":"product_cat","embeddable":true,"href":"https:\/\/staging.gravitzero.com\/en\/wp-json\/wp\/v2\/product_cat?post=76544"},{"taxonomy":"product_tag","embeddable":true,"href":"https:\/\/staging.gravitzero.com\/en\/wp-json\/wp\/v2\/product_tag?post=76544"}],"curies":[{"name":"wp","href":"https:\/\/api.w.org\/{rel}","templated":true}]}}