{"id":76529,"date":"2025-05-27T22:44:07","date_gmt":"2025-05-28T02:44:07","guid":{"rendered":"https:\/\/staging.gravitzero.com\/?post_type=product&#038;p=76529"},"modified":"2025-08-28T21:28:34","modified_gmt":"2025-08-29T01:28:34","slug":"camion-nacelle-acces-individuel","status":"publish","type":"product","link":"https:\/\/staging.gravitzero.com\/en\/produit\/camion-nacelle-acces-individuel\/","title":{"rendered":"Camion-nacelle &#8211; Individuel"},"content":{"rendered":"<h4 data-start=\"1016\" data-end=\"1052\"><strong data-start=\"1023\" data-end=\"1052\">Objectifs de la formation<\/strong><\/h4>\n<p data-start=\"254\" data-end=\"322\">\u00c0 l\u2019issue de cette formation, les participants seront en mesure de :<\/p>\n<ul data-start=\"324\" data-end=\"965\">\n<li data-start=\"324\" data-end=\"417\">\n<p data-start=\"326\" data-end=\"417\">Comprendre le fonctionnement g\u00e9n\u00e9ral d\u2019un camion-nacelle et ses composantes essentielles.<\/p>\n<\/li>\n<li data-start=\"418\" data-end=\"520\">\n<p data-start=\"420\" data-end=\"520\">Reconna\u00eetre les principaux risques li\u00e9s \u00e0 son utilisation et adopter des comportements pr\u00e9ventifs.<\/p>\n<\/li>\n<li data-start=\"521\" data-end=\"626\">\n<p data-start=\"523\" data-end=\"626\">Appliquer les r\u00e8gles de s\u00e9curit\u00e9 lors des d\u00e9placements, du positionnement et des man\u0153uvres de levage.<\/p>\n<\/li>\n<li data-start=\"627\" data-end=\"704\">\n<p data-start=\"629\" data-end=\"704\">Effectuer une inspection pr\u00e9op\u00e9rationnelle conforme aux bonnes pratiques.<\/p>\n<\/li>\n<li data-start=\"705\" data-end=\"808\">\n<p data-start=\"707\" data-end=\"808\">Respecter les obligations r\u00e9glementaires en vigueur, incluant le <strong data-start=\"772\" data-end=\"780\">RSST<\/strong> et la <strong data-start=\"787\" data-end=\"805\">norme CSA C225<\/strong>.<\/p>\n<\/li>\n<li data-start=\"809\" data-end=\"908\">\n<p data-start=\"811\" data-end=\"908\">Utiliser correctement les \u00e9quipements de protection individuelle (harnais, syst\u00e8mes antichute).<\/p>\n<\/li>\n<li data-start=\"909\" data-end=\"965\">\n<p data-start=\"911\" data-end=\"965\">Intervenir efficacement en cas de situation d\u2019urgence.<\/p>\n<\/li>\n<\/ul>\n","protected":false},"excerpt":{"rendered":"<p data-start=\"549\" data-end=\"757\">Cette formation en ligne de GRAVI-T ZERO est con\u00e7ue pour les op\u00e9rateurs de camions-nacelles, offrant une compr\u00e9hension approfondie des principes de fonctionnement et des pratiques s\u00e9curitaires associ\u00e9es \u00e0 cet \u00e9quipement.<\/p>\n<p><span style=\"color: #870909;\"><strong>Un volet d&#8217;initiation technique (pratique) doit compl\u00e9ter ce cours.<\/strong><\/span><\/p>\n<p style=\"margin: 24px 0;\">Si vous souhaitez acheter plusieurs acc\u00e8s pour une entreprise, cliquez sur ce produit :<br \/>\n<a style=\"font-size: 24px; text-decoration: underline;\" href=\"https:\/\/staging.gravitzero.com\/produit\/camion-nacelle-achat-dacces-entreprise\"><br \/>\n<strong>Camion-nacelle \u2013 Achat d\u2019acc\u00e8s entreprise<\/strong><br \/>\n<\/a><\/p>\n","protected":false},"featured_media":12092,"template":"","meta":{"_acf_changed":false,"_price":"50","_stock":"","_tribe_ticket_header":"","_tribe_default_ticket_provider":"","_ticket_start_date":"","_ticket_end_date":"","_tribe_ticket_show_description":"","_tribe_ticket_show_not_going":false,"_tribe_ticket_use_global_stock":"","_tribe_ticket_global_stock_level":"","_global_stock_mode":"","_global_stock_cap":"","_tribe_rsvp_for_event":"","_tribe_ticket_going_count":"","_tribe_ticket_not_going_count":"","_tribe_tickets_list":"[]","_tribe_ticket_has_attendee_info_fields":false,"_tec_slr_enabled":"","_tec_slr_layout":""},"product_brand":[],"product_cat":[2025,2031],"product_tag":[],"class_list":{"0":"post-76529","1":"product","2":"type-product","3":"status-publish","4":"has-post-thumbnail","6":"product_cat-camion-nacelle","7":"product_cat-formation-en-ligne-individuelle","9":"first","10":"instock","11":"virtual","12":"sold-individually","13":"taxable","14":"purchasable","15":"product-type-course"},"acf":[],"yoast_head":"<!-- This site is optimized with the Yoast SEO Premium plugin v26.7 (Yoast SEO v26.7) - https:\/\/yoast.com\/wordpress\/plugins\/seo\/ -->\n<title>Camion-nacelle - Individuel | GRAVI-T ZERO<\/title>\n<meta name=\"robots\" content=\"index, follow, max-snippet:-1, max-image-preview:large, max-video-preview:-1\" \/>\n<link rel=\"canonical\" href=\"https:\/\/staging.gravitzero.com\/produit\/camion-nacelle-acces-individuel\/\" \/>\n<meta property=\"og:locale\" content=\"en_US\" \/>\n<meta property=\"og:type\" content=\"article\" \/>\n<meta property=\"og:title\" content=\"Camion-nacelle - Individuel\" \/>\n<meta property=\"og:description\" content=\"Cette formation en ligne de GRAVI-T ZERO est con\u00e7ue pour les op\u00e9rateurs de camions-nacelles, offrant une compr\u00e9hension approfondie des principes de fonctionnement et des pratiques s\u00e9curitaires associ\u00e9es \u00e0 cet \u00e9quipement. Un volet d&#039;initiation technique (pratique) doit compl\u00e9ter ce cours. Si vous souhaitez acheter plusieurs acc\u00e8s pour une entreprise, cliquez sur ce produit :  Camion-nacelle \u2013 Achat d\u2019acc\u00e8s entreprise\" \/>\n<meta property=\"og:url\" content=\"https:\/\/staging.gravitzero.com\/produit\/camion-nacelle-acces-individuel\/\" \/>\n<meta property=\"og:site_name\" content=\"GRAVI-T ZERO\" \/>\n<meta property=\"article:publisher\" content=\"https:\/\/www.facebook.com\/gravitzero\/\" \/>\n<meta property=\"article:modified_time\" content=\"2025-08-29T01:28:34+00:00\" \/>\n<meta property=\"og:image\" content=\"https:\/\/staging.gravitzero.com\/wp-content\/uploads\/2019\/10\/camion-nacelle.jpg\" \/>\n\t<meta property=\"og:image:width\" content=\"1200\" \/>\n\t<meta property=\"og:image:height\" content=\"900\" \/>\n\t<meta property=\"og:image:type\" content=\"image\/jpeg\" \/>\n<meta name=\"twitter:card\" content=\"summary_large_image\" \/>\n<meta name=\"twitter:label1\" content=\"Est. reading time\" \/>\n\t<meta name=\"twitter:data1\" content=\"1 minute\" \/>\n<script type=\"application\/ld+json\" class=\"yoast-schema-graph\">{\"@context\":\"https:\/\/schema.org\",\"@graph\":[{\"@type\":\"WebPage\",\"@id\":\"https:\/\/staging.gravitzero.com\/produit\/camion-nacelle-acces-individuel\/\",\"url\":\"https:\/\/staging.gravitzero.com\/produit\/camion-nacelle-acces-individuel\/\",\"name\":\"Camion-nacelle - Individuel | GRAVI-T ZERO\",\"isPartOf\":{\"@id\":\"https:\/\/staging.gravitzero.com\/#website\"},\"primaryImageOfPage\":{\"@id\":\"https:\/\/staging.gravitzero.com\/produit\/camion-nacelle-acces-individuel\/#primaryimage\"},\"image\":{\"@id\":\"https:\/\/staging.gravitzero.com\/produit\/camion-nacelle-acces-individuel\/#primaryimage\"},\"thumbnailUrl\":\"https:\/\/staging.gravitzero.com\/wp-content\/uploads\/2019\/10\/camion-nacelle.jpg\",\"datePublished\":\"2025-05-28T02:44:07+00:00\",\"dateModified\":\"2025-08-29T01:28:34+00:00\",\"breadcrumb\":{\"@id\":\"https:\/\/staging.gravitzero.com\/produit\/camion-nacelle-acces-individuel\/#breadcrumb\"},\"inLanguage\":\"en-US\",\"potentialAction\":[{\"@type\":\"ReadAction\",\"target\":[\"https:\/\/staging.gravitzero.com\/produit\/camion-nacelle-acces-individuel\/\"]}]},{\"@type\":\"ImageObject\",\"inLanguage\":\"en-US\",\"@id\":\"https:\/\/staging.gravitzero.com\/produit\/camion-nacelle-acces-individuel\/#primaryimage\",\"url\":\"https:\/\/staging.gravitzero.com\/wp-content\/uploads\/2019\/10\/camion-nacelle.jpg\",\"contentUrl\":\"https:\/\/staging.gravitzero.com\/wp-content\/uploads\/2019\/10\/camion-nacelle.jpg\",\"width\":1200,\"height\":900},{\"@type\":\"BreadcrumbList\",\"@id\":\"https:\/\/staging.gravitzero.com\/produit\/camion-nacelle-acces-individuel\/#breadcrumb\",\"itemListElement\":[{\"@type\":\"ListItem\",\"position\":1,\"name\":\"Accueil\",\"item\":\"https:\/\/staging.gravitzero.com\/\"},{\"@type\":\"ListItem\",\"position\":2,\"name\":\"Shop\",\"item\":\"https:\/\/staging.gravitzero.com\/en\/shop\/\"},{\"@type\":\"ListItem\",\"position\":3,\"name\":\"Camion-nacelle - Individuel\",\"item\":\"https:\/\/staging.gravitzero.com\/categorie-produit\/camion-nacelle\/\"},{\"@type\":\"ListItem\",\"position\":4,\"name\":\"Camion-nacelle &#8211; Individuel\"}]},{\"@type\":\"WebSite\",\"@id\":\"https:\/\/staging.gravitzero.com\/#website\",\"url\":\"https:\/\/staging.gravitzero.com\/\",\"name\":\"GRAVI-T ZERO\",\"description\":\"Entreprise de formation en sant\u00e9 et s\u00e9curit\u00e9 au travail\",\"publisher\":{\"@id\":\"https:\/\/staging.gravitzero.com\/#organization\"},\"inLanguage\":\"en-US\"},{\"@type\":\"Organization\",\"@id\":\"https:\/\/staging.gravitzero.com\/#organization\",\"name\":\"GRAVI-T ZERO\",\"url\":\"https:\/\/staging.gravitzero.com\/\",\"logo\":{\"@type\":\"ImageObject\",\"inLanguage\":\"en-US\",\"@id\":\"https:\/\/staging.gravitzero.com\/#\/schema\/logo\/image\/\",\"url\":\"https:\/\/staging.gravitzero.com\/wp-content\/uploads\/2018\/03\/logo-340-156.jpg\",\"contentUrl\":\"https:\/\/staging.gravitzero.com\/wp-content\/uploads\/2018\/03\/logo-340-156.jpg\",\"width\":340,\"height\":156,\"caption\":\"GRAVI-T ZERO\"},\"image\":{\"@id\":\"https:\/\/staging.gravitzero.com\/#\/schema\/logo\/image\/\"},\"sameAs\":[\"https:\/\/www.facebook.com\/gravitzero\/\"]}]}<\/script>\n<!-- \/ Yoast SEO Premium plugin. -->","yoast_head_json":{"title":"Camion-nacelle - Individuel | GRAVI-T ZERO","robots":{"index":"index","follow":"follow","max-snippet":"max-snippet:-1","max-image-preview":"max-image-preview:large","max-video-preview":"max-video-preview:-1"},"canonical":"https:\/\/staging.gravitzero.com\/produit\/camion-nacelle-acces-individuel\/","og_locale":"en_US","og_type":"article","og_title":"Camion-nacelle - Individuel","og_description":"Cette formation en ligne de GRAVI-T ZERO est con\u00e7ue pour les op\u00e9rateurs de camions-nacelles, offrant une compr\u00e9hension approfondie des principes de fonctionnement et des pratiques s\u00e9curitaires associ\u00e9es \u00e0 cet \u00e9quipement. Un volet d'initiation technique (pratique) doit compl\u00e9ter ce cours. Si vous souhaitez acheter plusieurs acc\u00e8s pour une entreprise, cliquez sur ce produit :  Camion-nacelle \u2013 Achat d\u2019acc\u00e8s entreprise","og_url":"https:\/\/staging.gravitzero.com\/produit\/camion-nacelle-acces-individuel\/","og_site_name":"GRAVI-T ZERO","article_publisher":"https:\/\/www.facebook.com\/gravitzero\/","article_modified_time":"2025-08-29T01:28:34+00:00","og_image":[{"width":1200,"height":900,"url":"https:\/\/staging.gravitzero.com\/wp-content\/uploads\/2019\/10\/camion-nacelle.jpg","type":"image\/jpeg"}],"twitter_card":"summary_large_image","twitter_misc":{"Est. reading time":"1 minute"},"schema":{"@context":"https:\/\/schema.org","@graph":[{"@type":"WebPage","@id":"https:\/\/staging.gravitzero.com\/produit\/camion-nacelle-acces-individuel\/","url":"https:\/\/staging.gravitzero.com\/produit\/camion-nacelle-acces-individuel\/","name":"Camion-nacelle - Individuel | GRAVI-T ZERO","isPartOf":{"@id":"https:\/\/staging.gravitzero.com\/#website"},"primaryImageOfPage":{"@id":"https:\/\/staging.gravitzero.com\/produit\/camion-nacelle-acces-individuel\/#primaryimage"},"image":{"@id":"https:\/\/staging.gravitzero.com\/produit\/camion-nacelle-acces-individuel\/#primaryimage"},"thumbnailUrl":"https:\/\/staging.gravitzero.com\/wp-content\/uploads\/2019\/10\/camion-nacelle.jpg","datePublished":"2025-05-28T02:44:07+00:00","dateModified":"2025-08-29T01:28:34+00:00","breadcrumb":{"@id":"https:\/\/staging.gravitzero.com\/produit\/camion-nacelle-acces-individuel\/#breadcrumb"},"inLanguage":"en-US","potentialAction":[{"@type":"ReadAction","target":["https:\/\/staging.gravitzero.com\/produit\/camion-nacelle-acces-individuel\/"]}]},{"@type":"ImageObject","inLanguage":"en-US","@id":"https:\/\/staging.gravitzero.com\/produit\/camion-nacelle-acces-individuel\/#primaryimage","url":"https:\/\/staging.gravitzero.com\/wp-content\/uploads\/2019\/10\/camion-nacelle.jpg","contentUrl":"https:\/\/staging.gravitzero.com\/wp-content\/uploads\/2019\/10\/camion-nacelle.jpg","width":1200,"height":900},{"@type":"BreadcrumbList","@id":"https:\/\/staging.gravitzero.com\/produit\/camion-nacelle-acces-individuel\/#breadcrumb","itemListElement":[{"@type":"ListItem","position":1,"name":"Accueil","item":"https:\/\/staging.gravitzero.com\/"},{"@type":"ListItem","position":2,"name":"Shop","item":"https:\/\/staging.gravitzero.com\/en\/shop\/"},{"@type":"ListItem","position":3,"name":"Camion-nacelle - Individuel","item":"https:\/\/staging.gravitzero.com\/categorie-produit\/camion-nacelle\/"},{"@type":"ListItem","position":4,"name":"Camion-nacelle &#8211; Individuel"}]},{"@type":"WebSite","@id":"https:\/\/staging.gravitzero.com\/#website","url":"https:\/\/staging.gravitzero.com\/","name":"GRAVI-T ZERO","description":"Entreprise de formation en sant\u00e9 et s\u00e9curit\u00e9 au travail","publisher":{"@id":"https:\/\/staging.gravitzero.com\/#organization"},"inLanguage":"en-US"},{"@type":"Organization","@id":"https:\/\/staging.gravitzero.com\/#organization","name":"GRAVI-T ZERO","url":"https:\/\/staging.gravitzero.com\/","logo":{"@type":"ImageObject","inLanguage":"en-US","@id":"https:\/\/staging.gravitzero.com\/#\/schema\/logo\/image\/","url":"https:\/\/staging.gravitzero.com\/wp-content\/uploads\/2018\/03\/logo-340-156.jpg","contentUrl":"https:\/\/staging.gravitzero.com\/wp-content\/uploads\/2018\/03\/logo-340-156.jpg","width":340,"height":156,"caption":"GRAVI-T ZERO"},"image":{"@id":"https:\/\/staging.gravitzero.com\/#\/schema\/logo\/image\/"},"sameAs":["https:\/\/www.facebook.com\/gravitzero\/"]}]}},"_links":{"self":[{"href":"https:\/\/staging.gravitzero.com\/en\/wp-json\/wp\/v2\/product\/76529","targetHints":{"allow":["GET"]}}],"collection":[{"href":"https:\/\/staging.gravitzero.com\/en\/wp-json\/wp\/v2\/product"}],"about":[{"href":"https:\/\/staging.gravitzero.com\/en\/wp-json\/wp\/v2\/types\/product"}],"version-history":[{"count":11,"href":"https:\/\/staging.gravitzero.com\/en\/wp-json\/wp\/v2\/product\/76529\/revisions"}],"predecessor-version":[{"id":79201,"href":"https:\/\/staging.gravitzero.com\/en\/wp-json\/wp\/v2\/product\/76529\/revisions\/79201"}],"wp:featuredmedia":[{"embeddable":true,"href":"https:\/\/staging.gravitzero.com\/en\/wp-json\/wp\/v2\/media\/12092"}],"wp:attachment":[{"href":"https:\/\/staging.gravitzero.com\/en\/wp-json\/wp\/v2\/media?parent=76529"}],"wp:term":[{"taxonomy":"product_brand","embeddable":true,"href":"https:\/\/staging.gravitzero.com\/en\/wp-json\/wp\/v2\/product_brand?post=76529"},{"taxonomy":"product_cat","embeddable":true,"href":"https:\/\/staging.gravitzero.com\/en\/wp-json\/wp\/v2\/product_cat?post=76529"},{"taxonomy":"product_tag","embeddable":true,"href":"https:\/\/staging.gravitzero.com\/en\/wp-json\/wp\/v2\/product_tag?post=76529"}],"curies":[{"name":"wp","href":"https:\/\/api.w.org\/{rel}","templated":true}]}}