{"id":76506,"date":"2025-05-27T22:06:16","date_gmt":"2025-05-28T02:06:16","guid":{"rendered":"https:\/\/staging.gravitzero.com\/?post_type=product&#038;p=76506"},"modified":"2025-08-27T10:09:30","modified_gmt":"2025-08-27T14:09:30","slug":"utilisation-des-echelles-acces-individuel","status":"publish","type":"product","link":"https:\/\/staging.gravitzero.com\/en\/produit\/utilisation-des-echelles-acces-individuel\/","title":{"rendered":"Utilisation des \u00e9chelles &#8211; Acc\u00e8s individuel"},"content":{"rendered":"<h4 data-start=\"1016\" data-end=\"1052\"><strong data-start=\"1023\" data-end=\"1052\">Objectifs de la formation<\/strong><\/h4>\n<p data-start=\"976\" data-end=\"1031\">\u00c0 l\u2019issue de cette formation, vous serez en mesure de :<\/p>\n<ul data-start=\"1033\" data-end=\"1495\">\n<li data-start=\"1033\" data-end=\"1111\">\n<p data-start=\"1035\" data-end=\"1111\">Comprendre les <strong data-start=\"1050\" data-end=\"1095\">r\u00e8glements encadrant l\u2019usage des \u00e9chelles<\/strong> (RSST et CSTC).<\/p>\n<\/li>\n<li data-start=\"1112\" data-end=\"1259\">\n<p data-start=\"1114\" data-end=\"1187\">Identifier les diff\u00e9rents types d\u2019\u00e9chelles et leurs usages s\u00e9curitaires :<\/p>\n<ul data-start=\"1190\" data-end=\"1259\">\n<li data-start=\"1190\" data-end=\"1259\">\n<p data-start=\"1192\" data-end=\"1259\">\u00c9chelles fixes, coulissantes, transformables, \u00e0 grande port\u00e9e, etc.<\/p>\n<\/li>\n<\/ul>\n<\/li>\n<li data-start=\"1260\" data-end=\"1318\">\n<p data-start=\"1262\" data-end=\"1318\">Effectuer une <strong data-start=\"1276\" data-end=\"1299\">inspection sommaire<\/strong> avant utilisation.<\/p>\n<\/li>\n<li data-start=\"1319\" data-end=\"1415\">\n<p data-start=\"1321\" data-end=\"1415\">Appliquer les <strong data-start=\"1335\" data-end=\"1393\">bonnes pratiques d\u2019installation, d\u2019angle, de stabilit\u00e9<\/strong> et de positionnement.<\/p>\n<\/li>\n<li data-start=\"1416\" data-end=\"1495\">\n<p data-start=\"1418\" data-end=\"1495\">Reconna\u00eetre les situations \u00e0 risque et \u00e9viter les <strong data-start=\"1468\" data-end=\"1494\">utilisations prohib\u00e9es<\/strong>.<\/p>\n<\/li>\n<\/ul>\n<p>&nbsp;<\/p>\n<p><span style=\"color: #870909;\"><strong>Un volet d&#8217;initiation technique (pratique) doit compl\u00e9ter ce cours.<\/strong><\/span><\/p>\n<p>&nbsp;<\/p>\n","protected":false},"excerpt":{"rendered":"<p data-start=\"549\" data-end=\"757\">Cette formation 100\u202f% en ligne vous permet d\u2019acqu\u00e9rir les connaissances essentielles pour travailler avec diff\u00e9rents types d\u2019\u00e9chelles et d\u2019escabeaux, en conformit\u00e9 avec les exigences r\u00e9glementaires du Qu\u00e9bec.<\/p>\n<p data-start=\"759\" data-end=\"931\">Accessible \u00e0 distance, elle convient parfaitement aux travailleurs, superviseurs ou employeurs souhaitant former leur personnel sans contrainte d\u2019horaire ni de d\u00e9placement.<\/p>\n<p>&nbsp;<\/p>\n<p style=\"margin: 24px 0;\">Si vous souhaitez acheter plusieurs acc\u00e8s pour une entreprise, cliquez sur ce produit :<br \/>\n<a style=\"font-size: 24px; text-decoration: underline;\" href=\"https:\/\/staging.gravitzero.com\/produit\/utilisation-des-echelles-achat-dacces-entreprise\"><br \/>\n<strong>Utilisation des \u00e9chelles \u2013 Achat d\u2019acc\u00e8s entreprise<\/strong><br \/>\n<\/a><\/p>\n","protected":false},"featured_media":43624,"template":"","meta":{"_acf_changed":false,"_price":"35","_stock":"","_tribe_ticket_header":"","_tribe_default_ticket_provider":"","_ticket_start_date":"","_ticket_end_date":"","_tribe_ticket_show_description":"","_tribe_ticket_show_not_going":false,"_tribe_ticket_use_global_stock":"","_tribe_ticket_global_stock_level":"","_global_stock_mode":"","_global_stock_cap":"","_tribe_rsvp_for_event":"","_tribe_ticket_going_count":"","_tribe_ticket_not_going_count":"","_tribe_tickets_list":"[]","_tribe_ticket_has_attendee_info_fields":false,"_tec_slr_enabled":"","_tec_slr_layout":""},"product_brand":[],"product_cat":[2044,2031,42],"product_tag":[],"class_list":{"0":"post-76506","1":"product","2":"type-product","3":"status-publish","4":"has-post-thumbnail","6":"product_cat-echelles-individuelle","7":"product_cat-formation-en-ligne-individuelle","8":"product_cat-travail-en-hauteur-en-ligne","10":"first","11":"instock","12":"virtual","13":"sold-individually","14":"taxable","15":"purchasable","16":"product-type-course"},"acf":[],"yoast_head":"<!-- This site is optimized with the Yoast SEO Premium plugin v26.7 (Yoast SEO v26.7) - https:\/\/yoast.com\/wordpress\/plugins\/seo\/ -->\n<title>Utilisation des \u00e9chelles - Acc\u00e8s individuel | GRAVI-T ZERO<\/title>\n<meta name=\"robots\" content=\"index, follow, max-snippet:-1, max-image-preview:large, max-video-preview:-1\" \/>\n<link rel=\"canonical\" href=\"https:\/\/staging.gravitzero.com\/produit\/utilisation-des-echelles-acces-individuel\/\" \/>\n<meta property=\"og:locale\" content=\"en_US\" \/>\n<meta property=\"og:type\" content=\"article\" \/>\n<meta property=\"og:title\" content=\"Utilisation des \u00e9chelles - Acc\u00e8s individuel\" \/>\n<meta property=\"og:description\" content=\"Cette formation 100\u202f% en ligne vous permet d\u2019acqu\u00e9rir les connaissances essentielles pour travailler avec diff\u00e9rents types d\u2019\u00e9chelles et d\u2019escabeaux, en conformit\u00e9 avec les exigences r\u00e9glementaires du Qu\u00e9bec. Accessible \u00e0 distance, elle convient parfaitement aux travailleurs, superviseurs ou employeurs souhaitant former leur personnel sans contrainte d\u2019horaire ni de d\u00e9placement. &nbsp; Si vous souhaitez acheter plusieurs acc\u00e8s pour une entreprise, cliquez sur ce produit :  Utilisation des \u00e9chelles \u2013 Achat d\u2019acc\u00e8s entreprise\" \/>\n<meta property=\"og:url\" content=\"https:\/\/staging.gravitzero.com\/produit\/utilisation-des-echelles-acces-individuel\/\" \/>\n<meta property=\"og:site_name\" content=\"GRAVI-T ZERO\" \/>\n<meta property=\"article:publisher\" content=\"https:\/\/www.facebook.com\/gravitzero\/\" \/>\n<meta property=\"article:modified_time\" content=\"2025-08-27T14:09:30+00:00\" \/>\n<meta property=\"og:image\" content=\"https:\/\/staging.gravitzero.com\/wp-content\/uploads\/2021\/06\/formation-echelles-securite.jpg\" \/>\n\t<meta property=\"og:image:width\" content=\"338\" \/>\n\t<meta property=\"og:image:height\" content=\"450\" \/>\n\t<meta property=\"og:image:type\" content=\"image\/jpeg\" \/>\n<meta name=\"twitter:card\" content=\"summary_large_image\" \/>\n<script type=\"application\/ld+json\" class=\"yoast-schema-graph\">{\"@context\":\"https:\/\/schema.org\",\"@graph\":[{\"@type\":\"WebPage\",\"@id\":\"https:\/\/staging.gravitzero.com\/produit\/utilisation-des-echelles-acces-individuel\/\",\"url\":\"https:\/\/staging.gravitzero.com\/produit\/utilisation-des-echelles-acces-individuel\/\",\"name\":\"Utilisation des \u00e9chelles - Acc\u00e8s individuel | GRAVI-T ZERO\",\"isPartOf\":{\"@id\":\"https:\/\/staging.gravitzero.com\/#website\"},\"primaryImageOfPage\":{\"@id\":\"https:\/\/staging.gravitzero.com\/produit\/utilisation-des-echelles-acces-individuel\/#primaryimage\"},\"image\":{\"@id\":\"https:\/\/staging.gravitzero.com\/produit\/utilisation-des-echelles-acces-individuel\/#primaryimage\"},\"thumbnailUrl\":\"https:\/\/staging.gravitzero.com\/wp-content\/uploads\/2021\/06\/formation-echelles-securite.jpg\",\"datePublished\":\"2025-05-28T02:06:16+00:00\",\"dateModified\":\"2025-08-27T14:09:30+00:00\",\"breadcrumb\":{\"@id\":\"https:\/\/staging.gravitzero.com\/produit\/utilisation-des-echelles-acces-individuel\/#breadcrumb\"},\"inLanguage\":\"en-US\",\"potentialAction\":[{\"@type\":\"ReadAction\",\"target\":[\"https:\/\/staging.gravitzero.com\/produit\/utilisation-des-echelles-acces-individuel\/\"]}]},{\"@type\":\"ImageObject\",\"inLanguage\":\"en-US\",\"@id\":\"https:\/\/staging.gravitzero.com\/produit\/utilisation-des-echelles-acces-individuel\/#primaryimage\",\"url\":\"https:\/\/staging.gravitzero.com\/wp-content\/uploads\/2021\/06\/formation-echelles-securite.jpg\",\"contentUrl\":\"https:\/\/staging.gravitzero.com\/wp-content\/uploads\/2021\/06\/formation-echelles-securite.jpg\",\"width\":338,\"height\":450},{\"@type\":\"BreadcrumbList\",\"@id\":\"https:\/\/staging.gravitzero.com\/produit\/utilisation-des-echelles-acces-individuel\/#breadcrumb\",\"itemListElement\":[{\"@type\":\"ListItem\",\"position\":1,\"name\":\"Accueil\",\"item\":\"https:\/\/staging.gravitzero.com\/\"},{\"@type\":\"ListItem\",\"position\":2,\"name\":\"Shop\",\"item\":\"https:\/\/staging.gravitzero.com\/en\/shop\/\"},{\"@type\":\"ListItem\",\"position\":3,\"name\":\"\u00c9chelles - Individuel\",\"item\":\"https:\/\/staging.gravitzero.com\/categorie-produit\/echelles-individuelle\/\"},{\"@type\":\"ListItem\",\"position\":4,\"name\":\"Utilisation des \u00e9chelles &#8211; Acc\u00e8s individuel\"}]},{\"@type\":\"WebSite\",\"@id\":\"https:\/\/staging.gravitzero.com\/#website\",\"url\":\"https:\/\/staging.gravitzero.com\/\",\"name\":\"GRAVI-T ZERO\",\"description\":\"Entreprise de formation en sant\u00e9 et s\u00e9curit\u00e9 au travail\",\"publisher\":{\"@id\":\"https:\/\/staging.gravitzero.com\/#organization\"},\"inLanguage\":\"en-US\"},{\"@type\":\"Organization\",\"@id\":\"https:\/\/staging.gravitzero.com\/#organization\",\"name\":\"GRAVI-T ZERO\",\"url\":\"https:\/\/staging.gravitzero.com\/\",\"logo\":{\"@type\":\"ImageObject\",\"inLanguage\":\"en-US\",\"@id\":\"https:\/\/staging.gravitzero.com\/#\/schema\/logo\/image\/\",\"url\":\"https:\/\/staging.gravitzero.com\/wp-content\/uploads\/2018\/03\/logo-340-156.jpg\",\"contentUrl\":\"https:\/\/staging.gravitzero.com\/wp-content\/uploads\/2018\/03\/logo-340-156.jpg\",\"width\":340,\"height\":156,\"caption\":\"GRAVI-T ZERO\"},\"image\":{\"@id\":\"https:\/\/staging.gravitzero.com\/#\/schema\/logo\/image\/\"},\"sameAs\":[\"https:\/\/www.facebook.com\/gravitzero\/\"]}]}<\/script>\n<!-- \/ Yoast SEO Premium plugin. -->","yoast_head_json":{"title":"Utilisation des \u00e9chelles - Acc\u00e8s individuel | GRAVI-T ZERO","robots":{"index":"index","follow":"follow","max-snippet":"max-snippet:-1","max-image-preview":"max-image-preview:large","max-video-preview":"max-video-preview:-1"},"canonical":"https:\/\/staging.gravitzero.com\/produit\/utilisation-des-echelles-acces-individuel\/","og_locale":"en_US","og_type":"article","og_title":"Utilisation des \u00e9chelles - Acc\u00e8s individuel","og_description":"Cette formation 100\u202f% en ligne vous permet d\u2019acqu\u00e9rir les connaissances essentielles pour travailler avec diff\u00e9rents types d\u2019\u00e9chelles et d\u2019escabeaux, en conformit\u00e9 avec les exigences r\u00e9glementaires du Qu\u00e9bec. Accessible \u00e0 distance, elle convient parfaitement aux travailleurs, superviseurs ou employeurs souhaitant former leur personnel sans contrainte d\u2019horaire ni de d\u00e9placement. &nbsp; Si vous souhaitez acheter plusieurs acc\u00e8s pour une entreprise, cliquez sur ce produit :  Utilisation des \u00e9chelles \u2013 Achat d\u2019acc\u00e8s entreprise","og_url":"https:\/\/staging.gravitzero.com\/produit\/utilisation-des-echelles-acces-individuel\/","og_site_name":"GRAVI-T ZERO","article_publisher":"https:\/\/www.facebook.com\/gravitzero\/","article_modified_time":"2025-08-27T14:09:30+00:00","og_image":[{"width":338,"height":450,"url":"https:\/\/staging.gravitzero.com\/wp-content\/uploads\/2021\/06\/formation-echelles-securite.jpg","type":"image\/jpeg"}],"twitter_card":"summary_large_image","schema":{"@context":"https:\/\/schema.org","@graph":[{"@type":"WebPage","@id":"https:\/\/staging.gravitzero.com\/produit\/utilisation-des-echelles-acces-individuel\/","url":"https:\/\/staging.gravitzero.com\/produit\/utilisation-des-echelles-acces-individuel\/","name":"Utilisation des \u00e9chelles - Acc\u00e8s individuel | GRAVI-T ZERO","isPartOf":{"@id":"https:\/\/staging.gravitzero.com\/#website"},"primaryImageOfPage":{"@id":"https:\/\/staging.gravitzero.com\/produit\/utilisation-des-echelles-acces-individuel\/#primaryimage"},"image":{"@id":"https:\/\/staging.gravitzero.com\/produit\/utilisation-des-echelles-acces-individuel\/#primaryimage"},"thumbnailUrl":"https:\/\/staging.gravitzero.com\/wp-content\/uploads\/2021\/06\/formation-echelles-securite.jpg","datePublished":"2025-05-28T02:06:16+00:00","dateModified":"2025-08-27T14:09:30+00:00","breadcrumb":{"@id":"https:\/\/staging.gravitzero.com\/produit\/utilisation-des-echelles-acces-individuel\/#breadcrumb"},"inLanguage":"en-US","potentialAction":[{"@type":"ReadAction","target":["https:\/\/staging.gravitzero.com\/produit\/utilisation-des-echelles-acces-individuel\/"]}]},{"@type":"ImageObject","inLanguage":"en-US","@id":"https:\/\/staging.gravitzero.com\/produit\/utilisation-des-echelles-acces-individuel\/#primaryimage","url":"https:\/\/staging.gravitzero.com\/wp-content\/uploads\/2021\/06\/formation-echelles-securite.jpg","contentUrl":"https:\/\/staging.gravitzero.com\/wp-content\/uploads\/2021\/06\/formation-echelles-securite.jpg","width":338,"height":450},{"@type":"BreadcrumbList","@id":"https:\/\/staging.gravitzero.com\/produit\/utilisation-des-echelles-acces-individuel\/#breadcrumb","itemListElement":[{"@type":"ListItem","position":1,"name":"Accueil","item":"https:\/\/staging.gravitzero.com\/"},{"@type":"ListItem","position":2,"name":"Shop","item":"https:\/\/staging.gravitzero.com\/en\/shop\/"},{"@type":"ListItem","position":3,"name":"\u00c9chelles - Individuel","item":"https:\/\/staging.gravitzero.com\/categorie-produit\/echelles-individuelle\/"},{"@type":"ListItem","position":4,"name":"Utilisation des \u00e9chelles &#8211; Acc\u00e8s individuel"}]},{"@type":"WebSite","@id":"https:\/\/staging.gravitzero.com\/#website","url":"https:\/\/staging.gravitzero.com\/","name":"GRAVI-T ZERO","description":"Entreprise de formation en sant\u00e9 et s\u00e9curit\u00e9 au travail","publisher":{"@id":"https:\/\/staging.gravitzero.com\/#organization"},"inLanguage":"en-US"},{"@type":"Organization","@id":"https:\/\/staging.gravitzero.com\/#organization","name":"GRAVI-T ZERO","url":"https:\/\/staging.gravitzero.com\/","logo":{"@type":"ImageObject","inLanguage":"en-US","@id":"https:\/\/staging.gravitzero.com\/#\/schema\/logo\/image\/","url":"https:\/\/staging.gravitzero.com\/wp-content\/uploads\/2018\/03\/logo-340-156.jpg","contentUrl":"https:\/\/staging.gravitzero.com\/wp-content\/uploads\/2018\/03\/logo-340-156.jpg","width":340,"height":156,"caption":"GRAVI-T ZERO"},"image":{"@id":"https:\/\/staging.gravitzero.com\/#\/schema\/logo\/image\/"},"sameAs":["https:\/\/www.facebook.com\/gravitzero\/"]}]}},"_links":{"self":[{"href":"https:\/\/staging.gravitzero.com\/en\/wp-json\/wp\/v2\/product\/76506","targetHints":{"allow":["GET"]}}],"collection":[{"href":"https:\/\/staging.gravitzero.com\/en\/wp-json\/wp\/v2\/product"}],"about":[{"href":"https:\/\/staging.gravitzero.com\/en\/wp-json\/wp\/v2\/types\/product"}],"version-history":[{"count":7,"href":"https:\/\/staging.gravitzero.com\/en\/wp-json\/wp\/v2\/product\/76506\/revisions"}],"predecessor-version":[{"id":76515,"href":"https:\/\/staging.gravitzero.com\/en\/wp-json\/wp\/v2\/product\/76506\/revisions\/76515"}],"wp:featuredmedia":[{"embeddable":true,"href":"https:\/\/staging.gravitzero.com\/en\/wp-json\/wp\/v2\/media\/43624"}],"wp:attachment":[{"href":"https:\/\/staging.gravitzero.com\/en\/wp-json\/wp\/v2\/media?parent=76506"}],"wp:term":[{"taxonomy":"product_brand","embeddable":true,"href":"https:\/\/staging.gravitzero.com\/en\/wp-json\/wp\/v2\/product_brand?post=76506"},{"taxonomy":"product_cat","embeddable":true,"href":"https:\/\/staging.gravitzero.com\/en\/wp-json\/wp\/v2\/product_cat?post=76506"},{"taxonomy":"product_tag","embeddable":true,"href":"https:\/\/staging.gravitzero.com\/en\/wp-json\/wp\/v2\/product_tag?post=76506"}],"curies":[{"name":"wp","href":"https:\/\/api.w.org\/{rel}","templated":true}]}}