{"id":76490,"date":"2025-05-27T17:30:08","date_gmt":"2025-05-27T21:30:08","guid":{"rendered":"https:\/\/staging.gravitzero.com\/?post_type=product&#038;p=76490"},"modified":"2025-06-10T18:40:19","modified_gmt":"2025-06-10T22:40:19","slug":"programme-combine-chariot-telescopique-tourelle-rotative-roto-merlo-accessoires-acces-individuel","status":"publish","type":"product","link":"https:\/\/staging.gravitzero.com\/en\/produit\/programme-combine-chariot-telescopique-tourelle-rotative-roto-merlo-accessoires-acces-individuel\/","title":{"rendered":"Programme combin\u00e9: Chariot t\u00e9lescopique + Tourelle rotative Merlo ROTO + Accessoires &#8211; Acc\u00e8s individuel"},"content":{"rendered":"<h4 data-start=\"1016\" data-end=\"1052\"><strong data-start=\"1023\" data-end=\"1052\">Objectifs du programme<\/strong><\/h4>\n<ul>\n<li data-start=\"1959\" data-end=\"2043\">\n<p data-start=\"1961\" data-end=\"2043\">Utiliser de mani\u00e8re s\u00e9curitaire les chariots t\u00e9lescopiques et \u00e0 tourelle rotative.<\/p>\n<\/li>\n<li data-start=\"2044\" data-end=\"2122\">\n<p data-start=\"2046\" data-end=\"2122\">Appliquer les principes du levage avec charge suspendue en toute conformit\u00e9.<\/p>\n<\/li>\n<li data-start=\"2123\" data-end=\"2194\">\n<p data-start=\"2125\" data-end=\"2194\">Installer et utiliser des plateformes de travail mont\u00e9es sur chariot.<\/p>\n<\/li>\n<li data-start=\"2195\" data-end=\"2254\">\n<p data-start=\"2197\" data-end=\"2254\">Lire et interpr\u00e9ter correctement les chartes de capacit\u00e9.<\/p>\n<\/li>\n<li data-start=\"2255\" data-end=\"2344\">\n<p data-start=\"2257\" data-end=\"2344\">R\u00e9duire les risques d\u2019accidents li\u00e9s aux mauvaises man\u0153uvres et au manque de formation.<\/p>\n<\/li>\n<\/ul>\n<p>&nbsp;<\/p>\n<h3 data-start=\"2351\" data-end=\"2374\"><strong data-start=\"2358\" data-end=\"2374\">Public cible<\/strong><\/h3>\n<p data-start=\"2376\" data-end=\"2402\">Ce programme s\u2019adresse \u00e0 :<\/p>\n<ul data-start=\"2403\" data-end=\"2604\">\n<li data-start=\"2403\" data-end=\"2438\">\n<p data-start=\"2405\" data-end=\"2438\">Op\u00e9rateurs de chariots \u00e9l\u00e9vateurs<\/p>\n<\/li>\n<li data-start=\"2439\" data-end=\"2497\">\n<p data-start=\"2441\" data-end=\"2497\">Travailleurs de la construction ou de l\u2019industrie lourde<\/p>\n<\/li>\n<li data-start=\"2498\" data-end=\"2525\">\n<p data-start=\"2500\" data-end=\"2525\">Superviseurs de chantiers<\/p>\n<\/li>\n<li data-start=\"2526\" data-end=\"2604\">\n<p data-start=\"2528\" data-end=\"2604\">Employeurs souhaitant assurer la conformit\u00e9 et la s\u00e9curit\u00e9 de leur personnel<\/p>\n<\/li>\n<\/ul>\n","protected":false},"excerpt":{"rendered":"<p>Ce programme avanc\u00e9 regroupe <strong data-start=\"711\" data-end=\"745\">quatre formations essentielles<\/strong> pour les op\u00e9rateurs de chariots \u00e9l\u00e9vateurs et les travailleurs impliqu\u00e9s dans les op\u00e9rations de levage et d\u2019\u00e9l\u00e9vation :<\/p>\n<p>&nbsp;<\/p>\n<ul>\n<li data-start=\"901\" data-end=\"1138\">\n<p data-start=\"904\" data-end=\"1138\"><strong data-start=\"904\" data-end=\"944\">Chariot \u00e9l\u00e9vateur \u00e0 m\u00e2t t\u00e9lescopique<\/strong><br data-start=\"944\" data-end=\"947\" \/>Formation en ligne sur l&#8217;utilisation s\u00e9curitaire de ce type d\u2019\u00e9quipement, incluant : inspection, stabilit\u00e9, lecture de chartes de capacit\u00e9, facteurs de risques et r\u00e9glementation applicable.<\/p>\n<\/li>\n<\/ul>\n<p>&nbsp;<\/p>\n<ul>\n<li data-start=\"1140\" data-end=\"1373\">\n<p data-start=\"1143\" data-end=\"1373\"><strong data-start=\"1143\" data-end=\"1184\">Chariot \u00e9l\u00e9vateur \u00e0 tourelle rotative<\/strong><br data-start=\"1184\" data-end=\"1187\" \/>Formation en ligne ax\u00e9e sur la manipulation des tourelles rotatives, leurs particularit\u00e9s, la lecture des capacit\u00e9s selon les angles, et les bonnes pratiques sur les chantiers.<\/p>\n<\/li>\n<\/ul>\n<p>&nbsp;<\/p>\n<ul>\n<li data-start=\"1375\" data-end=\"1605\">\n<p data-start=\"1378\" data-end=\"1605\"><strong data-start=\"1378\" data-end=\"1428\">Plateforme de travail sur chariot t\u00e9lescopique<\/strong><br data-start=\"1428\" data-end=\"1431\" \/>Formation en ligne de conforme \u00e0 la norme <strong data-start=\"1480\" data-end=\"1495\">ISO 11525-5<\/strong>, ax\u00e9e sur l\u2019utilisation s\u00e9curitaire des plateformes de travail mont\u00e9es sur les chariots t\u00e9lescopiques.<\/p>\n<\/li>\n<\/ul>\n<p>&nbsp;<\/p>\n<ul>\n<li data-start=\"1607\" data-end=\"1918\">\n<p data-start=\"1610\" data-end=\"1918\"><strong data-start=\"1610\" data-end=\"1640\">Fl\u00e8che et charge suspendue<\/strong><br data-start=\"1640\" data-end=\"1643\" \/>Formation sp\u00e9cialis\u00e9e sur l\u2019utilisation des <strong data-start=\"1690\" data-end=\"1750\">chariots \u00e9l\u00e9vateurs pour le levage de charges suspendues<\/strong>. Elle couvre les risques li\u00e9s au balancement, au centre de gravit\u00e9 et aux efforts dynamiques, ainsi que les responsabilit\u00e9s des op\u00e9rateurs selon les normes en vigueur.<\/p>\n<\/li>\n<\/ul>\n<p>&nbsp;<\/p>\n<p><span style=\"color: #870909;\"><strong>Un volet d&#8217;initiation technique (pratique) devrait compl\u00e9ter ce programme.<\/strong><\/span><\/p>\n<p>&nbsp;<\/p>\n<p>Si vous souhaitez acheter plusieurs acc\u00e8s pour une entreprise, cliquez sur ce produit :<br \/>\n<a style=\"font-size: 24px; text-decoration: underline;\" href=\"https:\/\/staging.gravitzero.com\/produit\/chariot-telescopique-rotatif-merlo-accessoires-achat-dacces-entreprise\/\"><br \/>\n<strong>Chariot t\u00e9lescopique rotatif et accessoires \u2013 Achat d\u2019acc\u00e8s entreprise<\/strong><br \/>\n<\/a><\/p>\n","protected":false},"featured_media":43546,"template":"","meta":{"_acf_changed":false,"_price":"125","_stock":"","_tribe_ticket_header":"","_tribe_default_ticket_provider":"","_ticket_start_date":"","_ticket_end_date":"","_tribe_ticket_show_description":"","_tribe_ticket_show_not_going":false,"_tribe_ticket_use_global_stock":"","_tribe_ticket_global_stock_level":"","_global_stock_mode":"","_global_stock_cap":"","_tribe_rsvp_for_event":"","_tribe_ticket_going_count":"","_tribe_ticket_not_going_count":"","_tribe_tickets_list":"[]","_tribe_ticket_has_attendee_info_fields":false,"_tec_slr_enabled":"","_tec_slr_layout":""},"product_brand":[],"product_cat":[2024,2023],"product_tag":[],"class_list":{"0":"post-76490","1":"product","2":"type-product","3":"status-publish","4":"has-post-thumbnail","6":"product_cat-chariot-telescopique-rotatif-merlo-accessoires","7":"product_cat-programmes-combines","9":"first","10":"instock","11":"virtual","12":"sold-individually","13":"taxable","14":"purchasable","15":"product-type-simple"},"acf":[],"yoast_head":"<!-- This site is optimized with the Yoast SEO Premium plugin v26.7 (Yoast SEO v26.7) - https:\/\/yoast.com\/wordpress\/plugins\/seo\/ -->\n<title>Programme combin\u00e9: Chariot t\u00e9lescopique + Tourelle rotative Merlo ROTO + Accessoires - Acc\u00e8s individuel | GRAVI-T ZERO<\/title>\n<meta name=\"robots\" content=\"index, follow, max-snippet:-1, max-image-preview:large, max-video-preview:-1\" \/>\n<link rel=\"canonical\" href=\"https:\/\/staging.gravitzero.com\/produit\/programme-combine-chariot-telescopique-tourelle-rotative-roto-merlo-accessoires-acces-individuel\/\" \/>\n<meta property=\"og:locale\" content=\"en_US\" \/>\n<meta property=\"og:type\" content=\"article\" \/>\n<meta property=\"og:title\" content=\"Programme combin\u00e9: Chariot t\u00e9lescopique + Tourelle rotative Merlo ROTO + Accessoires - Acc\u00e8s individuel\" \/>\n<meta property=\"og:description\" content=\"Ce programme avanc\u00e9 regroupe quatre formations essentielles pour les op\u00e9rateurs de chariots \u00e9l\u00e9vateurs et les travailleurs impliqu\u00e9s dans les op\u00e9rations de levage et d\u2019\u00e9l\u00e9vation :  &nbsp;    Chariot \u00e9l\u00e9vateur \u00e0 m\u00e2t t\u00e9lescopiqueFormation en ligne sur l&#039;utilisation s\u00e9curitaire de ce type d\u2019\u00e9quipement, incluant : inspection, stabilit\u00e9, lecture de chartes de capacit\u00e9, facteurs de risques et r\u00e9glementation applicable.   &nbsp;    Chariot \u00e9l\u00e9vateur \u00e0 tourelle rotativeFormation en ligne ax\u00e9e sur la manipulation des tourelles rotatives, leurs particularit\u00e9s, la lecture des capacit\u00e9s selon les angles, et les bonnes pratiques sur les chantiers.   &nbsp;    Plateforme de travail sur chariot t\u00e9lescopiqueFormation en ligne de conforme \u00e0 la norme ISO 11525-5, ax\u00e9e sur l\u2019utilisation s\u00e9curitaire des plateformes de travail mont\u00e9es sur les chariots t\u00e9lescopiques.   &nbsp;    Fl\u00e8che et charge suspendueFormation sp\u00e9cialis\u00e9e sur l\u2019utilisation des chariots \u00e9l\u00e9vateurs pour le levage de charges suspendues. Elle couvre les risques li\u00e9s au balancement, au centre de gravit\u00e9 et aux efforts dynamiques, ainsi que les responsabilit\u00e9s des op\u00e9rateurs selon les normes en vigueur.   &nbsp;  Un volet d&#039;initiation technique (pratique) devrait compl\u00e9ter ce programme.  &nbsp;  Si vous souhaitez acheter plusieurs acc\u00e8s pour une entreprise, cliquez sur ce produit :  Chariot t\u00e9lescopique rotatif et accessoires \u2013 Achat d\u2019acc\u00e8s entreprise\" \/>\n<meta property=\"og:url\" content=\"https:\/\/staging.gravitzero.com\/produit\/programme-combine-chariot-telescopique-tourelle-rotative-roto-merlo-accessoires-acces-individuel\/\" \/>\n<meta property=\"og:site_name\" content=\"GRAVI-T ZERO\" \/>\n<meta property=\"article:publisher\" content=\"https:\/\/www.facebook.com\/gravitzero\/\" \/>\n<meta property=\"article:modified_time\" content=\"2025-06-10T22:40:19+00:00\" \/>\n<meta property=\"og:image\" content=\"https:\/\/staging.gravitzero.com\/wp-content\/uploads\/2021\/06\/roto-1.png\" \/>\n\t<meta property=\"og:image:width\" content=\"600\" \/>\n\t<meta property=\"og:image:height\" content=\"600\" \/>\n\t<meta property=\"og:image:type\" content=\"image\/png\" \/>\n<meta name=\"twitter:card\" content=\"summary_large_image\" \/>\n<meta name=\"twitter:label1\" content=\"Est. reading time\" \/>\n\t<meta name=\"twitter:data1\" content=\"1 minute\" \/>\n<script type=\"application\/ld+json\" class=\"yoast-schema-graph\">{\"@context\":\"https:\/\/schema.org\",\"@graph\":[{\"@type\":\"WebPage\",\"@id\":\"https:\/\/staging.gravitzero.com\/produit\/programme-combine-chariot-telescopique-tourelle-rotative-roto-merlo-accessoires-acces-individuel\/\",\"url\":\"https:\/\/staging.gravitzero.com\/produit\/programme-combine-chariot-telescopique-tourelle-rotative-roto-merlo-accessoires-acces-individuel\/\",\"name\":\"Programme combin\u00e9: Chariot t\u00e9lescopique + Tourelle rotative Merlo ROTO + Accessoires - Acc\u00e8s individuel | GRAVI-T ZERO\",\"isPartOf\":{\"@id\":\"https:\/\/staging.gravitzero.com\/#website\"},\"primaryImageOfPage\":{\"@id\":\"https:\/\/staging.gravitzero.com\/produit\/programme-combine-chariot-telescopique-tourelle-rotative-roto-merlo-accessoires-acces-individuel\/#primaryimage\"},\"image\":{\"@id\":\"https:\/\/staging.gravitzero.com\/produit\/programme-combine-chariot-telescopique-tourelle-rotative-roto-merlo-accessoires-acces-individuel\/#primaryimage\"},\"thumbnailUrl\":\"https:\/\/staging.gravitzero.com\/wp-content\/uploads\/2021\/06\/roto-1.png\",\"datePublished\":\"2025-05-27T21:30:08+00:00\",\"dateModified\":\"2025-06-10T22:40:19+00:00\",\"breadcrumb\":{\"@id\":\"https:\/\/staging.gravitzero.com\/produit\/programme-combine-chariot-telescopique-tourelle-rotative-roto-merlo-accessoires-acces-individuel\/#breadcrumb\"},\"inLanguage\":\"en-US\",\"potentialAction\":[{\"@type\":\"ReadAction\",\"target\":[\"https:\/\/staging.gravitzero.com\/produit\/programme-combine-chariot-telescopique-tourelle-rotative-roto-merlo-accessoires-acces-individuel\/\"]}]},{\"@type\":\"ImageObject\",\"inLanguage\":\"en-US\",\"@id\":\"https:\/\/staging.gravitzero.com\/produit\/programme-combine-chariot-telescopique-tourelle-rotative-roto-merlo-accessoires-acces-individuel\/#primaryimage\",\"url\":\"https:\/\/staging.gravitzero.com\/wp-content\/uploads\/2021\/06\/roto-1.png\",\"contentUrl\":\"https:\/\/staging.gravitzero.com\/wp-content\/uploads\/2021\/06\/roto-1.png\",\"width\":600,\"height\":600},{\"@type\":\"BreadcrumbList\",\"@id\":\"https:\/\/staging.gravitzero.com\/produit\/programme-combine-chariot-telescopique-tourelle-rotative-roto-merlo-accessoires-acces-individuel\/#breadcrumb\",\"itemListElement\":[{\"@type\":\"ListItem\",\"position\":1,\"name\":\"Accueil\",\"item\":\"https:\/\/staging.gravitzero.com\/\"},{\"@type\":\"ListItem\",\"position\":2,\"name\":\"Shop\",\"item\":\"https:\/\/staging.gravitzero.com\/en\/shop\/\"},{\"@type\":\"ListItem\",\"position\":3,\"name\":\"Chariot t\u00e9lescopique \/ Rotatif Merlo \/ Accessoires - Individuel\",\"item\":\"https:\/\/staging.gravitzero.com\/categorie-produit\/chariot-telescopique-rotatif-merlo-accessoires\/\"},{\"@type\":\"ListItem\",\"position\":4,\"name\":\"Programme combin\u00e9: Chariot t\u00e9lescopique + Tourelle rotative Merlo ROTO + Accessoires &#8211; Acc\u00e8s individuel\"}]},{\"@type\":\"WebSite\",\"@id\":\"https:\/\/staging.gravitzero.com\/#website\",\"url\":\"https:\/\/staging.gravitzero.com\/\",\"name\":\"GRAVI-T ZERO\",\"description\":\"Entreprise de formation en sant\u00e9 et s\u00e9curit\u00e9 au travail\",\"publisher\":{\"@id\":\"https:\/\/staging.gravitzero.com\/#organization\"},\"inLanguage\":\"en-US\"},{\"@type\":\"Organization\",\"@id\":\"https:\/\/staging.gravitzero.com\/#organization\",\"name\":\"GRAVI-T ZERO\",\"url\":\"https:\/\/staging.gravitzero.com\/\",\"logo\":{\"@type\":\"ImageObject\",\"inLanguage\":\"en-US\",\"@id\":\"https:\/\/staging.gravitzero.com\/#\/schema\/logo\/image\/\",\"url\":\"https:\/\/staging.gravitzero.com\/wp-content\/uploads\/2018\/03\/logo-340-156.jpg\",\"contentUrl\":\"https:\/\/staging.gravitzero.com\/wp-content\/uploads\/2018\/03\/logo-340-156.jpg\",\"width\":340,\"height\":156,\"caption\":\"GRAVI-T ZERO\"},\"image\":{\"@id\":\"https:\/\/staging.gravitzero.com\/#\/schema\/logo\/image\/\"},\"sameAs\":[\"https:\/\/www.facebook.com\/gravitzero\/\"]}]}<\/script>\n<!-- \/ Yoast SEO Premium plugin. -->","yoast_head_json":{"title":"Programme combin\u00e9: Chariot t\u00e9lescopique + Tourelle rotative Merlo ROTO + Accessoires - Acc\u00e8s individuel | GRAVI-T ZERO","robots":{"index":"index","follow":"follow","max-snippet":"max-snippet:-1","max-image-preview":"max-image-preview:large","max-video-preview":"max-video-preview:-1"},"canonical":"https:\/\/staging.gravitzero.com\/produit\/programme-combine-chariot-telescopique-tourelle-rotative-roto-merlo-accessoires-acces-individuel\/","og_locale":"en_US","og_type":"article","og_title":"Programme combin\u00e9: Chariot t\u00e9lescopique + Tourelle rotative Merlo ROTO + Accessoires - Acc\u00e8s individuel","og_description":"Ce programme avanc\u00e9 regroupe quatre formations essentielles pour les op\u00e9rateurs de chariots \u00e9l\u00e9vateurs et les travailleurs impliqu\u00e9s dans les op\u00e9rations de levage et d\u2019\u00e9l\u00e9vation :  &nbsp;    Chariot \u00e9l\u00e9vateur \u00e0 m\u00e2t t\u00e9lescopiqueFormation en ligne sur l'utilisation s\u00e9curitaire de ce type d\u2019\u00e9quipement, incluant : inspection, stabilit\u00e9, lecture de chartes de capacit\u00e9, facteurs de risques et r\u00e9glementation applicable.   &nbsp;    Chariot \u00e9l\u00e9vateur \u00e0 tourelle rotativeFormation en ligne ax\u00e9e sur la manipulation des tourelles rotatives, leurs particularit\u00e9s, la lecture des capacit\u00e9s selon les angles, et les bonnes pratiques sur les chantiers.   &nbsp;    Plateforme de travail sur chariot t\u00e9lescopiqueFormation en ligne de conforme \u00e0 la norme ISO 11525-5, ax\u00e9e sur l\u2019utilisation s\u00e9curitaire des plateformes de travail mont\u00e9es sur les chariots t\u00e9lescopiques.   &nbsp;    Fl\u00e8che et charge suspendueFormation sp\u00e9cialis\u00e9e sur l\u2019utilisation des chariots \u00e9l\u00e9vateurs pour le levage de charges suspendues. Elle couvre les risques li\u00e9s au balancement, au centre de gravit\u00e9 et aux efforts dynamiques, ainsi que les responsabilit\u00e9s des op\u00e9rateurs selon les normes en vigueur.   &nbsp;  Un volet d'initiation technique (pratique) devrait compl\u00e9ter ce programme.  &nbsp;  Si vous souhaitez acheter plusieurs acc\u00e8s pour une entreprise, cliquez sur ce produit :  Chariot t\u00e9lescopique rotatif et accessoires \u2013 Achat d\u2019acc\u00e8s entreprise","og_url":"https:\/\/staging.gravitzero.com\/produit\/programme-combine-chariot-telescopique-tourelle-rotative-roto-merlo-accessoires-acces-individuel\/","og_site_name":"GRAVI-T ZERO","article_publisher":"https:\/\/www.facebook.com\/gravitzero\/","article_modified_time":"2025-06-10T22:40:19+00:00","og_image":[{"width":600,"height":600,"url":"https:\/\/staging.gravitzero.com\/wp-content\/uploads\/2021\/06\/roto-1.png","type":"image\/png"}],"twitter_card":"summary_large_image","twitter_misc":{"Est. reading time":"1 minute"},"schema":{"@context":"https:\/\/schema.org","@graph":[{"@type":"WebPage","@id":"https:\/\/staging.gravitzero.com\/produit\/programme-combine-chariot-telescopique-tourelle-rotative-roto-merlo-accessoires-acces-individuel\/","url":"https:\/\/staging.gravitzero.com\/produit\/programme-combine-chariot-telescopique-tourelle-rotative-roto-merlo-accessoires-acces-individuel\/","name":"Programme combin\u00e9: Chariot t\u00e9lescopique + Tourelle rotative Merlo ROTO + Accessoires - Acc\u00e8s individuel | GRAVI-T ZERO","isPartOf":{"@id":"https:\/\/staging.gravitzero.com\/#website"},"primaryImageOfPage":{"@id":"https:\/\/staging.gravitzero.com\/produit\/programme-combine-chariot-telescopique-tourelle-rotative-roto-merlo-accessoires-acces-individuel\/#primaryimage"},"image":{"@id":"https:\/\/staging.gravitzero.com\/produit\/programme-combine-chariot-telescopique-tourelle-rotative-roto-merlo-accessoires-acces-individuel\/#primaryimage"},"thumbnailUrl":"https:\/\/staging.gravitzero.com\/wp-content\/uploads\/2021\/06\/roto-1.png","datePublished":"2025-05-27T21:30:08+00:00","dateModified":"2025-06-10T22:40:19+00:00","breadcrumb":{"@id":"https:\/\/staging.gravitzero.com\/produit\/programme-combine-chariot-telescopique-tourelle-rotative-roto-merlo-accessoires-acces-individuel\/#breadcrumb"},"inLanguage":"en-US","potentialAction":[{"@type":"ReadAction","target":["https:\/\/staging.gravitzero.com\/produit\/programme-combine-chariot-telescopique-tourelle-rotative-roto-merlo-accessoires-acces-individuel\/"]}]},{"@type":"ImageObject","inLanguage":"en-US","@id":"https:\/\/staging.gravitzero.com\/produit\/programme-combine-chariot-telescopique-tourelle-rotative-roto-merlo-accessoires-acces-individuel\/#primaryimage","url":"https:\/\/staging.gravitzero.com\/wp-content\/uploads\/2021\/06\/roto-1.png","contentUrl":"https:\/\/staging.gravitzero.com\/wp-content\/uploads\/2021\/06\/roto-1.png","width":600,"height":600},{"@type":"BreadcrumbList","@id":"https:\/\/staging.gravitzero.com\/produit\/programme-combine-chariot-telescopique-tourelle-rotative-roto-merlo-accessoires-acces-individuel\/#breadcrumb","itemListElement":[{"@type":"ListItem","position":1,"name":"Accueil","item":"https:\/\/staging.gravitzero.com\/"},{"@type":"ListItem","position":2,"name":"Shop","item":"https:\/\/staging.gravitzero.com\/en\/shop\/"},{"@type":"ListItem","position":3,"name":"Chariot t\u00e9lescopique \/ Rotatif Merlo \/ Accessoires - Individuel","item":"https:\/\/staging.gravitzero.com\/categorie-produit\/chariot-telescopique-rotatif-merlo-accessoires\/"},{"@type":"ListItem","position":4,"name":"Programme combin\u00e9: Chariot t\u00e9lescopique + Tourelle rotative Merlo ROTO + Accessoires &#8211; Acc\u00e8s individuel"}]},{"@type":"WebSite","@id":"https:\/\/staging.gravitzero.com\/#website","url":"https:\/\/staging.gravitzero.com\/","name":"GRAVI-T ZERO","description":"Entreprise de formation en sant\u00e9 et s\u00e9curit\u00e9 au travail","publisher":{"@id":"https:\/\/staging.gravitzero.com\/#organization"},"inLanguage":"en-US"},{"@type":"Organization","@id":"https:\/\/staging.gravitzero.com\/#organization","name":"GRAVI-T ZERO","url":"https:\/\/staging.gravitzero.com\/","logo":{"@type":"ImageObject","inLanguage":"en-US","@id":"https:\/\/staging.gravitzero.com\/#\/schema\/logo\/image\/","url":"https:\/\/staging.gravitzero.com\/wp-content\/uploads\/2018\/03\/logo-340-156.jpg","contentUrl":"https:\/\/staging.gravitzero.com\/wp-content\/uploads\/2018\/03\/logo-340-156.jpg","width":340,"height":156,"caption":"GRAVI-T ZERO"},"image":{"@id":"https:\/\/staging.gravitzero.com\/#\/schema\/logo\/image\/"},"sameAs":["https:\/\/www.facebook.com\/gravitzero\/"]}]}},"_links":{"self":[{"href":"https:\/\/staging.gravitzero.com\/en\/wp-json\/wp\/v2\/product\/76490","targetHints":{"allow":["GET"]}}],"collection":[{"href":"https:\/\/staging.gravitzero.com\/en\/wp-json\/wp\/v2\/product"}],"about":[{"href":"https:\/\/staging.gravitzero.com\/en\/wp-json\/wp\/v2\/types\/product"}],"version-history":[{"count":11,"href":"https:\/\/staging.gravitzero.com\/en\/wp-json\/wp\/v2\/product\/76490\/revisions"}],"predecessor-version":[{"id":76666,"href":"https:\/\/staging.gravitzero.com\/en\/wp-json\/wp\/v2\/product\/76490\/revisions\/76666"}],"wp:featuredmedia":[{"embeddable":true,"href":"https:\/\/staging.gravitzero.com\/en\/wp-json\/wp\/v2\/media\/43546"}],"wp:attachment":[{"href":"https:\/\/staging.gravitzero.com\/en\/wp-json\/wp\/v2\/media?parent=76490"}],"wp:term":[{"taxonomy":"product_brand","embeddable":true,"href":"https:\/\/staging.gravitzero.com\/en\/wp-json\/wp\/v2\/product_brand?post=76490"},{"taxonomy":"product_cat","embeddable":true,"href":"https:\/\/staging.gravitzero.com\/en\/wp-json\/wp\/v2\/product_cat?post=76490"},{"taxonomy":"product_tag","embeddable":true,"href":"https:\/\/staging.gravitzero.com\/en\/wp-json\/wp\/v2\/product_tag?post=76490"}],"curies":[{"name":"wp","href":"https:\/\/api.w.org\/{rel}","templated":true}]}}