{"id":76070,"date":"2025-05-25T22:03:22","date_gmt":"2025-05-26T02:03:22","guid":{"rendered":"https:\/\/staging.gravitzero.com\/?post_type=product&#038;p=76070"},"modified":"2025-08-27T16:51:16","modified_gmt":"2025-08-27T20:51:16","slug":"cadenassage-generalites-acces-individuel","status":"publish","type":"product","link":"https:\/\/staging.gravitzero.com\/en\/produit\/cadenassage-generalites-acces-individuel\/","title":{"rendered":"Cadenassage (g\u00e9n\u00e9ralit\u00e9s) &#8211; Acc\u00e8s individuel"},"content":{"rendered":"<p data-start=\"874\" data-end=\"902\"><strong data-start=\"874\" data-end=\"902\">Ce que vous apprendrez :<\/strong><\/p>\n<ul data-start=\"904\" data-end=\"1365\">\n<li data-start=\"904\" data-end=\"983\">\n<p data-start=\"906\" data-end=\"983\">Les responsabilit\u00e9s de l\u2019employeur et de l\u2019employ\u00e9 en mati\u00e8re de cadenassage.<\/p>\n<\/li>\n<li data-start=\"984\" data-end=\"1044\">\n<p data-start=\"986\" data-end=\"1044\">Les risques associ\u00e9s \u00e0 l\u2019absence de contr\u00f4le des \u00e9nergies.<\/p>\n<\/li>\n<li data-start=\"1045\" data-end=\"1110\">\n<p data-start=\"1047\" data-end=\"1110\">L\u2019identification des diff\u00e9rentes formes d\u2019\u00e9nergies dangereuses.<\/p>\n<\/li>\n<li data-start=\"1111\" data-end=\"1160\">\n<p data-start=\"1113\" data-end=\"1160\">Les \u00e9quipements de cadenassage et d\u2019\u00e9tiquetage.<\/p>\n<\/li>\n<li data-start=\"1161\" data-end=\"1213\">\n<p data-start=\"1163\" data-end=\"1213\">Les \u00e9tapes d\u2019une proc\u00e9dure de cadenassage de base.<\/p>\n<\/li>\n<li data-start=\"1214\" data-end=\"1271\">\n<p data-start=\"1216\" data-end=\"1271\">La lecture et l\u2019utilisation d\u2019une fiche de cadenassage.<\/p>\n<\/li>\n<li data-start=\"1272\" data-end=\"1302\">\n<p data-start=\"1274\" data-end=\"1302\">Les dispositifs d\u2019isolement.<\/p>\n<\/li>\n<li data-start=\"1303\" data-end=\"1365\">\n<p data-start=\"1305\" data-end=\"1365\">Les situations particuli\u00e8res pouvant exiger des ajustements.<\/p>\n<\/li>\n<\/ul>\n<p data-start=\"1367\" data-end=\"1616\" data-is-last-node=\"\" data-is-only-node=\"\">Adapt\u00e9e aux besoins des milieux industriels, manufacturiers ou d\u2019entretien, cette formation en ligne constitue une premi\u00e8re \u00e9tape solide vers une culture de s\u00e9curit\u00e9 proactive et conforme,<\/p>\n","protected":false},"excerpt":{"rendered":"<p>La formation en ligne \u00ab\u202fCadenassage\u202f\u00bb de GRAVI-T ZERO est con\u00e7ue pour initier les travailleurs aux <strong data-start=\"600\" data-end=\"652\">principes de base d\u2019une proc\u00e9dure de cadenassage<\/strong>, une \u00e9tape essentielle pour pr\u00e9venir les accidents li\u00e9s aux \u00e9nergies dangereuses. Sans pr\u00e9requis et enti\u00e8rement \u00e0 distance, elle permet un apprentissage flexible, \u00e0 son propre rythme, \u00e0 partir de tout appareil connect\u00e9.<\/p>\n<p>Si vous souhaitez acheter plusieurs acc\u00e8s pour une entreprise, cliquez sur ce produit :<br \/>\n<a style=\"font-size: 24px; text-decoration: underline;\" href=\"https:\/\/staging.gravitzero.com\/produit\/cadenassage-generalites-licence-groupe-entreprise\/\"><br \/>\n<strong>Cadenassage \u2013 Achat d\u2019acc\u00e8s entreprise<\/strong><\/a><\/p>\n","protected":false},"featured_media":43622,"template":"","meta":{"_acf_changed":false,"_price":"25","_stock":"","_tribe_ticket_header":"","_tribe_default_ticket_provider":"","_ticket_start_date":"","_ticket_end_date":"","_tribe_ticket_show_description":"","_tribe_ticket_show_not_going":false,"_tribe_ticket_use_global_stock":"","_tribe_ticket_global_stock_level":"","_global_stock_mode":"","_global_stock_cap":"","_tribe_rsvp_for_event":"","_tribe_ticket_going_count":"","_tribe_ticket_not_going_count":"","_tribe_tickets_list":"[]","_tribe_ticket_has_attendee_info_fields":false,"_tec_slr_enabled":"","_tec_slr_layout":""},"product_brand":[],"product_cat":[2021,2007,2031],"product_tag":[],"class_list":{"0":"post-76070","1":"product","2":"type-product","3":"status-publish","4":"has-post-thumbnail","6":"product_cat-acces-individuel","7":"product_cat-cadenassage","8":"product_cat-formation-en-ligne-individuelle","10":"first","11":"instock","12":"virtual","13":"sold-individually","14":"taxable","15":"purchasable","16":"product-type-simple"},"acf":[],"yoast_head":"<!-- This site is optimized with the Yoast SEO Premium plugin v26.7 (Yoast SEO v26.7) - https:\/\/yoast.com\/wordpress\/plugins\/seo\/ -->\n<title>Cadenassage (g\u00e9n\u00e9ralit\u00e9s) - Acc\u00e8s individuel | GRAVI-T ZERO<\/title>\n<meta name=\"robots\" content=\"index, follow, max-snippet:-1, max-image-preview:large, max-video-preview:-1\" \/>\n<link rel=\"canonical\" href=\"https:\/\/staging.gravitzero.com\/produit\/cadenassage-generalites-acces-individuel\/\" \/>\n<meta property=\"og:locale\" content=\"en_US\" \/>\n<meta property=\"og:type\" content=\"article\" \/>\n<meta property=\"og:title\" content=\"Cadenassage (g\u00e9n\u00e9ralit\u00e9s) - Acc\u00e8s individuel\" \/>\n<meta property=\"og:description\" content=\"La formation en ligne \u00ab\u202fCadenassage\u202f\u00bb de GRAVI-T ZERO est con\u00e7ue pour initier les travailleurs aux principes de base d\u2019une proc\u00e9dure de cadenassage, une \u00e9tape essentielle pour pr\u00e9venir les accidents li\u00e9s aux \u00e9nergies dangereuses. Sans pr\u00e9requis et enti\u00e8rement \u00e0 distance, elle permet un apprentissage flexible, \u00e0 son propre rythme, \u00e0 partir de tout appareil connect\u00e9.  Si vous souhaitez acheter plusieurs acc\u00e8s pour une entreprise, cliquez sur ce produit :  Cadenassage \u2013 Achat d\u2019acc\u00e8s entreprise\" \/>\n<meta property=\"og:url\" content=\"https:\/\/staging.gravitzero.com\/produit\/cadenassage-generalites-acces-individuel\/\" \/>\n<meta property=\"og:site_name\" content=\"GRAVI-T ZERO\" \/>\n<meta property=\"article:publisher\" content=\"https:\/\/www.facebook.com\/gravitzero\/\" \/>\n<meta property=\"article:modified_time\" content=\"2025-08-27T20:51:16+00:00\" \/>\n<meta property=\"og:image\" content=\"https:\/\/staging.gravitzero.com\/wp-content\/uploads\/2021\/06\/cadenasage-450x450-1.jpg\" \/>\n\t<meta property=\"og:image:width\" content=\"450\" \/>\n\t<meta property=\"og:image:height\" content=\"450\" \/>\n\t<meta property=\"og:image:type\" content=\"image\/jpeg\" \/>\n<meta name=\"twitter:card\" content=\"summary_large_image\" \/>\n<meta name=\"twitter:label1\" content=\"Est. reading time\" \/>\n\t<meta name=\"twitter:data1\" content=\"1 minute\" \/>\n<script type=\"application\/ld+json\" class=\"yoast-schema-graph\">{\"@context\":\"https:\/\/schema.org\",\"@graph\":[{\"@type\":\"WebPage\",\"@id\":\"https:\/\/staging.gravitzero.com\/produit\/cadenassage-generalites-acces-individuel\/\",\"url\":\"https:\/\/staging.gravitzero.com\/produit\/cadenassage-generalites-acces-individuel\/\",\"name\":\"Cadenassage (g\u00e9n\u00e9ralit\u00e9s) - Acc\u00e8s individuel | GRAVI-T ZERO\",\"isPartOf\":{\"@id\":\"https:\/\/staging.gravitzero.com\/#website\"},\"primaryImageOfPage\":{\"@id\":\"https:\/\/staging.gravitzero.com\/produit\/cadenassage-generalites-acces-individuel\/#primaryimage\"},\"image\":{\"@id\":\"https:\/\/staging.gravitzero.com\/produit\/cadenassage-generalites-acces-individuel\/#primaryimage\"},\"thumbnailUrl\":\"https:\/\/staging.gravitzero.com\/wp-content\/uploads\/2021\/06\/cadenasage-450x450-1.jpg\",\"datePublished\":\"2025-05-26T02:03:22+00:00\",\"dateModified\":\"2025-08-27T20:51:16+00:00\",\"breadcrumb\":{\"@id\":\"https:\/\/staging.gravitzero.com\/produit\/cadenassage-generalites-acces-individuel\/#breadcrumb\"},\"inLanguage\":\"en-US\",\"potentialAction\":[{\"@type\":\"ReadAction\",\"target\":[\"https:\/\/staging.gravitzero.com\/produit\/cadenassage-generalites-acces-individuel\/\"]}]},{\"@type\":\"ImageObject\",\"inLanguage\":\"en-US\",\"@id\":\"https:\/\/staging.gravitzero.com\/produit\/cadenassage-generalites-acces-individuel\/#primaryimage\",\"url\":\"https:\/\/staging.gravitzero.com\/wp-content\/uploads\/2021\/06\/cadenasage-450x450-1.jpg\",\"contentUrl\":\"https:\/\/staging.gravitzero.com\/wp-content\/uploads\/2021\/06\/cadenasage-450x450-1.jpg\",\"width\":450,\"height\":450},{\"@type\":\"BreadcrumbList\",\"@id\":\"https:\/\/staging.gravitzero.com\/produit\/cadenassage-generalites-acces-individuel\/#breadcrumb\",\"itemListElement\":[{\"@type\":\"ListItem\",\"position\":1,\"name\":\"Accueil\",\"item\":\"https:\/\/staging.gravitzero.com\/\"},{\"@type\":\"ListItem\",\"position\":2,\"name\":\"Shop\",\"item\":\"https:\/\/staging.gravitzero.com\/en\/shop\/\"},{\"@type\":\"ListItem\",\"position\":3,\"name\":\"Acc\u00e8s individuel\",\"item\":\"https:\/\/staging.gravitzero.com\/categorie-produit\/acces-individuel\/\"},{\"@type\":\"ListItem\",\"position\":4,\"name\":\"Cadenassage (g\u00e9n\u00e9ralit\u00e9s) &#8211; Acc\u00e8s individuel\"}]},{\"@type\":\"WebSite\",\"@id\":\"https:\/\/staging.gravitzero.com\/#website\",\"url\":\"https:\/\/staging.gravitzero.com\/\",\"name\":\"GRAVI-T ZERO\",\"description\":\"Entreprise de formation en sant\u00e9 et s\u00e9curit\u00e9 au travail\",\"publisher\":{\"@id\":\"https:\/\/staging.gravitzero.com\/#organization\"},\"inLanguage\":\"en-US\"},{\"@type\":\"Organization\",\"@id\":\"https:\/\/staging.gravitzero.com\/#organization\",\"name\":\"GRAVI-T ZERO\",\"url\":\"https:\/\/staging.gravitzero.com\/\",\"logo\":{\"@type\":\"ImageObject\",\"inLanguage\":\"en-US\",\"@id\":\"https:\/\/staging.gravitzero.com\/#\/schema\/logo\/image\/\",\"url\":\"https:\/\/staging.gravitzero.com\/wp-content\/uploads\/2018\/03\/logo-340-156.jpg\",\"contentUrl\":\"https:\/\/staging.gravitzero.com\/wp-content\/uploads\/2018\/03\/logo-340-156.jpg\",\"width\":340,\"height\":156,\"caption\":\"GRAVI-T ZERO\"},\"image\":{\"@id\":\"https:\/\/staging.gravitzero.com\/#\/schema\/logo\/image\/\"},\"sameAs\":[\"https:\/\/www.facebook.com\/gravitzero\/\"]}]}<\/script>\n<!-- \/ Yoast SEO Premium plugin. -->","yoast_head_json":{"title":"Cadenassage (g\u00e9n\u00e9ralit\u00e9s) - Acc\u00e8s individuel | GRAVI-T ZERO","robots":{"index":"index","follow":"follow","max-snippet":"max-snippet:-1","max-image-preview":"max-image-preview:large","max-video-preview":"max-video-preview:-1"},"canonical":"https:\/\/staging.gravitzero.com\/produit\/cadenassage-generalites-acces-individuel\/","og_locale":"en_US","og_type":"article","og_title":"Cadenassage (g\u00e9n\u00e9ralit\u00e9s) - Acc\u00e8s individuel","og_description":"La formation en ligne \u00ab\u202fCadenassage\u202f\u00bb de GRAVI-T ZERO est con\u00e7ue pour initier les travailleurs aux principes de base d\u2019une proc\u00e9dure de cadenassage, une \u00e9tape essentielle pour pr\u00e9venir les accidents li\u00e9s aux \u00e9nergies dangereuses. Sans pr\u00e9requis et enti\u00e8rement \u00e0 distance, elle permet un apprentissage flexible, \u00e0 son propre rythme, \u00e0 partir de tout appareil connect\u00e9.  Si vous souhaitez acheter plusieurs acc\u00e8s pour une entreprise, cliquez sur ce produit :  Cadenassage \u2013 Achat d\u2019acc\u00e8s entreprise","og_url":"https:\/\/staging.gravitzero.com\/produit\/cadenassage-generalites-acces-individuel\/","og_site_name":"GRAVI-T ZERO","article_publisher":"https:\/\/www.facebook.com\/gravitzero\/","article_modified_time":"2025-08-27T20:51:16+00:00","og_image":[{"width":450,"height":450,"url":"https:\/\/staging.gravitzero.com\/wp-content\/uploads\/2021\/06\/cadenasage-450x450-1.jpg","type":"image\/jpeg"}],"twitter_card":"summary_large_image","twitter_misc":{"Est. reading time":"1 minute"},"schema":{"@context":"https:\/\/schema.org","@graph":[{"@type":"WebPage","@id":"https:\/\/staging.gravitzero.com\/produit\/cadenassage-generalites-acces-individuel\/","url":"https:\/\/staging.gravitzero.com\/produit\/cadenassage-generalites-acces-individuel\/","name":"Cadenassage (g\u00e9n\u00e9ralit\u00e9s) - Acc\u00e8s individuel | GRAVI-T ZERO","isPartOf":{"@id":"https:\/\/staging.gravitzero.com\/#website"},"primaryImageOfPage":{"@id":"https:\/\/staging.gravitzero.com\/produit\/cadenassage-generalites-acces-individuel\/#primaryimage"},"image":{"@id":"https:\/\/staging.gravitzero.com\/produit\/cadenassage-generalites-acces-individuel\/#primaryimage"},"thumbnailUrl":"https:\/\/staging.gravitzero.com\/wp-content\/uploads\/2021\/06\/cadenasage-450x450-1.jpg","datePublished":"2025-05-26T02:03:22+00:00","dateModified":"2025-08-27T20:51:16+00:00","breadcrumb":{"@id":"https:\/\/staging.gravitzero.com\/produit\/cadenassage-generalites-acces-individuel\/#breadcrumb"},"inLanguage":"en-US","potentialAction":[{"@type":"ReadAction","target":["https:\/\/staging.gravitzero.com\/produit\/cadenassage-generalites-acces-individuel\/"]}]},{"@type":"ImageObject","inLanguage":"en-US","@id":"https:\/\/staging.gravitzero.com\/produit\/cadenassage-generalites-acces-individuel\/#primaryimage","url":"https:\/\/staging.gravitzero.com\/wp-content\/uploads\/2021\/06\/cadenasage-450x450-1.jpg","contentUrl":"https:\/\/staging.gravitzero.com\/wp-content\/uploads\/2021\/06\/cadenasage-450x450-1.jpg","width":450,"height":450},{"@type":"BreadcrumbList","@id":"https:\/\/staging.gravitzero.com\/produit\/cadenassage-generalites-acces-individuel\/#breadcrumb","itemListElement":[{"@type":"ListItem","position":1,"name":"Accueil","item":"https:\/\/staging.gravitzero.com\/"},{"@type":"ListItem","position":2,"name":"Shop","item":"https:\/\/staging.gravitzero.com\/en\/shop\/"},{"@type":"ListItem","position":3,"name":"Acc\u00e8s individuel","item":"https:\/\/staging.gravitzero.com\/categorie-produit\/acces-individuel\/"},{"@type":"ListItem","position":4,"name":"Cadenassage (g\u00e9n\u00e9ralit\u00e9s) &#8211; Acc\u00e8s individuel"}]},{"@type":"WebSite","@id":"https:\/\/staging.gravitzero.com\/#website","url":"https:\/\/staging.gravitzero.com\/","name":"GRAVI-T ZERO","description":"Entreprise de formation en sant\u00e9 et s\u00e9curit\u00e9 au travail","publisher":{"@id":"https:\/\/staging.gravitzero.com\/#organization"},"inLanguage":"en-US"},{"@type":"Organization","@id":"https:\/\/staging.gravitzero.com\/#organization","name":"GRAVI-T ZERO","url":"https:\/\/staging.gravitzero.com\/","logo":{"@type":"ImageObject","inLanguage":"en-US","@id":"https:\/\/staging.gravitzero.com\/#\/schema\/logo\/image\/","url":"https:\/\/staging.gravitzero.com\/wp-content\/uploads\/2018\/03\/logo-340-156.jpg","contentUrl":"https:\/\/staging.gravitzero.com\/wp-content\/uploads\/2018\/03\/logo-340-156.jpg","width":340,"height":156,"caption":"GRAVI-T ZERO"},"image":{"@id":"https:\/\/staging.gravitzero.com\/#\/schema\/logo\/image\/"},"sameAs":["https:\/\/www.facebook.com\/gravitzero\/"]}]}},"_links":{"self":[{"href":"https:\/\/staging.gravitzero.com\/en\/wp-json\/wp\/v2\/product\/76070","targetHints":{"allow":["GET"]}}],"collection":[{"href":"https:\/\/staging.gravitzero.com\/en\/wp-json\/wp\/v2\/product"}],"about":[{"href":"https:\/\/staging.gravitzero.com\/en\/wp-json\/wp\/v2\/types\/product"}],"version-history":[{"count":7,"href":"https:\/\/staging.gravitzero.com\/en\/wp-json\/wp\/v2\/product\/76070\/revisions"}],"predecessor-version":[{"id":78942,"href":"https:\/\/staging.gravitzero.com\/en\/wp-json\/wp\/v2\/product\/76070\/revisions\/78942"}],"wp:featuredmedia":[{"embeddable":true,"href":"https:\/\/staging.gravitzero.com\/en\/wp-json\/wp\/v2\/media\/43622"}],"wp:attachment":[{"href":"https:\/\/staging.gravitzero.com\/en\/wp-json\/wp\/v2\/media?parent=76070"}],"wp:term":[{"taxonomy":"product_brand","embeddable":true,"href":"https:\/\/staging.gravitzero.com\/en\/wp-json\/wp\/v2\/product_brand?post=76070"},{"taxonomy":"product_cat","embeddable":true,"href":"https:\/\/staging.gravitzero.com\/en\/wp-json\/wp\/v2\/product_cat?post=76070"},{"taxonomy":"product_tag","embeddable":true,"href":"https:\/\/staging.gravitzero.com\/en\/wp-json\/wp\/v2\/product_tag?post=76070"}],"curies":[{"name":"wp","href":"https:\/\/api.w.org\/{rel}","templated":true}]}}