{"id":76051,"date":"2025-05-25T21:55:36","date_gmt":"2025-05-26T01:55:36","guid":{"rendered":"https:\/\/staging.gravitzero.com\/?post_type=product&#038;p=76051"},"modified":"2025-08-28T14:15:39","modified_gmt":"2025-08-28T18:15:39","slug":"ancrage-mobile-syam-licence-acces-entreprise","status":"publish","type":"product","link":"https:\/\/staging.gravitzero.com\/en\/produit\/ancrage-mobile-syam-licence-acces-entreprise\/","title":{"rendered":"Ancrage mobile SYAM &#8211; Entreprise"},"content":{"rendered":"<p>Formation en ligne sur l&#8217;utilisation de l&#8217;ancrage mobile SYAM pour des applications de travail en hauteur (syst\u00e8me de d\u00e9placement restreint et syst\u00e8me d&#8217;arr\u00eat de chute).<\/p>\n<p><span style=\"color: #7a1515;\"><strong>Un volet d&#8217;initiation technique (pratique) devrait compl\u00e9ter ce cours.<\/strong><\/span><\/p>\n<p>&nbsp;<\/p>\n<p><span style=\"color: #7a1515;\"><strong>\u00a0<\/strong><\/span><\/p>\n","protected":false},"excerpt":{"rendered":"<p>Formation sur l\u2019utilisation de l\u2019ancrage mobile SYAM pour des applications de travail en hauteur.<\/p>\n<p>(2 \u00e0 9 acc\u00e8s : 25% de rabais)<\/p>\n<p>(10 acc\u00e8s ou plus : 50% de rabais)<\/p>\n<p style=\"margin: 24px 0;\">Si vous souhaitez acheter un acc\u00e8s individuel, cliquez sur ce produit :<br \/>\n<a style=\"font-size: 24px; text-decoration: underline;\" href=\"https:\/\/staging.gravitzero.com\/produit\/ancrage-mobile-syam\/\"><br \/>\n<strong>Ancrage mobile SYAM \u2013 Acc\u00e8s individuel<\/strong><br \/>\n<\/a><\/p>\n","protected":false},"featured_media":60508,"template":"","meta":{"_acf_changed":false,"_price":"35","_stock":"","_tribe_ticket_header":"","_tribe_default_ticket_provider":"","_ticket_start_date":"","_ticket_end_date":"","_tribe_ticket_show_description":"","_tribe_ticket_show_not_going":false,"_tribe_ticket_use_global_stock":"","_tribe_ticket_global_stock_level":"","_global_stock_mode":"","_global_stock_cap":"","_tribe_rsvp_for_event":"","_tribe_ticket_going_count":"","_tribe_ticket_not_going_count":"","_tribe_tickets_list":"[]","_tribe_ticket_has_attendee_info_fields":false,"_tec_slr_enabled":"","_tec_slr_layout":""},"product_brand":[],"product_cat":[2034,2032,2041],"product_tag":[],"class_list":{"0":"post-76051","1":"product","2":"type-product","3":"status-publish","4":"has-post-thumbnail","6":"product_cat-ancrage-mobile-syam-entreprise","7":"product_cat-formation-en-ligne-entreprise","8":"product_cat-travail-en-hauteur-entreprise-en-ligne","10":"first","11":"instock","12":"virtual","13":"taxable","14":"purchasable","15":"product-type-license"},"acf":[],"yoast_head":"<!-- This site is optimized with the Yoast SEO Premium plugin v26.7 (Yoast SEO v26.7) - https:\/\/yoast.com\/wordpress\/plugins\/seo\/ -->\n<title>Ancrage mobile SYAM - Entreprise | GRAVI-T ZERO<\/title>\n<meta name=\"robots\" content=\"index, follow, max-snippet:-1, max-image-preview:large, max-video-preview:-1\" \/>\n<link rel=\"canonical\" href=\"https:\/\/staging.gravitzero.com\/produit\/ancrage-mobile-syam-licence-acces-entreprise\/\" \/>\n<meta property=\"og:locale\" content=\"en_US\" \/>\n<meta property=\"og:type\" content=\"article\" \/>\n<meta property=\"og:title\" content=\"Ancrage mobile SYAM - Entreprise\" \/>\n<meta property=\"og:description\" content=\"Formation sur l\u2019utilisation de l\u2019ancrage mobile SYAM pour des applications de travail en hauteur.  (2 \u00e0 9 acc\u00e8s : 25% de rabais)  (10 acc\u00e8s ou plus : 50% de rabais) Si vous souhaitez acheter un acc\u00e8s individuel, cliquez sur ce produit :  Ancrage mobile SYAM \u2013 Acc\u00e8s individuel\" \/>\n<meta property=\"og:url\" content=\"https:\/\/staging.gravitzero.com\/produit\/ancrage-mobile-syam-licence-acces-entreprise\/\" \/>\n<meta property=\"og:site_name\" content=\"GRAVI-T ZERO\" \/>\n<meta property=\"article:publisher\" content=\"https:\/\/www.facebook.com\/gravitzero\/\" \/>\n<meta property=\"article:modified_time\" content=\"2025-08-28T18:15:39+00:00\" \/>\n<meta property=\"og:image\" content=\"https:\/\/staging.gravitzero.com\/wp-content\/uploads\/2023\/03\/syam_1.jpg\" \/>\n\t<meta property=\"og:image:width\" content=\"1000\" \/>\n\t<meta property=\"og:image:height\" content=\"1000\" \/>\n\t<meta property=\"og:image:type\" content=\"image\/jpeg\" \/>\n<meta name=\"twitter:card\" content=\"summary_large_image\" \/>\n<script type=\"application\/ld+json\" class=\"yoast-schema-graph\">{\"@context\":\"https:\/\/schema.org\",\"@graph\":[{\"@type\":\"WebPage\",\"@id\":\"https:\/\/staging.gravitzero.com\/produit\/ancrage-mobile-syam-licence-acces-entreprise\/\",\"url\":\"https:\/\/staging.gravitzero.com\/produit\/ancrage-mobile-syam-licence-acces-entreprise\/\",\"name\":\"Ancrage mobile SYAM - Entreprise | GRAVI-T ZERO\",\"isPartOf\":{\"@id\":\"https:\/\/staging.gravitzero.com\/#website\"},\"primaryImageOfPage\":{\"@id\":\"https:\/\/staging.gravitzero.com\/produit\/ancrage-mobile-syam-licence-acces-entreprise\/#primaryimage\"},\"image\":{\"@id\":\"https:\/\/staging.gravitzero.com\/produit\/ancrage-mobile-syam-licence-acces-entreprise\/#primaryimage\"},\"thumbnailUrl\":\"https:\/\/staging.gravitzero.com\/wp-content\/uploads\/2023\/03\/syam_1.jpg\",\"datePublished\":\"2025-05-26T01:55:36+00:00\",\"dateModified\":\"2025-08-28T18:15:39+00:00\",\"breadcrumb\":{\"@id\":\"https:\/\/staging.gravitzero.com\/produit\/ancrage-mobile-syam-licence-acces-entreprise\/#breadcrumb\"},\"inLanguage\":\"en-US\",\"potentialAction\":[{\"@type\":\"ReadAction\",\"target\":[\"https:\/\/staging.gravitzero.com\/produit\/ancrage-mobile-syam-licence-acces-entreprise\/\"]}]},{\"@type\":\"ImageObject\",\"inLanguage\":\"en-US\",\"@id\":\"https:\/\/staging.gravitzero.com\/produit\/ancrage-mobile-syam-licence-acces-entreprise\/#primaryimage\",\"url\":\"https:\/\/staging.gravitzero.com\/wp-content\/uploads\/2023\/03\/syam_1.jpg\",\"contentUrl\":\"https:\/\/staging.gravitzero.com\/wp-content\/uploads\/2023\/03\/syam_1.jpg\",\"width\":1000,\"height\":1000},{\"@type\":\"BreadcrumbList\",\"@id\":\"https:\/\/staging.gravitzero.com\/produit\/ancrage-mobile-syam-licence-acces-entreprise\/#breadcrumb\",\"itemListElement\":[{\"@type\":\"ListItem\",\"position\":1,\"name\":\"Accueil\",\"item\":\"https:\/\/staging.gravitzero.com\/\"},{\"@type\":\"ListItem\",\"position\":2,\"name\":\"Shop\",\"item\":\"https:\/\/staging.gravitzero.com\/en\/shop\/\"},{\"@type\":\"ListItem\",\"position\":3,\"name\":\"Ancrage mobile SYAM - Entreprise\",\"item\":\"https:\/\/staging.gravitzero.com\/categorie-produit\/ancrage-mobile-syam-entreprise\/\"},{\"@type\":\"ListItem\",\"position\":4,\"name\":\"Ancrage mobile SYAM &#8211; Entreprise\"}]},{\"@type\":\"WebSite\",\"@id\":\"https:\/\/staging.gravitzero.com\/#website\",\"url\":\"https:\/\/staging.gravitzero.com\/\",\"name\":\"GRAVI-T ZERO\",\"description\":\"Entreprise de formation en sant\u00e9 et s\u00e9curit\u00e9 au travail\",\"publisher\":{\"@id\":\"https:\/\/staging.gravitzero.com\/#organization\"},\"inLanguage\":\"en-US\"},{\"@type\":\"Organization\",\"@id\":\"https:\/\/staging.gravitzero.com\/#organization\",\"name\":\"GRAVI-T ZERO\",\"url\":\"https:\/\/staging.gravitzero.com\/\",\"logo\":{\"@type\":\"ImageObject\",\"inLanguage\":\"en-US\",\"@id\":\"https:\/\/staging.gravitzero.com\/#\/schema\/logo\/image\/\",\"url\":\"https:\/\/staging.gravitzero.com\/wp-content\/uploads\/2018\/03\/logo-340-156.jpg\",\"contentUrl\":\"https:\/\/staging.gravitzero.com\/wp-content\/uploads\/2018\/03\/logo-340-156.jpg\",\"width\":340,\"height\":156,\"caption\":\"GRAVI-T ZERO\"},\"image\":{\"@id\":\"https:\/\/staging.gravitzero.com\/#\/schema\/logo\/image\/\"},\"sameAs\":[\"https:\/\/www.facebook.com\/gravitzero\/\"]}]}<\/script>\n<!-- \/ Yoast SEO Premium plugin. -->","yoast_head_json":{"title":"Ancrage mobile SYAM - Entreprise | GRAVI-T ZERO","robots":{"index":"index","follow":"follow","max-snippet":"max-snippet:-1","max-image-preview":"max-image-preview:large","max-video-preview":"max-video-preview:-1"},"canonical":"https:\/\/staging.gravitzero.com\/produit\/ancrage-mobile-syam-licence-acces-entreprise\/","og_locale":"en_US","og_type":"article","og_title":"Ancrage mobile SYAM - Entreprise","og_description":"Formation sur l\u2019utilisation de l\u2019ancrage mobile SYAM pour des applications de travail en hauteur.  (2 \u00e0 9 acc\u00e8s : 25% de rabais)  (10 acc\u00e8s ou plus : 50% de rabais) Si vous souhaitez acheter un acc\u00e8s individuel, cliquez sur ce produit :  Ancrage mobile SYAM \u2013 Acc\u00e8s individuel","og_url":"https:\/\/staging.gravitzero.com\/produit\/ancrage-mobile-syam-licence-acces-entreprise\/","og_site_name":"GRAVI-T ZERO","article_publisher":"https:\/\/www.facebook.com\/gravitzero\/","article_modified_time":"2025-08-28T18:15:39+00:00","og_image":[{"width":1000,"height":1000,"url":"https:\/\/staging.gravitzero.com\/wp-content\/uploads\/2023\/03\/syam_1.jpg","type":"image\/jpeg"}],"twitter_card":"summary_large_image","schema":{"@context":"https:\/\/schema.org","@graph":[{"@type":"WebPage","@id":"https:\/\/staging.gravitzero.com\/produit\/ancrage-mobile-syam-licence-acces-entreprise\/","url":"https:\/\/staging.gravitzero.com\/produit\/ancrage-mobile-syam-licence-acces-entreprise\/","name":"Ancrage mobile SYAM - Entreprise | GRAVI-T ZERO","isPartOf":{"@id":"https:\/\/staging.gravitzero.com\/#website"},"primaryImageOfPage":{"@id":"https:\/\/staging.gravitzero.com\/produit\/ancrage-mobile-syam-licence-acces-entreprise\/#primaryimage"},"image":{"@id":"https:\/\/staging.gravitzero.com\/produit\/ancrage-mobile-syam-licence-acces-entreprise\/#primaryimage"},"thumbnailUrl":"https:\/\/staging.gravitzero.com\/wp-content\/uploads\/2023\/03\/syam_1.jpg","datePublished":"2025-05-26T01:55:36+00:00","dateModified":"2025-08-28T18:15:39+00:00","breadcrumb":{"@id":"https:\/\/staging.gravitzero.com\/produit\/ancrage-mobile-syam-licence-acces-entreprise\/#breadcrumb"},"inLanguage":"en-US","potentialAction":[{"@type":"ReadAction","target":["https:\/\/staging.gravitzero.com\/produit\/ancrage-mobile-syam-licence-acces-entreprise\/"]}]},{"@type":"ImageObject","inLanguage":"en-US","@id":"https:\/\/staging.gravitzero.com\/produit\/ancrage-mobile-syam-licence-acces-entreprise\/#primaryimage","url":"https:\/\/staging.gravitzero.com\/wp-content\/uploads\/2023\/03\/syam_1.jpg","contentUrl":"https:\/\/staging.gravitzero.com\/wp-content\/uploads\/2023\/03\/syam_1.jpg","width":1000,"height":1000},{"@type":"BreadcrumbList","@id":"https:\/\/staging.gravitzero.com\/produit\/ancrage-mobile-syam-licence-acces-entreprise\/#breadcrumb","itemListElement":[{"@type":"ListItem","position":1,"name":"Accueil","item":"https:\/\/staging.gravitzero.com\/"},{"@type":"ListItem","position":2,"name":"Shop","item":"https:\/\/staging.gravitzero.com\/en\/shop\/"},{"@type":"ListItem","position":3,"name":"Ancrage mobile SYAM - Entreprise","item":"https:\/\/staging.gravitzero.com\/categorie-produit\/ancrage-mobile-syam-entreprise\/"},{"@type":"ListItem","position":4,"name":"Ancrage mobile SYAM &#8211; Entreprise"}]},{"@type":"WebSite","@id":"https:\/\/staging.gravitzero.com\/#website","url":"https:\/\/staging.gravitzero.com\/","name":"GRAVI-T ZERO","description":"Entreprise de formation en sant\u00e9 et s\u00e9curit\u00e9 au travail","publisher":{"@id":"https:\/\/staging.gravitzero.com\/#organization"},"inLanguage":"en-US"},{"@type":"Organization","@id":"https:\/\/staging.gravitzero.com\/#organization","name":"GRAVI-T ZERO","url":"https:\/\/staging.gravitzero.com\/","logo":{"@type":"ImageObject","inLanguage":"en-US","@id":"https:\/\/staging.gravitzero.com\/#\/schema\/logo\/image\/","url":"https:\/\/staging.gravitzero.com\/wp-content\/uploads\/2018\/03\/logo-340-156.jpg","contentUrl":"https:\/\/staging.gravitzero.com\/wp-content\/uploads\/2018\/03\/logo-340-156.jpg","width":340,"height":156,"caption":"GRAVI-T ZERO"},"image":{"@id":"https:\/\/staging.gravitzero.com\/#\/schema\/logo\/image\/"},"sameAs":["https:\/\/www.facebook.com\/gravitzero\/"]}]}},"_links":{"self":[{"href":"https:\/\/staging.gravitzero.com\/en\/wp-json\/wp\/v2\/product\/76051","targetHints":{"allow":["GET"]}}],"collection":[{"href":"https:\/\/staging.gravitzero.com\/en\/wp-json\/wp\/v2\/product"}],"about":[{"href":"https:\/\/staging.gravitzero.com\/en\/wp-json\/wp\/v2\/types\/product"}],"version-history":[{"count":14,"href":"https:\/\/staging.gravitzero.com\/en\/wp-json\/wp\/v2\/product\/76051\/revisions"}],"predecessor-version":[{"id":79178,"href":"https:\/\/staging.gravitzero.com\/en\/wp-json\/wp\/v2\/product\/76051\/revisions\/79178"}],"wp:featuredmedia":[{"embeddable":true,"href":"https:\/\/staging.gravitzero.com\/en\/wp-json\/wp\/v2\/media\/60508"}],"wp:attachment":[{"href":"https:\/\/staging.gravitzero.com\/en\/wp-json\/wp\/v2\/media?parent=76051"}],"wp:term":[{"taxonomy":"product_brand","embeddable":true,"href":"https:\/\/staging.gravitzero.com\/en\/wp-json\/wp\/v2\/product_brand?post=76051"},{"taxonomy":"product_cat","embeddable":true,"href":"https:\/\/staging.gravitzero.com\/en\/wp-json\/wp\/v2\/product_cat?post=76051"},{"taxonomy":"product_tag","embeddable":true,"href":"https:\/\/staging.gravitzero.com\/en\/wp-json\/wp\/v2\/product_tag?post=76051"}],"curies":[{"name":"wp","href":"https:\/\/api.w.org\/{rel}","templated":true}]}}