{"id":76026,"date":"2025-05-25T21:32:54","date_gmt":"2025-05-26T01:32:54","guid":{"rendered":"https:\/\/staging.gravitzero.com\/?post_type=product&#038;p=76026"},"modified":"2025-08-28T21:34:00","modified_gmt":"2025-08-29T01:34:00","slug":"chariot-elevateur-generalites-acces-individuel","status":"publish","type":"product","link":"https:\/\/staging.gravitzero.com\/en\/produit\/chariot-elevateur-generalites-acces-individuel\/","title":{"rendered":"Chariot \u00e9l\u00e9vateur (g\u00e9n\u00e9ralit\u00e9s) &#8211; Individuel"},"content":{"rendered":"<p data-start=\"377\" data-end=\"405\"><strong data-start=\"377\" data-end=\"405\">Ce que vous apprendrez :<\/strong><\/p>\n<ul data-start=\"407\" data-end=\"781\">\n<li data-start=\"407\" data-end=\"448\">\n<p data-start=\"409\" data-end=\"448\"><span class=\"relative -mx-px my-[-0.2rem] rounded px-px py-[0.2rem] transition-colors duration-100 ease-in-out\">Les responsabilit\u00e9s de l\u2019employeur et de l\u2019employ\u00e9 en mati\u00e8re d\u2019utilisation des chariots \u00e9l\u00e9vateurs.<\/span><\/p>\n<\/li>\n<li data-start=\"449\" data-end=\"490\">\n<p data-start=\"451\" data-end=\"490\"><span class=\"relative -mx-px my-[-0.2rem] rounded px-px py-[0.2rem] transition-colors duration-100 ease-in-out\">Les risques associ\u00e9s \u00e0 une utilisation inad\u00e9quate des chariots \u00e9l\u00e9vateurs.<\/span><\/p>\n<\/li>\n<li data-start=\"491\" data-end=\"532\">\n<p data-start=\"493\" data-end=\"532\"><span class=\"relative -mx-px my-[-0.2rem] rounded px-px py-[0.2rem] transition-colors duration-100 ease-in-out\">L\u2019identification des diff\u00e9rents types de chariots \u00e9l\u00e9vateurs et leurs sp\u00e9cificit\u00e9s.<\/span><\/p>\n<\/li>\n<li data-start=\"533\" data-end=\"574\">\n<p data-start=\"535\" data-end=\"574\"><span class=\"relative -mx-px my-[-0.2rem] rounded px-px py-[0.2rem] transition-colors duration-100 ease-in-out\">Les principes de stabilit\u00e9 et de capacit\u00e9 de levage.<\/span><\/p>\n<\/li>\n<li data-start=\"575\" data-end=\"616\">\n<p data-start=\"577\" data-end=\"616\"><span class=\"relative -mx-px my-[-0.2rem] rounded px-px py-[0.2rem] transition-colors duration-100 ease-in-out\">Les proc\u00e9dures d\u2019inspection avant utilisation.<\/span><\/p>\n<\/li>\n<li data-start=\"617\" data-end=\"658\">\n<p data-start=\"619\" data-end=\"658\"><span class=\"relative -mx-px my-[-0.2rem] rounded px-px py-[0.2rem] transition-colors duration-100 ease-in-out\">Les r\u00e8gles de conduite s\u00e9curitaire, y compris la circulation dans les pentes et le stationnement.<\/span><\/p>\n<\/li>\n<li data-start=\"659\" data-end=\"700\">\n<p data-start=\"661\" data-end=\"700\"><span class=\"relative -mx-px my-[-0.2rem] rounded px-px py-[0.2rem] transition-colors duration-100 ease-in-out\">L\u2019utilisation des accessoires et des sources d\u2019\u00e9nergie (batterie, propane).<\/span><\/p>\n<\/li>\n<li data-start=\"701\" data-end=\"781\">\n<p data-start=\"703\" data-end=\"781\"><span class=\"relative -mx-px my-[-0.2rem] rounded px-px py-[0.2rem] transition-colors duration-100 ease-in-out\">Les r\u00e8gles g\u00e9n\u00e9rales de s\u00e9curit\u00e9 et les bonnes pratiques.<\/span><\/p>\n<\/li>\n<\/ul>\n<p data-start=\"783\" data-end=\"901\"><span class=\"relative -mx-px my-[-0.2rem] rounded px-px py-[0.2rem] transition-colors duration-100 ease-in-out\">Cette formation en ligne constitue une premi\u00e8re \u00e9tape essentielle pour toute personne appel\u00e9e \u00e0 op\u00e9rer un chariot \u00e9l\u00e9vateur, en assurant une compr\u00e9hension solide des pratiques s\u00e9curitaires.<\/span><\/p>\n","protected":false},"excerpt":{"rendered":"<p><span class=\"relative -mx-px my-[-0.2rem] rounded px-px py-[0.2rem] transition-colors duration-100 ease-in-out\">La formation en ligne \u00ab\u202fChariots \u00e9l\u00e9vateurs \u2013 G\u00e9n\u00e9ralit\u00e9s\u202f\u00bb de GRAVI-T ZERO est con\u00e7ue pour initier les travailleurs aux principes de base d\u2019une utilisation s\u00e9curitaire des chariots \u00e9l\u00e9vateurs.<\/span> <span class=\"relative -mx-px my-[-0.2rem] rounded px-px py-[0.2rem] transition-colors duration-100 ease-in-out\">Sans pr\u00e9requis et enti\u00e8rement \u00e0 distance, elle offre une flexibilit\u00e9 id\u00e9ale pour apprendre \u00e0 son propre rythme, directement depuis son poste de travail ou \u00e0 domicile.<\/span><\/p>\n<p>Un certificat est remis \u00e0 la fin du parcours.<\/p>\n<p><strong><span style=\"color: #780a0a;\">Un volet d&#8217;initiation technique (pratique) devrait compl\u00e9ter ce cours.<\/span><\/strong><\/p>\n<p style=\"margin: 24px 0;\">Si vous souhaitez acheter plusieurs acc\u00e8s pour une entreprise, cliquez sur ce produit :<br \/>\n<a style=\"font-size: 24px; text-decoration: underline;\" href=\"https:\/\/staging.gravitzero.com\/produit\/chariot-elevateur-generalites-licence-groupe-entreprise\"><br \/>\n<strong>Chariot \u00e9l\u00e9vateur \u2013 Achat d\u2019acc\u00e8s entreprise<\/strong><br \/>\n<\/a><\/p>\n","protected":false},"featured_media":43524,"template":"","meta":{"_acf_changed":false,"_price":"80","_stock":"","_tribe_ticket_header":"","_tribe_default_ticket_provider":"","_ticket_start_date":"","_ticket_end_date":"","_tribe_ticket_show_description":"","_tribe_ticket_show_not_going":false,"_tribe_ticket_use_global_stock":"","_tribe_ticket_global_stock_level":"","_global_stock_mode":"","_global_stock_cap":"","_tribe_rsvp_for_event":"","_tribe_ticket_going_count":"","_tribe_ticket_not_going_count":"","_tribe_tickets_list":"[]","_tribe_ticket_has_attendee_info_fields":false,"_tec_slr_enabled":"","_tec_slr_layout":""},"product_brand":[],"product_cat":[2030,2031],"product_tag":[],"class_list":{"0":"post-76026","1":"product","2":"type-product","3":"status-publish","4":"has-post-thumbnail","6":"product_cat-chariot-elevateur-individuel","7":"product_cat-formation-en-ligne-individuelle","9":"first","10":"instock","11":"virtual","12":"sold-individually","13":"taxable","14":"purchasable","15":"product-type-simple"},"acf":[],"yoast_head":"<!-- This site is optimized with the Yoast SEO Premium plugin v26.7 (Yoast SEO v26.7) - https:\/\/yoast.com\/wordpress\/plugins\/seo\/ -->\n<title>Chariot \u00e9l\u00e9vateur (g\u00e9n\u00e9ralit\u00e9s) - Individuel | GRAVI-T ZERO<\/title>\n<meta name=\"robots\" content=\"index, follow, max-snippet:-1, max-image-preview:large, max-video-preview:-1\" \/>\n<link rel=\"canonical\" href=\"https:\/\/staging.gravitzero.com\/produit\/chariot-elevateur-generalites-acces-individuel\/\" \/>\n<meta property=\"og:locale\" content=\"en_US\" \/>\n<meta property=\"og:type\" content=\"article\" \/>\n<meta property=\"og:title\" content=\"Chariot \u00e9l\u00e9vateur (g\u00e9n\u00e9ralit\u00e9s) - Individuel\" \/>\n<meta property=\"og:description\" content=\"La formation en ligne \u00ab\u202fChariots \u00e9l\u00e9vateurs \u2013 G\u00e9n\u00e9ralit\u00e9s\u202f\u00bb de GRAVI-T ZERO est con\u00e7ue pour initier les travailleurs aux principes de base d\u2019une utilisation s\u00e9curitaire des chariots \u00e9l\u00e9vateurs. Sans pr\u00e9requis et enti\u00e8rement \u00e0 distance, elle offre une flexibilit\u00e9 id\u00e9ale pour apprendre \u00e0 son propre rythme, directement depuis son poste de travail ou \u00e0 domicile.  Un certificat est remis \u00e0 la fin du parcours.  Un volet d&#039;initiation technique (pratique) devrait compl\u00e9ter ce cours. Si vous souhaitez acheter plusieurs acc\u00e8s pour une entreprise, cliquez sur ce produit :  Chariot \u00e9l\u00e9vateur \u2013 Achat d\u2019acc\u00e8s entreprise\" \/>\n<meta property=\"og:url\" content=\"https:\/\/staging.gravitzero.com\/produit\/chariot-elevateur-generalites-acces-individuel\/\" \/>\n<meta property=\"og:site_name\" content=\"GRAVI-T ZERO\" \/>\n<meta property=\"article:publisher\" content=\"https:\/\/www.facebook.com\/gravitzero\/\" \/>\n<meta property=\"article:modified_time\" content=\"2025-08-29T01:34:00+00:00\" \/>\n<meta property=\"og:image\" content=\"https:\/\/staging.gravitzero.com\/wp-content\/uploads\/2021\/06\/chariot-propane-exterieur-e1747532945773.jpg\" \/>\n\t<meta property=\"og:image:width\" content=\"302\" \/>\n\t<meta property=\"og:image:height\" content=\"298\" \/>\n\t<meta property=\"og:image:type\" content=\"image\/jpeg\" \/>\n<meta name=\"twitter:card\" content=\"summary_large_image\" \/>\n<meta name=\"twitter:label1\" content=\"Est. reading time\" \/>\n\t<meta name=\"twitter:data1\" content=\"1 minute\" \/>\n<script type=\"application\/ld+json\" class=\"yoast-schema-graph\">{\"@context\":\"https:\/\/schema.org\",\"@graph\":[{\"@type\":\"WebPage\",\"@id\":\"https:\/\/staging.gravitzero.com\/produit\/chariot-elevateur-generalites-acces-individuel\/\",\"url\":\"https:\/\/staging.gravitzero.com\/produit\/chariot-elevateur-generalites-acces-individuel\/\",\"name\":\"Chariot \u00e9l\u00e9vateur (g\u00e9n\u00e9ralit\u00e9s) - Individuel | GRAVI-T ZERO\",\"isPartOf\":{\"@id\":\"https:\/\/staging.gravitzero.com\/#website\"},\"primaryImageOfPage\":{\"@id\":\"https:\/\/staging.gravitzero.com\/produit\/chariot-elevateur-generalites-acces-individuel\/#primaryimage\"},\"image\":{\"@id\":\"https:\/\/staging.gravitzero.com\/produit\/chariot-elevateur-generalites-acces-individuel\/#primaryimage\"},\"thumbnailUrl\":\"https:\/\/staging.gravitzero.com\/wp-content\/uploads\/2021\/06\/chariot-propane-exterieur-e1747532945773.jpg\",\"datePublished\":\"2025-05-26T01:32:54+00:00\",\"dateModified\":\"2025-08-29T01:34:00+00:00\",\"breadcrumb\":{\"@id\":\"https:\/\/staging.gravitzero.com\/produit\/chariot-elevateur-generalites-acces-individuel\/#breadcrumb\"},\"inLanguage\":\"en-US\",\"potentialAction\":[{\"@type\":\"ReadAction\",\"target\":[\"https:\/\/staging.gravitzero.com\/produit\/chariot-elevateur-generalites-acces-individuel\/\"]}]},{\"@type\":\"ImageObject\",\"inLanguage\":\"en-US\",\"@id\":\"https:\/\/staging.gravitzero.com\/produit\/chariot-elevateur-generalites-acces-individuel\/#primaryimage\",\"url\":\"https:\/\/staging.gravitzero.com\/wp-content\/uploads\/2021\/06\/chariot-propane-exterieur-e1747532945773.jpg\",\"contentUrl\":\"https:\/\/staging.gravitzero.com\/wp-content\/uploads\/2021\/06\/chariot-propane-exterieur-e1747532945773.jpg\",\"width\":302,\"height\":298},{\"@type\":\"BreadcrumbList\",\"@id\":\"https:\/\/staging.gravitzero.com\/produit\/chariot-elevateur-generalites-acces-individuel\/#breadcrumb\",\"itemListElement\":[{\"@type\":\"ListItem\",\"position\":1,\"name\":\"Accueil\",\"item\":\"https:\/\/staging.gravitzero.com\/\"},{\"@type\":\"ListItem\",\"position\":2,\"name\":\"Shop\",\"item\":\"https:\/\/staging.gravitzero.com\/en\/shop\/\"},{\"@type\":\"ListItem\",\"position\":3,\"name\":\"Chariot \u00e9l\u00e9vateur - Individuel\",\"item\":\"https:\/\/staging.gravitzero.com\/categorie-produit\/chariot-elevateur-individuel\/\"},{\"@type\":\"ListItem\",\"position\":4,\"name\":\"Chariot \u00e9l\u00e9vateur (g\u00e9n\u00e9ralit\u00e9s) &#8211; Individuel\"}]},{\"@type\":\"WebSite\",\"@id\":\"https:\/\/staging.gravitzero.com\/#website\",\"url\":\"https:\/\/staging.gravitzero.com\/\",\"name\":\"GRAVI-T ZERO\",\"description\":\"Entreprise de formation en sant\u00e9 et s\u00e9curit\u00e9 au travail\",\"publisher\":{\"@id\":\"https:\/\/staging.gravitzero.com\/#organization\"},\"inLanguage\":\"en-US\"},{\"@type\":\"Organization\",\"@id\":\"https:\/\/staging.gravitzero.com\/#organization\",\"name\":\"GRAVI-T ZERO\",\"url\":\"https:\/\/staging.gravitzero.com\/\",\"logo\":{\"@type\":\"ImageObject\",\"inLanguage\":\"en-US\",\"@id\":\"https:\/\/staging.gravitzero.com\/#\/schema\/logo\/image\/\",\"url\":\"https:\/\/staging.gravitzero.com\/wp-content\/uploads\/2018\/03\/logo-340-156.jpg\",\"contentUrl\":\"https:\/\/staging.gravitzero.com\/wp-content\/uploads\/2018\/03\/logo-340-156.jpg\",\"width\":340,\"height\":156,\"caption\":\"GRAVI-T ZERO\"},\"image\":{\"@id\":\"https:\/\/staging.gravitzero.com\/#\/schema\/logo\/image\/\"},\"sameAs\":[\"https:\/\/www.facebook.com\/gravitzero\/\"]}]}<\/script>\n<!-- \/ Yoast SEO Premium plugin. -->","yoast_head_json":{"title":"Chariot \u00e9l\u00e9vateur (g\u00e9n\u00e9ralit\u00e9s) - Individuel | GRAVI-T ZERO","robots":{"index":"index","follow":"follow","max-snippet":"max-snippet:-1","max-image-preview":"max-image-preview:large","max-video-preview":"max-video-preview:-1"},"canonical":"https:\/\/staging.gravitzero.com\/produit\/chariot-elevateur-generalites-acces-individuel\/","og_locale":"en_US","og_type":"article","og_title":"Chariot \u00e9l\u00e9vateur (g\u00e9n\u00e9ralit\u00e9s) - Individuel","og_description":"La formation en ligne \u00ab\u202fChariots \u00e9l\u00e9vateurs \u2013 G\u00e9n\u00e9ralit\u00e9s\u202f\u00bb de GRAVI-T ZERO est con\u00e7ue pour initier les travailleurs aux principes de base d\u2019une utilisation s\u00e9curitaire des chariots \u00e9l\u00e9vateurs. Sans pr\u00e9requis et enti\u00e8rement \u00e0 distance, elle offre une flexibilit\u00e9 id\u00e9ale pour apprendre \u00e0 son propre rythme, directement depuis son poste de travail ou \u00e0 domicile.  Un certificat est remis \u00e0 la fin du parcours.  Un volet d'initiation technique (pratique) devrait compl\u00e9ter ce cours. Si vous souhaitez acheter plusieurs acc\u00e8s pour une entreprise, cliquez sur ce produit :  Chariot \u00e9l\u00e9vateur \u2013 Achat d\u2019acc\u00e8s entreprise","og_url":"https:\/\/staging.gravitzero.com\/produit\/chariot-elevateur-generalites-acces-individuel\/","og_site_name":"GRAVI-T ZERO","article_publisher":"https:\/\/www.facebook.com\/gravitzero\/","article_modified_time":"2025-08-29T01:34:00+00:00","og_image":[{"width":302,"height":298,"url":"https:\/\/staging.gravitzero.com\/wp-content\/uploads\/2021\/06\/chariot-propane-exterieur-e1747532945773.jpg","type":"image\/jpeg"}],"twitter_card":"summary_large_image","twitter_misc":{"Est. reading time":"1 minute"},"schema":{"@context":"https:\/\/schema.org","@graph":[{"@type":"WebPage","@id":"https:\/\/staging.gravitzero.com\/produit\/chariot-elevateur-generalites-acces-individuel\/","url":"https:\/\/staging.gravitzero.com\/produit\/chariot-elevateur-generalites-acces-individuel\/","name":"Chariot \u00e9l\u00e9vateur (g\u00e9n\u00e9ralit\u00e9s) - Individuel | GRAVI-T ZERO","isPartOf":{"@id":"https:\/\/staging.gravitzero.com\/#website"},"primaryImageOfPage":{"@id":"https:\/\/staging.gravitzero.com\/produit\/chariot-elevateur-generalites-acces-individuel\/#primaryimage"},"image":{"@id":"https:\/\/staging.gravitzero.com\/produit\/chariot-elevateur-generalites-acces-individuel\/#primaryimage"},"thumbnailUrl":"https:\/\/staging.gravitzero.com\/wp-content\/uploads\/2021\/06\/chariot-propane-exterieur-e1747532945773.jpg","datePublished":"2025-05-26T01:32:54+00:00","dateModified":"2025-08-29T01:34:00+00:00","breadcrumb":{"@id":"https:\/\/staging.gravitzero.com\/produit\/chariot-elevateur-generalites-acces-individuel\/#breadcrumb"},"inLanguage":"en-US","potentialAction":[{"@type":"ReadAction","target":["https:\/\/staging.gravitzero.com\/produit\/chariot-elevateur-generalites-acces-individuel\/"]}]},{"@type":"ImageObject","inLanguage":"en-US","@id":"https:\/\/staging.gravitzero.com\/produit\/chariot-elevateur-generalites-acces-individuel\/#primaryimage","url":"https:\/\/staging.gravitzero.com\/wp-content\/uploads\/2021\/06\/chariot-propane-exterieur-e1747532945773.jpg","contentUrl":"https:\/\/staging.gravitzero.com\/wp-content\/uploads\/2021\/06\/chariot-propane-exterieur-e1747532945773.jpg","width":302,"height":298},{"@type":"BreadcrumbList","@id":"https:\/\/staging.gravitzero.com\/produit\/chariot-elevateur-generalites-acces-individuel\/#breadcrumb","itemListElement":[{"@type":"ListItem","position":1,"name":"Accueil","item":"https:\/\/staging.gravitzero.com\/"},{"@type":"ListItem","position":2,"name":"Shop","item":"https:\/\/staging.gravitzero.com\/en\/shop\/"},{"@type":"ListItem","position":3,"name":"Chariot \u00e9l\u00e9vateur - Individuel","item":"https:\/\/staging.gravitzero.com\/categorie-produit\/chariot-elevateur-individuel\/"},{"@type":"ListItem","position":4,"name":"Chariot \u00e9l\u00e9vateur (g\u00e9n\u00e9ralit\u00e9s) &#8211; Individuel"}]},{"@type":"WebSite","@id":"https:\/\/staging.gravitzero.com\/#website","url":"https:\/\/staging.gravitzero.com\/","name":"GRAVI-T ZERO","description":"Entreprise de formation en sant\u00e9 et s\u00e9curit\u00e9 au travail","publisher":{"@id":"https:\/\/staging.gravitzero.com\/#organization"},"inLanguage":"en-US"},{"@type":"Organization","@id":"https:\/\/staging.gravitzero.com\/#organization","name":"GRAVI-T ZERO","url":"https:\/\/staging.gravitzero.com\/","logo":{"@type":"ImageObject","inLanguage":"en-US","@id":"https:\/\/staging.gravitzero.com\/#\/schema\/logo\/image\/","url":"https:\/\/staging.gravitzero.com\/wp-content\/uploads\/2018\/03\/logo-340-156.jpg","contentUrl":"https:\/\/staging.gravitzero.com\/wp-content\/uploads\/2018\/03\/logo-340-156.jpg","width":340,"height":156,"caption":"GRAVI-T ZERO"},"image":{"@id":"https:\/\/staging.gravitzero.com\/#\/schema\/logo\/image\/"},"sameAs":["https:\/\/www.facebook.com\/gravitzero\/"]}]}},"_links":{"self":[{"href":"https:\/\/staging.gravitzero.com\/en\/wp-json\/wp\/v2\/product\/76026","targetHints":{"allow":["GET"]}}],"collection":[{"href":"https:\/\/staging.gravitzero.com\/en\/wp-json\/wp\/v2\/product"}],"about":[{"href":"https:\/\/staging.gravitzero.com\/en\/wp-json\/wp\/v2\/types\/product"}],"version-history":[{"count":16,"href":"https:\/\/staging.gravitzero.com\/en\/wp-json\/wp\/v2\/product\/76026\/revisions"}],"predecessor-version":[{"id":79207,"href":"https:\/\/staging.gravitzero.com\/en\/wp-json\/wp\/v2\/product\/76026\/revisions\/79207"}],"wp:featuredmedia":[{"embeddable":true,"href":"https:\/\/staging.gravitzero.com\/en\/wp-json\/wp\/v2\/media\/43524"}],"wp:attachment":[{"href":"https:\/\/staging.gravitzero.com\/en\/wp-json\/wp\/v2\/media?parent=76026"}],"wp:term":[{"taxonomy":"product_brand","embeddable":true,"href":"https:\/\/staging.gravitzero.com\/en\/wp-json\/wp\/v2\/product_brand?post=76026"},{"taxonomy":"product_cat","embeddable":true,"href":"https:\/\/staging.gravitzero.com\/en\/wp-json\/wp\/v2\/product_cat?post=76026"},{"taxonomy":"product_tag","embeddable":true,"href":"https:\/\/staging.gravitzero.com\/en\/wp-json\/wp\/v2\/product_tag?post=76026"}],"curies":[{"name":"wp","href":"https:\/\/api.w.org\/{rel}","templated":true}]}}