{"id":76021,"date":"2025-05-25T21:26:11","date_gmt":"2025-05-26T01:26:11","guid":{"rendered":"https:\/\/staging.gravitzero.com\/?post_type=product&#038;p=76021"},"modified":"2025-08-28T22:05:57","modified_gmt":"2025-08-29T02:05:57","slug":"travail-en-hauteur-generalites-acces-individuel","status":"publish","type":"product","link":"https:\/\/staging.gravitzero.com\/en\/produit\/travail-en-hauteur-generalites-acces-individuel\/","title":{"rendered":"Travail en hauteur (g\u00e9n\u00e9ralit\u00e9s) &#8211; Individuel"},"content":{"rendered":"<p data-start=\"868\" data-end=\"896\"><strong data-start=\"868\" data-end=\"896\">Ce que vous apprendrez :<\/strong><\/p>\n<ul data-start=\"898\" data-end=\"1491\">\n<li data-start=\"898\" data-end=\"984\">\n<p data-start=\"900\" data-end=\"984\">Les responsabilit\u00e9s de l\u2019employeur et de l\u2019employ\u00e9 en mati\u00e8re de travail en hauteur.<\/p>\n<\/li>\n<li data-start=\"985\" data-end=\"1056\">\n<p data-start=\"987\" data-end=\"1056\">Les risques li\u00e9s aux chutes de hauteur et aux comportements \u00e0 risque.<\/p>\n<\/li>\n<li data-start=\"1057\" data-end=\"1184\">\n<p data-start=\"1059\" data-end=\"1184\">L\u2019identification des diff\u00e9rents types d\u2019\u00e9quipements de protection contre les chutes (harnais, lignes de vie, ancrages, etc.).<\/p>\n<\/li>\n<li data-start=\"1185\" data-end=\"1273\">\n<p data-start=\"1187\" data-end=\"1273\">Les principes de s\u00e9lection, d\u2019ajustement et d\u2019utilisation ad\u00e9quate de ces \u00e9quipements.<\/p>\n<\/li>\n<li data-start=\"1274\" data-end=\"1322\">\n<p data-start=\"1276\" data-end=\"1322\">Les proc\u00e9dures d\u2019inspection avant utilisation.<\/p>\n<\/li>\n<li data-start=\"1323\" data-end=\"1424\">\n<p data-start=\"1325\" data-end=\"1424\">Les r\u00e8gles de s\u00e9curit\u00e9 g\u00e9n\u00e9rales et les bonnes pratiques sur les chantiers ou en milieu industriel.<\/p>\n<\/li>\n<li data-start=\"1425\" data-end=\"1491\">\n<p data-start=\"1427\" data-end=\"1491\">La planification du travail en hauteur et les mesures d\u2019urgence.<\/p>\n<\/li>\n<\/ul>\n<p data-start=\"1493\" data-end=\"1827\" data-is-last-node=\"\" data-is-only-node=\"\">Cette formation constitue une \u00e9tape essentielle pour toute personne appel\u00e9e \u00e0 travailler en hauteur. Elle permet d\u2019acqu\u00e9rir les connaissances th\u00e9oriques n\u00e9cessaires pour r\u00e9duire les risques et se conformer aux exigences r\u00e9glementaires.<\/p>\n","protected":false},"excerpt":{"rendered":"<p>La formation en ligne \u00ab\u202fTravail en hauteur \u2013 Formation g\u00e9n\u00e9rale (protection contre les chutes)\u202f\u00bb de GRAVI-T ZERO est con\u00e7ue pour initier les travailleurs aux <strong data-start=\"653\" data-end=\"716\">principes de base d\u2019une intervention s\u00e9curitaire en hauteur<\/strong>.<\/p>\n<p>Offerte sans pr\u00e9requis, elle propose une formule 100\u202f% en ligne, id\u00e9ale pour apprendre \u00e0 son propre rythme, depuis le lieu de travail ou \u00e0 domicile.<\/p>\n<p><span style=\"color: #800000;\"><strong>Un volet d&#8217;initiation technique (pratique) devrait compl\u00e9ter ce cours.<\/strong><\/span><\/p>\n<p style=\"margin: 24px 0;\">Si vous souhaitez acheter plusieurs acc\u00e8s pour une entreprise, cliquez sur ce produit :<br \/>\n<a style=\"font-size: 24px; text-decoration: underline;\" href=\"https:\/\/staging.gravitzero.com\/produit\/travail-en-hauteur-generalites-offre-pour-entreprises\/\"><br \/>\n<strong>Travail en hauteur \u2013 Achat d\u2019acc\u00e8s entreprise<\/strong><br \/>\n<\/a><\/p>\n","protected":false},"featured_media":74456,"template":"","meta":{"_acf_changed":false,"_price":"80","_stock":"","_tribe_ticket_header":"","_tribe_default_ticket_provider":"","_ticket_start_date":"","_ticket_end_date":"","_tribe_ticket_show_description":"","_tribe_ticket_show_not_going":false,"_tribe_ticket_use_global_stock":"","_tribe_ticket_global_stock_level":"","_global_stock_mode":"","_global_stock_cap":"","_tribe_rsvp_for_event":"","_tribe_ticket_going_count":"","_tribe_ticket_not_going_count":"","_tribe_tickets_list":"[]","_tribe_ticket_has_attendee_info_fields":false,"_tec_slr_enabled":"","_tec_slr_layout":""},"product_brand":[],"product_cat":[2031,42],"product_tag":[],"class_list":{"0":"post-76021","1":"product","2":"type-product","3":"status-publish","4":"has-post-thumbnail","6":"product_cat-formation-en-ligne-individuelle","7":"product_cat-travail-en-hauteur-en-ligne","9":"first","10":"instock","11":"virtual","12":"sold-individually","13":"taxable","14":"purchasable","15":"product-type-simple"},"acf":[],"yoast_head":"<!-- This site is optimized with the Yoast SEO Premium plugin v26.7 (Yoast SEO v26.7) - https:\/\/yoast.com\/wordpress\/plugins\/seo\/ -->\n<title>Travail en hauteur (g\u00e9n\u00e9ralit\u00e9s) - Individuel | GRAVI-T ZERO<\/title>\n<meta name=\"robots\" content=\"index, follow, max-snippet:-1, max-image-preview:large, max-video-preview:-1\" \/>\n<link rel=\"canonical\" href=\"https:\/\/staging.gravitzero.com\/produit\/travail-en-hauteur-generalites-acces-individuel\/\" \/>\n<meta property=\"og:locale\" content=\"en_US\" \/>\n<meta property=\"og:type\" content=\"article\" \/>\n<meta property=\"og:title\" content=\"Travail en hauteur (g\u00e9n\u00e9ralit\u00e9s) - Individuel\" \/>\n<meta property=\"og:description\" content=\"La formation en ligne \u00ab\u202fTravail en hauteur \u2013 Formation g\u00e9n\u00e9rale (protection contre les chutes)\u202f\u00bb de GRAVI-T ZERO est con\u00e7ue pour initier les travailleurs aux principes de base d\u2019une intervention s\u00e9curitaire en hauteur.  Offerte sans pr\u00e9requis, elle propose une formule 100\u202f% en ligne, id\u00e9ale pour apprendre \u00e0 son propre rythme, depuis le lieu de travail ou \u00e0 domicile.  Un volet d&#039;initiation technique (pratique) devrait compl\u00e9ter ce cours. Si vous souhaitez acheter plusieurs acc\u00e8s pour une entreprise, cliquez sur ce produit :  Travail en hauteur \u2013 Achat d\u2019acc\u00e8s entreprise\" \/>\n<meta property=\"og:url\" content=\"https:\/\/staging.gravitzero.com\/produit\/travail-en-hauteur-generalites-acces-individuel\/\" \/>\n<meta property=\"og:site_name\" content=\"GRAVI-T ZERO\" \/>\n<meta property=\"article:publisher\" content=\"https:\/\/www.facebook.com\/gravitzero\/\" \/>\n<meta property=\"article:modified_time\" content=\"2025-08-29T02:05:57+00:00\" \/>\n<meta property=\"og:image\" content=\"https:\/\/staging.gravitzero.com\/wp-content\/uploads\/2025\/05\/DSC_0191-scaled-e1747361319899.jpg\" \/>\n\t<meta property=\"og:image:width\" content=\"1140\" \/>\n\t<meta property=\"og:image:height\" content=\"1092\" \/>\n\t<meta property=\"og:image:type\" content=\"image\/jpeg\" \/>\n<meta name=\"twitter:card\" content=\"summary_large_image\" \/>\n<meta name=\"twitter:label1\" content=\"Est. reading time\" \/>\n\t<meta name=\"twitter:data1\" content=\"1 minute\" \/>\n<script type=\"application\/ld+json\" class=\"yoast-schema-graph\">{\"@context\":\"https:\/\/schema.org\",\"@graph\":[{\"@type\":\"WebPage\",\"@id\":\"https:\/\/staging.gravitzero.com\/produit\/travail-en-hauteur-generalites-acces-individuel\/\",\"url\":\"https:\/\/staging.gravitzero.com\/produit\/travail-en-hauteur-generalites-acces-individuel\/\",\"name\":\"Travail en hauteur (g\u00e9n\u00e9ralit\u00e9s) - Individuel | GRAVI-T ZERO\",\"isPartOf\":{\"@id\":\"https:\/\/staging.gravitzero.com\/#website\"},\"primaryImageOfPage\":{\"@id\":\"https:\/\/staging.gravitzero.com\/produit\/travail-en-hauteur-generalites-acces-individuel\/#primaryimage\"},\"image\":{\"@id\":\"https:\/\/staging.gravitzero.com\/produit\/travail-en-hauteur-generalites-acces-individuel\/#primaryimage\"},\"thumbnailUrl\":\"https:\/\/staging.gravitzero.com\/wp-content\/uploads\/2025\/05\/DSC_0191-scaled-e1747361319899.jpg\",\"datePublished\":\"2025-05-26T01:26:11+00:00\",\"dateModified\":\"2025-08-29T02:05:57+00:00\",\"breadcrumb\":{\"@id\":\"https:\/\/staging.gravitzero.com\/produit\/travail-en-hauteur-generalites-acces-individuel\/#breadcrumb\"},\"inLanguage\":\"en-US\",\"potentialAction\":[{\"@type\":\"ReadAction\",\"target\":[\"https:\/\/staging.gravitzero.com\/produit\/travail-en-hauteur-generalites-acces-individuel\/\"]}]},{\"@type\":\"ImageObject\",\"inLanguage\":\"en-US\",\"@id\":\"https:\/\/staging.gravitzero.com\/produit\/travail-en-hauteur-generalites-acces-individuel\/#primaryimage\",\"url\":\"https:\/\/staging.gravitzero.com\/wp-content\/uploads\/2025\/05\/DSC_0191-scaled-e1747361319899.jpg\",\"contentUrl\":\"https:\/\/staging.gravitzero.com\/wp-content\/uploads\/2025\/05\/DSC_0191-scaled-e1747361319899.jpg\",\"width\":1140,\"height\":1092},{\"@type\":\"BreadcrumbList\",\"@id\":\"https:\/\/staging.gravitzero.com\/produit\/travail-en-hauteur-generalites-acces-individuel\/#breadcrumb\",\"itemListElement\":[{\"@type\":\"ListItem\",\"position\":1,\"name\":\"Accueil\",\"item\":\"https:\/\/staging.gravitzero.com\/\"},{\"@type\":\"ListItem\",\"position\":2,\"name\":\"Shop\",\"item\":\"https:\/\/staging.gravitzero.com\/en\/shop\/\"},{\"@type\":\"ListItem\",\"position\":3,\"name\":\"Formation en ligne individuelle\",\"item\":\"https:\/\/staging.gravitzero.com\/categorie-produit\/formation-en-ligne-individuelle\/\"},{\"@type\":\"ListItem\",\"position\":4,\"name\":\"Travail en hauteur (g\u00e9n\u00e9ralit\u00e9s) &#8211; Individuel\"}]},{\"@type\":\"WebSite\",\"@id\":\"https:\/\/staging.gravitzero.com\/#website\",\"url\":\"https:\/\/staging.gravitzero.com\/\",\"name\":\"GRAVI-T ZERO\",\"description\":\"Entreprise de formation en sant\u00e9 et s\u00e9curit\u00e9 au travail\",\"publisher\":{\"@id\":\"https:\/\/staging.gravitzero.com\/#organization\"},\"inLanguage\":\"en-US\"},{\"@type\":\"Organization\",\"@id\":\"https:\/\/staging.gravitzero.com\/#organization\",\"name\":\"GRAVI-T ZERO\",\"url\":\"https:\/\/staging.gravitzero.com\/\",\"logo\":{\"@type\":\"ImageObject\",\"inLanguage\":\"en-US\",\"@id\":\"https:\/\/staging.gravitzero.com\/#\/schema\/logo\/image\/\",\"url\":\"https:\/\/staging.gravitzero.com\/wp-content\/uploads\/2018\/03\/logo-340-156.jpg\",\"contentUrl\":\"https:\/\/staging.gravitzero.com\/wp-content\/uploads\/2018\/03\/logo-340-156.jpg\",\"width\":340,\"height\":156,\"caption\":\"GRAVI-T ZERO\"},\"image\":{\"@id\":\"https:\/\/staging.gravitzero.com\/#\/schema\/logo\/image\/\"},\"sameAs\":[\"https:\/\/www.facebook.com\/gravitzero\/\"]}]}<\/script>\n<!-- \/ Yoast SEO Premium plugin. -->","yoast_head_json":{"title":"Travail en hauteur (g\u00e9n\u00e9ralit\u00e9s) - Individuel | GRAVI-T ZERO","robots":{"index":"index","follow":"follow","max-snippet":"max-snippet:-1","max-image-preview":"max-image-preview:large","max-video-preview":"max-video-preview:-1"},"canonical":"https:\/\/staging.gravitzero.com\/produit\/travail-en-hauteur-generalites-acces-individuel\/","og_locale":"en_US","og_type":"article","og_title":"Travail en hauteur (g\u00e9n\u00e9ralit\u00e9s) - Individuel","og_description":"La formation en ligne \u00ab\u202fTravail en hauteur \u2013 Formation g\u00e9n\u00e9rale (protection contre les chutes)\u202f\u00bb de GRAVI-T ZERO est con\u00e7ue pour initier les travailleurs aux principes de base d\u2019une intervention s\u00e9curitaire en hauteur.  Offerte sans pr\u00e9requis, elle propose une formule 100\u202f% en ligne, id\u00e9ale pour apprendre \u00e0 son propre rythme, depuis le lieu de travail ou \u00e0 domicile.  Un volet d'initiation technique (pratique) devrait compl\u00e9ter ce cours. Si vous souhaitez acheter plusieurs acc\u00e8s pour une entreprise, cliquez sur ce produit :  Travail en hauteur \u2013 Achat d\u2019acc\u00e8s entreprise","og_url":"https:\/\/staging.gravitzero.com\/produit\/travail-en-hauteur-generalites-acces-individuel\/","og_site_name":"GRAVI-T ZERO","article_publisher":"https:\/\/www.facebook.com\/gravitzero\/","article_modified_time":"2025-08-29T02:05:57+00:00","og_image":[{"width":1140,"height":1092,"url":"https:\/\/staging.gravitzero.com\/wp-content\/uploads\/2025\/05\/DSC_0191-scaled-e1747361319899.jpg","type":"image\/jpeg"}],"twitter_card":"summary_large_image","twitter_misc":{"Est. reading time":"1 minute"},"schema":{"@context":"https:\/\/schema.org","@graph":[{"@type":"WebPage","@id":"https:\/\/staging.gravitzero.com\/produit\/travail-en-hauteur-generalites-acces-individuel\/","url":"https:\/\/staging.gravitzero.com\/produit\/travail-en-hauteur-generalites-acces-individuel\/","name":"Travail en hauteur (g\u00e9n\u00e9ralit\u00e9s) - Individuel | GRAVI-T ZERO","isPartOf":{"@id":"https:\/\/staging.gravitzero.com\/#website"},"primaryImageOfPage":{"@id":"https:\/\/staging.gravitzero.com\/produit\/travail-en-hauteur-generalites-acces-individuel\/#primaryimage"},"image":{"@id":"https:\/\/staging.gravitzero.com\/produit\/travail-en-hauteur-generalites-acces-individuel\/#primaryimage"},"thumbnailUrl":"https:\/\/staging.gravitzero.com\/wp-content\/uploads\/2025\/05\/DSC_0191-scaled-e1747361319899.jpg","datePublished":"2025-05-26T01:26:11+00:00","dateModified":"2025-08-29T02:05:57+00:00","breadcrumb":{"@id":"https:\/\/staging.gravitzero.com\/produit\/travail-en-hauteur-generalites-acces-individuel\/#breadcrumb"},"inLanguage":"en-US","potentialAction":[{"@type":"ReadAction","target":["https:\/\/staging.gravitzero.com\/produit\/travail-en-hauteur-generalites-acces-individuel\/"]}]},{"@type":"ImageObject","inLanguage":"en-US","@id":"https:\/\/staging.gravitzero.com\/produit\/travail-en-hauteur-generalites-acces-individuel\/#primaryimage","url":"https:\/\/staging.gravitzero.com\/wp-content\/uploads\/2025\/05\/DSC_0191-scaled-e1747361319899.jpg","contentUrl":"https:\/\/staging.gravitzero.com\/wp-content\/uploads\/2025\/05\/DSC_0191-scaled-e1747361319899.jpg","width":1140,"height":1092},{"@type":"BreadcrumbList","@id":"https:\/\/staging.gravitzero.com\/produit\/travail-en-hauteur-generalites-acces-individuel\/#breadcrumb","itemListElement":[{"@type":"ListItem","position":1,"name":"Accueil","item":"https:\/\/staging.gravitzero.com\/"},{"@type":"ListItem","position":2,"name":"Shop","item":"https:\/\/staging.gravitzero.com\/en\/shop\/"},{"@type":"ListItem","position":3,"name":"Formation en ligne individuelle","item":"https:\/\/staging.gravitzero.com\/categorie-produit\/formation-en-ligne-individuelle\/"},{"@type":"ListItem","position":4,"name":"Travail en hauteur (g\u00e9n\u00e9ralit\u00e9s) &#8211; Individuel"}]},{"@type":"WebSite","@id":"https:\/\/staging.gravitzero.com\/#website","url":"https:\/\/staging.gravitzero.com\/","name":"GRAVI-T ZERO","description":"Entreprise de formation en sant\u00e9 et s\u00e9curit\u00e9 au travail","publisher":{"@id":"https:\/\/staging.gravitzero.com\/#organization"},"inLanguage":"en-US"},{"@type":"Organization","@id":"https:\/\/staging.gravitzero.com\/#organization","name":"GRAVI-T ZERO","url":"https:\/\/staging.gravitzero.com\/","logo":{"@type":"ImageObject","inLanguage":"en-US","@id":"https:\/\/staging.gravitzero.com\/#\/schema\/logo\/image\/","url":"https:\/\/staging.gravitzero.com\/wp-content\/uploads\/2018\/03\/logo-340-156.jpg","contentUrl":"https:\/\/staging.gravitzero.com\/wp-content\/uploads\/2018\/03\/logo-340-156.jpg","width":340,"height":156,"caption":"GRAVI-T ZERO"},"image":{"@id":"https:\/\/staging.gravitzero.com\/#\/schema\/logo\/image\/"},"sameAs":["https:\/\/www.facebook.com\/gravitzero\/"]}]}},"_links":{"self":[{"href":"https:\/\/staging.gravitzero.com\/en\/wp-json\/wp\/v2\/product\/76021","targetHints":{"allow":["GET"]}}],"collection":[{"href":"https:\/\/staging.gravitzero.com\/en\/wp-json\/wp\/v2\/product"}],"about":[{"href":"https:\/\/staging.gravitzero.com\/en\/wp-json\/wp\/v2\/types\/product"}],"version-history":[{"count":22,"href":"https:\/\/staging.gravitzero.com\/en\/wp-json\/wp\/v2\/product\/76021\/revisions"}],"predecessor-version":[{"id":79225,"href":"https:\/\/staging.gravitzero.com\/en\/wp-json\/wp\/v2\/product\/76021\/revisions\/79225"}],"wp:featuredmedia":[{"embeddable":true,"href":"https:\/\/staging.gravitzero.com\/en\/wp-json\/wp\/v2\/media\/74456"}],"wp:attachment":[{"href":"https:\/\/staging.gravitzero.com\/en\/wp-json\/wp\/v2\/media?parent=76021"}],"wp:term":[{"taxonomy":"product_brand","embeddable":true,"href":"https:\/\/staging.gravitzero.com\/en\/wp-json\/wp\/v2\/product_brand?post=76021"},{"taxonomy":"product_cat","embeddable":true,"href":"https:\/\/staging.gravitzero.com\/en\/wp-json\/wp\/v2\/product_cat?post=76021"},{"taxonomy":"product_tag","embeddable":true,"href":"https:\/\/staging.gravitzero.com\/en\/wp-json\/wp\/v2\/product_tag?post=76021"}],"curies":[{"name":"wp","href":"https:\/\/api.w.org\/{rel}","templated":true}]}}