{"id":75870,"date":"2025-05-22T18:44:39","date_gmt":"2025-05-22T22:44:39","guid":{"rendered":"https:\/\/staging.gravitzero.com\/?post_type=product&#038;p=75870"},"modified":"2025-05-22T19:08:49","modified_gmt":"2025-05-22T23:08:49","slug":"sangles-de-relaxation-anti-traumatisme-de-suspension","status":"publish","type":"product","link":"https:\/\/staging.gravitzero.com\/en\/produit\/sangles-de-relaxation-anti-traumatisme-de-suspension\/","title":{"rendered":"Sangles de relaxation anti-traumatisme de suspension"},"content":{"rendered":"","protected":false},"excerpt":{"rendered":"<p>Sangles de relaxation amovibles.<br \/>\nPeuvent se fixer sur le harnais.<br \/>\nHG-1540STS<\/p>\n<p><strong data-start=\"334\" data-end=\"409\">Des frais d\u2019exp\u00e9dition peuvent s\u2019appliquer selon votre localisation.<\/strong><br data-start=\"409\" data-end=\"412\" \/>Le tarif sera calcul\u00e9 automatiquement lors du passage \u00e0 la caisse.<\/p>\n","protected":false},"featured_media":74982,"template":"","meta":{"_acf_changed":false,"_price":"103.95","_stock":"100","_tribe_ticket_header":"","_tribe_default_ticket_provider":"","_ticket_start_date":"","_ticket_end_date":"","_tribe_ticket_show_description":"","_tribe_ticket_show_not_going":false,"_tribe_ticket_use_global_stock":"","_tribe_ticket_global_stock_level":"","_global_stock_mode":"","_global_stock_cap":"","_tribe_rsvp_for_event":"","_tribe_ticket_going_count":"","_tribe_ticket_not_going_count":"","_tribe_tickets_list":"[]","_tribe_ticket_has_attendee_info_fields":false,"_tec_slr_enabled":"","_tec_slr_layout":""},"product_brand":[],"product_cat":[1956,2006],"product_tag":[],"class_list":{"0":"post-75870","1":"product","2":"type-product","3":"status-publish","4":"has-post-thumbnail","6":"product_cat-equipements","7":"product_cat-sangles-de-relaxation-anti-trauma","9":"first","10":"instock","11":"taxable","12":"shipping-taxable","13":"purchasable","14":"product-type-simple"},"acf":[],"yoast_head":"<!-- This site is optimized with the Yoast SEO Premium plugin v26.7 (Yoast SEO v26.7) - https:\/\/yoast.com\/wordpress\/plugins\/seo\/ -->\n<title>Sangles de relaxation anti-traumatisme de suspension | GRAVI-T ZERO<\/title>\n<meta name=\"robots\" content=\"index, follow, max-snippet:-1, max-image-preview:large, max-video-preview:-1\" \/>\n<link rel=\"canonical\" href=\"https:\/\/staging.gravitzero.com\/produit\/sangles-de-relaxation-anti-traumatisme-de-suspension\/\" \/>\n<meta property=\"og:locale\" content=\"en_US\" \/>\n<meta property=\"og:type\" content=\"article\" \/>\n<meta property=\"og:title\" content=\"Sangles de relaxation anti-traumatisme de suspension\" \/>\n<meta property=\"og:description\" content=\"Sangles de relaxation amovibles. Peuvent se fixer sur le harnais. HG-1540STS  Des frais d\u2019exp\u00e9dition peuvent s\u2019appliquer selon votre localisation.Le tarif sera calcul\u00e9 automatiquement lors du passage \u00e0 la caisse.\" \/>\n<meta property=\"og:url\" content=\"https:\/\/staging.gravitzero.com\/produit\/sangles-de-relaxation-anti-traumatisme-de-suspension\/\" \/>\n<meta property=\"og:site_name\" content=\"GRAVI-T ZERO\" \/>\n<meta property=\"article:publisher\" content=\"https:\/\/www.facebook.com\/gravitzero\/\" \/>\n<meta property=\"article:modified_time\" content=\"2025-05-22T23:08:49+00:00\" \/>\n<meta property=\"og:image\" content=\"https:\/\/staging.gravitzero.com\/wp-content\/uploads\/2025\/05\/SANGLE-DE-SECURITE-ANTI-TRAUMATISME-DE-SUSPENSION.png\" \/>\n\t<meta property=\"og:image:width\" content=\"448\" \/>\n\t<meta property=\"og:image:height\" content=\"399\" \/>\n\t<meta property=\"og:image:type\" content=\"image\/png\" \/>\n<meta name=\"twitter:card\" content=\"summary_large_image\" \/>\n<meta name=\"twitter:label1\" content=\"Est. reading time\" \/>\n\t<meta name=\"twitter:data1\" content=\"1 minute\" \/>\n<script type=\"application\/ld+json\" class=\"yoast-schema-graph\">{\"@context\":\"https:\/\/schema.org\",\"@graph\":[{\"@type\":\"WebPage\",\"@id\":\"https:\/\/staging.gravitzero.com\/produit\/sangles-de-relaxation-anti-traumatisme-de-suspension\/\",\"url\":\"https:\/\/staging.gravitzero.com\/produit\/sangles-de-relaxation-anti-traumatisme-de-suspension\/\",\"name\":\"Sangles de relaxation anti-traumatisme de suspension | GRAVI-T ZERO\",\"isPartOf\":{\"@id\":\"https:\/\/staging.gravitzero.com\/#website\"},\"primaryImageOfPage\":{\"@id\":\"https:\/\/staging.gravitzero.com\/produit\/sangles-de-relaxation-anti-traumatisme-de-suspension\/#primaryimage\"},\"image\":{\"@id\":\"https:\/\/staging.gravitzero.com\/produit\/sangles-de-relaxation-anti-traumatisme-de-suspension\/#primaryimage\"},\"thumbnailUrl\":\"https:\/\/staging.gravitzero.com\/wp-content\/uploads\/2025\/05\/SANGLE-DE-SECURITE-ANTI-TRAUMATISME-DE-SUSPENSION.png\",\"datePublished\":\"2025-05-22T22:44:39+00:00\",\"dateModified\":\"2025-05-22T23:08:49+00:00\",\"breadcrumb\":{\"@id\":\"https:\/\/staging.gravitzero.com\/produit\/sangles-de-relaxation-anti-traumatisme-de-suspension\/#breadcrumb\"},\"inLanguage\":\"en-US\",\"potentialAction\":[{\"@type\":\"ReadAction\",\"target\":[\"https:\/\/staging.gravitzero.com\/produit\/sangles-de-relaxation-anti-traumatisme-de-suspension\/\"]}]},{\"@type\":\"ImageObject\",\"inLanguage\":\"en-US\",\"@id\":\"https:\/\/staging.gravitzero.com\/produit\/sangles-de-relaxation-anti-traumatisme-de-suspension\/#primaryimage\",\"url\":\"https:\/\/staging.gravitzero.com\/wp-content\/uploads\/2025\/05\/SANGLE-DE-SECURITE-ANTI-TRAUMATISME-DE-SUSPENSION.png\",\"contentUrl\":\"https:\/\/staging.gravitzero.com\/wp-content\/uploads\/2025\/05\/SANGLE-DE-SECURITE-ANTI-TRAUMATISME-DE-SUSPENSION.png\",\"width\":448,\"height\":399},{\"@type\":\"BreadcrumbList\",\"@id\":\"https:\/\/staging.gravitzero.com\/produit\/sangles-de-relaxation-anti-traumatisme-de-suspension\/#breadcrumb\",\"itemListElement\":[{\"@type\":\"ListItem\",\"position\":1,\"name\":\"Accueil\",\"item\":\"https:\/\/staging.gravitzero.com\/\"},{\"@type\":\"ListItem\",\"position\":2,\"name\":\"Shop\",\"item\":\"https:\/\/staging.gravitzero.com\/en\/shop\/\"},{\"@type\":\"ListItem\",\"position\":3,\"name\":\"\u00c9quipements\",\"item\":\"https:\/\/staging.gravitzero.com\/categorie-produit\/equipements\/\"},{\"@type\":\"ListItem\",\"position\":4,\"name\":\"Sangles de relaxation anti-traumatisme de suspension\"}]},{\"@type\":\"WebSite\",\"@id\":\"https:\/\/staging.gravitzero.com\/#website\",\"url\":\"https:\/\/staging.gravitzero.com\/\",\"name\":\"GRAVI-T ZERO\",\"description\":\"Entreprise de formation en sant\u00e9 et s\u00e9curit\u00e9 au travail\",\"publisher\":{\"@id\":\"https:\/\/staging.gravitzero.com\/#organization\"},\"inLanguage\":\"en-US\"},{\"@type\":\"Organization\",\"@id\":\"https:\/\/staging.gravitzero.com\/#organization\",\"name\":\"GRAVI-T ZERO\",\"url\":\"https:\/\/staging.gravitzero.com\/\",\"logo\":{\"@type\":\"ImageObject\",\"inLanguage\":\"en-US\",\"@id\":\"https:\/\/staging.gravitzero.com\/#\/schema\/logo\/image\/\",\"url\":\"https:\/\/staging.gravitzero.com\/wp-content\/uploads\/2018\/03\/logo-340-156.jpg\",\"contentUrl\":\"https:\/\/staging.gravitzero.com\/wp-content\/uploads\/2018\/03\/logo-340-156.jpg\",\"width\":340,\"height\":156,\"caption\":\"GRAVI-T ZERO\"},\"image\":{\"@id\":\"https:\/\/staging.gravitzero.com\/#\/schema\/logo\/image\/\"},\"sameAs\":[\"https:\/\/www.facebook.com\/gravitzero\/\"]}]}<\/script>\n<!-- \/ Yoast SEO Premium plugin. -->","yoast_head_json":{"title":"Sangles de relaxation anti-traumatisme de suspension | GRAVI-T ZERO","robots":{"index":"index","follow":"follow","max-snippet":"max-snippet:-1","max-image-preview":"max-image-preview:large","max-video-preview":"max-video-preview:-1"},"canonical":"https:\/\/staging.gravitzero.com\/produit\/sangles-de-relaxation-anti-traumatisme-de-suspension\/","og_locale":"en_US","og_type":"article","og_title":"Sangles de relaxation anti-traumatisme de suspension","og_description":"Sangles de relaxation amovibles. Peuvent se fixer sur le harnais. HG-1540STS  Des frais d\u2019exp\u00e9dition peuvent s\u2019appliquer selon votre localisation.Le tarif sera calcul\u00e9 automatiquement lors du passage \u00e0 la caisse.","og_url":"https:\/\/staging.gravitzero.com\/produit\/sangles-de-relaxation-anti-traumatisme-de-suspension\/","og_site_name":"GRAVI-T ZERO","article_publisher":"https:\/\/www.facebook.com\/gravitzero\/","article_modified_time":"2025-05-22T23:08:49+00:00","og_image":[{"width":448,"height":399,"url":"https:\/\/staging.gravitzero.com\/wp-content\/uploads\/2025\/05\/SANGLE-DE-SECURITE-ANTI-TRAUMATISME-DE-SUSPENSION.png","type":"image\/png"}],"twitter_card":"summary_large_image","twitter_misc":{"Est. reading time":"1 minute"},"schema":{"@context":"https:\/\/schema.org","@graph":[{"@type":"WebPage","@id":"https:\/\/staging.gravitzero.com\/produit\/sangles-de-relaxation-anti-traumatisme-de-suspension\/","url":"https:\/\/staging.gravitzero.com\/produit\/sangles-de-relaxation-anti-traumatisme-de-suspension\/","name":"Sangles de relaxation anti-traumatisme de suspension | GRAVI-T ZERO","isPartOf":{"@id":"https:\/\/staging.gravitzero.com\/#website"},"primaryImageOfPage":{"@id":"https:\/\/staging.gravitzero.com\/produit\/sangles-de-relaxation-anti-traumatisme-de-suspension\/#primaryimage"},"image":{"@id":"https:\/\/staging.gravitzero.com\/produit\/sangles-de-relaxation-anti-traumatisme-de-suspension\/#primaryimage"},"thumbnailUrl":"https:\/\/staging.gravitzero.com\/wp-content\/uploads\/2025\/05\/SANGLE-DE-SECURITE-ANTI-TRAUMATISME-DE-SUSPENSION.png","datePublished":"2025-05-22T22:44:39+00:00","dateModified":"2025-05-22T23:08:49+00:00","breadcrumb":{"@id":"https:\/\/staging.gravitzero.com\/produit\/sangles-de-relaxation-anti-traumatisme-de-suspension\/#breadcrumb"},"inLanguage":"en-US","potentialAction":[{"@type":"ReadAction","target":["https:\/\/staging.gravitzero.com\/produit\/sangles-de-relaxation-anti-traumatisme-de-suspension\/"]}]},{"@type":"ImageObject","inLanguage":"en-US","@id":"https:\/\/staging.gravitzero.com\/produit\/sangles-de-relaxation-anti-traumatisme-de-suspension\/#primaryimage","url":"https:\/\/staging.gravitzero.com\/wp-content\/uploads\/2025\/05\/SANGLE-DE-SECURITE-ANTI-TRAUMATISME-DE-SUSPENSION.png","contentUrl":"https:\/\/staging.gravitzero.com\/wp-content\/uploads\/2025\/05\/SANGLE-DE-SECURITE-ANTI-TRAUMATISME-DE-SUSPENSION.png","width":448,"height":399},{"@type":"BreadcrumbList","@id":"https:\/\/staging.gravitzero.com\/produit\/sangles-de-relaxation-anti-traumatisme-de-suspension\/#breadcrumb","itemListElement":[{"@type":"ListItem","position":1,"name":"Accueil","item":"https:\/\/staging.gravitzero.com\/"},{"@type":"ListItem","position":2,"name":"Shop","item":"https:\/\/staging.gravitzero.com\/en\/shop\/"},{"@type":"ListItem","position":3,"name":"\u00c9quipements","item":"https:\/\/staging.gravitzero.com\/categorie-produit\/equipements\/"},{"@type":"ListItem","position":4,"name":"Sangles de relaxation anti-traumatisme de suspension"}]},{"@type":"WebSite","@id":"https:\/\/staging.gravitzero.com\/#website","url":"https:\/\/staging.gravitzero.com\/","name":"GRAVI-T ZERO","description":"Entreprise de formation en sant\u00e9 et s\u00e9curit\u00e9 au travail","publisher":{"@id":"https:\/\/staging.gravitzero.com\/#organization"},"inLanguage":"en-US"},{"@type":"Organization","@id":"https:\/\/staging.gravitzero.com\/#organization","name":"GRAVI-T ZERO","url":"https:\/\/staging.gravitzero.com\/","logo":{"@type":"ImageObject","inLanguage":"en-US","@id":"https:\/\/staging.gravitzero.com\/#\/schema\/logo\/image\/","url":"https:\/\/staging.gravitzero.com\/wp-content\/uploads\/2018\/03\/logo-340-156.jpg","contentUrl":"https:\/\/staging.gravitzero.com\/wp-content\/uploads\/2018\/03\/logo-340-156.jpg","width":340,"height":156,"caption":"GRAVI-T ZERO"},"image":{"@id":"https:\/\/staging.gravitzero.com\/#\/schema\/logo\/image\/"},"sameAs":["https:\/\/www.facebook.com\/gravitzero\/"]}]}},"_links":{"self":[{"href":"https:\/\/staging.gravitzero.com\/en\/wp-json\/wp\/v2\/product\/75870","targetHints":{"allow":["GET"]}}],"collection":[{"href":"https:\/\/staging.gravitzero.com\/en\/wp-json\/wp\/v2\/product"}],"about":[{"href":"https:\/\/staging.gravitzero.com\/en\/wp-json\/wp\/v2\/types\/product"}],"version-history":[{"count":2,"href":"https:\/\/staging.gravitzero.com\/en\/wp-json\/wp\/v2\/product\/75870\/revisions"}],"predecessor-version":[{"id":75872,"href":"https:\/\/staging.gravitzero.com\/en\/wp-json\/wp\/v2\/product\/75870\/revisions\/75872"}],"wp:featuredmedia":[{"embeddable":true,"href":"https:\/\/staging.gravitzero.com\/en\/wp-json\/wp\/v2\/media\/74982"}],"wp:attachment":[{"href":"https:\/\/staging.gravitzero.com\/en\/wp-json\/wp\/v2\/media?parent=75870"}],"wp:term":[{"taxonomy":"product_brand","embeddable":true,"href":"https:\/\/staging.gravitzero.com\/en\/wp-json\/wp\/v2\/product_brand?post=75870"},{"taxonomy":"product_cat","embeddable":true,"href":"https:\/\/staging.gravitzero.com\/en\/wp-json\/wp\/v2\/product_cat?post=75870"},{"taxonomy":"product_tag","embeddable":true,"href":"https:\/\/staging.gravitzero.com\/en\/wp-json\/wp\/v2\/product_tag?post=75870"}],"curies":[{"name":"wp","href":"https:\/\/api.w.org\/{rel}","templated":true}]}}