{"id":75855,"date":"2025-05-22T17:47:14","date_gmt":"2025-05-22T21:47:14","guid":{"rendered":"https:\/\/staging.gravitzero.com\/?post_type=product&#038;p=75855"},"modified":"2025-05-22T18:57:36","modified_gmt":"2025-05-22T22:57:36","slug":"longe-simple-amortisseur-de-choc-petit-crochet-regulier-et-crochet-dechafaudage-1-8-m-6-pi","status":"publish","type":"product","link":"https:\/\/staging.gravitzero.com\/en\/produit\/longe-simple-amortisseur-de-choc-petit-crochet-regulier-et-crochet-dechafaudage-1-8-m-6-pi\/","title":{"rendered":"Longe simple amortisseur de choc, petit crochet r\u00e9gulier et crochet d\u2019\u00e9chafaudage, 1.8 m (6 pi)"},"content":{"rendered":"<p data-start=\"342\" data-end=\"653\">Longe simple HiiGARD avec crochet standard en acier \u00e0 une extr\u00e9mit\u00e9 et crochet d\u2019\u00e9chafaudage en acier \u00e0 l\u2019autre extr\u00e9mit\u00e9.<br \/>\nLes crochets de cette longes sont fabriqu\u00e9s en alliage d\u2019acier et sont certifi\u00e9s CSA , leurs porti\u00e8res ont une capacit\u00e9 de 16 kN (3600 lb).<br \/>\nD\u2019une longueur de 6 pi (1,8m), la longe HiiGARD est compos\u00e9e d\u2019un absorbeur d\u2019\u00e9nergie d\u2019un intervalle de capacit\u00e9 de: min 68.1 kg (150 lb) max 140 kg (310 lb).<br \/>\nSes sangles sont fabriqu\u00e9es avec un polyester de grade industriel lui conf\u00e9rant une durabilit\u00e9 exceptionnelle lorsque soumis aux travaux les plus rigoureux.<\/p>\n<p>Caract\u00e9ristiques:<\/p>\n<ul>\n<li>Crochet standard et 1 crochets d\u2019\u00e9chafaudage avec porti\u00e8res d\u2019une capacit\u00e9 de 16kN (3600 lb), certifi\u00e9s CSA<\/li>\n<li>Intervalle de classe de poids (capacit\u00e9 de charge totale) min 68.1 kg (150 lb) max 140 kg (310 lb)<\/li>\n<li>Longueur de 1.83m (6\u2032)<\/li>\n<li>Absorbeur d\u2019\u00e9nergie avec \u00e9tiquette prot\u00e9g\u00e9e par une enveloppe de PVC<\/li>\n<li>D\u00e9ploiement maximal de l\u2019absorbeur d\u2019\u00e9nergie de 1.50 m (4.92 pi)<\/li>\n<li>Certifi\u00e9e CSA Z259.11-17<\/li>\n<\/ul>\n","protected":false},"excerpt":{"rendered":"<p>Longe simple avec crochet standard en acier \u00e0 une extr\u00e9mit\u00e9 et crochet d&#8217;\u00e9chafaudage en acier \u00e0 l&#8217;autre extr\u00e9mit\u00e9, 6 pi (1,8m).<br \/>\nIntervalle de capacit\u00e9 de l&#8217;absorbeur : 68 kg &#8211; 140 kg<br \/>\nHG-1540CLSL\/6<\/p>\n<p><strong data-start=\"334\" data-end=\"409\">Des frais d\u2019exp\u00e9dition peuvent s\u2019appliquer selon votre localisation.<\/strong><br data-start=\"409\" data-end=\"412\" \/>Le tarif sera calcul\u00e9 automatiquement lors du passage \u00e0 la caisse.<\/p>\n","protected":false},"featured_media":75856,"template":"","meta":{"_acf_changed":false,"_price":"103.95","_stock":"100","_tribe_ticket_header":"","_tribe_default_ticket_provider":"","_ticket_start_date":"","_ticket_end_date":"","_tribe_ticket_show_description":"","_tribe_ticket_show_not_going":false,"_tribe_ticket_use_global_stock":"","_tribe_ticket_global_stock_level":"","_global_stock_mode":"","_global_stock_cap":"","_tribe_rsvp_for_event":"","_tribe_ticket_going_count":"","_tribe_ticket_not_going_count":"","_tribe_tickets_list":"[]","_tribe_ticket_has_attendee_info_fields":false,"_tec_slr_enabled":"","_tec_slr_layout":""},"product_brand":[],"product_cat":[2002,1956],"product_tag":[],"class_list":{"0":"post-75855","1":"product","2":"type-product","3":"status-publish","4":"has-post-thumbnail","6":"product_cat-absorbeur-denergie","7":"product_cat-equipements","9":"first","10":"instock","11":"taxable","12":"shipping-taxable","13":"purchasable","14":"product-type-simple"},"acf":[],"yoast_head":"<!-- This site is optimized with the Yoast SEO Premium plugin v26.7 (Yoast SEO v26.7) - https:\/\/yoast.com\/wordpress\/plugins\/seo\/ -->\n<title>Longe simple amortisseur de choc, petit crochet r\u00e9gulier et crochet d\u2019\u00e9chafaudage, 1.8 m (6 pi) | GRAVI-T ZERO<\/title>\n<meta name=\"robots\" content=\"index, follow, max-snippet:-1, max-image-preview:large, max-video-preview:-1\" \/>\n<link rel=\"canonical\" href=\"https:\/\/staging.gravitzero.com\/produit\/longe-simple-amortisseur-de-choc-petit-crochet-regulier-et-crochet-dechafaudage-1-8-m-6-pi\/\" \/>\n<meta property=\"og:locale\" content=\"en_US\" \/>\n<meta property=\"og:type\" content=\"article\" \/>\n<meta property=\"og:title\" content=\"Longe simple amortisseur de choc, petit crochet r\u00e9gulier et crochet d\u2019\u00e9chafaudage, 1.8 m (6 pi)\" \/>\n<meta property=\"og:description\" content=\"Longe simple avec crochet standard en acier \u00e0 une extr\u00e9mit\u00e9 et crochet d&#039;\u00e9chafaudage en acier \u00e0 l&#039;autre extr\u00e9mit\u00e9, 6 pi (1,8m). Intervalle de capacit\u00e9 de l&#039;absorbeur : 68 kg - 140 kg HG-1540CLSL\/6  Des frais d\u2019exp\u00e9dition peuvent s\u2019appliquer selon votre localisation.Le tarif sera calcul\u00e9 automatiquement lors du passage \u00e0 la caisse.\" \/>\n<meta property=\"og:url\" content=\"https:\/\/staging.gravitzero.com\/produit\/longe-simple-amortisseur-de-choc-petit-crochet-regulier-et-crochet-dechafaudage-1-8-m-6-pi\/\" \/>\n<meta property=\"og:site_name\" content=\"GRAVI-T ZERO\" \/>\n<meta property=\"article:publisher\" content=\"https:\/\/www.facebook.com\/gravitzero\/\" \/>\n<meta property=\"article:modified_time\" content=\"2025-05-22T22:57:36+00:00\" \/>\n<meta property=\"og:image\" content=\"https:\/\/staging.gravitzero.com\/wp-content\/uploads\/2025\/05\/HG-1540CLSL6-600x400-1.jpg\" \/>\n\t<meta property=\"og:image:width\" content=\"600\" \/>\n\t<meta property=\"og:image:height\" content=\"400\" \/>\n\t<meta property=\"og:image:type\" content=\"image\/jpeg\" \/>\n<meta name=\"twitter:card\" content=\"summary_large_image\" \/>\n<meta name=\"twitter:label1\" content=\"Est. reading time\" \/>\n\t<meta name=\"twitter:data1\" content=\"1 minute\" \/>\n<script type=\"application\/ld+json\" class=\"yoast-schema-graph\">{\"@context\":\"https:\/\/schema.org\",\"@graph\":[{\"@type\":\"WebPage\",\"@id\":\"https:\/\/staging.gravitzero.com\/produit\/longe-simple-amortisseur-de-choc-petit-crochet-regulier-et-crochet-dechafaudage-1-8-m-6-pi\/\",\"url\":\"https:\/\/staging.gravitzero.com\/produit\/longe-simple-amortisseur-de-choc-petit-crochet-regulier-et-crochet-dechafaudage-1-8-m-6-pi\/\",\"name\":\"Longe simple amortisseur de choc, petit crochet r\u00e9gulier et crochet d\u2019\u00e9chafaudage, 1.8 m (6 pi) | GRAVI-T ZERO\",\"isPartOf\":{\"@id\":\"https:\/\/staging.gravitzero.com\/#website\"},\"primaryImageOfPage\":{\"@id\":\"https:\/\/staging.gravitzero.com\/produit\/longe-simple-amortisseur-de-choc-petit-crochet-regulier-et-crochet-dechafaudage-1-8-m-6-pi\/#primaryimage\"},\"image\":{\"@id\":\"https:\/\/staging.gravitzero.com\/produit\/longe-simple-amortisseur-de-choc-petit-crochet-regulier-et-crochet-dechafaudage-1-8-m-6-pi\/#primaryimage\"},\"thumbnailUrl\":\"https:\/\/staging.gravitzero.com\/wp-content\/uploads\/2025\/05\/HG-1540CLSL6-600x400-1.jpg\",\"datePublished\":\"2025-05-22T21:47:14+00:00\",\"dateModified\":\"2025-05-22T22:57:36+00:00\",\"breadcrumb\":{\"@id\":\"https:\/\/staging.gravitzero.com\/produit\/longe-simple-amortisseur-de-choc-petit-crochet-regulier-et-crochet-dechafaudage-1-8-m-6-pi\/#breadcrumb\"},\"inLanguage\":\"en-US\",\"potentialAction\":[{\"@type\":\"ReadAction\",\"target\":[\"https:\/\/staging.gravitzero.com\/produit\/longe-simple-amortisseur-de-choc-petit-crochet-regulier-et-crochet-dechafaudage-1-8-m-6-pi\/\"]}]},{\"@type\":\"ImageObject\",\"inLanguage\":\"en-US\",\"@id\":\"https:\/\/staging.gravitzero.com\/produit\/longe-simple-amortisseur-de-choc-petit-crochet-regulier-et-crochet-dechafaudage-1-8-m-6-pi\/#primaryimage\",\"url\":\"https:\/\/staging.gravitzero.com\/wp-content\/uploads\/2025\/05\/HG-1540CLSL6-600x400-1.jpg\",\"contentUrl\":\"https:\/\/staging.gravitzero.com\/wp-content\/uploads\/2025\/05\/HG-1540CLSL6-600x400-1.jpg\",\"width\":600,\"height\":400},{\"@type\":\"BreadcrumbList\",\"@id\":\"https:\/\/staging.gravitzero.com\/produit\/longe-simple-amortisseur-de-choc-petit-crochet-regulier-et-crochet-dechafaudage-1-8-m-6-pi\/#breadcrumb\",\"itemListElement\":[{\"@type\":\"ListItem\",\"position\":1,\"name\":\"Accueil\",\"item\":\"https:\/\/staging.gravitzero.com\/\"},{\"@type\":\"ListItem\",\"position\":2,\"name\":\"Shop\",\"item\":\"https:\/\/staging.gravitzero.com\/en\/shop\/\"},{\"@type\":\"ListItem\",\"position\":3,\"name\":\"\u00c9quipements\",\"item\":\"https:\/\/staging.gravitzero.com\/categorie-produit\/equipements\/\"},{\"@type\":\"ListItem\",\"position\":4,\"name\":\"Longe simple amortisseur de choc, petit crochet r\u00e9gulier et crochet d\u2019\u00e9chafaudage, 1.8 m (6 pi)\"}]},{\"@type\":\"WebSite\",\"@id\":\"https:\/\/staging.gravitzero.com\/#website\",\"url\":\"https:\/\/staging.gravitzero.com\/\",\"name\":\"GRAVI-T ZERO\",\"description\":\"Entreprise de formation en sant\u00e9 et s\u00e9curit\u00e9 au travail\",\"publisher\":{\"@id\":\"https:\/\/staging.gravitzero.com\/#organization\"},\"inLanguage\":\"en-US\"},{\"@type\":\"Organization\",\"@id\":\"https:\/\/staging.gravitzero.com\/#organization\",\"name\":\"GRAVI-T ZERO\",\"url\":\"https:\/\/staging.gravitzero.com\/\",\"logo\":{\"@type\":\"ImageObject\",\"inLanguage\":\"en-US\",\"@id\":\"https:\/\/staging.gravitzero.com\/#\/schema\/logo\/image\/\",\"url\":\"https:\/\/staging.gravitzero.com\/wp-content\/uploads\/2018\/03\/logo-340-156.jpg\",\"contentUrl\":\"https:\/\/staging.gravitzero.com\/wp-content\/uploads\/2018\/03\/logo-340-156.jpg\",\"width\":340,\"height\":156,\"caption\":\"GRAVI-T ZERO\"},\"image\":{\"@id\":\"https:\/\/staging.gravitzero.com\/#\/schema\/logo\/image\/\"},\"sameAs\":[\"https:\/\/www.facebook.com\/gravitzero\/\"]}]}<\/script>\n<!-- \/ Yoast SEO Premium plugin. -->","yoast_head_json":{"title":"Longe simple amortisseur de choc, petit crochet r\u00e9gulier et crochet d\u2019\u00e9chafaudage, 1.8 m (6 pi) | GRAVI-T ZERO","robots":{"index":"index","follow":"follow","max-snippet":"max-snippet:-1","max-image-preview":"max-image-preview:large","max-video-preview":"max-video-preview:-1"},"canonical":"https:\/\/staging.gravitzero.com\/produit\/longe-simple-amortisseur-de-choc-petit-crochet-regulier-et-crochet-dechafaudage-1-8-m-6-pi\/","og_locale":"en_US","og_type":"article","og_title":"Longe simple amortisseur de choc, petit crochet r\u00e9gulier et crochet d\u2019\u00e9chafaudage, 1.8 m (6 pi)","og_description":"Longe simple avec crochet standard en acier \u00e0 une extr\u00e9mit\u00e9 et crochet d'\u00e9chafaudage en acier \u00e0 l'autre extr\u00e9mit\u00e9, 6 pi (1,8m). Intervalle de capacit\u00e9 de l'absorbeur : 68 kg - 140 kg HG-1540CLSL\/6  Des frais d\u2019exp\u00e9dition peuvent s\u2019appliquer selon votre localisation.Le tarif sera calcul\u00e9 automatiquement lors du passage \u00e0 la caisse.","og_url":"https:\/\/staging.gravitzero.com\/produit\/longe-simple-amortisseur-de-choc-petit-crochet-regulier-et-crochet-dechafaudage-1-8-m-6-pi\/","og_site_name":"GRAVI-T ZERO","article_publisher":"https:\/\/www.facebook.com\/gravitzero\/","article_modified_time":"2025-05-22T22:57:36+00:00","og_image":[{"width":600,"height":400,"url":"https:\/\/staging.gravitzero.com\/wp-content\/uploads\/2025\/05\/HG-1540CLSL6-600x400-1.jpg","type":"image\/jpeg"}],"twitter_card":"summary_large_image","twitter_misc":{"Est. reading time":"1 minute"},"schema":{"@context":"https:\/\/schema.org","@graph":[{"@type":"WebPage","@id":"https:\/\/staging.gravitzero.com\/produit\/longe-simple-amortisseur-de-choc-petit-crochet-regulier-et-crochet-dechafaudage-1-8-m-6-pi\/","url":"https:\/\/staging.gravitzero.com\/produit\/longe-simple-amortisseur-de-choc-petit-crochet-regulier-et-crochet-dechafaudage-1-8-m-6-pi\/","name":"Longe simple amortisseur de choc, petit crochet r\u00e9gulier et crochet d\u2019\u00e9chafaudage, 1.8 m (6 pi) | GRAVI-T ZERO","isPartOf":{"@id":"https:\/\/staging.gravitzero.com\/#website"},"primaryImageOfPage":{"@id":"https:\/\/staging.gravitzero.com\/produit\/longe-simple-amortisseur-de-choc-petit-crochet-regulier-et-crochet-dechafaudage-1-8-m-6-pi\/#primaryimage"},"image":{"@id":"https:\/\/staging.gravitzero.com\/produit\/longe-simple-amortisseur-de-choc-petit-crochet-regulier-et-crochet-dechafaudage-1-8-m-6-pi\/#primaryimage"},"thumbnailUrl":"https:\/\/staging.gravitzero.com\/wp-content\/uploads\/2025\/05\/HG-1540CLSL6-600x400-1.jpg","datePublished":"2025-05-22T21:47:14+00:00","dateModified":"2025-05-22T22:57:36+00:00","breadcrumb":{"@id":"https:\/\/staging.gravitzero.com\/produit\/longe-simple-amortisseur-de-choc-petit-crochet-regulier-et-crochet-dechafaudage-1-8-m-6-pi\/#breadcrumb"},"inLanguage":"en-US","potentialAction":[{"@type":"ReadAction","target":["https:\/\/staging.gravitzero.com\/produit\/longe-simple-amortisseur-de-choc-petit-crochet-regulier-et-crochet-dechafaudage-1-8-m-6-pi\/"]}]},{"@type":"ImageObject","inLanguage":"en-US","@id":"https:\/\/staging.gravitzero.com\/produit\/longe-simple-amortisseur-de-choc-petit-crochet-regulier-et-crochet-dechafaudage-1-8-m-6-pi\/#primaryimage","url":"https:\/\/staging.gravitzero.com\/wp-content\/uploads\/2025\/05\/HG-1540CLSL6-600x400-1.jpg","contentUrl":"https:\/\/staging.gravitzero.com\/wp-content\/uploads\/2025\/05\/HG-1540CLSL6-600x400-1.jpg","width":600,"height":400},{"@type":"BreadcrumbList","@id":"https:\/\/staging.gravitzero.com\/produit\/longe-simple-amortisseur-de-choc-petit-crochet-regulier-et-crochet-dechafaudage-1-8-m-6-pi\/#breadcrumb","itemListElement":[{"@type":"ListItem","position":1,"name":"Accueil","item":"https:\/\/staging.gravitzero.com\/"},{"@type":"ListItem","position":2,"name":"Shop","item":"https:\/\/staging.gravitzero.com\/en\/shop\/"},{"@type":"ListItem","position":3,"name":"\u00c9quipements","item":"https:\/\/staging.gravitzero.com\/categorie-produit\/equipements\/"},{"@type":"ListItem","position":4,"name":"Longe simple amortisseur de choc, petit crochet r\u00e9gulier et crochet d\u2019\u00e9chafaudage, 1.8 m (6 pi)"}]},{"@type":"WebSite","@id":"https:\/\/staging.gravitzero.com\/#website","url":"https:\/\/staging.gravitzero.com\/","name":"GRAVI-T ZERO","description":"Entreprise de formation en sant\u00e9 et s\u00e9curit\u00e9 au travail","publisher":{"@id":"https:\/\/staging.gravitzero.com\/#organization"},"inLanguage":"en-US"},{"@type":"Organization","@id":"https:\/\/staging.gravitzero.com\/#organization","name":"GRAVI-T ZERO","url":"https:\/\/staging.gravitzero.com\/","logo":{"@type":"ImageObject","inLanguage":"en-US","@id":"https:\/\/staging.gravitzero.com\/#\/schema\/logo\/image\/","url":"https:\/\/staging.gravitzero.com\/wp-content\/uploads\/2018\/03\/logo-340-156.jpg","contentUrl":"https:\/\/staging.gravitzero.com\/wp-content\/uploads\/2018\/03\/logo-340-156.jpg","width":340,"height":156,"caption":"GRAVI-T ZERO"},"image":{"@id":"https:\/\/staging.gravitzero.com\/#\/schema\/logo\/image\/"},"sameAs":["https:\/\/www.facebook.com\/gravitzero\/"]}]}},"_links":{"self":[{"href":"https:\/\/staging.gravitzero.com\/en\/wp-json\/wp\/v2\/product\/75855","targetHints":{"allow":["GET"]}}],"collection":[{"href":"https:\/\/staging.gravitzero.com\/en\/wp-json\/wp\/v2\/product"}],"about":[{"href":"https:\/\/staging.gravitzero.com\/en\/wp-json\/wp\/v2\/types\/product"}],"version-history":[{"count":5,"href":"https:\/\/staging.gravitzero.com\/en\/wp-json\/wp\/v2\/product\/75855\/revisions"}],"predecessor-version":[{"id":75873,"href":"https:\/\/staging.gravitzero.com\/en\/wp-json\/wp\/v2\/product\/75855\/revisions\/75873"}],"wp:featuredmedia":[{"embeddable":true,"href":"https:\/\/staging.gravitzero.com\/en\/wp-json\/wp\/v2\/media\/75856"}],"wp:attachment":[{"href":"https:\/\/staging.gravitzero.com\/en\/wp-json\/wp\/v2\/media?parent=75855"}],"wp:term":[{"taxonomy":"product_brand","embeddable":true,"href":"https:\/\/staging.gravitzero.com\/en\/wp-json\/wp\/v2\/product_brand?post=75855"},{"taxonomy":"product_cat","embeddable":true,"href":"https:\/\/staging.gravitzero.com\/en\/wp-json\/wp\/v2\/product_cat?post=75855"},{"taxonomy":"product_tag","embeddable":true,"href":"https:\/\/staging.gravitzero.com\/en\/wp-json\/wp\/v2\/product_tag?post=75855"}],"curies":[{"name":"wp","href":"https:\/\/api.w.org\/{rel}","templated":true}]}}