{"id":75395,"date":"2025-05-22T06:08:02","date_gmt":"2025-05-22T10:08:02","guid":{"rendered":"https:\/\/staging.gravitzero.com\/?post_type=product&#038;p=75395"},"modified":"2025-05-22T06:32:43","modified_gmt":"2025-05-22T10:32:43","slug":"coulisseau-de-securite-automatique-avec-longe-integree-076-m-30-po","status":"publish","type":"product","link":"https:\/\/staging.gravitzero.com\/en\/produit\/coulisseau-de-securite-automatique-avec-longe-integree-076-m-30-po\/","title":{"rendered":"Coulisseau de s\u00e9curit\u00e9 automatique avec longe int\u00e9gr\u00e9e, 0,76 m (30 po)"},"content":{"rendered":"<p data-start=\"342\" data-end=\"653\"><span class=\"_fadeIn_m1hgl_8\">Coulisseau de s\u00e9curit\u00e9 automatique avec longe int\u00e9gr\u00e9e HiiGARD d\u2019une longueur de 0.76 m (30 po) \u00e0 \u00eatre utilis\u00e9e conjointement avec une corde de vie en polyester\/polypropyl\u00e8ne compatible d\u2019un diam\u00e8tre de 16 mm (5\/8 po).\u00a0 <\/span><\/p>\n<p data-start=\"342\" data-end=\"653\"><span class=\"_fadeIn_m1hgl_8\">Son design mobile lui permet de suivre le travailleur de fa\u00e7on automatique. Elle int\u00e8gre \u00e9galement une option manuelle permettant au travailleur de se fixer en place ainsi qu\u2019un dispositif s\u00e9curitaire de type \u00ab\u00a0antipanique\u00a0\u00bb.<\/span><\/p>\n<ul>\n<li>Mat\u00e9riaux: crochet et coulisseau en alliage d\u2019acier plaqu\u00e9 zinc, longe en polyester de grade industriel.<\/li>\n<li>Crochet: CSA, ouverture de 21 mm (5\/8\u2019\u2019)<\/li>\n<li>Capacit\u00e9 de charge totale: 1-140kg (150-310lbs)<\/li>\n<li>D\u00e9ploiement max incluant l\u2019absorbeur :1.56 m (61 po)<\/li>\n<li>Force d\u2019arr\u00eat maximale : 8 kN (1800 lb)<\/li>\n<li>Certification\u00a0: CSA Z259.2.5-17<\/li>\n<\/ul>\n","protected":false},"excerpt":{"rendered":"<p>Longe avec absorbeur d\u2019\u00e9nergie 30 po (76,2 cm), con\u00e7ue<br \/>\npour une ligne de vie en corde de 5\/8 po (16 mm)<br \/>\nCapacit\u00e9 : 81,7 \u00e0 140 kg (130 \u00e0 310 lb)<br \/>\nNorme : CSA Z259.2.5-17<br \/>\nHG-1540CRGL<\/p>\n<p><strong data-start=\"334\" data-end=\"409\">Des frais d\u2019exp\u00e9dition peuvent s\u2019appliquer selon votre localisation.<\/strong><br data-start=\"409\" data-end=\"412\" \/>Le tarif sera calcul\u00e9 automatiquement lors du passage \u00e0 la caisse.<\/p>\n","protected":false},"featured_media":75397,"template":"","meta":{"_acf_changed":false,"_price":"103.95","_stock":"100","_tribe_ticket_header":"","_tribe_default_ticket_provider":"","_ticket_start_date":"","_ticket_end_date":"","_tribe_ticket_show_description":"","_tribe_ticket_show_not_going":false,"_tribe_ticket_use_global_stock":"","_tribe_ticket_global_stock_level":"","_global_stock_mode":"","_global_stock_cap":"","_tribe_rsvp_for_event":"","_tribe_ticket_going_count":"","_tribe_ticket_not_going_count":"","_tribe_tickets_list":"[]","_tribe_ticket_has_attendee_info_fields":false,"_tec_slr_enabled":"","_tec_slr_layout":""},"product_brand":[],"product_cat":[2003,1956],"product_tag":[],"class_list":{"0":"post-75395","1":"product","2":"type-product","3":"status-publish","4":"has-post-thumbnail","6":"product_cat-coulisseau","7":"product_cat-equipements","9":"first","10":"instock","11":"taxable","12":"shipping-taxable","13":"purchasable","14":"product-type-simple"},"acf":[],"yoast_head":"<!-- This site is optimized with the Yoast SEO Premium plugin v26.7 (Yoast SEO v26.7) - https:\/\/yoast.com\/wordpress\/plugins\/seo\/ -->\n<title>Coulisseau de s\u00e9curit\u00e9 automatique avec longe int\u00e9gr\u00e9e, 0,76 m (30 po) | GRAVI-T ZERO<\/title>\n<meta name=\"robots\" content=\"index, follow, max-snippet:-1, max-image-preview:large, max-video-preview:-1\" \/>\n<link rel=\"canonical\" href=\"https:\/\/staging.gravitzero.com\/produit\/coulisseau-de-securite-automatique-avec-longe-integree-076-m-30-po\/\" \/>\n<meta property=\"og:locale\" content=\"en_US\" \/>\n<meta property=\"og:type\" content=\"article\" \/>\n<meta property=\"og:title\" content=\"Coulisseau de s\u00e9curit\u00e9 automatique avec longe int\u00e9gr\u00e9e, 0,76 m (30 po)\" \/>\n<meta property=\"og:description\" content=\"Longe avec absorbeur d\u2019\u00e9nergie 30 po (76,2 cm), con\u00e7ue pour une ligne de vie en corde de 5\/8 po (16 mm) Capacit\u00e9 : 81,7 \u00e0 140 kg (130 \u00e0 310 lb) Norme : CSA Z259.2.5-17 HG-1540CRGL  Des frais d\u2019exp\u00e9dition peuvent s\u2019appliquer selon votre localisation.Le tarif sera calcul\u00e9 automatiquement lors du passage \u00e0 la caisse.\" \/>\n<meta property=\"og:url\" content=\"https:\/\/staging.gravitzero.com\/produit\/coulisseau-de-securite-automatique-avec-longe-integree-076-m-30-po\/\" \/>\n<meta property=\"og:site_name\" content=\"GRAVI-T ZERO\" \/>\n<meta property=\"article:publisher\" content=\"https:\/\/www.facebook.com\/gravitzero\/\" \/>\n<meta property=\"article:modified_time\" content=\"2025-05-22T10:32:43+00:00\" \/>\n<meta property=\"og:image\" content=\"https:\/\/staging.gravitzero.com\/wp-content\/uploads\/2025\/05\/HG-1540CRGL-scaled-1.jpg\" \/>\n\t<meta property=\"og:image:width\" content=\"2560\" \/>\n\t<meta property=\"og:image:height\" content=\"1470\" \/>\n\t<meta property=\"og:image:type\" content=\"image\/jpeg\" \/>\n<meta name=\"twitter:card\" content=\"summary_large_image\" \/>\n<meta name=\"twitter:label1\" content=\"Est. reading time\" \/>\n\t<meta name=\"twitter:data1\" content=\"1 minute\" \/>\n<script type=\"application\/ld+json\" class=\"yoast-schema-graph\">{\"@context\":\"https:\/\/schema.org\",\"@graph\":[{\"@type\":\"WebPage\",\"@id\":\"https:\/\/staging.gravitzero.com\/produit\/coulisseau-de-securite-automatique-avec-longe-integree-076-m-30-po\/\",\"url\":\"https:\/\/staging.gravitzero.com\/produit\/coulisseau-de-securite-automatique-avec-longe-integree-076-m-30-po\/\",\"name\":\"Coulisseau de s\u00e9curit\u00e9 automatique avec longe int\u00e9gr\u00e9e, 0,76 m (30 po) | GRAVI-T ZERO\",\"isPartOf\":{\"@id\":\"https:\/\/staging.gravitzero.com\/#website\"},\"primaryImageOfPage\":{\"@id\":\"https:\/\/staging.gravitzero.com\/produit\/coulisseau-de-securite-automatique-avec-longe-integree-076-m-30-po\/#primaryimage\"},\"image\":{\"@id\":\"https:\/\/staging.gravitzero.com\/produit\/coulisseau-de-securite-automatique-avec-longe-integree-076-m-30-po\/#primaryimage\"},\"thumbnailUrl\":\"https:\/\/staging.gravitzero.com\/wp-content\/uploads\/2025\/05\/HG-1540CRGL-scaled-1.jpg\",\"datePublished\":\"2025-05-22T10:08:02+00:00\",\"dateModified\":\"2025-05-22T10:32:43+00:00\",\"breadcrumb\":{\"@id\":\"https:\/\/staging.gravitzero.com\/produit\/coulisseau-de-securite-automatique-avec-longe-integree-076-m-30-po\/#breadcrumb\"},\"inLanguage\":\"en-US\",\"potentialAction\":[{\"@type\":\"ReadAction\",\"target\":[\"https:\/\/staging.gravitzero.com\/produit\/coulisseau-de-securite-automatique-avec-longe-integree-076-m-30-po\/\"]}]},{\"@type\":\"ImageObject\",\"inLanguage\":\"en-US\",\"@id\":\"https:\/\/staging.gravitzero.com\/produit\/coulisseau-de-securite-automatique-avec-longe-integree-076-m-30-po\/#primaryimage\",\"url\":\"https:\/\/staging.gravitzero.com\/wp-content\/uploads\/2025\/05\/HG-1540CRGL-scaled-1.jpg\",\"contentUrl\":\"https:\/\/staging.gravitzero.com\/wp-content\/uploads\/2025\/05\/HG-1540CRGL-scaled-1.jpg\",\"width\":2560,\"height\":1470},{\"@type\":\"BreadcrumbList\",\"@id\":\"https:\/\/staging.gravitzero.com\/produit\/coulisseau-de-securite-automatique-avec-longe-integree-076-m-30-po\/#breadcrumb\",\"itemListElement\":[{\"@type\":\"ListItem\",\"position\":1,\"name\":\"Accueil\",\"item\":\"https:\/\/staging.gravitzero.com\/\"},{\"@type\":\"ListItem\",\"position\":2,\"name\":\"Shop\",\"item\":\"https:\/\/staging.gravitzero.com\/en\/shop\/\"},{\"@type\":\"ListItem\",\"position\":3,\"name\":\"\u00c9quipements\",\"item\":\"https:\/\/staging.gravitzero.com\/categorie-produit\/equipements\/\"},{\"@type\":\"ListItem\",\"position\":4,\"name\":\"Coulisseau de s\u00e9curit\u00e9 automatique avec longe int\u00e9gr\u00e9e, 0,76 m (30 po)\"}]},{\"@type\":\"WebSite\",\"@id\":\"https:\/\/staging.gravitzero.com\/#website\",\"url\":\"https:\/\/staging.gravitzero.com\/\",\"name\":\"GRAVI-T ZERO\",\"description\":\"Entreprise de formation en sant\u00e9 et s\u00e9curit\u00e9 au travail\",\"publisher\":{\"@id\":\"https:\/\/staging.gravitzero.com\/#organization\"},\"inLanguage\":\"en-US\"},{\"@type\":\"Organization\",\"@id\":\"https:\/\/staging.gravitzero.com\/#organization\",\"name\":\"GRAVI-T ZERO\",\"url\":\"https:\/\/staging.gravitzero.com\/\",\"logo\":{\"@type\":\"ImageObject\",\"inLanguage\":\"en-US\",\"@id\":\"https:\/\/staging.gravitzero.com\/#\/schema\/logo\/image\/\",\"url\":\"https:\/\/staging.gravitzero.com\/wp-content\/uploads\/2018\/03\/logo-340-156.jpg\",\"contentUrl\":\"https:\/\/staging.gravitzero.com\/wp-content\/uploads\/2018\/03\/logo-340-156.jpg\",\"width\":340,\"height\":156,\"caption\":\"GRAVI-T ZERO\"},\"image\":{\"@id\":\"https:\/\/staging.gravitzero.com\/#\/schema\/logo\/image\/\"},\"sameAs\":[\"https:\/\/www.facebook.com\/gravitzero\/\"]}]}<\/script>\n<!-- \/ Yoast SEO Premium plugin. -->","yoast_head_json":{"title":"Coulisseau de s\u00e9curit\u00e9 automatique avec longe int\u00e9gr\u00e9e, 0,76 m (30 po) | GRAVI-T ZERO","robots":{"index":"index","follow":"follow","max-snippet":"max-snippet:-1","max-image-preview":"max-image-preview:large","max-video-preview":"max-video-preview:-1"},"canonical":"https:\/\/staging.gravitzero.com\/produit\/coulisseau-de-securite-automatique-avec-longe-integree-076-m-30-po\/","og_locale":"en_US","og_type":"article","og_title":"Coulisseau de s\u00e9curit\u00e9 automatique avec longe int\u00e9gr\u00e9e, 0,76 m (30 po)","og_description":"Longe avec absorbeur d\u2019\u00e9nergie 30 po (76,2 cm), con\u00e7ue pour une ligne de vie en corde de 5\/8 po (16 mm) Capacit\u00e9 : 81,7 \u00e0 140 kg (130 \u00e0 310 lb) Norme : CSA Z259.2.5-17 HG-1540CRGL  Des frais d\u2019exp\u00e9dition peuvent s\u2019appliquer selon votre localisation.Le tarif sera calcul\u00e9 automatiquement lors du passage \u00e0 la caisse.","og_url":"https:\/\/staging.gravitzero.com\/produit\/coulisseau-de-securite-automatique-avec-longe-integree-076-m-30-po\/","og_site_name":"GRAVI-T ZERO","article_publisher":"https:\/\/www.facebook.com\/gravitzero\/","article_modified_time":"2025-05-22T10:32:43+00:00","og_image":[{"width":2560,"height":1470,"url":"https:\/\/staging.gravitzero.com\/wp-content\/uploads\/2025\/05\/HG-1540CRGL-scaled-1.jpg","type":"image\/jpeg"}],"twitter_card":"summary_large_image","twitter_misc":{"Est. reading time":"1 minute"},"schema":{"@context":"https:\/\/schema.org","@graph":[{"@type":"WebPage","@id":"https:\/\/staging.gravitzero.com\/produit\/coulisseau-de-securite-automatique-avec-longe-integree-076-m-30-po\/","url":"https:\/\/staging.gravitzero.com\/produit\/coulisseau-de-securite-automatique-avec-longe-integree-076-m-30-po\/","name":"Coulisseau de s\u00e9curit\u00e9 automatique avec longe int\u00e9gr\u00e9e, 0,76 m (30 po) | GRAVI-T ZERO","isPartOf":{"@id":"https:\/\/staging.gravitzero.com\/#website"},"primaryImageOfPage":{"@id":"https:\/\/staging.gravitzero.com\/produit\/coulisseau-de-securite-automatique-avec-longe-integree-076-m-30-po\/#primaryimage"},"image":{"@id":"https:\/\/staging.gravitzero.com\/produit\/coulisseau-de-securite-automatique-avec-longe-integree-076-m-30-po\/#primaryimage"},"thumbnailUrl":"https:\/\/staging.gravitzero.com\/wp-content\/uploads\/2025\/05\/HG-1540CRGL-scaled-1.jpg","datePublished":"2025-05-22T10:08:02+00:00","dateModified":"2025-05-22T10:32:43+00:00","breadcrumb":{"@id":"https:\/\/staging.gravitzero.com\/produit\/coulisseau-de-securite-automatique-avec-longe-integree-076-m-30-po\/#breadcrumb"},"inLanguage":"en-US","potentialAction":[{"@type":"ReadAction","target":["https:\/\/staging.gravitzero.com\/produit\/coulisseau-de-securite-automatique-avec-longe-integree-076-m-30-po\/"]}]},{"@type":"ImageObject","inLanguage":"en-US","@id":"https:\/\/staging.gravitzero.com\/produit\/coulisseau-de-securite-automatique-avec-longe-integree-076-m-30-po\/#primaryimage","url":"https:\/\/staging.gravitzero.com\/wp-content\/uploads\/2025\/05\/HG-1540CRGL-scaled-1.jpg","contentUrl":"https:\/\/staging.gravitzero.com\/wp-content\/uploads\/2025\/05\/HG-1540CRGL-scaled-1.jpg","width":2560,"height":1470},{"@type":"BreadcrumbList","@id":"https:\/\/staging.gravitzero.com\/produit\/coulisseau-de-securite-automatique-avec-longe-integree-076-m-30-po\/#breadcrumb","itemListElement":[{"@type":"ListItem","position":1,"name":"Accueil","item":"https:\/\/staging.gravitzero.com\/"},{"@type":"ListItem","position":2,"name":"Shop","item":"https:\/\/staging.gravitzero.com\/en\/shop\/"},{"@type":"ListItem","position":3,"name":"\u00c9quipements","item":"https:\/\/staging.gravitzero.com\/categorie-produit\/equipements\/"},{"@type":"ListItem","position":4,"name":"Coulisseau de s\u00e9curit\u00e9 automatique avec longe int\u00e9gr\u00e9e, 0,76 m (30 po)"}]},{"@type":"WebSite","@id":"https:\/\/staging.gravitzero.com\/#website","url":"https:\/\/staging.gravitzero.com\/","name":"GRAVI-T ZERO","description":"Entreprise de formation en sant\u00e9 et s\u00e9curit\u00e9 au travail","publisher":{"@id":"https:\/\/staging.gravitzero.com\/#organization"},"inLanguage":"en-US"},{"@type":"Organization","@id":"https:\/\/staging.gravitzero.com\/#organization","name":"GRAVI-T ZERO","url":"https:\/\/staging.gravitzero.com\/","logo":{"@type":"ImageObject","inLanguage":"en-US","@id":"https:\/\/staging.gravitzero.com\/#\/schema\/logo\/image\/","url":"https:\/\/staging.gravitzero.com\/wp-content\/uploads\/2018\/03\/logo-340-156.jpg","contentUrl":"https:\/\/staging.gravitzero.com\/wp-content\/uploads\/2018\/03\/logo-340-156.jpg","width":340,"height":156,"caption":"GRAVI-T ZERO"},"image":{"@id":"https:\/\/staging.gravitzero.com\/#\/schema\/logo\/image\/"},"sameAs":["https:\/\/www.facebook.com\/gravitzero\/"]}]}},"_links":{"self":[{"href":"https:\/\/staging.gravitzero.com\/en\/wp-json\/wp\/v2\/product\/75395","targetHints":{"allow":["GET"]}}],"collection":[{"href":"https:\/\/staging.gravitzero.com\/en\/wp-json\/wp\/v2\/product"}],"about":[{"href":"https:\/\/staging.gravitzero.com\/en\/wp-json\/wp\/v2\/types\/product"}],"version-history":[{"count":3,"href":"https:\/\/staging.gravitzero.com\/en\/wp-json\/wp\/v2\/product\/75395\/revisions"}],"predecessor-version":[{"id":75401,"href":"https:\/\/staging.gravitzero.com\/en\/wp-json\/wp\/v2\/product\/75395\/revisions\/75401"}],"wp:featuredmedia":[{"embeddable":true,"href":"https:\/\/staging.gravitzero.com\/en\/wp-json\/wp\/v2\/media\/75397"}],"wp:attachment":[{"href":"https:\/\/staging.gravitzero.com\/en\/wp-json\/wp\/v2\/media?parent=75395"}],"wp:term":[{"taxonomy":"product_brand","embeddable":true,"href":"https:\/\/staging.gravitzero.com\/en\/wp-json\/wp\/v2\/product_brand?post=75395"},{"taxonomy":"product_cat","embeddable":true,"href":"https:\/\/staging.gravitzero.com\/en\/wp-json\/wp\/v2\/product_cat?post=75395"},{"taxonomy":"product_tag","embeddable":true,"href":"https:\/\/staging.gravitzero.com\/en\/wp-json\/wp\/v2\/product_tag?post=75395"}],"curies":[{"name":"wp","href":"https:\/\/api.w.org\/{rel}","templated":true}]}}