{"id":75074,"date":"2025-05-18T18:03:20","date_gmt":"2025-05-18T22:03:20","guid":{"rendered":"https:\/\/staging.gravitzero.com\/?post_type=product&#038;p=75074"},"modified":"2025-05-22T06:33:02","modified_gmt":"2025-05-22T10:33:02","slug":"harnais-croise-avec-attaches-rapides-et-coussins-aux-points-de-contact-copy-copy","status":"publish","type":"product","link":"https:\/\/staging.gravitzero.com\/en\/produit\/harnais-croise-avec-attaches-rapides-et-coussins-aux-points-de-contact-copy-copy\/","title":{"rendered":"Harnais de style veste avec positionnement"},"content":{"rendered":"<p data-start=\"342\" data-end=\"653\"><span class=\"_fadeIn_m1hgl_8\">Le <\/span><strong data-start=\"2413\" data-end=\"2444\"><span class=\"_fadeIn_m1hgl_8\">harnais <\/span><span class=\"_fadeIn_m1hgl_8\">HiiGARD <\/span><span class=\"_fadeIn_m1hgl_8\">HG-<\/span><span class=\"_fadeIn_m1hgl_8\">1540CHGP<\/span><\/strong> <span class=\"_fadeIn_m1hgl_8\">combine <\/span><span class=\"_fadeIn_m1hgl_8\">les <\/span><span class=\"_fadeIn_m1hgl_8\">avantages <\/span><span class=\"_fadeIn_m1hgl_8\">du <\/span><strong data-start=\"2470\" data-end=\"2485\"><span class=\"_fadeIn_m1hgl_8\">style <\/span><span class=\"_fadeIn_m1hgl_8\">veste<\/span><\/strong> <span class=\"_fadeIn_m1hgl_8\">avec <\/span><span class=\"_fadeIn_m1hgl_8\">une <\/span><span class=\"_fadeIn_m1hgl_8\">configuration <\/span><span class=\"_fadeIn_m1hgl_8\">adapt\u00e9e <\/span><span class=\"_fadeIn_m1hgl_8\">au <\/span><strong data-start=\"2520\" data-end=\"2538\"><span class=\"_fadeIn_m1hgl_8\">positionnement<\/span><\/strong><span class=\"_fadeIn_m1hgl_8\">.<br \/>\n<\/span><span class=\"_fadeIn_m1hgl_8\">Il <\/span><span class=\"_fadeIn_m1hgl_8\">est <\/span><span class=\"_fadeIn_m1hgl_8\">class\u00e9 <\/span><strong data-start=\"2554\" data-end=\"2562\"><span class=\"_fadeIn_m1hgl_8\">A, <\/span><span class=\"_fadeIn_m1hgl_8\">P<\/span><\/strong> <span class=\"_fadeIn_m1hgl_8\">et <\/span><span class=\"_fadeIn_m1hgl_8\">r\u00e9pond <\/span><span class=\"_fadeIn_m1hgl_8\">\u00e0 <\/span><span class=\"_fadeIn_m1hgl_8\">la <\/span><span class=\"_fadeIn_m1hgl_8\">norme <\/span><strong data-start=\"2584\" data-end=\"2599\"><span class=\"_fadeIn_m1hgl_8\">CSA <\/span><span class=\"_fadeIn_m1hgl_8\">Z259-<\/span><span class=\"_fadeIn_m1hgl_8\">10<\/span><\/strong><span class=\"_fadeIn_m1hgl_8\">, <\/span><span class=\"_fadeIn_m1hgl_8\">garantissant <\/span><span class=\"_fadeIn_m1hgl_8\">une <\/span><span class=\"_fadeIn_m1hgl_8\">protection <\/span><span class=\"_fadeIn_m1hgl_8\">antichute <\/span><span class=\"_fadeIn_m1hgl_8\">et <\/span><span class=\"_fadeIn_m1hgl_8\">un <\/span><span class=\"_fadeIn_m1hgl_8\">maintien <\/span><span class=\"_fadeIn_m1hgl_8\">efficace <\/span><span class=\"_fadeIn_m1hgl_8\">en <\/span><span class=\"_fadeIn_m1hgl_8\">hauteur.<br \/>\n<\/span><br data-start=\"2674\" data-end=\"2677\" \/><span class=\"_fadeIn_m1hgl_8\">Avec <\/span><span class=\"_fadeIn_m1hgl_8\">ses <\/span><strong data-start=\"2686\" data-end=\"2709\"><span class=\"_fadeIn_m1hgl_8\">attaches <\/span><span class=\"_fadeIn_m1hgl_8\">intuitives<\/span><\/strong> <span class=\"_fadeIn_m1hgl_8\">et <\/span><span class=\"_fadeIn_m1hgl_8\">son <\/span><span class=\"_fadeIn_m1hgl_8\">ajustement <\/span><span class=\"_fadeIn_m1hgl_8\">confortable, <\/span><span class=\"_fadeIn_m1hgl_8\">c\u2019est <\/span><span class=\"_fadeIn_m1hgl_8\">le <\/span><span class=\"_fadeIn_m1hgl_8\">choix <\/span><span class=\"_fadeIn_m1hgl_8\">id\u00e9al <\/span><span class=\"_fadeIn_m1hgl_8\">pour <\/span><span class=\"_fadeIn_m1hgl_8\">les <\/span><span class=\"_fadeIn_m1hgl_8\">travailleurs <\/span><span class=\"_fadeIn_m1hgl_8\">devant <\/span><span class=\"_fadeIn_m1hgl_8\">\u00e9voluer <\/span><span class=\"_fadeIn_m1hgl_8\">dans <\/span><span class=\"_fadeIn_m1hgl_8\">des <\/span><span class=\"_fadeIn_m1hgl_8\">environnements <\/span><span class=\"_fadeIn_m1hgl_8\">verticaux <\/span><span class=\"_fadeIn_m1hgl_8\">restreints.<br \/>\n<\/span><br data-start=\"2844\" data-end=\"2847\" \/><strong data-start=\"2847\" data-end=\"2861\"><span class=\"_fadeIn_m1hgl_8\">Capacit\u00e9 :<\/span><\/strong> <span class=\"_fadeIn_m1hgl_8\">160 <\/span><span class=\"_fadeIn_m1hgl_8\">kg (<\/span><span class=\"_fadeIn_m1hgl_8\">352 <\/span><span class=\"_fadeIn_m1hgl_8\">lb)<\/span><\/p>\n","protected":false},"excerpt":{"rendered":"<p><span class=\"_fadeIn_m1hgl_8\">Harnais <\/span><span class=\"_fadeIn_m1hgl_8\">style <\/span><span class=\"_fadeIn_m1hgl_8\">veste <\/span><span class=\"_fadeIn_m1hgl_8\">HiiGARD <\/span><span class=\"_fadeIn_m1hgl_8\">avec <\/span><span class=\"_fadeIn_m1hgl_8\">positionnement <\/span><span class=\"_fadeIn_m1hgl_8\">int\u00e9gr\u00e9.<br \/>\n<\/span><span class=\"_fadeIn_m1hgl_8\">Confortable, <\/span><span class=\"_fadeIn_m1hgl_8\">rapide, et conforme \u00e0 la norme CSA Z259-10.<\/span><span class=\"_fadeIn_m1hgl_8\"><br \/>\nTaille universelle<br \/>\n<\/span><\/p>\n<p><strong data-start=\"334\" data-end=\"409\">Des frais d\u2019exp\u00e9dition peuvent s\u2019appliquer selon votre localisation.<\/strong><br data-start=\"409\" data-end=\"412\" \/>Le tarif sera calcul\u00e9 automatiquement lors du passage \u00e0 la caisse.<\/p>\n","protected":false},"featured_media":74976,"template":"","meta":{"_acf_changed":false,"_price":"78.95","_stock":"100","_tribe_ticket_header":"","_tribe_default_ticket_provider":"","_ticket_start_date":"","_ticket_end_date":"","_tribe_ticket_show_description":"","_tribe_ticket_show_not_going":false,"_tribe_ticket_use_global_stock":"","_tribe_ticket_global_stock_level":"","_global_stock_mode":"","_global_stock_cap":"","_tribe_rsvp_for_event":"","_tribe_ticket_going_count":"","_tribe_ticket_not_going_count":"","_tribe_tickets_list":"[]","_tribe_ticket_has_attendee_info_fields":false,"_tec_slr_enabled":"","_tec_slr_layout":""},"product_brand":[],"product_cat":[1956,1958],"product_tag":[],"class_list":{"0":"post-75074","1":"product","2":"type-product","3":"status-publish","4":"has-post-thumbnail","6":"product_cat-equipements","7":"product_cat-harnais-de-securite","9":"first","10":"instock","11":"taxable","12":"shipping-taxable","13":"purchasable","14":"product-type-simple"},"acf":[],"yoast_head":"<!-- This site is optimized with the Yoast SEO Premium plugin v26.7 (Yoast SEO v26.7) - https:\/\/yoast.com\/wordpress\/plugins\/seo\/ -->\n<title>Harnais de style veste avec positionnement | GRAVI-T ZERO<\/title>\n<meta name=\"robots\" content=\"index, follow, max-snippet:-1, max-image-preview:large, max-video-preview:-1\" \/>\n<link rel=\"canonical\" href=\"https:\/\/staging.gravitzero.com\/produit\/harnais-croise-avec-attaches-rapides-et-coussins-aux-points-de-contact-copy-copy\/\" \/>\n<meta property=\"og:locale\" content=\"en_US\" \/>\n<meta property=\"og:type\" content=\"article\" \/>\n<meta property=\"og:title\" content=\"Harnais de style veste avec positionnement\" \/>\n<meta property=\"og:description\" content=\"Harnais style veste HiiGARD avec positionnement int\u00e9gr\u00e9. Confortable, rapide, et conforme \u00e0 la norme CSA Z259-10. Taille universelle   Des frais d\u2019exp\u00e9dition peuvent s\u2019appliquer selon votre localisation.Le tarif sera calcul\u00e9 automatiquement lors du passage \u00e0 la caisse.\" \/>\n<meta property=\"og:url\" content=\"https:\/\/staging.gravitzero.com\/produit\/harnais-croise-avec-attaches-rapides-et-coussins-aux-points-de-contact-copy-copy\/\" \/>\n<meta property=\"og:site_name\" content=\"GRAVI-T ZERO\" \/>\n<meta property=\"article:publisher\" content=\"https:\/\/www.facebook.com\/gravitzero\/\" \/>\n<meta property=\"article:modified_time\" content=\"2025-05-22T10:33:02+00:00\" \/>\n<meta property=\"og:image\" content=\"https:\/\/staging.gravitzero.com\/wp-content\/uploads\/2025\/05\/HARNAIS-DE-POSITIONNEMENT-DE-STYLE-VESTE.png\" \/>\n\t<meta property=\"og:image:width\" content=\"392\" \/>\n\t<meta property=\"og:image:height\" content=\"657\" \/>\n\t<meta property=\"og:image:type\" content=\"image\/png\" \/>\n<meta name=\"twitter:card\" content=\"summary_large_image\" \/>\n<meta name=\"twitter:label1\" content=\"Est. reading time\" \/>\n\t<meta name=\"twitter:data1\" content=\"1 minute\" \/>\n<script type=\"application\/ld+json\" class=\"yoast-schema-graph\">{\"@context\":\"https:\/\/schema.org\",\"@graph\":[{\"@type\":\"WebPage\",\"@id\":\"https:\/\/staging.gravitzero.com\/produit\/harnais-croise-avec-attaches-rapides-et-coussins-aux-points-de-contact-copy-copy\/\",\"url\":\"https:\/\/staging.gravitzero.com\/produit\/harnais-croise-avec-attaches-rapides-et-coussins-aux-points-de-contact-copy-copy\/\",\"name\":\"Harnais de style veste avec positionnement | GRAVI-T ZERO\",\"isPartOf\":{\"@id\":\"https:\/\/staging.gravitzero.com\/#website\"},\"primaryImageOfPage\":{\"@id\":\"https:\/\/staging.gravitzero.com\/produit\/harnais-croise-avec-attaches-rapides-et-coussins-aux-points-de-contact-copy-copy\/#primaryimage\"},\"image\":{\"@id\":\"https:\/\/staging.gravitzero.com\/produit\/harnais-croise-avec-attaches-rapides-et-coussins-aux-points-de-contact-copy-copy\/#primaryimage\"},\"thumbnailUrl\":\"https:\/\/staging.gravitzero.com\/wp-content\/uploads\/2025\/05\/HARNAIS-DE-POSITIONNEMENT-DE-STYLE-VESTE.png\",\"datePublished\":\"2025-05-18T22:03:20+00:00\",\"dateModified\":\"2025-05-22T10:33:02+00:00\",\"breadcrumb\":{\"@id\":\"https:\/\/staging.gravitzero.com\/produit\/harnais-croise-avec-attaches-rapides-et-coussins-aux-points-de-contact-copy-copy\/#breadcrumb\"},\"inLanguage\":\"en-US\",\"potentialAction\":[{\"@type\":\"ReadAction\",\"target\":[\"https:\/\/staging.gravitzero.com\/produit\/harnais-croise-avec-attaches-rapides-et-coussins-aux-points-de-contact-copy-copy\/\"]}]},{\"@type\":\"ImageObject\",\"inLanguage\":\"en-US\",\"@id\":\"https:\/\/staging.gravitzero.com\/produit\/harnais-croise-avec-attaches-rapides-et-coussins-aux-points-de-contact-copy-copy\/#primaryimage\",\"url\":\"https:\/\/staging.gravitzero.com\/wp-content\/uploads\/2025\/05\/HARNAIS-DE-POSITIONNEMENT-DE-STYLE-VESTE.png\",\"contentUrl\":\"https:\/\/staging.gravitzero.com\/wp-content\/uploads\/2025\/05\/HARNAIS-DE-POSITIONNEMENT-DE-STYLE-VESTE.png\",\"width\":392,\"height\":657},{\"@type\":\"BreadcrumbList\",\"@id\":\"https:\/\/staging.gravitzero.com\/produit\/harnais-croise-avec-attaches-rapides-et-coussins-aux-points-de-contact-copy-copy\/#breadcrumb\",\"itemListElement\":[{\"@type\":\"ListItem\",\"position\":1,\"name\":\"Accueil\",\"item\":\"https:\/\/staging.gravitzero.com\/\"},{\"@type\":\"ListItem\",\"position\":2,\"name\":\"Shop\",\"item\":\"https:\/\/staging.gravitzero.com\/en\/shop\/\"},{\"@type\":\"ListItem\",\"position\":3,\"name\":\"\u00c9quipements\",\"item\":\"https:\/\/staging.gravitzero.com\/categorie-produit\/equipements\/\"},{\"@type\":\"ListItem\",\"position\":4,\"name\":\"Harnais de style veste avec positionnement\"}]},{\"@type\":\"WebSite\",\"@id\":\"https:\/\/staging.gravitzero.com\/#website\",\"url\":\"https:\/\/staging.gravitzero.com\/\",\"name\":\"GRAVI-T ZERO\",\"description\":\"Entreprise de formation en sant\u00e9 et s\u00e9curit\u00e9 au travail\",\"publisher\":{\"@id\":\"https:\/\/staging.gravitzero.com\/#organization\"},\"inLanguage\":\"en-US\"},{\"@type\":\"Organization\",\"@id\":\"https:\/\/staging.gravitzero.com\/#organization\",\"name\":\"GRAVI-T ZERO\",\"url\":\"https:\/\/staging.gravitzero.com\/\",\"logo\":{\"@type\":\"ImageObject\",\"inLanguage\":\"en-US\",\"@id\":\"https:\/\/staging.gravitzero.com\/#\/schema\/logo\/image\/\",\"url\":\"https:\/\/staging.gravitzero.com\/wp-content\/uploads\/2018\/03\/logo-340-156.jpg\",\"contentUrl\":\"https:\/\/staging.gravitzero.com\/wp-content\/uploads\/2018\/03\/logo-340-156.jpg\",\"width\":340,\"height\":156,\"caption\":\"GRAVI-T ZERO\"},\"image\":{\"@id\":\"https:\/\/staging.gravitzero.com\/#\/schema\/logo\/image\/\"},\"sameAs\":[\"https:\/\/www.facebook.com\/gravitzero\/\"]}]}<\/script>\n<!-- \/ Yoast SEO Premium plugin. -->","yoast_head_json":{"title":"Harnais de style veste avec positionnement | GRAVI-T ZERO","robots":{"index":"index","follow":"follow","max-snippet":"max-snippet:-1","max-image-preview":"max-image-preview:large","max-video-preview":"max-video-preview:-1"},"canonical":"https:\/\/staging.gravitzero.com\/produit\/harnais-croise-avec-attaches-rapides-et-coussins-aux-points-de-contact-copy-copy\/","og_locale":"en_US","og_type":"article","og_title":"Harnais de style veste avec positionnement","og_description":"Harnais style veste HiiGARD avec positionnement int\u00e9gr\u00e9. Confortable, rapide, et conforme \u00e0 la norme CSA Z259-10. Taille universelle   Des frais d\u2019exp\u00e9dition peuvent s\u2019appliquer selon votre localisation.Le tarif sera calcul\u00e9 automatiquement lors du passage \u00e0 la caisse.","og_url":"https:\/\/staging.gravitzero.com\/produit\/harnais-croise-avec-attaches-rapides-et-coussins-aux-points-de-contact-copy-copy\/","og_site_name":"GRAVI-T ZERO","article_publisher":"https:\/\/www.facebook.com\/gravitzero\/","article_modified_time":"2025-05-22T10:33:02+00:00","og_image":[{"width":392,"height":657,"url":"https:\/\/staging.gravitzero.com\/wp-content\/uploads\/2025\/05\/HARNAIS-DE-POSITIONNEMENT-DE-STYLE-VESTE.png","type":"image\/png"}],"twitter_card":"summary_large_image","twitter_misc":{"Est. reading time":"1 minute"},"schema":{"@context":"https:\/\/schema.org","@graph":[{"@type":"WebPage","@id":"https:\/\/staging.gravitzero.com\/produit\/harnais-croise-avec-attaches-rapides-et-coussins-aux-points-de-contact-copy-copy\/","url":"https:\/\/staging.gravitzero.com\/produit\/harnais-croise-avec-attaches-rapides-et-coussins-aux-points-de-contact-copy-copy\/","name":"Harnais de style veste avec positionnement | GRAVI-T ZERO","isPartOf":{"@id":"https:\/\/staging.gravitzero.com\/#website"},"primaryImageOfPage":{"@id":"https:\/\/staging.gravitzero.com\/produit\/harnais-croise-avec-attaches-rapides-et-coussins-aux-points-de-contact-copy-copy\/#primaryimage"},"image":{"@id":"https:\/\/staging.gravitzero.com\/produit\/harnais-croise-avec-attaches-rapides-et-coussins-aux-points-de-contact-copy-copy\/#primaryimage"},"thumbnailUrl":"https:\/\/staging.gravitzero.com\/wp-content\/uploads\/2025\/05\/HARNAIS-DE-POSITIONNEMENT-DE-STYLE-VESTE.png","datePublished":"2025-05-18T22:03:20+00:00","dateModified":"2025-05-22T10:33:02+00:00","breadcrumb":{"@id":"https:\/\/staging.gravitzero.com\/produit\/harnais-croise-avec-attaches-rapides-et-coussins-aux-points-de-contact-copy-copy\/#breadcrumb"},"inLanguage":"en-US","potentialAction":[{"@type":"ReadAction","target":["https:\/\/staging.gravitzero.com\/produit\/harnais-croise-avec-attaches-rapides-et-coussins-aux-points-de-contact-copy-copy\/"]}]},{"@type":"ImageObject","inLanguage":"en-US","@id":"https:\/\/staging.gravitzero.com\/produit\/harnais-croise-avec-attaches-rapides-et-coussins-aux-points-de-contact-copy-copy\/#primaryimage","url":"https:\/\/staging.gravitzero.com\/wp-content\/uploads\/2025\/05\/HARNAIS-DE-POSITIONNEMENT-DE-STYLE-VESTE.png","contentUrl":"https:\/\/staging.gravitzero.com\/wp-content\/uploads\/2025\/05\/HARNAIS-DE-POSITIONNEMENT-DE-STYLE-VESTE.png","width":392,"height":657},{"@type":"BreadcrumbList","@id":"https:\/\/staging.gravitzero.com\/produit\/harnais-croise-avec-attaches-rapides-et-coussins-aux-points-de-contact-copy-copy\/#breadcrumb","itemListElement":[{"@type":"ListItem","position":1,"name":"Accueil","item":"https:\/\/staging.gravitzero.com\/"},{"@type":"ListItem","position":2,"name":"Shop","item":"https:\/\/staging.gravitzero.com\/en\/shop\/"},{"@type":"ListItem","position":3,"name":"\u00c9quipements","item":"https:\/\/staging.gravitzero.com\/categorie-produit\/equipements\/"},{"@type":"ListItem","position":4,"name":"Harnais de style veste avec positionnement"}]},{"@type":"WebSite","@id":"https:\/\/staging.gravitzero.com\/#website","url":"https:\/\/staging.gravitzero.com\/","name":"GRAVI-T ZERO","description":"Entreprise de formation en sant\u00e9 et s\u00e9curit\u00e9 au travail","publisher":{"@id":"https:\/\/staging.gravitzero.com\/#organization"},"inLanguage":"en-US"},{"@type":"Organization","@id":"https:\/\/staging.gravitzero.com\/#organization","name":"GRAVI-T ZERO","url":"https:\/\/staging.gravitzero.com\/","logo":{"@type":"ImageObject","inLanguage":"en-US","@id":"https:\/\/staging.gravitzero.com\/#\/schema\/logo\/image\/","url":"https:\/\/staging.gravitzero.com\/wp-content\/uploads\/2018\/03\/logo-340-156.jpg","contentUrl":"https:\/\/staging.gravitzero.com\/wp-content\/uploads\/2018\/03\/logo-340-156.jpg","width":340,"height":156,"caption":"GRAVI-T ZERO"},"image":{"@id":"https:\/\/staging.gravitzero.com\/#\/schema\/logo\/image\/"},"sameAs":["https:\/\/www.facebook.com\/gravitzero\/"]}]}},"_links":{"self":[{"href":"https:\/\/staging.gravitzero.com\/en\/wp-json\/wp\/v2\/product\/75074","targetHints":{"allow":["GET"]}}],"collection":[{"href":"https:\/\/staging.gravitzero.com\/en\/wp-json\/wp\/v2\/product"}],"about":[{"href":"https:\/\/staging.gravitzero.com\/en\/wp-json\/wp\/v2\/types\/product"}],"version-history":[{"count":6,"href":"https:\/\/staging.gravitzero.com\/en\/wp-json\/wp\/v2\/product\/75074\/revisions"}],"predecessor-version":[{"id":75388,"href":"https:\/\/staging.gravitzero.com\/en\/wp-json\/wp\/v2\/product\/75074\/revisions\/75388"}],"wp:featuredmedia":[{"embeddable":true,"href":"https:\/\/staging.gravitzero.com\/en\/wp-json\/wp\/v2\/media\/74976"}],"wp:attachment":[{"href":"https:\/\/staging.gravitzero.com\/en\/wp-json\/wp\/v2\/media?parent=75074"}],"wp:term":[{"taxonomy":"product_brand","embeddable":true,"href":"https:\/\/staging.gravitzero.com\/en\/wp-json\/wp\/v2\/product_brand?post=75074"},{"taxonomy":"product_cat","embeddable":true,"href":"https:\/\/staging.gravitzero.com\/en\/wp-json\/wp\/v2\/product_cat?post=75074"},{"taxonomy":"product_tag","embeddable":true,"href":"https:\/\/staging.gravitzero.com\/en\/wp-json\/wp\/v2\/product_tag?post=75074"}],"curies":[{"name":"wp","href":"https:\/\/api.w.org\/{rel}","templated":true}]}}