{"id":75073,"date":"2025-05-18T18:01:56","date_gmt":"2025-05-18T22:01:56","guid":{"rendered":"https:\/\/staging.gravitzero.com\/?post_type=product&#038;p=75073"},"modified":"2025-05-22T06:33:53","modified_gmt":"2025-05-22T10:33:53","slug":"harnais-de-style-veste","status":"publish","type":"product","link":"https:\/\/staging.gravitzero.com\/en\/produit\/harnais-de-style-veste\/","title":{"rendered":"Harnais de style veste"},"content":{"rendered":"<p data-start=\"342\" data-end=\"653\"><span class=\"_fadeIn_m1hgl_8\">Le <\/span><span class=\"_fadeIn_m1hgl_8\">harnais <\/span><strong data-start=\"1820\" data-end=\"1842\"><span class=\"_fadeIn_m1hgl_8\">HiiGARD <\/span><span class=\"_fadeIn_m1hgl_8\">HG-<\/span><span class=\"_fadeIn_m1hgl_8\">1540CHG<\/span><\/strong> <span class=\"_fadeIn_m1hgl_8\">adopte <\/span><span class=\"_fadeIn_m1hgl_8\">un <\/span><strong data-start=\"1853\" data-end=\"1875\"><span class=\"_fadeIn_m1hgl_8\">design <\/span><span class=\"_fadeIn_m1hgl_8\">style <\/span><span class=\"_fadeIn_m1hgl_8\">veste<\/span><\/strong> <span class=\"_fadeIn_m1hgl_8\">pour <\/span><span class=\"_fadeIn_m1hgl_8\">un <\/span><span class=\"_fadeIn_m1hgl_8\">port <\/span><span class=\"_fadeIn_m1hgl_8\">simple, <\/span><span class=\"_fadeIn_m1hgl_8\">rapide <\/span><span class=\"_fadeIn_m1hgl_8\">et <\/span><span class=\"_fadeIn_m1hgl_8\">efficace.<br \/>\nFacile \u00e0 ajuster avec ses 5 points d\u2019ajustement dont des boucles \u00e0 enfiler \u00e0 la poitrine et des boucles \u00e0 ardillons aux cuisses,<br \/>\n<\/span><span class=\"_fadeIn_m1hgl_8\">ce <\/span><span class=\"_fadeIn_m1hgl_8\">mod\u00e8le <\/span><strong data-start=\"1927\" data-end=\"1939\"><span class=\"_fadeIn_m1hgl_8\">classe <\/span><span class=\"_fadeIn_m1hgl_8\">A<\/span><\/strong> <span class=\"_fadeIn_m1hgl_8\">offre <\/span><span class=\"_fadeIn_m1hgl_8\">une <\/span><span class=\"_fadeIn_m1hgl_8\">s\u00e9curit\u00e9 <\/span><span class=\"_fadeIn_m1hgl_8\">fiable <\/span><span class=\"_fadeIn_m1hgl_8\">pour <\/span><span class=\"_fadeIn_m1hgl_8\">les <\/span><span class=\"_fadeIn_m1hgl_8\">applications <\/span><strong data-start=\"1988\" data-end=\"2001\"><span class=\"_fadeIn_m1hgl_8\">antichute<\/span><\/strong><span class=\"_fadeIn_m1hgl_8\">, <\/span><span class=\"_fadeIn_m1hgl_8\">tout <\/span><span class=\"_fadeIn_m1hgl_8\">en <\/span><span class=\"_fadeIn_m1hgl_8\">assurant <\/span><span class=\"_fadeIn_m1hgl_8\">une <\/span><span class=\"_fadeIn_m1hgl_8\">bonne <\/span><span class=\"_fadeIn_m1hgl_8\">r\u00e9partition <\/span><span class=\"_fadeIn_m1hgl_8\">du <\/span><span class=\"_fadeIn_m1hgl_8\">poids.<\/span><br data-start=\"2051\" data-end=\"2054\" \/><span class=\"_fadeIn_m1hgl_8\"><br \/>\nCompact<\/span><span class=\"_fadeIn_m1hgl_8\">, <\/span><span class=\"_fadeIn_m1hgl_8\">il <\/span><span class=\"_fadeIn_m1hgl_8\">est <\/span><span class=\"_fadeIn_m1hgl_8\">parfait <\/span><span class=\"_fadeIn_m1hgl_8\">pour <\/span><span class=\"_fadeIn_m1hgl_8\">les <\/span><span class=\"_fadeIn_m1hgl_8\">techniciens, <\/span><span class=\"_fadeIn_m1hgl_8\">\u00e9lectriciens <\/span><span class=\"_fadeIn_m1hgl_8\">ou <\/span><span class=\"_fadeIn_m1hgl_8\">travailleurs <\/span><span class=\"_fadeIn_m1hgl_8\">en <\/span><span class=\"_fadeIn_m1hgl_8\">d\u00e9placement <\/span><span class=\"_fadeIn_m1hgl_8\">fr\u00e9quent.<\/span><br data-start=\"2174\" data-end=\"2177\" \/><strong data-start=\"2177\" data-end=\"2191\"><span class=\"_fadeIn_m1hgl_8\"><br \/>\nCapacit\u00e9 :<\/span><\/strong> <span class=\"_fadeIn_m1hgl_8\">160 <\/span><span class=\"_fadeIn_m1hgl_8\">kg (<\/span><span class=\"_fadeIn_m1hgl_8\">352 <\/span><span class=\"_fadeIn_m1hgl_8\">lb)<\/span><br data-start=\"2207\" data-end=\"2210\" \/><strong data-start=\"2210\" data-end=\"2221\"><span class=\"_fadeIn_m1hgl_8\">Norme :<\/span><\/strong> <span class=\"_fadeIn_m1hgl_8\">CSA <\/span><span class=\"_fadeIn_m1hgl_8\">Z259-<\/span><span class=\"_fadeIn_m1hgl_8\">10<\/span><\/p>\n","protected":false},"excerpt":{"rendered":"<p><span class=\"_fadeIn_m1hgl_8\">Harnais <\/span><span class=\"_fadeIn_m1hgl_8\">style <\/span><span class=\"_fadeIn_m1hgl_8\">veste <\/span><span class=\"_fadeIn_m1hgl_8\">HiiGARD, <\/span><span class=\"_fadeIn_m1hgl_8\">confortable <\/span><span class=\"_fadeIn_m1hgl_8\">et <\/span><span class=\"_fadeIn_m1hgl_8\">conforme <\/span><span class=\"_fadeIn_m1hgl_8\">CSA <\/span><span class=\"_fadeIn_m1hgl_8\">Z259-<\/span><span class=\"_fadeIn_m1hgl_8\">10.<br \/>\n<\/span><span class=\"_fadeIn_m1hgl_8\">Classe <\/span><span class=\"_fadeIn_m1hgl_8\">A <\/span><span class=\"_fadeIn_m1hgl_8\">pour <\/span><span class=\"_fadeIn_m1hgl_8\">antichute.<br \/>\nTaille universelle<\/span><\/p>\n<p><strong data-start=\"334\" data-end=\"409\">Des frais d\u2019exp\u00e9dition peuvent s\u2019appliquer selon votre localisation.<\/strong><br data-start=\"409\" data-end=\"412\" \/>Le tarif sera calcul\u00e9 automatiquement lors du passage \u00e0 la caisse.<\/p>\n","protected":false},"featured_media":74977,"template":"","meta":{"_acf_changed":false,"_price":"55.25","_stock":"100","_tribe_ticket_header":"","_tribe_default_ticket_provider":"","_ticket_start_date":"","_ticket_end_date":"","_tribe_ticket_show_description":"","_tribe_ticket_show_not_going":false,"_tribe_ticket_use_global_stock":"","_tribe_ticket_global_stock_level":"","_global_stock_mode":"","_global_stock_cap":"","_tribe_rsvp_for_event":"","_tribe_ticket_going_count":"","_tribe_ticket_not_going_count":"","_tribe_tickets_list":"[]","_tribe_ticket_has_attendee_info_fields":false,"_tec_slr_enabled":"","_tec_slr_layout":""},"product_brand":[],"product_cat":[1956,1958],"product_tag":[],"class_list":{"0":"post-75073","1":"product","2":"type-product","3":"status-publish","4":"has-post-thumbnail","6":"product_cat-equipements","7":"product_cat-harnais-de-securite","8":"product_shipping_class-equipement-antichute","10":"first","11":"instock","12":"taxable","13":"shipping-taxable","14":"purchasable","15":"product-type-simple"},"acf":[],"yoast_head":"<!-- This site is optimized with the Yoast SEO Premium plugin v26.7 (Yoast SEO v26.7) - https:\/\/yoast.com\/wordpress\/plugins\/seo\/ -->\n<title>Harnais de style veste | GRAVI-T ZERO<\/title>\n<meta name=\"robots\" content=\"index, follow, max-snippet:-1, max-image-preview:large, max-video-preview:-1\" \/>\n<link rel=\"canonical\" href=\"https:\/\/staging.gravitzero.com\/produit\/harnais-de-style-veste\/\" \/>\n<meta property=\"og:locale\" content=\"en_US\" \/>\n<meta property=\"og:type\" content=\"article\" \/>\n<meta property=\"og:title\" content=\"Harnais de style veste\" \/>\n<meta property=\"og:description\" content=\"Harnais style veste HiiGARD, confortable et conforme CSA Z259-10. Classe A pour antichute. Taille universelle  Des frais d\u2019exp\u00e9dition peuvent s\u2019appliquer selon votre localisation.Le tarif sera calcul\u00e9 automatiquement lors du passage \u00e0 la caisse.\" \/>\n<meta property=\"og:url\" content=\"https:\/\/staging.gravitzero.com\/produit\/harnais-de-style-veste\/\" \/>\n<meta property=\"og:site_name\" content=\"GRAVI-T ZERO\" \/>\n<meta property=\"article:publisher\" content=\"https:\/\/www.facebook.com\/gravitzero\/\" \/>\n<meta property=\"article:modified_time\" content=\"2025-05-22T10:33:53+00:00\" \/>\n<meta property=\"og:image\" content=\"https:\/\/staging.gravitzero.com\/wp-content\/uploads\/2025\/05\/HARNAIS-DE-STYLE-VESTE.png\" \/>\n\t<meta property=\"og:image:width\" content=\"413\" \/>\n\t<meta property=\"og:image:height\" content=\"687\" \/>\n\t<meta property=\"og:image:type\" content=\"image\/png\" \/>\n<meta name=\"twitter:card\" content=\"summary_large_image\" \/>\n<meta name=\"twitter:label1\" content=\"Est. reading time\" \/>\n\t<meta name=\"twitter:data1\" content=\"1 minute\" \/>\n<script type=\"application\/ld+json\" class=\"yoast-schema-graph\">{\"@context\":\"https:\/\/schema.org\",\"@graph\":[{\"@type\":\"WebPage\",\"@id\":\"https:\/\/staging.gravitzero.com\/produit\/harnais-de-style-veste\/\",\"url\":\"https:\/\/staging.gravitzero.com\/produit\/harnais-de-style-veste\/\",\"name\":\"Harnais de style veste | GRAVI-T ZERO\",\"isPartOf\":{\"@id\":\"https:\/\/staging.gravitzero.com\/#website\"},\"primaryImageOfPage\":{\"@id\":\"https:\/\/staging.gravitzero.com\/produit\/harnais-de-style-veste\/#primaryimage\"},\"image\":{\"@id\":\"https:\/\/staging.gravitzero.com\/produit\/harnais-de-style-veste\/#primaryimage\"},\"thumbnailUrl\":\"https:\/\/staging.gravitzero.com\/wp-content\/uploads\/2025\/05\/HARNAIS-DE-STYLE-VESTE.png\",\"datePublished\":\"2025-05-18T22:01:56+00:00\",\"dateModified\":\"2025-05-22T10:33:53+00:00\",\"breadcrumb\":{\"@id\":\"https:\/\/staging.gravitzero.com\/produit\/harnais-de-style-veste\/#breadcrumb\"},\"inLanguage\":\"en-US\",\"potentialAction\":[{\"@type\":\"ReadAction\",\"target\":[\"https:\/\/staging.gravitzero.com\/produit\/harnais-de-style-veste\/\"]}]},{\"@type\":\"ImageObject\",\"inLanguage\":\"en-US\",\"@id\":\"https:\/\/staging.gravitzero.com\/produit\/harnais-de-style-veste\/#primaryimage\",\"url\":\"https:\/\/staging.gravitzero.com\/wp-content\/uploads\/2025\/05\/HARNAIS-DE-STYLE-VESTE.png\",\"contentUrl\":\"https:\/\/staging.gravitzero.com\/wp-content\/uploads\/2025\/05\/HARNAIS-DE-STYLE-VESTE.png\",\"width\":413,\"height\":687},{\"@type\":\"BreadcrumbList\",\"@id\":\"https:\/\/staging.gravitzero.com\/produit\/harnais-de-style-veste\/#breadcrumb\",\"itemListElement\":[{\"@type\":\"ListItem\",\"position\":1,\"name\":\"Accueil\",\"item\":\"https:\/\/staging.gravitzero.com\/\"},{\"@type\":\"ListItem\",\"position\":2,\"name\":\"Shop\",\"item\":\"https:\/\/staging.gravitzero.com\/en\/shop\/\"},{\"@type\":\"ListItem\",\"position\":3,\"name\":\"\u00c9quipements\",\"item\":\"https:\/\/staging.gravitzero.com\/categorie-produit\/equipements\/\"},{\"@type\":\"ListItem\",\"position\":4,\"name\":\"Harnais de style veste\"}]},{\"@type\":\"WebSite\",\"@id\":\"https:\/\/staging.gravitzero.com\/#website\",\"url\":\"https:\/\/staging.gravitzero.com\/\",\"name\":\"GRAVI-T ZERO\",\"description\":\"Entreprise de formation en sant\u00e9 et s\u00e9curit\u00e9 au travail\",\"publisher\":{\"@id\":\"https:\/\/staging.gravitzero.com\/#organization\"},\"inLanguage\":\"en-US\"},{\"@type\":\"Organization\",\"@id\":\"https:\/\/staging.gravitzero.com\/#organization\",\"name\":\"GRAVI-T ZERO\",\"url\":\"https:\/\/staging.gravitzero.com\/\",\"logo\":{\"@type\":\"ImageObject\",\"inLanguage\":\"en-US\",\"@id\":\"https:\/\/staging.gravitzero.com\/#\/schema\/logo\/image\/\",\"url\":\"https:\/\/staging.gravitzero.com\/wp-content\/uploads\/2018\/03\/logo-340-156.jpg\",\"contentUrl\":\"https:\/\/staging.gravitzero.com\/wp-content\/uploads\/2018\/03\/logo-340-156.jpg\",\"width\":340,\"height\":156,\"caption\":\"GRAVI-T ZERO\"},\"image\":{\"@id\":\"https:\/\/staging.gravitzero.com\/#\/schema\/logo\/image\/\"},\"sameAs\":[\"https:\/\/www.facebook.com\/gravitzero\/\"]}]}<\/script>\n<!-- \/ Yoast SEO Premium plugin. -->","yoast_head_json":{"title":"Harnais de style veste | GRAVI-T ZERO","robots":{"index":"index","follow":"follow","max-snippet":"max-snippet:-1","max-image-preview":"max-image-preview:large","max-video-preview":"max-video-preview:-1"},"canonical":"https:\/\/staging.gravitzero.com\/produit\/harnais-de-style-veste\/","og_locale":"en_US","og_type":"article","og_title":"Harnais de style veste","og_description":"Harnais style veste HiiGARD, confortable et conforme CSA Z259-10. Classe A pour antichute. Taille universelle  Des frais d\u2019exp\u00e9dition peuvent s\u2019appliquer selon votre localisation.Le tarif sera calcul\u00e9 automatiquement lors du passage \u00e0 la caisse.","og_url":"https:\/\/staging.gravitzero.com\/produit\/harnais-de-style-veste\/","og_site_name":"GRAVI-T ZERO","article_publisher":"https:\/\/www.facebook.com\/gravitzero\/","article_modified_time":"2025-05-22T10:33:53+00:00","og_image":[{"width":413,"height":687,"url":"https:\/\/staging.gravitzero.com\/wp-content\/uploads\/2025\/05\/HARNAIS-DE-STYLE-VESTE.png","type":"image\/png"}],"twitter_card":"summary_large_image","twitter_misc":{"Est. reading time":"1 minute"},"schema":{"@context":"https:\/\/schema.org","@graph":[{"@type":"WebPage","@id":"https:\/\/staging.gravitzero.com\/produit\/harnais-de-style-veste\/","url":"https:\/\/staging.gravitzero.com\/produit\/harnais-de-style-veste\/","name":"Harnais de style veste | GRAVI-T ZERO","isPartOf":{"@id":"https:\/\/staging.gravitzero.com\/#website"},"primaryImageOfPage":{"@id":"https:\/\/staging.gravitzero.com\/produit\/harnais-de-style-veste\/#primaryimage"},"image":{"@id":"https:\/\/staging.gravitzero.com\/produit\/harnais-de-style-veste\/#primaryimage"},"thumbnailUrl":"https:\/\/staging.gravitzero.com\/wp-content\/uploads\/2025\/05\/HARNAIS-DE-STYLE-VESTE.png","datePublished":"2025-05-18T22:01:56+00:00","dateModified":"2025-05-22T10:33:53+00:00","breadcrumb":{"@id":"https:\/\/staging.gravitzero.com\/produit\/harnais-de-style-veste\/#breadcrumb"},"inLanguage":"en-US","potentialAction":[{"@type":"ReadAction","target":["https:\/\/staging.gravitzero.com\/produit\/harnais-de-style-veste\/"]}]},{"@type":"ImageObject","inLanguage":"en-US","@id":"https:\/\/staging.gravitzero.com\/produit\/harnais-de-style-veste\/#primaryimage","url":"https:\/\/staging.gravitzero.com\/wp-content\/uploads\/2025\/05\/HARNAIS-DE-STYLE-VESTE.png","contentUrl":"https:\/\/staging.gravitzero.com\/wp-content\/uploads\/2025\/05\/HARNAIS-DE-STYLE-VESTE.png","width":413,"height":687},{"@type":"BreadcrumbList","@id":"https:\/\/staging.gravitzero.com\/produit\/harnais-de-style-veste\/#breadcrumb","itemListElement":[{"@type":"ListItem","position":1,"name":"Accueil","item":"https:\/\/staging.gravitzero.com\/"},{"@type":"ListItem","position":2,"name":"Shop","item":"https:\/\/staging.gravitzero.com\/en\/shop\/"},{"@type":"ListItem","position":3,"name":"\u00c9quipements","item":"https:\/\/staging.gravitzero.com\/categorie-produit\/equipements\/"},{"@type":"ListItem","position":4,"name":"Harnais de style veste"}]},{"@type":"WebSite","@id":"https:\/\/staging.gravitzero.com\/#website","url":"https:\/\/staging.gravitzero.com\/","name":"GRAVI-T ZERO","description":"Entreprise de formation en sant\u00e9 et s\u00e9curit\u00e9 au travail","publisher":{"@id":"https:\/\/staging.gravitzero.com\/#organization"},"inLanguage":"en-US"},{"@type":"Organization","@id":"https:\/\/staging.gravitzero.com\/#organization","name":"GRAVI-T ZERO","url":"https:\/\/staging.gravitzero.com\/","logo":{"@type":"ImageObject","inLanguage":"en-US","@id":"https:\/\/staging.gravitzero.com\/#\/schema\/logo\/image\/","url":"https:\/\/staging.gravitzero.com\/wp-content\/uploads\/2018\/03\/logo-340-156.jpg","contentUrl":"https:\/\/staging.gravitzero.com\/wp-content\/uploads\/2018\/03\/logo-340-156.jpg","width":340,"height":156,"caption":"GRAVI-T ZERO"},"image":{"@id":"https:\/\/staging.gravitzero.com\/#\/schema\/logo\/image\/"},"sameAs":["https:\/\/www.facebook.com\/gravitzero\/"]}]}},"_links":{"self":[{"href":"https:\/\/staging.gravitzero.com\/en\/wp-json\/wp\/v2\/product\/75073","targetHints":{"allow":["GET"]}}],"collection":[{"href":"https:\/\/staging.gravitzero.com\/en\/wp-json\/wp\/v2\/product"}],"about":[{"href":"https:\/\/staging.gravitzero.com\/en\/wp-json\/wp\/v2\/types\/product"}],"version-history":[{"count":4,"href":"https:\/\/staging.gravitzero.com\/en\/wp-json\/wp\/v2\/product\/75073\/revisions"}],"predecessor-version":[{"id":75385,"href":"https:\/\/staging.gravitzero.com\/en\/wp-json\/wp\/v2\/product\/75073\/revisions\/75385"}],"wp:featuredmedia":[{"embeddable":true,"href":"https:\/\/staging.gravitzero.com\/en\/wp-json\/wp\/v2\/media\/74977"}],"wp:attachment":[{"href":"https:\/\/staging.gravitzero.com\/en\/wp-json\/wp\/v2\/media?parent=75073"}],"wp:term":[{"taxonomy":"product_brand","embeddable":true,"href":"https:\/\/staging.gravitzero.com\/en\/wp-json\/wp\/v2\/product_brand?post=75073"},{"taxonomy":"product_cat","embeddable":true,"href":"https:\/\/staging.gravitzero.com\/en\/wp-json\/wp\/v2\/product_cat?post=75073"},{"taxonomy":"product_tag","embeddable":true,"href":"https:\/\/staging.gravitzero.com\/en\/wp-json\/wp\/v2\/product_tag?post=75073"}],"curies":[{"name":"wp","href":"https:\/\/api.w.org\/{rel}","templated":true}]}}