{"id":74973,"date":"2025-05-18T09:31:28","date_gmt":"2025-05-18T13:31:28","guid":{"rendered":"https:\/\/staging.gravitzero.com\/?post_type=product&#038;p=74973"},"modified":"2025-05-22T06:34:16","modified_gmt":"2025-05-22T10:34:16","slug":"harnais-confortable-avec-attaches-rapides-et-coussins-de-confort-aux-epaules-et-aux-jambes","status":"publish","type":"product","link":"https:\/\/staging.gravitzero.com\/en\/produit\/harnais-confortable-avec-attaches-rapides-et-coussins-de-confort-aux-epaules-et-aux-jambes\/","title":{"rendered":"Harnais confortable avec attaches rapides et coussins de confort aux \u00e9paules et aux jambes"},"content":{"rendered":"<p data-start=\"509\" data-end=\"845\"><span class=\"_fadeIn_m1hgl_8\">Le <\/span><span class=\"_fadeIn_m1hgl_8\">harnais <\/span><strong data-start=\"345\" data-end=\"369\"><span class=\"_fadeIn_m1hgl_8\">HiiGARD <\/span><span class=\"_fadeIn_m1hgl_8\">HG-<\/span><span class=\"_fadeIn_m1hgl_8\">1540CHQ-<\/span><span class=\"_fadeIn_m1hgl_8\">U<\/span><\/strong> <span class=\"_fadeIn_m1hgl_8\">offre <\/span><span class=\"_fadeIn_m1hgl_8\">un <\/span><span class=\"_fadeIn_m1hgl_8\">excellent <\/span><span class=\"_fadeIn_m1hgl_8\">compromis <\/span><span class=\"_fadeIn_m1hgl_8\">entre <\/span><span class=\"_fadeIn_m1hgl_8\">s\u00e9curit\u00e9 <\/span><span class=\"_fadeIn_m1hgl_8\">et <\/span><span class=\"_fadeIn_m1hgl_8\">confort. <\/span><span class=\"_fadeIn_m1hgl_8\">Con\u00e7u <\/span><span class=\"_fadeIn_m1hgl_8\">pour <\/span><span class=\"_fadeIn_m1hgl_8\">les <\/span><span class=\"_fadeIn_m1hgl_8\">professionnels <\/span><span class=\"_fadeIn_m1hgl_8\">du <\/span><strong data-start=\"459\" data-end=\"481\"><span class=\"_fadeIn_m1hgl_8\">travail <\/span><span class=\"_fadeIn_m1hgl_8\">en <\/span><span class=\"_fadeIn_m1hgl_8\">hauteur<\/span><\/strong><span class=\"_fadeIn_m1hgl_8\">, <\/span><span class=\"_fadeIn_m1hgl_8\">il <\/span><span class=\"_fadeIn_m1hgl_8\">int\u00e8gre <\/span><span class=\"_fadeIn_m1hgl_8\">des <\/span><strong data-start=\"498\" data-end=\"518\"><span class=\"_fadeIn_m1hgl_8\">attaches <\/span><span class=\"_fadeIn_m1hgl_8\">rapides<\/span><\/strong> <span class=\"_fadeIn_m1hgl_8\">pour <\/span><span class=\"_fadeIn_m1hgl_8\">une <\/span><span class=\"_fadeIn_m1hgl_8\">mise <\/span><span class=\"_fadeIn_m1hgl_8\">en <\/span><span class=\"_fadeIn_m1hgl_8\">place <\/span><span class=\"_fadeIn_m1hgl_8\">efficace <\/span><span class=\"_fadeIn_m1hgl_8\">ainsi <\/span><span class=\"_fadeIn_m1hgl_8\">que <\/span><span class=\"_fadeIn_m1hgl_8\">des <\/span><strong data-start=\"565\" data-end=\"597\"><span class=\"_fadeIn_m1hgl_8\">coussins <\/span><span class=\"_fadeIn_m1hgl_8\">de <\/span><span class=\"_fadeIn_m1hgl_8\">confort <\/span><span class=\"_fadeIn_m1hgl_8\">int\u00e9gr\u00e9s<\/span><\/strong> <span class=\"_fadeIn_m1hgl_8\">aux <\/span><span class=\"_fadeIn_m1hgl_8\">\u00e9paules <\/span><span class=\"_fadeIn_m1hgl_8\">et <\/span><span class=\"_fadeIn_m1hgl_8\">aux <\/span><span class=\"_fadeIn_m1hgl_8\">jambes.<\/span><br data-start=\"624\" data-end=\"627\" \/><span class=\"_fadeIn_m1hgl_8\">Ce <\/span><span class=\"_fadeIn_m1hgl_8\">harnais <\/span><span class=\"_fadeIn_m1hgl_8\">antichute <\/span><span class=\"_fadeIn_m1hgl_8\">de <\/span><strong data-start=\"651\" data-end=\"663\"><span class=\"_fadeIn_m1hgl_8\">classe <\/span><span class=\"_fadeIn_m1hgl_8\">A<\/span><\/strong><span class=\"_fadeIn_m1hgl_8\">, <\/span><span class=\"_fadeIn_m1hgl_8\">conforme <\/span><span class=\"_fadeIn_m1hgl_8\">\u00e0 <\/span><span class=\"_fadeIn_m1hgl_8\">la <\/span><span class=\"_fadeIn_m1hgl_8\">norme <\/span><strong data-start=\"685\" data-end=\"700\"><span class=\"_fadeIn_m1hgl_8\">CSA <\/span><span class=\"_fadeIn_m1hgl_8\">Z259-<\/span><span class=\"_fadeIn_m1hgl_8\">10<\/span><\/strong><span class=\"_fadeIn_m1hgl_8\">, <\/span><span class=\"_fadeIn_m1hgl_8\">est <\/span><span class=\"_fadeIn_m1hgl_8\">parfait <\/span><span class=\"_fadeIn_m1hgl_8\">pour <\/span><span class=\"_fadeIn_m1hgl_8\">les <\/span><span class=\"_fadeIn_m1hgl_8\">chantiers <\/span><span class=\"_fadeIn_m1hgl_8\">exigeants <\/span><span class=\"_fadeIn_m1hgl_8\">o\u00f9 <\/span><span class=\"_fadeIn_m1hgl_8\">l\u2019efficacit\u00e9 <\/span><span class=\"_fadeIn_m1hgl_8\">et <\/span><span class=\"_fadeIn_m1hgl_8\">le <\/span><span class=\"_fadeIn_m1hgl_8\">confort <\/span><span class=\"_fadeIn_m1hgl_8\">font <\/span><span class=\"_fadeIn_m1hgl_8\">toute <\/span><span class=\"_fadeIn_m1hgl_8\">la <\/span><span class=\"_fadeIn_m1hgl_8\">diff\u00e9rence.<\/span><br data-start=\"798\" data-end=\"801\" \/><strong data-start=\"801\" data-end=\"815\"><span class=\"_fadeIn_m1hgl_8\">Capacit\u00e9 :<\/span><\/strong> <span class=\"_fadeIn_m1hgl_8\">160 <\/span><span class=\"_fadeIn_m1hgl_8\">kg (<\/span><span class=\"_fadeIn_m1hgl_8\">352 <\/span><span class=\"_fadeIn_m1hgl_8\">lb)<\/span><\/p>\n<p>&nbsp;<\/p>\n","protected":false},"excerpt":{"rendered":"<p><span class=\"_fadeIn_m1hgl_8\">Harnais <\/span><span class=\"_fadeIn_m1hgl_8\">HiiGARD <\/span><span class=\"_fadeIn_m1hgl_8\">avec <\/span><span class=\"_fadeIn_m1hgl_8\">attaches <\/span><span class=\"_fadeIn_m1hgl_8\">rapides <\/span><span class=\"_fadeIn_m1hgl_8\">et <\/span><span class=\"_fadeIn_m1hgl_8\">coussins <\/span><span class=\"_fadeIn_m1hgl_8\">de <\/span><span class=\"_fadeIn_m1hgl_8\">confort <\/span><span class=\"_fadeIn_m1hgl_8\">aux <\/span><span class=\"_fadeIn_m1hgl_8\">\u00e9paules <\/span><span class=\"_fadeIn_m1hgl_8\">et <\/span><span class=\"_fadeIn_m1hgl_8\">aux <\/span><span class=\"_fadeIn_m1hgl_8\">jambes. <\/span><span class=\"_fadeIn_m1hgl_8\">Id\u00e9al <\/span><span class=\"_fadeIn_m1hgl_8\">pour <\/span><span class=\"_fadeIn_m1hgl_8\">le <\/span><span class=\"_fadeIn_m1hgl_8\">travail <\/span><span class=\"_fadeIn_m1hgl_8\">en <\/span><span class=\"_fadeIn_m1hgl_8\">hauteur.<br \/>\nConforme \u00e0 la norme CSA Z259-10.<br \/>\nTaille universelle<br \/>\n<\/span><\/p>\n<p><strong data-start=\"334\" data-end=\"409\">Des frais d\u2019exp\u00e9dition peuvent s\u2019appliquer selon votre localisation.<\/strong><br data-start=\"409\" data-end=\"412\" \/>Le tarif sera calcul\u00e9 automatiquement lors du passage \u00e0 la caisse.<\/p>\n","protected":false},"featured_media":74983,"template":"","meta":{"_acf_changed":false,"_price":"116.88","_stock":"100","_tribe_ticket_header":"","_tribe_default_ticket_provider":"","_ticket_start_date":"","_ticket_end_date":"","_tribe_ticket_show_description":"","_tribe_ticket_show_not_going":false,"_tribe_ticket_use_global_stock":"","_tribe_ticket_global_stock_level":"","_global_stock_mode":"","_global_stock_cap":"","_tribe_rsvp_for_event":"","_tribe_ticket_going_count":"","_tribe_ticket_not_going_count":"","_tribe_tickets_list":"[]","_tribe_ticket_has_attendee_info_fields":false,"_tec_slr_enabled":"","_tec_slr_layout":""},"product_brand":[],"product_cat":[1956,1958],"product_tag":[],"class_list":{"0":"post-74973","1":"product","2":"type-product","3":"status-publish","4":"has-post-thumbnail","6":"product_cat-equipements","7":"product_cat-harnais-de-securite","9":"first","10":"instock","11":"taxable","12":"shipping-taxable","13":"purchasable","14":"product-type-simple"},"acf":[],"yoast_head":"<!-- This site is optimized with the Yoast SEO Premium plugin v26.7 (Yoast SEO v26.7) - https:\/\/yoast.com\/wordpress\/plugins\/seo\/ -->\n<title>Harnais confortable avec attaches rapides et coussins de confort aux \u00e9paules et aux jambes | GRAVI-T ZERO<\/title>\n<meta name=\"robots\" content=\"index, follow, max-snippet:-1, max-image-preview:large, max-video-preview:-1\" \/>\n<link rel=\"canonical\" href=\"https:\/\/staging.gravitzero.com\/produit\/harnais-confortable-avec-attaches-rapides-et-coussins-de-confort-aux-epaules-et-aux-jambes\/\" \/>\n<meta property=\"og:locale\" content=\"en_US\" \/>\n<meta property=\"og:type\" content=\"article\" \/>\n<meta property=\"og:title\" content=\"Harnais confortable avec attaches rapides et coussins de confort aux \u00e9paules et aux jambes\" \/>\n<meta property=\"og:description\" content=\"Harnais HiiGARD avec attaches rapides et coussins de confort aux \u00e9paules et aux jambes. Id\u00e9al pour le travail en hauteur. Conforme \u00e0 la norme CSA Z259-10. Taille universelle   Des frais d\u2019exp\u00e9dition peuvent s\u2019appliquer selon votre localisation.Le tarif sera calcul\u00e9 automatiquement lors du passage \u00e0 la caisse.\" \/>\n<meta property=\"og:url\" content=\"https:\/\/staging.gravitzero.com\/produit\/harnais-confortable-avec-attaches-rapides-et-coussins-de-confort-aux-epaules-et-aux-jambes\/\" \/>\n<meta property=\"og:site_name\" content=\"GRAVI-T ZERO\" \/>\n<meta property=\"article:publisher\" content=\"https:\/\/www.facebook.com\/gravitzero\/\" \/>\n<meta property=\"article:modified_time\" content=\"2025-05-22T10:34:16+00:00\" \/>\n<meta property=\"og:image\" content=\"https:\/\/staging.gravitzero.com\/wp-content\/uploads\/2025\/05\/HARNAIS-CONFORTABLE-AVEC-ATTACHES-RAPIDES-ET-COUSSINS-DE-CONFORT-AUX-EPAULES-ET-AUX-JAMBES.png\" \/>\n\t<meta property=\"og:image:width\" content=\"568\" \/>\n\t<meta property=\"og:image:height\" content=\"816\" \/>\n\t<meta property=\"og:image:type\" content=\"image\/png\" \/>\n<meta name=\"twitter:card\" content=\"summary_large_image\" \/>\n<meta name=\"twitter:label1\" content=\"Est. reading time\" \/>\n\t<meta name=\"twitter:data1\" content=\"1 minute\" \/>\n<script type=\"application\/ld+json\" class=\"yoast-schema-graph\">{\"@context\":\"https:\/\/schema.org\",\"@graph\":[{\"@type\":\"WebPage\",\"@id\":\"https:\/\/staging.gravitzero.com\/produit\/harnais-confortable-avec-attaches-rapides-et-coussins-de-confort-aux-epaules-et-aux-jambes\/\",\"url\":\"https:\/\/staging.gravitzero.com\/produit\/harnais-confortable-avec-attaches-rapides-et-coussins-de-confort-aux-epaules-et-aux-jambes\/\",\"name\":\"Harnais confortable avec attaches rapides et coussins de confort aux \u00e9paules et aux jambes | GRAVI-T ZERO\",\"isPartOf\":{\"@id\":\"https:\/\/staging.gravitzero.com\/#website\"},\"primaryImageOfPage\":{\"@id\":\"https:\/\/staging.gravitzero.com\/produit\/harnais-confortable-avec-attaches-rapides-et-coussins-de-confort-aux-epaules-et-aux-jambes\/#primaryimage\"},\"image\":{\"@id\":\"https:\/\/staging.gravitzero.com\/produit\/harnais-confortable-avec-attaches-rapides-et-coussins-de-confort-aux-epaules-et-aux-jambes\/#primaryimage\"},\"thumbnailUrl\":\"https:\/\/staging.gravitzero.com\/wp-content\/uploads\/2025\/05\/HARNAIS-CONFORTABLE-AVEC-ATTACHES-RAPIDES-ET-COUSSINS-DE-CONFORT-AUX-EPAULES-ET-AUX-JAMBES.png\",\"datePublished\":\"2025-05-18T13:31:28+00:00\",\"dateModified\":\"2025-05-22T10:34:16+00:00\",\"breadcrumb\":{\"@id\":\"https:\/\/staging.gravitzero.com\/produit\/harnais-confortable-avec-attaches-rapides-et-coussins-de-confort-aux-epaules-et-aux-jambes\/#breadcrumb\"},\"inLanguage\":\"en-US\",\"potentialAction\":[{\"@type\":\"ReadAction\",\"target\":[\"https:\/\/staging.gravitzero.com\/produit\/harnais-confortable-avec-attaches-rapides-et-coussins-de-confort-aux-epaules-et-aux-jambes\/\"]}]},{\"@type\":\"ImageObject\",\"inLanguage\":\"en-US\",\"@id\":\"https:\/\/staging.gravitzero.com\/produit\/harnais-confortable-avec-attaches-rapides-et-coussins-de-confort-aux-epaules-et-aux-jambes\/#primaryimage\",\"url\":\"https:\/\/staging.gravitzero.com\/wp-content\/uploads\/2025\/05\/HARNAIS-CONFORTABLE-AVEC-ATTACHES-RAPIDES-ET-COUSSINS-DE-CONFORT-AUX-EPAULES-ET-AUX-JAMBES.png\",\"contentUrl\":\"https:\/\/staging.gravitzero.com\/wp-content\/uploads\/2025\/05\/HARNAIS-CONFORTABLE-AVEC-ATTACHES-RAPIDES-ET-COUSSINS-DE-CONFORT-AUX-EPAULES-ET-AUX-JAMBES.png\",\"width\":568,\"height\":816},{\"@type\":\"BreadcrumbList\",\"@id\":\"https:\/\/staging.gravitzero.com\/produit\/harnais-confortable-avec-attaches-rapides-et-coussins-de-confort-aux-epaules-et-aux-jambes\/#breadcrumb\",\"itemListElement\":[{\"@type\":\"ListItem\",\"position\":1,\"name\":\"Accueil\",\"item\":\"https:\/\/staging.gravitzero.com\/\"},{\"@type\":\"ListItem\",\"position\":2,\"name\":\"Shop\",\"item\":\"https:\/\/staging.gravitzero.com\/en\/shop\/\"},{\"@type\":\"ListItem\",\"position\":3,\"name\":\"\u00c9quipements\",\"item\":\"https:\/\/staging.gravitzero.com\/categorie-produit\/equipements\/\"},{\"@type\":\"ListItem\",\"position\":4,\"name\":\"Harnais confortable avec attaches rapides et coussins de confort aux \u00e9paules et aux jambes\"}]},{\"@type\":\"WebSite\",\"@id\":\"https:\/\/staging.gravitzero.com\/#website\",\"url\":\"https:\/\/staging.gravitzero.com\/\",\"name\":\"GRAVI-T ZERO\",\"description\":\"Entreprise de formation en sant\u00e9 et s\u00e9curit\u00e9 au travail\",\"publisher\":{\"@id\":\"https:\/\/staging.gravitzero.com\/#organization\"},\"inLanguage\":\"en-US\"},{\"@type\":\"Organization\",\"@id\":\"https:\/\/staging.gravitzero.com\/#organization\",\"name\":\"GRAVI-T ZERO\",\"url\":\"https:\/\/staging.gravitzero.com\/\",\"logo\":{\"@type\":\"ImageObject\",\"inLanguage\":\"en-US\",\"@id\":\"https:\/\/staging.gravitzero.com\/#\/schema\/logo\/image\/\",\"url\":\"https:\/\/staging.gravitzero.com\/wp-content\/uploads\/2018\/03\/logo-340-156.jpg\",\"contentUrl\":\"https:\/\/staging.gravitzero.com\/wp-content\/uploads\/2018\/03\/logo-340-156.jpg\",\"width\":340,\"height\":156,\"caption\":\"GRAVI-T ZERO\"},\"image\":{\"@id\":\"https:\/\/staging.gravitzero.com\/#\/schema\/logo\/image\/\"},\"sameAs\":[\"https:\/\/www.facebook.com\/gravitzero\/\"]}]}<\/script>\n<!-- \/ Yoast SEO Premium plugin. -->","yoast_head_json":{"title":"Harnais confortable avec attaches rapides et coussins de confort aux \u00e9paules et aux jambes | GRAVI-T ZERO","robots":{"index":"index","follow":"follow","max-snippet":"max-snippet:-1","max-image-preview":"max-image-preview:large","max-video-preview":"max-video-preview:-1"},"canonical":"https:\/\/staging.gravitzero.com\/produit\/harnais-confortable-avec-attaches-rapides-et-coussins-de-confort-aux-epaules-et-aux-jambes\/","og_locale":"en_US","og_type":"article","og_title":"Harnais confortable avec attaches rapides et coussins de confort aux \u00e9paules et aux jambes","og_description":"Harnais HiiGARD avec attaches rapides et coussins de confort aux \u00e9paules et aux jambes. Id\u00e9al pour le travail en hauteur. Conforme \u00e0 la norme CSA Z259-10. Taille universelle   Des frais d\u2019exp\u00e9dition peuvent s\u2019appliquer selon votre localisation.Le tarif sera calcul\u00e9 automatiquement lors du passage \u00e0 la caisse.","og_url":"https:\/\/staging.gravitzero.com\/produit\/harnais-confortable-avec-attaches-rapides-et-coussins-de-confort-aux-epaules-et-aux-jambes\/","og_site_name":"GRAVI-T ZERO","article_publisher":"https:\/\/www.facebook.com\/gravitzero\/","article_modified_time":"2025-05-22T10:34:16+00:00","og_image":[{"width":568,"height":816,"url":"https:\/\/staging.gravitzero.com\/wp-content\/uploads\/2025\/05\/HARNAIS-CONFORTABLE-AVEC-ATTACHES-RAPIDES-ET-COUSSINS-DE-CONFORT-AUX-EPAULES-ET-AUX-JAMBES.png","type":"image\/png"}],"twitter_card":"summary_large_image","twitter_misc":{"Est. reading time":"1 minute"},"schema":{"@context":"https:\/\/schema.org","@graph":[{"@type":"WebPage","@id":"https:\/\/staging.gravitzero.com\/produit\/harnais-confortable-avec-attaches-rapides-et-coussins-de-confort-aux-epaules-et-aux-jambes\/","url":"https:\/\/staging.gravitzero.com\/produit\/harnais-confortable-avec-attaches-rapides-et-coussins-de-confort-aux-epaules-et-aux-jambes\/","name":"Harnais confortable avec attaches rapides et coussins de confort aux \u00e9paules et aux jambes | GRAVI-T ZERO","isPartOf":{"@id":"https:\/\/staging.gravitzero.com\/#website"},"primaryImageOfPage":{"@id":"https:\/\/staging.gravitzero.com\/produit\/harnais-confortable-avec-attaches-rapides-et-coussins-de-confort-aux-epaules-et-aux-jambes\/#primaryimage"},"image":{"@id":"https:\/\/staging.gravitzero.com\/produit\/harnais-confortable-avec-attaches-rapides-et-coussins-de-confort-aux-epaules-et-aux-jambes\/#primaryimage"},"thumbnailUrl":"https:\/\/staging.gravitzero.com\/wp-content\/uploads\/2025\/05\/HARNAIS-CONFORTABLE-AVEC-ATTACHES-RAPIDES-ET-COUSSINS-DE-CONFORT-AUX-EPAULES-ET-AUX-JAMBES.png","datePublished":"2025-05-18T13:31:28+00:00","dateModified":"2025-05-22T10:34:16+00:00","breadcrumb":{"@id":"https:\/\/staging.gravitzero.com\/produit\/harnais-confortable-avec-attaches-rapides-et-coussins-de-confort-aux-epaules-et-aux-jambes\/#breadcrumb"},"inLanguage":"en-US","potentialAction":[{"@type":"ReadAction","target":["https:\/\/staging.gravitzero.com\/produit\/harnais-confortable-avec-attaches-rapides-et-coussins-de-confort-aux-epaules-et-aux-jambes\/"]}]},{"@type":"ImageObject","inLanguage":"en-US","@id":"https:\/\/staging.gravitzero.com\/produit\/harnais-confortable-avec-attaches-rapides-et-coussins-de-confort-aux-epaules-et-aux-jambes\/#primaryimage","url":"https:\/\/staging.gravitzero.com\/wp-content\/uploads\/2025\/05\/HARNAIS-CONFORTABLE-AVEC-ATTACHES-RAPIDES-ET-COUSSINS-DE-CONFORT-AUX-EPAULES-ET-AUX-JAMBES.png","contentUrl":"https:\/\/staging.gravitzero.com\/wp-content\/uploads\/2025\/05\/HARNAIS-CONFORTABLE-AVEC-ATTACHES-RAPIDES-ET-COUSSINS-DE-CONFORT-AUX-EPAULES-ET-AUX-JAMBES.png","width":568,"height":816},{"@type":"BreadcrumbList","@id":"https:\/\/staging.gravitzero.com\/produit\/harnais-confortable-avec-attaches-rapides-et-coussins-de-confort-aux-epaules-et-aux-jambes\/#breadcrumb","itemListElement":[{"@type":"ListItem","position":1,"name":"Accueil","item":"https:\/\/staging.gravitzero.com\/"},{"@type":"ListItem","position":2,"name":"Shop","item":"https:\/\/staging.gravitzero.com\/en\/shop\/"},{"@type":"ListItem","position":3,"name":"\u00c9quipements","item":"https:\/\/staging.gravitzero.com\/categorie-produit\/equipements\/"},{"@type":"ListItem","position":4,"name":"Harnais confortable avec attaches rapides et coussins de confort aux \u00e9paules et aux jambes"}]},{"@type":"WebSite","@id":"https:\/\/staging.gravitzero.com\/#website","url":"https:\/\/staging.gravitzero.com\/","name":"GRAVI-T ZERO","description":"Entreprise de formation en sant\u00e9 et s\u00e9curit\u00e9 au travail","publisher":{"@id":"https:\/\/staging.gravitzero.com\/#organization"},"inLanguage":"en-US"},{"@type":"Organization","@id":"https:\/\/staging.gravitzero.com\/#organization","name":"GRAVI-T ZERO","url":"https:\/\/staging.gravitzero.com\/","logo":{"@type":"ImageObject","inLanguage":"en-US","@id":"https:\/\/staging.gravitzero.com\/#\/schema\/logo\/image\/","url":"https:\/\/staging.gravitzero.com\/wp-content\/uploads\/2018\/03\/logo-340-156.jpg","contentUrl":"https:\/\/staging.gravitzero.com\/wp-content\/uploads\/2018\/03\/logo-340-156.jpg","width":340,"height":156,"caption":"GRAVI-T ZERO"},"image":{"@id":"https:\/\/staging.gravitzero.com\/#\/schema\/logo\/image\/"},"sameAs":["https:\/\/www.facebook.com\/gravitzero\/"]}]}},"_links":{"self":[{"href":"https:\/\/staging.gravitzero.com\/en\/wp-json\/wp\/v2\/product\/74973","targetHints":{"allow":["GET"]}}],"collection":[{"href":"https:\/\/staging.gravitzero.com\/en\/wp-json\/wp\/v2\/product"}],"about":[{"href":"https:\/\/staging.gravitzero.com\/en\/wp-json\/wp\/v2\/types\/product"}],"version-history":[{"count":11,"href":"https:\/\/staging.gravitzero.com\/en\/wp-json\/wp\/v2\/product\/74973\/revisions"}],"predecessor-version":[{"id":75389,"href":"https:\/\/staging.gravitzero.com\/en\/wp-json\/wp\/v2\/product\/74973\/revisions\/75389"}],"wp:featuredmedia":[{"embeddable":true,"href":"https:\/\/staging.gravitzero.com\/en\/wp-json\/wp\/v2\/media\/74983"}],"wp:attachment":[{"href":"https:\/\/staging.gravitzero.com\/en\/wp-json\/wp\/v2\/media?parent=74973"}],"wp:term":[{"taxonomy":"product_brand","embeddable":true,"href":"https:\/\/staging.gravitzero.com\/en\/wp-json\/wp\/v2\/product_brand?post=74973"},{"taxonomy":"product_cat","embeddable":true,"href":"https:\/\/staging.gravitzero.com\/en\/wp-json\/wp\/v2\/product_cat?post=74973"},{"taxonomy":"product_tag","embeddable":true,"href":"https:\/\/staging.gravitzero.com\/en\/wp-json\/wp\/v2\/product_tag?post=74973"}],"curies":[{"name":"wp","href":"https:\/\/api.w.org\/{rel}","templated":true}]}}