{"id":74741,"date":"2025-05-17T22:16:37","date_gmt":"2025-05-18T02:16:37","guid":{"rendered":"https:\/\/staging.gravitzero.com\/?post_type=product&#038;p=74741"},"modified":"2025-07-03T18:13:14","modified_gmt":"2025-07-03T22:13:14","slug":"interpretaiton-de-la-reglementation","status":"publish","type":"product","link":"https:\/\/staging.gravitzero.com\/en\/produit\/interpretaiton-de-la-reglementation\/","title":{"rendered":"Interpr\u00e9tation de la r\u00e9glementation sur le travail en hauteur (D\u00e9cret 63-2025) &#8211; GRATUIT"},"content":{"rendered":"<p>Le <strong>Code de s\u00e9curit\u00e9 pour les travaux de construction du Qu\u00e9bec<\/strong> a \u00e9t\u00e9 mis \u00e0 jour en <strong>f\u00e9vrier 2025<\/strong>, introduisant des <strong><a href=\"https:\/\/www.publicationsduquebec.gouv.qc.ca\/fileadmin\/gazette\/pdf_encrypte\/lois_reglements\/2025F\/84924.pdf\" target=\"_blank\" rel=\"noreferrer noopener\">modifications essentielles<\/a><\/strong> pour renforcer la s\u00e9curit\u00e9 des travailleurs en hauteur. Toutefois, entre les nouvelles r\u00e9glementations, la diversit\u00e9 des syst\u00e8mes de protection contre les chutes et l\u2019\u00e9volution constante des \u00e9quipements antichute, il peut \u00eatre difficile de s\u2019y retrouver.<\/p>\n<p>Cette formation aidera le participant \u00e0 mieux saisir les enjeux li\u00e9s \u00e0 cette nouvelle r\u00e9glementation et \u00e0 <strong>s\u00e9lectionner les dispositif les plus adapt\u00e9s <\/strong>aux t\u00e2ches en hauteur tout en garantissant le respect des r\u00e9glementations en vigueur.<\/p>\n","protected":false},"excerpt":{"rendered":"<p>Formation en ligne portant sur les principes g\u00e9n\u00e9raux des travaux ex\u00e9cut\u00e9s en hauteur ainsi que des moyens de protection applicables.<\/p>\n","protected":false},"featured_media":75262,"template":"","meta":{"_acf_changed":false,"_price":"0","_stock":"","_tribe_ticket_header":"","_tribe_default_ticket_provider":"","_ticket_start_date":"","_ticket_end_date":"","_tribe_ticket_show_description":"","_tribe_ticket_show_not_going":false,"_tribe_ticket_use_global_stock":"","_tribe_ticket_global_stock_level":"","_global_stock_mode":"","_global_stock_cap":"","_tribe_rsvp_for_event":"","_tribe_ticket_going_count":"","_tribe_ticket_not_going_count":"","_tribe_tickets_list":"[]","_tribe_ticket_has_attendee_info_fields":false,"_tec_slr_enabled":"","_tec_slr_layout":""},"product_brand":[],"product_cat":[2050],"product_tag":[],"class_list":{"0":"post-74741","1":"product","2":"type-product","3":"status-publish","4":"has-post-thumbnail","6":"product_cat-reglementation","8":"first","9":"instock","10":"virtual","11":"taxable","12":"purchasable","13":"product-type-simple"},"acf":[],"yoast_head":"<!-- This site is optimized with the Yoast SEO Premium plugin v26.7 (Yoast SEO v26.7) - https:\/\/yoast.com\/wordpress\/plugins\/seo\/ -->\n<title>Interpr\u00e9tation de la r\u00e9glementation sur le travail en hauteur (D\u00e9cret 63-2025) - GRATUIT | GRAVI-T ZERO<\/title>\n<meta name=\"robots\" content=\"index, follow, max-snippet:-1, max-image-preview:large, max-video-preview:-1\" \/>\n<link rel=\"canonical\" href=\"https:\/\/staging.gravitzero.com\/produit\/interpretaiton-de-la-reglementation\/\" \/>\n<meta property=\"og:locale\" content=\"en_US\" \/>\n<meta property=\"og:type\" content=\"article\" \/>\n<meta property=\"og:title\" content=\"Interpr\u00e9tation de la r\u00e9glementation sur le travail en hauteur (D\u00e9cret 63-2025) - GRATUIT\" \/>\n<meta property=\"og:description\" content=\"Formation en ligne portant sur les principes g\u00e9n\u00e9raux des travaux ex\u00e9cut\u00e9s en hauteur ainsi que des moyens de protection applicables.\" \/>\n<meta property=\"og:url\" content=\"https:\/\/staging.gravitzero.com\/produit\/interpretaiton-de-la-reglementation\/\" \/>\n<meta property=\"og:site_name\" content=\"GRAVI-T ZERO\" \/>\n<meta property=\"article:publisher\" content=\"https:\/\/www.facebook.com\/gravitzero\/\" \/>\n<meta property=\"article:modified_time\" content=\"2025-07-03T22:13:14+00:00\" \/>\n<meta property=\"og:image\" content=\"https:\/\/staging.gravitzero.com\/wp-content\/uploads\/2025\/05\/Interpretation-de-la-nouvelle-reglementation-sur-le-travail-en-hauteur.png\" \/>\n\t<meta property=\"og:image:width\" content=\"576\" \/>\n\t<meta property=\"og:image:height\" content=\"480\" \/>\n\t<meta property=\"og:image:type\" content=\"image\/png\" \/>\n<meta name=\"twitter:card\" content=\"summary_large_image\" \/>\n<meta name=\"twitter:label1\" content=\"Est. reading time\" \/>\n\t<meta name=\"twitter:data1\" content=\"1 minute\" \/>\n<script type=\"application\/ld+json\" class=\"yoast-schema-graph\">{\"@context\":\"https:\/\/schema.org\",\"@graph\":[{\"@type\":\"WebPage\",\"@id\":\"https:\/\/staging.gravitzero.com\/produit\/interpretaiton-de-la-reglementation\/\",\"url\":\"https:\/\/staging.gravitzero.com\/produit\/interpretaiton-de-la-reglementation\/\",\"name\":\"Interpr\u00e9tation de la r\u00e9glementation sur le travail en hauteur (D\u00e9cret 63-2025) - GRATUIT | GRAVI-T ZERO\",\"isPartOf\":{\"@id\":\"https:\/\/staging.gravitzero.com\/#website\"},\"primaryImageOfPage\":{\"@id\":\"https:\/\/staging.gravitzero.com\/produit\/interpretaiton-de-la-reglementation\/#primaryimage\"},\"image\":{\"@id\":\"https:\/\/staging.gravitzero.com\/produit\/interpretaiton-de-la-reglementation\/#primaryimage\"},\"thumbnailUrl\":\"https:\/\/staging.gravitzero.com\/wp-content\/uploads\/2025\/05\/Interpretation-de-la-nouvelle-reglementation-sur-le-travail-en-hauteur.png\",\"datePublished\":\"2025-05-18T02:16:37+00:00\",\"dateModified\":\"2025-07-03T22:13:14+00:00\",\"breadcrumb\":{\"@id\":\"https:\/\/staging.gravitzero.com\/produit\/interpretaiton-de-la-reglementation\/#breadcrumb\"},\"inLanguage\":\"en-US\",\"potentialAction\":[{\"@type\":\"ReadAction\",\"target\":[\"https:\/\/staging.gravitzero.com\/produit\/interpretaiton-de-la-reglementation\/\"]}]},{\"@type\":\"ImageObject\",\"inLanguage\":\"en-US\",\"@id\":\"https:\/\/staging.gravitzero.com\/produit\/interpretaiton-de-la-reglementation\/#primaryimage\",\"url\":\"https:\/\/staging.gravitzero.com\/wp-content\/uploads\/2025\/05\/Interpretation-de-la-nouvelle-reglementation-sur-le-travail-en-hauteur.png\",\"contentUrl\":\"https:\/\/staging.gravitzero.com\/wp-content\/uploads\/2025\/05\/Interpretation-de-la-nouvelle-reglementation-sur-le-travail-en-hauteur.png\",\"width\":576,\"height\":480},{\"@type\":\"BreadcrumbList\",\"@id\":\"https:\/\/staging.gravitzero.com\/produit\/interpretaiton-de-la-reglementation\/#breadcrumb\",\"itemListElement\":[{\"@type\":\"ListItem\",\"position\":1,\"name\":\"Accueil\",\"item\":\"https:\/\/staging.gravitzero.com\/\"},{\"@type\":\"ListItem\",\"position\":2,\"name\":\"Shop\",\"item\":\"https:\/\/staging.gravitzero.com\/en\/shop\/\"},{\"@type\":\"ListItem\",\"position\":3,\"name\":\"Non class\u00e9\",\"item\":\"https:\/\/staging.gravitzero.com\/categorie-produit\/non-classe\/\"},{\"@type\":\"ListItem\",\"position\":4,\"name\":\"Interpr\u00e9tation de la r\u00e9glementation sur le travail en hauteur (D\u00e9cret 63-2025) &#8211; GRATUIT\"}]},{\"@type\":\"WebSite\",\"@id\":\"https:\/\/staging.gravitzero.com\/#website\",\"url\":\"https:\/\/staging.gravitzero.com\/\",\"name\":\"GRAVI-T ZERO\",\"description\":\"Entreprise de formation en sant\u00e9 et s\u00e9curit\u00e9 au travail\",\"publisher\":{\"@id\":\"https:\/\/staging.gravitzero.com\/#organization\"},\"inLanguage\":\"en-US\"},{\"@type\":\"Organization\",\"@id\":\"https:\/\/staging.gravitzero.com\/#organization\",\"name\":\"GRAVI-T ZERO\",\"url\":\"https:\/\/staging.gravitzero.com\/\",\"logo\":{\"@type\":\"ImageObject\",\"inLanguage\":\"en-US\",\"@id\":\"https:\/\/staging.gravitzero.com\/#\/schema\/logo\/image\/\",\"url\":\"https:\/\/staging.gravitzero.com\/wp-content\/uploads\/2018\/03\/logo-340-156.jpg\",\"contentUrl\":\"https:\/\/staging.gravitzero.com\/wp-content\/uploads\/2018\/03\/logo-340-156.jpg\",\"width\":340,\"height\":156,\"caption\":\"GRAVI-T ZERO\"},\"image\":{\"@id\":\"https:\/\/staging.gravitzero.com\/#\/schema\/logo\/image\/\"},\"sameAs\":[\"https:\/\/www.facebook.com\/gravitzero\/\"]}]}<\/script>\n<!-- \/ Yoast SEO Premium plugin. -->","yoast_head_json":{"title":"Interpr\u00e9tation de la r\u00e9glementation sur le travail en hauteur (D\u00e9cret 63-2025) - GRATUIT | GRAVI-T ZERO","robots":{"index":"index","follow":"follow","max-snippet":"max-snippet:-1","max-image-preview":"max-image-preview:large","max-video-preview":"max-video-preview:-1"},"canonical":"https:\/\/staging.gravitzero.com\/produit\/interpretaiton-de-la-reglementation\/","og_locale":"en_US","og_type":"article","og_title":"Interpr\u00e9tation de la r\u00e9glementation sur le travail en hauteur (D\u00e9cret 63-2025) - GRATUIT","og_description":"Formation en ligne portant sur les principes g\u00e9n\u00e9raux des travaux ex\u00e9cut\u00e9s en hauteur ainsi que des moyens de protection applicables.","og_url":"https:\/\/staging.gravitzero.com\/produit\/interpretaiton-de-la-reglementation\/","og_site_name":"GRAVI-T ZERO","article_publisher":"https:\/\/www.facebook.com\/gravitzero\/","article_modified_time":"2025-07-03T22:13:14+00:00","og_image":[{"width":576,"height":480,"url":"https:\/\/staging.gravitzero.com\/wp-content\/uploads\/2025\/05\/Interpretation-de-la-nouvelle-reglementation-sur-le-travail-en-hauteur.png","type":"image\/png"}],"twitter_card":"summary_large_image","twitter_misc":{"Est. reading time":"1 minute"},"schema":{"@context":"https:\/\/schema.org","@graph":[{"@type":"WebPage","@id":"https:\/\/staging.gravitzero.com\/produit\/interpretaiton-de-la-reglementation\/","url":"https:\/\/staging.gravitzero.com\/produit\/interpretaiton-de-la-reglementation\/","name":"Interpr\u00e9tation de la r\u00e9glementation sur le travail en hauteur (D\u00e9cret 63-2025) - GRATUIT | GRAVI-T ZERO","isPartOf":{"@id":"https:\/\/staging.gravitzero.com\/#website"},"primaryImageOfPage":{"@id":"https:\/\/staging.gravitzero.com\/produit\/interpretaiton-de-la-reglementation\/#primaryimage"},"image":{"@id":"https:\/\/staging.gravitzero.com\/produit\/interpretaiton-de-la-reglementation\/#primaryimage"},"thumbnailUrl":"https:\/\/staging.gravitzero.com\/wp-content\/uploads\/2025\/05\/Interpretation-de-la-nouvelle-reglementation-sur-le-travail-en-hauteur.png","datePublished":"2025-05-18T02:16:37+00:00","dateModified":"2025-07-03T22:13:14+00:00","breadcrumb":{"@id":"https:\/\/staging.gravitzero.com\/produit\/interpretaiton-de-la-reglementation\/#breadcrumb"},"inLanguage":"en-US","potentialAction":[{"@type":"ReadAction","target":["https:\/\/staging.gravitzero.com\/produit\/interpretaiton-de-la-reglementation\/"]}]},{"@type":"ImageObject","inLanguage":"en-US","@id":"https:\/\/staging.gravitzero.com\/produit\/interpretaiton-de-la-reglementation\/#primaryimage","url":"https:\/\/staging.gravitzero.com\/wp-content\/uploads\/2025\/05\/Interpretation-de-la-nouvelle-reglementation-sur-le-travail-en-hauteur.png","contentUrl":"https:\/\/staging.gravitzero.com\/wp-content\/uploads\/2025\/05\/Interpretation-de-la-nouvelle-reglementation-sur-le-travail-en-hauteur.png","width":576,"height":480},{"@type":"BreadcrumbList","@id":"https:\/\/staging.gravitzero.com\/produit\/interpretaiton-de-la-reglementation\/#breadcrumb","itemListElement":[{"@type":"ListItem","position":1,"name":"Accueil","item":"https:\/\/staging.gravitzero.com\/"},{"@type":"ListItem","position":2,"name":"Shop","item":"https:\/\/staging.gravitzero.com\/en\/shop\/"},{"@type":"ListItem","position":3,"name":"Non class\u00e9","item":"https:\/\/staging.gravitzero.com\/categorie-produit\/non-classe\/"},{"@type":"ListItem","position":4,"name":"Interpr\u00e9tation de la r\u00e9glementation sur le travail en hauteur (D\u00e9cret 63-2025) &#8211; GRATUIT"}]},{"@type":"WebSite","@id":"https:\/\/staging.gravitzero.com\/#website","url":"https:\/\/staging.gravitzero.com\/","name":"GRAVI-T ZERO","description":"Entreprise de formation en sant\u00e9 et s\u00e9curit\u00e9 au travail","publisher":{"@id":"https:\/\/staging.gravitzero.com\/#organization"},"inLanguage":"en-US"},{"@type":"Organization","@id":"https:\/\/staging.gravitzero.com\/#organization","name":"GRAVI-T ZERO","url":"https:\/\/staging.gravitzero.com\/","logo":{"@type":"ImageObject","inLanguage":"en-US","@id":"https:\/\/staging.gravitzero.com\/#\/schema\/logo\/image\/","url":"https:\/\/staging.gravitzero.com\/wp-content\/uploads\/2018\/03\/logo-340-156.jpg","contentUrl":"https:\/\/staging.gravitzero.com\/wp-content\/uploads\/2018\/03\/logo-340-156.jpg","width":340,"height":156,"caption":"GRAVI-T ZERO"},"image":{"@id":"https:\/\/staging.gravitzero.com\/#\/schema\/logo\/image\/"},"sameAs":["https:\/\/www.facebook.com\/gravitzero\/"]}]}},"_links":{"self":[{"href":"https:\/\/staging.gravitzero.com\/en\/wp-json\/wp\/v2\/product\/74741","targetHints":{"allow":["GET"]}}],"collection":[{"href":"https:\/\/staging.gravitzero.com\/en\/wp-json\/wp\/v2\/product"}],"about":[{"href":"https:\/\/staging.gravitzero.com\/en\/wp-json\/wp\/v2\/types\/product"}],"version-history":[{"count":7,"href":"https:\/\/staging.gravitzero.com\/en\/wp-json\/wp\/v2\/product\/74741\/revisions"}],"predecessor-version":[{"id":77675,"href":"https:\/\/staging.gravitzero.com\/en\/wp-json\/wp\/v2\/product\/74741\/revisions\/77675"}],"wp:featuredmedia":[{"embeddable":true,"href":"https:\/\/staging.gravitzero.com\/en\/wp-json\/wp\/v2\/media\/75262"}],"wp:attachment":[{"href":"https:\/\/staging.gravitzero.com\/en\/wp-json\/wp\/v2\/media?parent=74741"}],"wp:term":[{"taxonomy":"product_brand","embeddable":true,"href":"https:\/\/staging.gravitzero.com\/en\/wp-json\/wp\/v2\/product_brand?post=74741"},{"taxonomy":"product_cat","embeddable":true,"href":"https:\/\/staging.gravitzero.com\/en\/wp-json\/wp\/v2\/product_cat?post=74741"},{"taxonomy":"product_tag","embeddable":true,"href":"https:\/\/staging.gravitzero.com\/en\/wp-json\/wp\/v2\/product_tag?post=74741"}],"curies":[{"name":"wp","href":"https:\/\/api.w.org\/{rel}","templated":true}]}}