{"id":63737,"date":"2023-06-19T15:23:50","date_gmt":"2023-06-19T19:23:50","guid":{"rendered":"https:\/\/staging.gravitzero.com\/?post_type=product&#038;p=63737"},"modified":"2025-05-19T11:20:16","modified_gmt":"2025-05-19T15:20:16","slug":"formation-theorique-en-ligne-espaces-clos-generalites","status":"publish","type":"product","link":"https:\/\/staging.gravitzero.com\/en\/produit\/formation-theorique-en-ligne-espaces-clos-generalites\/","title":{"rendered":"Espaces clos (g\u00e9n\u00e9ralit\u00e9s) &#8211; Formation en ligne"},"content":{"rendered":"<h3><strong>Description de la formation<\/strong><\/h3>\n<p>Au terme de cette formation, les participants seront initi\u00e9s aux principes \u00e9l\u00e9mentaires et aux r\u00e8gles de s\u00e9curit\u00e9 qui r\u00e9gissent les travaux en espaces clos.<\/p>\n<p>Une \u00e9valuation des connaissances permettra de mesurer la compr\u00e9hension des participants.<\/p>\n<p>Des exercices et des \u00e9valuations pratiques permettront de mesurer l\u2019habilit\u00e9 techniques des participants.<\/p>\n<p>Le programme de formation repose sur les exigences de base des normes du Groupe CSA , et sur celles du R\u00e8glement sur la sant\u00e9 et la s\u00e9curit\u00e9 du travail du Qu\u00e9bec.<\/p>\n<p>Ce programme rencontre \u00e9galement les exigences du minist\u00e8re du Travail de l\u2019Ontario.<\/p>\n<div style=\"width: 100%;\">\n<div style=\"position: relative; padding-bottom: 56.25%; padding-top: 0; height: 0;\">\n<h3><strong>Comp\u00e9tences acquises<\/strong><\/h3>\n<p>\u00c0 la fin de ce cours, les participants seront en mesure d\u2019utiliser des \u00e9quipements normalis\u00e9s par le Groupe CSA tels :<\/p>\n<ul>\n<li>un harnais,<\/li>\n<li>les longes munies d\u2019absorbeur d\u2019\u00e9nergie,<\/li>\n<li>des enrouleurs-d\u00e9rouleurs (SRL-R),<\/li>\n<li>un tr\u00e9pied,<\/li>\n<li>un syst\u00e8me de maintien de la position de travail.<\/li>\n<\/ul>\n<h3><strong>\u00c0 qui s&#8217;adresse ce cours<\/strong><\/h3>\n<p>Cette formation s\u2019adresse \u00e0 des participants appel\u00e9s \u00e0 effectuer des t\u00e2ches en espaces clos dans le cadre des activit\u00e9s de l\u2019entreprise pour laquelle ils travaillent.<\/p>\n<p>Elle s\u2019adresse \u00e0 des travailleurs ayant d\u00e9j\u00e0 travaill\u00e9 en espaces clos ou non.<\/p>\n<\/div>\n<p>&nbsp;<\/p>\n<\/div>\n<p>&nbsp;<\/p>\n","protected":false},"excerpt":{"rendered":"<p>Formation pr\u00e9sentant les notions essentielles sur le travail en espaces clos.<\/p>\n","protected":false},"featured_media":74695,"template":"","meta":{"_acf_changed":false,"_price":"80","_stock":"","_tribe_ticket_header":"","_tribe_default_ticket_provider":"","_ticket_start_date":"","_ticket_end_date":"","_tribe_ticket_show_description":"","_tribe_ticket_show_not_going":false,"_tribe_ticket_use_global_stock":"","_tribe_ticket_global_stock_level":"","_global_stock_mode":"","_global_stock_cap":"","_tribe_rsvp_for_event":"","_tribe_ticket_going_count":"","_tribe_ticket_not_going_count":"","_tribe_tickets_list":"[]","_tribe_ticket_has_attendee_info_fields":false,"_tec_slr_enabled":"","_tec_slr_layout":""},"product_brand":[],"product_cat":[1938],"product_tag":[],"class_list":{"0":"post-63737","1":"product","2":"type-product","3":"status-publish","4":"has-post-thumbnail","6":"product_cat-espaces-clos","8":"first","9":"instock","10":"virtual","11":"sold-individually","12":"taxable","13":"purchasable","14":"product-type-courses"},"acf":[],"yoast_head":"<!-- This site is optimized with the Yoast SEO Premium plugin v26.7 (Yoast SEO v26.7) - https:\/\/yoast.com\/wordpress\/plugins\/seo\/ -->\n<title>Espaces clos (g\u00e9n\u00e9ralit\u00e9s) - Formation en ligne | GRAVI-T ZERO<\/title>\n<meta name=\"description\" content=\"Cette formation s\u2019adresse \u00e0 des participants appel\u00e9s \u00e0 effectuer des t\u00e2ches en espaces clos dans le cadre des activit\u00e9s de l\u2019entreprise pour laquelle ils travaillent.Elle s\u2019adresse \u00e0 des travailleurs ayant d\u00e9j\u00e0 travaill\u00e9 en espaces clos ou non.\" \/>\n<meta name=\"robots\" content=\"index, follow, max-snippet:-1, max-image-preview:large, max-video-preview:-1\" \/>\n<link rel=\"canonical\" href=\"https:\/\/staging.gravitzero.com\/produit\/formation-theorique-en-ligne-espaces-clos-generalites\/\" \/>\n<meta property=\"og:locale\" content=\"en_US\" \/>\n<meta property=\"og:type\" content=\"article\" \/>\n<meta property=\"og:title\" content=\"Espaces clos (g\u00e9n\u00e9ralit\u00e9s) - Formation en ligne\" \/>\n<meta property=\"og:description\" content=\"Cette formation s\u2019adresse \u00e0 des participants appel\u00e9s \u00e0 effectuer des t\u00e2ches en espaces clos dans le cadre des activit\u00e9s de l\u2019entreprise pour laquelle ils travaillent.Elle s\u2019adresse \u00e0 des travailleurs ayant d\u00e9j\u00e0 travaill\u00e9 en espaces clos ou non.\" \/>\n<meta property=\"og:url\" content=\"https:\/\/staging.gravitzero.com\/produit\/formation-theorique-en-ligne-espaces-clos-generalites\/\" \/>\n<meta property=\"og:site_name\" content=\"GRAVI-T ZERO\" \/>\n<meta property=\"article:publisher\" content=\"https:\/\/www.facebook.com\/gravitzero\/\" \/>\n<meta property=\"article:modified_time\" content=\"2025-05-19T15:20:16+00:00\" \/>\n<meta property=\"og:image\" content=\"https:\/\/staging.gravitzero.com\/wp-content\/uploads\/2023\/06\/gtz-espacesclos-th-fp.jpg\" \/>\n\t<meta property=\"og:image:width\" content=\"1600\" \/>\n\t<meta property=\"og:image:height\" content=\"400\" \/>\n\t<meta property=\"og:image:type\" content=\"image\/jpeg\" \/>\n<meta name=\"twitter:card\" content=\"summary_large_image\" \/>\n<meta name=\"twitter:label1\" content=\"Est. reading time\" \/>\n\t<meta name=\"twitter:data1\" content=\"1 minute\" \/>\n<script type=\"application\/ld+json\" class=\"yoast-schema-graph\">{\"@context\":\"https:\/\/schema.org\",\"@graph\":[{\"@type\":\"WebPage\",\"@id\":\"https:\/\/staging.gravitzero.com\/produit\/formation-theorique-en-ligne-espaces-clos-generalites\/\",\"url\":\"https:\/\/staging.gravitzero.com\/produit\/formation-theorique-en-ligne-espaces-clos-generalites\/\",\"name\":\"Espaces clos (g\u00e9n\u00e9ralit\u00e9s) - Formation en ligne | GRAVI-T ZERO\",\"isPartOf\":{\"@id\":\"https:\/\/staging.gravitzero.com\/#website\"},\"primaryImageOfPage\":{\"@id\":\"https:\/\/staging.gravitzero.com\/produit\/formation-theorique-en-ligne-espaces-clos-generalites\/#primaryimage\"},\"image\":{\"@id\":\"https:\/\/staging.gravitzero.com\/produit\/formation-theorique-en-ligne-espaces-clos-generalites\/#primaryimage\"},\"thumbnailUrl\":\"https:\/\/staging.gravitzero.com\/wp-content\/uploads\/2023\/06\/20240809_143500-scaled-e1747516685661.jpg\",\"datePublished\":\"2023-06-19T19:23:50+00:00\",\"dateModified\":\"2025-05-19T15:20:16+00:00\",\"description\":\"Cette formation s\u2019adresse \u00e0 des participants appel\u00e9s \u00e0 effectuer des t\u00e2ches en espaces clos dans le cadre des activit\u00e9s de l\u2019entreprise pour laquelle ils travaillent.Elle s\u2019adresse \u00e0 des travailleurs ayant d\u00e9j\u00e0 travaill\u00e9 en espaces clos ou non.\",\"breadcrumb\":{\"@id\":\"https:\/\/staging.gravitzero.com\/produit\/formation-theorique-en-ligne-espaces-clos-generalites\/#breadcrumb\"},\"inLanguage\":\"en-US\",\"potentialAction\":[{\"@type\":\"ReadAction\",\"target\":[\"https:\/\/staging.gravitzero.com\/produit\/formation-theorique-en-ligne-espaces-clos-generalites\/\"]}]},{\"@type\":\"ImageObject\",\"inLanguage\":\"en-US\",\"@id\":\"https:\/\/staging.gravitzero.com\/produit\/formation-theorique-en-ligne-espaces-clos-generalites\/#primaryimage\",\"url\":\"https:\/\/staging.gravitzero.com\/wp-content\/uploads\/2023\/06\/20240809_143500-scaled-e1747516685661.jpg\",\"contentUrl\":\"https:\/\/staging.gravitzero.com\/wp-content\/uploads\/2023\/06\/20240809_143500-scaled-e1747516685661.jpg\",\"width\":1417,\"height\":1412},{\"@type\":\"BreadcrumbList\",\"@id\":\"https:\/\/staging.gravitzero.com\/produit\/formation-theorique-en-ligne-espaces-clos-generalites\/#breadcrumb\",\"itemListElement\":[{\"@type\":\"ListItem\",\"position\":1,\"name\":\"Accueil\",\"item\":\"https:\/\/staging.gravitzero.com\/\"},{\"@type\":\"ListItem\",\"position\":2,\"name\":\"Shop\",\"item\":\"https:\/\/staging.gravitzero.com\/en\/shop\/\"},{\"@type\":\"ListItem\",\"position\":3,\"name\":\"Formation en ligne\",\"item\":\"https:\/\/staging.gravitzero.com\/categorie-produit\/formation-en-ligne\/\"},{\"@type\":\"ListItem\",\"position\":4,\"name\":\"Formation th\u00e9orique en ligne (asynchrone): Espaces clos (g\u00e9n\u00e9ralit\u00e9s)\"}]},{\"@type\":\"WebSite\",\"@id\":\"https:\/\/staging.gravitzero.com\/#website\",\"url\":\"https:\/\/staging.gravitzero.com\/\",\"name\":\"GRAVI-T ZERO\",\"description\":\"Entreprise de formation en sant\u00e9 et s\u00e9curit\u00e9 au travail\",\"publisher\":{\"@id\":\"https:\/\/staging.gravitzero.com\/#organization\"},\"inLanguage\":\"en-US\"},{\"@type\":\"Organization\",\"@id\":\"https:\/\/staging.gravitzero.com\/#organization\",\"name\":\"GRAVI-T ZERO\",\"url\":\"https:\/\/staging.gravitzero.com\/\",\"logo\":{\"@type\":\"ImageObject\",\"inLanguage\":\"en-US\",\"@id\":\"https:\/\/staging.gravitzero.com\/#\/schema\/logo\/image\/\",\"url\":\"https:\/\/staging.gravitzero.com\/wp-content\/uploads\/2018\/03\/logo-340-156.jpg\",\"contentUrl\":\"https:\/\/staging.gravitzero.com\/wp-content\/uploads\/2018\/03\/logo-340-156.jpg\",\"width\":340,\"height\":156,\"caption\":\"GRAVI-T ZERO\"},\"image\":{\"@id\":\"https:\/\/staging.gravitzero.com\/#\/schema\/logo\/image\/\"},\"sameAs\":[\"https:\/\/www.facebook.com\/gravitzero\/\"]}]}<\/script>\n<!-- \/ Yoast SEO Premium plugin. -->","yoast_head_json":{"title":"Espaces clos (g\u00e9n\u00e9ralit\u00e9s) - Formation en ligne | GRAVI-T ZERO","description":"Cette formation s\u2019adresse \u00e0 des participants appel\u00e9s \u00e0 effectuer des t\u00e2ches en espaces clos dans le cadre des activit\u00e9s de l\u2019entreprise pour laquelle ils travaillent.Elle s\u2019adresse \u00e0 des travailleurs ayant d\u00e9j\u00e0 travaill\u00e9 en espaces clos ou non.","robots":{"index":"index","follow":"follow","max-snippet":"max-snippet:-1","max-image-preview":"max-image-preview:large","max-video-preview":"max-video-preview:-1"},"canonical":"https:\/\/staging.gravitzero.com\/produit\/formation-theorique-en-ligne-espaces-clos-generalites\/","og_locale":"en_US","og_type":"article","og_title":"Espaces clos (g\u00e9n\u00e9ralit\u00e9s) - Formation en ligne","og_description":"Cette formation s\u2019adresse \u00e0 des participants appel\u00e9s \u00e0 effectuer des t\u00e2ches en espaces clos dans le cadre des activit\u00e9s de l\u2019entreprise pour laquelle ils travaillent.Elle s\u2019adresse \u00e0 des travailleurs ayant d\u00e9j\u00e0 travaill\u00e9 en espaces clos ou non.","og_url":"https:\/\/staging.gravitzero.com\/produit\/formation-theorique-en-ligne-espaces-clos-generalites\/","og_site_name":"GRAVI-T ZERO","article_publisher":"https:\/\/www.facebook.com\/gravitzero\/","article_modified_time":"2025-05-19T15:20:16+00:00","og_image":[{"width":1600,"height":400,"url":"https:\/\/staging.gravitzero.com\/wp-content\/uploads\/2023\/06\/gtz-espacesclos-th-fp.jpg","type":"image\/jpeg"}],"twitter_card":"summary_large_image","twitter_misc":{"Est. reading time":"1 minute"},"schema":{"@context":"https:\/\/schema.org","@graph":[{"@type":"WebPage","@id":"https:\/\/staging.gravitzero.com\/produit\/formation-theorique-en-ligne-espaces-clos-generalites\/","url":"https:\/\/staging.gravitzero.com\/produit\/formation-theorique-en-ligne-espaces-clos-generalites\/","name":"Espaces clos (g\u00e9n\u00e9ralit\u00e9s) - Formation en ligne | GRAVI-T ZERO","isPartOf":{"@id":"https:\/\/staging.gravitzero.com\/#website"},"primaryImageOfPage":{"@id":"https:\/\/staging.gravitzero.com\/produit\/formation-theorique-en-ligne-espaces-clos-generalites\/#primaryimage"},"image":{"@id":"https:\/\/staging.gravitzero.com\/produit\/formation-theorique-en-ligne-espaces-clos-generalites\/#primaryimage"},"thumbnailUrl":"https:\/\/staging.gravitzero.com\/wp-content\/uploads\/2023\/06\/20240809_143500-scaled-e1747516685661.jpg","datePublished":"2023-06-19T19:23:50+00:00","dateModified":"2025-05-19T15:20:16+00:00","description":"Cette formation s\u2019adresse \u00e0 des participants appel\u00e9s \u00e0 effectuer des t\u00e2ches en espaces clos dans le cadre des activit\u00e9s de l\u2019entreprise pour laquelle ils travaillent.Elle s\u2019adresse \u00e0 des travailleurs ayant d\u00e9j\u00e0 travaill\u00e9 en espaces clos ou non.","breadcrumb":{"@id":"https:\/\/staging.gravitzero.com\/produit\/formation-theorique-en-ligne-espaces-clos-generalites\/#breadcrumb"},"inLanguage":"en-US","potentialAction":[{"@type":"ReadAction","target":["https:\/\/staging.gravitzero.com\/produit\/formation-theorique-en-ligne-espaces-clos-generalites\/"]}]},{"@type":"ImageObject","inLanguage":"en-US","@id":"https:\/\/staging.gravitzero.com\/produit\/formation-theorique-en-ligne-espaces-clos-generalites\/#primaryimage","url":"https:\/\/staging.gravitzero.com\/wp-content\/uploads\/2023\/06\/20240809_143500-scaled-e1747516685661.jpg","contentUrl":"https:\/\/staging.gravitzero.com\/wp-content\/uploads\/2023\/06\/20240809_143500-scaled-e1747516685661.jpg","width":1417,"height":1412},{"@type":"BreadcrumbList","@id":"https:\/\/staging.gravitzero.com\/produit\/formation-theorique-en-ligne-espaces-clos-generalites\/#breadcrumb","itemListElement":[{"@type":"ListItem","position":1,"name":"Accueil","item":"https:\/\/staging.gravitzero.com\/"},{"@type":"ListItem","position":2,"name":"Shop","item":"https:\/\/staging.gravitzero.com\/en\/shop\/"},{"@type":"ListItem","position":3,"name":"Formation en ligne","item":"https:\/\/staging.gravitzero.com\/categorie-produit\/formation-en-ligne\/"},{"@type":"ListItem","position":4,"name":"Formation th\u00e9orique en ligne (asynchrone): Espaces clos (g\u00e9n\u00e9ralit\u00e9s)"}]},{"@type":"WebSite","@id":"https:\/\/staging.gravitzero.com\/#website","url":"https:\/\/staging.gravitzero.com\/","name":"GRAVI-T ZERO","description":"Entreprise de formation en sant\u00e9 et s\u00e9curit\u00e9 au travail","publisher":{"@id":"https:\/\/staging.gravitzero.com\/#organization"},"inLanguage":"en-US"},{"@type":"Organization","@id":"https:\/\/staging.gravitzero.com\/#organization","name":"GRAVI-T ZERO","url":"https:\/\/staging.gravitzero.com\/","logo":{"@type":"ImageObject","inLanguage":"en-US","@id":"https:\/\/staging.gravitzero.com\/#\/schema\/logo\/image\/","url":"https:\/\/staging.gravitzero.com\/wp-content\/uploads\/2018\/03\/logo-340-156.jpg","contentUrl":"https:\/\/staging.gravitzero.com\/wp-content\/uploads\/2018\/03\/logo-340-156.jpg","width":340,"height":156,"caption":"GRAVI-T ZERO"},"image":{"@id":"https:\/\/staging.gravitzero.com\/#\/schema\/logo\/image\/"},"sameAs":["https:\/\/www.facebook.com\/gravitzero\/"]}]}},"_links":{"self":[{"href":"https:\/\/staging.gravitzero.com\/en\/wp-json\/wp\/v2\/product\/63737","targetHints":{"allow":["GET"]}}],"collection":[{"href":"https:\/\/staging.gravitzero.com\/en\/wp-json\/wp\/v2\/product"}],"about":[{"href":"https:\/\/staging.gravitzero.com\/en\/wp-json\/wp\/v2\/types\/product"}],"version-history":[{"count":5,"href":"https:\/\/staging.gravitzero.com\/en\/wp-json\/wp\/v2\/product\/63737\/revisions"}],"predecessor-version":[{"id":74693,"href":"https:\/\/staging.gravitzero.com\/en\/wp-json\/wp\/v2\/product\/63737\/revisions\/74693"}],"wp:featuredmedia":[{"embeddable":true,"href":"https:\/\/staging.gravitzero.com\/en\/wp-json\/wp\/v2\/media\/74695"}],"wp:attachment":[{"href":"https:\/\/staging.gravitzero.com\/en\/wp-json\/wp\/v2\/media?parent=63737"}],"wp:term":[{"taxonomy":"product_brand","embeddable":true,"href":"https:\/\/staging.gravitzero.com\/en\/wp-json\/wp\/v2\/product_brand?post=63737"},{"taxonomy":"product_cat","embeddable":true,"href":"https:\/\/staging.gravitzero.com\/en\/wp-json\/wp\/v2\/product_cat?post=63737"},{"taxonomy":"product_tag","embeddable":true,"href":"https:\/\/staging.gravitzero.com\/en\/wp-json\/wp\/v2\/product_tag?post=63737"}],"curies":[{"name":"wp","href":"https:\/\/api.w.org\/{rel}","templated":true}]}}