{"id":51236,"date":"2022-03-11T13:04:35","date_gmt":"2022-03-11T18:04:35","guid":{"rendered":"https:\/\/staging.gravitzero.com\/produit\/formation-et-evaluation-pratique-chariot-elevateur-a-mat-telescopique-17-mars-2022-de-1330-a-1430\/"},"modified":"2022-03-11T13:04:35","modified_gmt":"2022-03-11T18:04:35","slug":"formation-et-evaluation-pratique-chariot-elevateur-a-mat-telescopique-17-mars-2022-de-1330-a-1430","status":"publish","type":"product","link":"https:\/\/staging.gravitzero.com\/en\/produit\/formation-et-evaluation-pratique-chariot-elevateur-a-mat-telescopique-17-mars-2022-de-1330-a-1430\/","title":{"rendered":"Formation et \u00e9valuation pratique &#8211; Chariot \u00e9l\u00e9vateur \u00e0 m\u00e2t t\u00e9lescopique (17 mars 2022 de 13:30 \u00e0 14:30)"},"content":{"rendered":"","protected":false},"excerpt":{"rendered":"","protected":false},"featured_media":0,"template":"","meta":{"_acf_changed":false,"_price":"250","_stock":"1","_tribe_ticket_header":"","_tribe_default_ticket_provider":"","_ticket_start_date":"2022-03-11 00:00:00","_ticket_end_date":"2022-03-16 12:00:00","_tribe_ticket_show_description":"yes","_tribe_ticket_show_not_going":false,"_tribe_ticket_use_global_stock":"","_tribe_ticket_global_stock_level":"","_global_stock_mode":"own","_global_stock_cap":"","_tribe_rsvp_for_event":"","_tribe_ticket_going_count":"","_tribe_ticket_not_going_count":"","_tribe_tickets_list":"[]","_tribe_ticket_has_attendee_info_fields":false,"_tec_slr_enabled":"","_tec_slr_layout":""},"product_brand":[],"product_cat":[15],"product_tag":[],"class_list":{"0":"post-51236","1":"product","2":"type-product","3":"status-publish","5":"product_cat-non-classe","7":"first","8":"instock","9":"virtual","10":"taxable","11":"purchasable","12":"product-type-simple"},"acf":[],"yoast_head":"<!-- This site is optimized with the Yoast SEO Premium plugin v26.7 (Yoast SEO v26.7) - https:\/\/yoast.com\/wordpress\/plugins\/seo\/ -->\n<title>Formation et \u00e9valuation pratique - Chariot \u00e9l\u00e9vateur \u00e0 m\u00e2t t\u00e9lescopique (17 mars 2022 de 13:30 \u00e0 14:30) | GRAVI-T ZERO<\/title>\n<meta name=\"robots\" content=\"index, follow, max-snippet:-1, max-image-preview:large, max-video-preview:-1\" \/>\n<link rel=\"canonical\" href=\"https:\/\/staging.gravitzero.com\/session\/formation-et-evaluation-pratique-chariot-elevateur-a-mat-telescopique-12\/\" \/>\n<meta property=\"og:locale\" content=\"en_US\" \/>\n<meta property=\"og:type\" content=\"article\" \/>\n<meta property=\"og:title\" content=\"Formation et \u00e9valuation pratique - Chariot \u00e9l\u00e9vateur \u00e0 m\u00e2t t\u00e9lescopique (17 mars 2022 de 13:30 \u00e0 14:30)\" \/>\n<meta property=\"og:url\" content=\"https:\/\/staging.gravitzero.com\/session\/formation-et-evaluation-pratique-chariot-elevateur-a-mat-telescopique-12\/\" \/>\n<meta property=\"og:site_name\" content=\"GRAVI-T ZERO\" \/>\n<meta property=\"article:publisher\" content=\"https:\/\/www.facebook.com\/gravitzero\/\" \/>\n<meta name=\"twitter:card\" content=\"summary_large_image\" \/>\n<script type=\"application\/ld+json\" class=\"yoast-schema-graph\">{\"@context\":\"https:\/\/schema.org\",\"@graph\":[{\"@type\":\"WebPage\",\"@id\":\"https:\/\/staging.gravitzero.com\/session\/formation-et-evaluation-pratique-chariot-elevateur-a-mat-telescopique-12\/\",\"url\":\"https:\/\/staging.gravitzero.com\/session\/formation-et-evaluation-pratique-chariot-elevateur-a-mat-telescopique-12\/\",\"name\":\"Formation et \u00e9valuation pratique - Chariot \u00e9l\u00e9vateur \u00e0 m\u00e2t t\u00e9lescopique (17 mars 2022 de 13:30 \u00e0 14:30) | GRAVI-T ZERO\",\"isPartOf\":{\"@id\":\"https:\/\/staging.gravitzero.com\/#website\"},\"datePublished\":\"2022-03-11T18:04:35+00:00\",\"breadcrumb\":{\"@id\":\"https:\/\/staging.gravitzero.com\/session\/formation-et-evaluation-pratique-chariot-elevateur-a-mat-telescopique-12\/#breadcrumb\"},\"inLanguage\":\"en-US\",\"potentialAction\":[{\"@type\":\"ReadAction\",\"target\":[\"https:\/\/staging.gravitzero.com\/session\/formation-et-evaluation-pratique-chariot-elevateur-a-mat-telescopique-12\/\"]}]},{\"@type\":\"BreadcrumbList\",\"@id\":\"https:\/\/staging.gravitzero.com\/session\/formation-et-evaluation-pratique-chariot-elevateur-a-mat-telescopique-12\/#breadcrumb\",\"itemListElement\":[{\"@type\":\"ListItem\",\"position\":1,\"name\":\"Accueil\",\"item\":\"https:\/\/staging.gravitzero.com\/\"},{\"@type\":\"ListItem\",\"position\":2,\"name\":\"Shop\",\"item\":\"https:\/\/staging.gravitzero.com\/en\/shop\/\"},{\"@type\":\"ListItem\",\"position\":3,\"name\":\"Formation et \u00e9valuation pratique &#8211; Chariot \u00e9l\u00e9vateur \u00e0 m\u00e2t t\u00e9lescopique (17 mars 2022 de 13:30 \u00e0 14:30)\"}]},{\"@type\":\"WebSite\",\"@id\":\"https:\/\/staging.gravitzero.com\/#website\",\"url\":\"https:\/\/staging.gravitzero.com\/\",\"name\":\"GRAVI-T ZERO\",\"description\":\"Entreprise de formation en sant\u00e9 et s\u00e9curit\u00e9 au travail\",\"publisher\":{\"@id\":\"https:\/\/staging.gravitzero.com\/#organization\"},\"inLanguage\":\"en-US\"},{\"@type\":\"Organization\",\"@id\":\"https:\/\/staging.gravitzero.com\/#organization\",\"name\":\"GRAVI-T ZERO\",\"url\":\"https:\/\/staging.gravitzero.com\/\",\"logo\":{\"@type\":\"ImageObject\",\"inLanguage\":\"en-US\",\"@id\":\"https:\/\/staging.gravitzero.com\/#\/schema\/logo\/image\/\",\"url\":\"https:\/\/staging.gravitzero.com\/wp-content\/uploads\/2018\/03\/logo-340-156.jpg\",\"contentUrl\":\"https:\/\/staging.gravitzero.com\/wp-content\/uploads\/2018\/03\/logo-340-156.jpg\",\"width\":340,\"height\":156,\"caption\":\"GRAVI-T ZERO\"},\"image\":{\"@id\":\"https:\/\/staging.gravitzero.com\/#\/schema\/logo\/image\/\"},\"sameAs\":[\"https:\/\/www.facebook.com\/gravitzero\/\"]}]}<\/script>\n<!-- \/ Yoast SEO Premium plugin. -->","yoast_head_json":{"title":"Formation et \u00e9valuation pratique - Chariot \u00e9l\u00e9vateur \u00e0 m\u00e2t t\u00e9lescopique (17 mars 2022 de 13:30 \u00e0 14:30) | GRAVI-T ZERO","robots":{"index":"index","follow":"follow","max-snippet":"max-snippet:-1","max-image-preview":"max-image-preview:large","max-video-preview":"max-video-preview:-1"},"canonical":"https:\/\/staging.gravitzero.com\/session\/formation-et-evaluation-pratique-chariot-elevateur-a-mat-telescopique-12\/","og_locale":"en_US","og_type":"article","og_title":"Formation et \u00e9valuation pratique - Chariot \u00e9l\u00e9vateur \u00e0 m\u00e2t t\u00e9lescopique (17 mars 2022 de 13:30 \u00e0 14:30)","og_url":"https:\/\/staging.gravitzero.com\/session\/formation-et-evaluation-pratique-chariot-elevateur-a-mat-telescopique-12\/","og_site_name":"GRAVI-T ZERO","article_publisher":"https:\/\/www.facebook.com\/gravitzero\/","twitter_card":"summary_large_image","schema":{"@context":"https:\/\/schema.org","@graph":[{"@type":"WebPage","@id":"https:\/\/staging.gravitzero.com\/session\/formation-et-evaluation-pratique-chariot-elevateur-a-mat-telescopique-12\/","url":"https:\/\/staging.gravitzero.com\/session\/formation-et-evaluation-pratique-chariot-elevateur-a-mat-telescopique-12\/","name":"Formation et \u00e9valuation pratique - Chariot \u00e9l\u00e9vateur \u00e0 m\u00e2t t\u00e9lescopique (17 mars 2022 de 13:30 \u00e0 14:30) | GRAVI-T ZERO","isPartOf":{"@id":"https:\/\/staging.gravitzero.com\/#website"},"datePublished":"2022-03-11T18:04:35+00:00","breadcrumb":{"@id":"https:\/\/staging.gravitzero.com\/session\/formation-et-evaluation-pratique-chariot-elevateur-a-mat-telescopique-12\/#breadcrumb"},"inLanguage":"en-US","potentialAction":[{"@type":"ReadAction","target":["https:\/\/staging.gravitzero.com\/session\/formation-et-evaluation-pratique-chariot-elevateur-a-mat-telescopique-12\/"]}]},{"@type":"BreadcrumbList","@id":"https:\/\/staging.gravitzero.com\/session\/formation-et-evaluation-pratique-chariot-elevateur-a-mat-telescopique-12\/#breadcrumb","itemListElement":[{"@type":"ListItem","position":1,"name":"Accueil","item":"https:\/\/staging.gravitzero.com\/"},{"@type":"ListItem","position":2,"name":"Shop","item":"https:\/\/staging.gravitzero.com\/en\/shop\/"},{"@type":"ListItem","position":3,"name":"Formation et \u00e9valuation pratique &#8211; Chariot \u00e9l\u00e9vateur \u00e0 m\u00e2t t\u00e9lescopique (17 mars 2022 de 13:30 \u00e0 14:30)"}]},{"@type":"WebSite","@id":"https:\/\/staging.gravitzero.com\/#website","url":"https:\/\/staging.gravitzero.com\/","name":"GRAVI-T ZERO","description":"Entreprise de formation en sant\u00e9 et s\u00e9curit\u00e9 au travail","publisher":{"@id":"https:\/\/staging.gravitzero.com\/#organization"},"inLanguage":"en-US"},{"@type":"Organization","@id":"https:\/\/staging.gravitzero.com\/#organization","name":"GRAVI-T ZERO","url":"https:\/\/staging.gravitzero.com\/","logo":{"@type":"ImageObject","inLanguage":"en-US","@id":"https:\/\/staging.gravitzero.com\/#\/schema\/logo\/image\/","url":"https:\/\/staging.gravitzero.com\/wp-content\/uploads\/2018\/03\/logo-340-156.jpg","contentUrl":"https:\/\/staging.gravitzero.com\/wp-content\/uploads\/2018\/03\/logo-340-156.jpg","width":340,"height":156,"caption":"GRAVI-T ZERO"},"image":{"@id":"https:\/\/staging.gravitzero.com\/#\/schema\/logo\/image\/"},"sameAs":["https:\/\/www.facebook.com\/gravitzero\/"]}]}},"_links":{"self":[{"href":"https:\/\/staging.gravitzero.com\/en\/wp-json\/wp\/v2\/product\/51236","targetHints":{"allow":["GET"]}}],"collection":[{"href":"https:\/\/staging.gravitzero.com\/en\/wp-json\/wp\/v2\/product"}],"about":[{"href":"https:\/\/staging.gravitzero.com\/en\/wp-json\/wp\/v2\/types\/product"}],"version-history":[{"count":0,"href":"https:\/\/staging.gravitzero.com\/en\/wp-json\/wp\/v2\/product\/51236\/revisions"}],"wp:attachment":[{"href":"https:\/\/staging.gravitzero.com\/en\/wp-json\/wp\/v2\/media?parent=51236"}],"wp:term":[{"taxonomy":"product_brand","embeddable":true,"href":"https:\/\/staging.gravitzero.com\/en\/wp-json\/wp\/v2\/product_brand?post=51236"},{"taxonomy":"product_cat","embeddable":true,"href":"https:\/\/staging.gravitzero.com\/en\/wp-json\/wp\/v2\/product_cat?post=51236"},{"taxonomy":"product_tag","embeddable":true,"href":"https:\/\/staging.gravitzero.com\/en\/wp-json\/wp\/v2\/product_tag?post=51236"}],"curies":[{"name":"wp","href":"https:\/\/api.w.org\/{rel}","templated":true}]}}