{"id":49400,"date":"2022-01-10T14:50:01","date_gmt":"2022-01-10T19:50:01","guid":{"rendered":"https:\/\/staging.gravitzero.com\/produit\/formation-et-evaluation-pratique-engins-elevateurs-plateforme-et-nacelle-elevatrices-15-fevrier-2022-de-930-a-1100\/"},"modified":"2022-02-14T14:09:51","modified_gmt":"2022-02-14T19:09:51","slug":"formation-et-evaluation-pratique-engins-elevateurs-plateforme-et-nacelle-elevatrices-15-fevrier-2022-de-930-a-1100","status":"publish","type":"product","link":"https:\/\/staging.gravitzero.com\/en\/produit\/formation-et-evaluation-pratique-engins-elevateurs-plateforme-et-nacelle-elevatrices-15-fevrier-2022-de-930-a-1100\/","title":{"rendered":"Formation et \u00e9valuation pratique &#8211; Engins \u00e9l\u00e9vateurs (plateforme et nacelle \u00e9l\u00e9vatrices) (16 f\u00e9vrier 2022 de 9:30 \u00e0 11:00)"},"content":{"rendered":"","protected":false},"excerpt":{"rendered":"","protected":false},"featured_media":0,"template":"","meta":{"_acf_changed":false,"_price":"250.00","_stock":"-1","_tribe_ticket_header":"","_tribe_default_ticket_provider":"","_ticket_start_date":"2022-01-10 00:00:00","_ticket_end_date":"2022-02-16 08:00:00","_tribe_ticket_show_description":"yes","_tribe_ticket_show_not_going":false,"_tribe_ticket_use_global_stock":"","_tribe_ticket_global_stock_level":"","_global_stock_mode":"own","_global_stock_cap":"","_tribe_rsvp_for_event":"","_tribe_ticket_going_count":"","_tribe_ticket_not_going_count":"","_tribe_tickets_list":"[]","_tribe_ticket_has_attendee_info_fields":false,"_tec_slr_enabled":"","_tec_slr_layout":""},"product_brand":[],"product_cat":[15],"product_tag":[],"class_list":{"0":"post-49400","1":"product","2":"type-product","3":"status-publish","5":"product_cat-non-classe","7":"first","8":"outofstock","9":"virtual","10":"taxable","11":"purchasable","12":"product-type-simple"},"acf":[],"yoast_head":"<!-- This site is optimized with the Yoast SEO Premium plugin v26.7 (Yoast SEO v26.7) - https:\/\/yoast.com\/wordpress\/plugins\/seo\/ -->\n<title>Formation et \u00e9valuation pratique - Engins \u00e9l\u00e9vateurs (plateforme et nacelle \u00e9l\u00e9vatrices) (16 f\u00e9vrier 2022 de 9:30 \u00e0 11:00) | GRAVI-T ZERO<\/title>\n<meta name=\"robots\" content=\"index, follow, max-snippet:-1, max-image-preview:large, max-video-preview:-1\" \/>\n<link rel=\"canonical\" href=\"https:\/\/staging.gravitzero.com\/session\/formation-et-evaluation-pratique-engins-elevateurs-plateforme-et-nacelle-elevatrices-21\/\" \/>\n<meta property=\"og:locale\" content=\"en_US\" \/>\n<meta property=\"og:type\" content=\"article\" \/>\n<meta property=\"og:title\" content=\"Formation et \u00e9valuation pratique - Engins \u00e9l\u00e9vateurs (plateforme et nacelle \u00e9l\u00e9vatrices) (16 f\u00e9vrier 2022 de 9:30 \u00e0 11:00)\" \/>\n<meta property=\"og:url\" content=\"https:\/\/staging.gravitzero.com\/session\/formation-et-evaluation-pratique-engins-elevateurs-plateforme-et-nacelle-elevatrices-21\/\" \/>\n<meta property=\"og:site_name\" content=\"GRAVI-T ZERO\" \/>\n<meta property=\"article:publisher\" content=\"https:\/\/www.facebook.com\/gravitzero\/\" \/>\n<meta property=\"article:modified_time\" content=\"2022-02-14T19:09:51+00:00\" \/>\n<meta name=\"twitter:card\" content=\"summary_large_image\" \/>\n<script type=\"application\/ld+json\" class=\"yoast-schema-graph\">{\"@context\":\"https:\/\/schema.org\",\"@graph\":[{\"@type\":\"WebPage\",\"@id\":\"https:\/\/staging.gravitzero.com\/session\/formation-et-evaluation-pratique-engins-elevateurs-plateforme-et-nacelle-elevatrices-21\/\",\"url\":\"https:\/\/staging.gravitzero.com\/session\/formation-et-evaluation-pratique-engins-elevateurs-plateforme-et-nacelle-elevatrices-21\/\",\"name\":\"Formation et \u00e9valuation pratique - Engins \u00e9l\u00e9vateurs (plateforme et nacelle \u00e9l\u00e9vatrices) (16 f\u00e9vrier 2022 de 9:30 \u00e0 11:00) | GRAVI-T ZERO\",\"isPartOf\":{\"@id\":\"https:\/\/staging.gravitzero.com\/#website\"},\"datePublished\":\"2022-01-10T19:50:01+00:00\",\"dateModified\":\"2022-02-14T19:09:51+00:00\",\"breadcrumb\":{\"@id\":\"https:\/\/staging.gravitzero.com\/session\/formation-et-evaluation-pratique-engins-elevateurs-plateforme-et-nacelle-elevatrices-21\/#breadcrumb\"},\"inLanguage\":\"en-US\",\"potentialAction\":[{\"@type\":\"ReadAction\",\"target\":[\"https:\/\/staging.gravitzero.com\/session\/formation-et-evaluation-pratique-engins-elevateurs-plateforme-et-nacelle-elevatrices-21\/\"]}]},{\"@type\":\"BreadcrumbList\",\"@id\":\"https:\/\/staging.gravitzero.com\/session\/formation-et-evaluation-pratique-engins-elevateurs-plateforme-et-nacelle-elevatrices-21\/#breadcrumb\",\"itemListElement\":[{\"@type\":\"ListItem\",\"position\":1,\"name\":\"Accueil\",\"item\":\"https:\/\/staging.gravitzero.com\/\"},{\"@type\":\"ListItem\",\"position\":2,\"name\":\"Shop\",\"item\":\"https:\/\/staging.gravitzero.com\/en\/shop\/\"},{\"@type\":\"ListItem\",\"position\":3,\"name\":\"Formation et \u00e9valuation pratique &#8211; Engins \u00e9l\u00e9vateurs (plateforme et nacelle \u00e9l\u00e9vatrices) (16 f\u00e9vrier 2022 de 9:30 \u00e0 11:00)\"}]},{\"@type\":\"WebSite\",\"@id\":\"https:\/\/staging.gravitzero.com\/#website\",\"url\":\"https:\/\/staging.gravitzero.com\/\",\"name\":\"GRAVI-T ZERO\",\"description\":\"Entreprise de formation en sant\u00e9 et s\u00e9curit\u00e9 au travail\",\"publisher\":{\"@id\":\"https:\/\/staging.gravitzero.com\/#organization\"},\"inLanguage\":\"en-US\"},{\"@type\":\"Organization\",\"@id\":\"https:\/\/staging.gravitzero.com\/#organization\",\"name\":\"GRAVI-T ZERO\",\"url\":\"https:\/\/staging.gravitzero.com\/\",\"logo\":{\"@type\":\"ImageObject\",\"inLanguage\":\"en-US\",\"@id\":\"https:\/\/staging.gravitzero.com\/#\/schema\/logo\/image\/\",\"url\":\"https:\/\/staging.gravitzero.com\/wp-content\/uploads\/2018\/03\/logo-340-156.jpg\",\"contentUrl\":\"https:\/\/staging.gravitzero.com\/wp-content\/uploads\/2018\/03\/logo-340-156.jpg\",\"width\":340,\"height\":156,\"caption\":\"GRAVI-T ZERO\"},\"image\":{\"@id\":\"https:\/\/staging.gravitzero.com\/#\/schema\/logo\/image\/\"},\"sameAs\":[\"https:\/\/www.facebook.com\/gravitzero\/\"]}]}<\/script>\n<!-- \/ Yoast SEO Premium plugin. -->","yoast_head_json":{"title":"Formation et \u00e9valuation pratique - Engins \u00e9l\u00e9vateurs (plateforme et nacelle \u00e9l\u00e9vatrices) (16 f\u00e9vrier 2022 de 9:30 \u00e0 11:00) | GRAVI-T ZERO","robots":{"index":"index","follow":"follow","max-snippet":"max-snippet:-1","max-image-preview":"max-image-preview:large","max-video-preview":"max-video-preview:-1"},"canonical":"https:\/\/staging.gravitzero.com\/session\/formation-et-evaluation-pratique-engins-elevateurs-plateforme-et-nacelle-elevatrices-21\/","og_locale":"en_US","og_type":"article","og_title":"Formation et \u00e9valuation pratique - Engins \u00e9l\u00e9vateurs (plateforme et nacelle \u00e9l\u00e9vatrices) (16 f\u00e9vrier 2022 de 9:30 \u00e0 11:00)","og_url":"https:\/\/staging.gravitzero.com\/session\/formation-et-evaluation-pratique-engins-elevateurs-plateforme-et-nacelle-elevatrices-21\/","og_site_name":"GRAVI-T ZERO","article_publisher":"https:\/\/www.facebook.com\/gravitzero\/","article_modified_time":"2022-02-14T19:09:51+00:00","twitter_card":"summary_large_image","schema":{"@context":"https:\/\/schema.org","@graph":[{"@type":"WebPage","@id":"https:\/\/staging.gravitzero.com\/session\/formation-et-evaluation-pratique-engins-elevateurs-plateforme-et-nacelle-elevatrices-21\/","url":"https:\/\/staging.gravitzero.com\/session\/formation-et-evaluation-pratique-engins-elevateurs-plateforme-et-nacelle-elevatrices-21\/","name":"Formation et \u00e9valuation pratique - Engins \u00e9l\u00e9vateurs (plateforme et nacelle \u00e9l\u00e9vatrices) (16 f\u00e9vrier 2022 de 9:30 \u00e0 11:00) | GRAVI-T ZERO","isPartOf":{"@id":"https:\/\/staging.gravitzero.com\/#website"},"datePublished":"2022-01-10T19:50:01+00:00","dateModified":"2022-02-14T19:09:51+00:00","breadcrumb":{"@id":"https:\/\/staging.gravitzero.com\/session\/formation-et-evaluation-pratique-engins-elevateurs-plateforme-et-nacelle-elevatrices-21\/#breadcrumb"},"inLanguage":"en-US","potentialAction":[{"@type":"ReadAction","target":["https:\/\/staging.gravitzero.com\/session\/formation-et-evaluation-pratique-engins-elevateurs-plateforme-et-nacelle-elevatrices-21\/"]}]},{"@type":"BreadcrumbList","@id":"https:\/\/staging.gravitzero.com\/session\/formation-et-evaluation-pratique-engins-elevateurs-plateforme-et-nacelle-elevatrices-21\/#breadcrumb","itemListElement":[{"@type":"ListItem","position":1,"name":"Accueil","item":"https:\/\/staging.gravitzero.com\/"},{"@type":"ListItem","position":2,"name":"Shop","item":"https:\/\/staging.gravitzero.com\/en\/shop\/"},{"@type":"ListItem","position":3,"name":"Formation et \u00e9valuation pratique &#8211; Engins \u00e9l\u00e9vateurs (plateforme et nacelle \u00e9l\u00e9vatrices) (16 f\u00e9vrier 2022 de 9:30 \u00e0 11:00)"}]},{"@type":"WebSite","@id":"https:\/\/staging.gravitzero.com\/#website","url":"https:\/\/staging.gravitzero.com\/","name":"GRAVI-T ZERO","description":"Entreprise de formation en sant\u00e9 et s\u00e9curit\u00e9 au travail","publisher":{"@id":"https:\/\/staging.gravitzero.com\/#organization"},"inLanguage":"en-US"},{"@type":"Organization","@id":"https:\/\/staging.gravitzero.com\/#organization","name":"GRAVI-T ZERO","url":"https:\/\/staging.gravitzero.com\/","logo":{"@type":"ImageObject","inLanguage":"en-US","@id":"https:\/\/staging.gravitzero.com\/#\/schema\/logo\/image\/","url":"https:\/\/staging.gravitzero.com\/wp-content\/uploads\/2018\/03\/logo-340-156.jpg","contentUrl":"https:\/\/staging.gravitzero.com\/wp-content\/uploads\/2018\/03\/logo-340-156.jpg","width":340,"height":156,"caption":"GRAVI-T ZERO"},"image":{"@id":"https:\/\/staging.gravitzero.com\/#\/schema\/logo\/image\/"},"sameAs":["https:\/\/www.facebook.com\/gravitzero\/"]}]}},"_links":{"self":[{"href":"https:\/\/staging.gravitzero.com\/en\/wp-json\/wp\/v2\/product\/49400","targetHints":{"allow":["GET"]}}],"collection":[{"href":"https:\/\/staging.gravitzero.com\/en\/wp-json\/wp\/v2\/product"}],"about":[{"href":"https:\/\/staging.gravitzero.com\/en\/wp-json\/wp\/v2\/types\/product"}],"version-history":[{"count":0,"href":"https:\/\/staging.gravitzero.com\/en\/wp-json\/wp\/v2\/product\/49400\/revisions"}],"wp:attachment":[{"href":"https:\/\/staging.gravitzero.com\/en\/wp-json\/wp\/v2\/media?parent=49400"}],"wp:term":[{"taxonomy":"product_brand","embeddable":true,"href":"https:\/\/staging.gravitzero.com\/en\/wp-json\/wp\/v2\/product_brand?post=49400"},{"taxonomy":"product_cat","embeddable":true,"href":"https:\/\/staging.gravitzero.com\/en\/wp-json\/wp\/v2\/product_cat?post=49400"},{"taxonomy":"product_tag","embeddable":true,"href":"https:\/\/staging.gravitzero.com\/en\/wp-json\/wp\/v2\/product_tag?post=49400"}],"curies":[{"name":"wp","href":"https:\/\/api.w.org\/{rel}","templated":true}]}}