{"id":12372,"date":"2019-10-18T11:30:40","date_gmt":"2019-10-18T15:30:40","guid":{"rendered":"https:\/\/site-wordpress.ca\/produit\/espaces-clos-travailleur-habilite-25-novembre-2019\/"},"modified":"2019-11-11T12:03:04","modified_gmt":"2019-11-11T17:03:04","slug":"espaces-clos-travailleur-habilite-25-novembre-2019","status":"publish","type":"product","link":"https:\/\/staging.gravitzero.com\/en\/produit\/espaces-clos-travailleur-habilite-25-novembre-2019\/","title":{"rendered":"Travail en espaces clos &#8211; Travailleur habilit\u00e9 (25 novembre 2019)"},"content":{"rendered":"","protected":false},"excerpt":{"rendered":"","protected":false},"featured_media":12068,"template":"","meta":{"_acf_changed":false,"_price":"400","_stock":"7","_tribe_ticket_header":"","_tribe_default_ticket_provider":"","_ticket_start_date":"2019-10-01 00:00:00","_ticket_end_date":"2019-11-22 15:30:00","_tribe_ticket_show_description":"yes","_tribe_ticket_show_not_going":false,"_tribe_ticket_use_global_stock":"","_tribe_ticket_global_stock_level":"","_global_stock_mode":"own","_global_stock_cap":"","_tribe_rsvp_for_event":"","_tribe_ticket_going_count":"","_tribe_ticket_not_going_count":"","_tribe_tickets_list":"[]","_tribe_ticket_has_attendee_info_fields":false,"_tec_slr_enabled":"","_tec_slr_layout":""},"product_brand":[],"product_cat":[15],"product_tag":[],"class_list":{"0":"post-12372","1":"product","2":"type-product","3":"status-publish","4":"has-post-thumbnail","6":"product_cat-non-classe","8":"first","9":"instock","10":"virtual","11":"taxable","12":"purchasable","13":"product-type-simple"},"acf":[],"yoast_head":"<!-- This site is optimized with the Yoast SEO Premium plugin v26.7 (Yoast SEO v26.7) - https:\/\/yoast.com\/wordpress\/plugins\/seo\/ -->\n<title>Travail en espaces clos - Travailleur habilit\u00e9 (25 novembre 2019) | GRAVI-T ZERO<\/title>\n<meta name=\"robots\" content=\"index, follow, max-snippet:-1, max-image-preview:large, max-video-preview:-1\" \/>\n<link rel=\"canonical\" href=\"https:\/\/staging.gravitzero.com\/session\/espaces-clos-travailleur-habilite-7\/\" \/>\n<meta property=\"og:locale\" content=\"en_US\" \/>\n<meta property=\"og:type\" content=\"article\" \/>\n<meta property=\"og:title\" content=\"Travail en espaces clos - Travailleur habilit\u00e9 (25 novembre 2019)\" \/>\n<meta property=\"og:url\" content=\"https:\/\/staging.gravitzero.com\/session\/espaces-clos-travailleur-habilite-7\/\" \/>\n<meta property=\"og:site_name\" content=\"GRAVI-T ZERO\" \/>\n<meta property=\"article:publisher\" content=\"https:\/\/www.facebook.com\/gravitzero\/\" \/>\n<meta property=\"article:modified_time\" content=\"2019-11-11T17:03:04+00:00\" \/>\n<meta property=\"og:image\" content=\"https:\/\/staging.gravitzero.com\/wp-content\/uploads\/2019\/10\/espaces-clos-surveillant.jpg\" \/>\n\t<meta property=\"og:image:width\" content=\"1200\" \/>\n\t<meta property=\"og:image:height\" content=\"900\" \/>\n\t<meta property=\"og:image:type\" content=\"image\/jpeg\" \/>\n<meta name=\"twitter:card\" content=\"summary_large_image\" \/>\n<script type=\"application\/ld+json\" class=\"yoast-schema-graph\">{\"@context\":\"https:\/\/schema.org\",\"@graph\":[{\"@type\":\"WebPage\",\"@id\":\"https:\/\/staging.gravitzero.com\/session\/espaces-clos-travailleur-habilite-7\/\",\"url\":\"https:\/\/staging.gravitzero.com\/session\/espaces-clos-travailleur-habilite-7\/\",\"name\":\"Travail en espaces clos - Travailleur habilit\u00e9 (25 novembre 2019) | GRAVI-T ZERO\",\"isPartOf\":{\"@id\":\"https:\/\/staging.gravitzero.com\/#website\"},\"primaryImageOfPage\":{\"@id\":\"https:\/\/staging.gravitzero.com\/session\/espaces-clos-travailleur-habilite-7\/#primaryimage\"},\"image\":{\"@id\":\"https:\/\/staging.gravitzero.com\/session\/espaces-clos-travailleur-habilite-7\/#primaryimage\"},\"thumbnailUrl\":\"https:\/\/staging.gravitzero.com\/wp-content\/uploads\/2019\/10\/espaces-clos-surveillant.jpg\",\"datePublished\":\"2019-10-18T15:30:40+00:00\",\"dateModified\":\"2019-11-11T17:03:04+00:00\",\"breadcrumb\":{\"@id\":\"https:\/\/staging.gravitzero.com\/session\/espaces-clos-travailleur-habilite-7\/#breadcrumb\"},\"inLanguage\":\"en-US\",\"potentialAction\":[{\"@type\":\"ReadAction\",\"target\":[\"https:\/\/staging.gravitzero.com\/session\/espaces-clos-travailleur-habilite-7\/\"]}]},{\"@type\":\"ImageObject\",\"inLanguage\":\"en-US\",\"@id\":\"https:\/\/staging.gravitzero.com\/session\/espaces-clos-travailleur-habilite-7\/#primaryimage\",\"url\":\"https:\/\/staging.gravitzero.com\/wp-content\/uploads\/2019\/10\/espaces-clos-surveillant.jpg\",\"contentUrl\":\"https:\/\/staging.gravitzero.com\/wp-content\/uploads\/2019\/10\/espaces-clos-surveillant.jpg\",\"width\":1200,\"height\":900},{\"@type\":\"BreadcrumbList\",\"@id\":\"https:\/\/staging.gravitzero.com\/session\/espaces-clos-travailleur-habilite-7\/#breadcrumb\",\"itemListElement\":[{\"@type\":\"ListItem\",\"position\":1,\"name\":\"Accueil\",\"item\":\"https:\/\/staging.gravitzero.com\/\"},{\"@type\":\"ListItem\",\"position\":2,\"name\":\"Shop\",\"item\":\"https:\/\/staging.gravitzero.com\/en\/shop\/\"},{\"@type\":\"ListItem\",\"position\":3,\"name\":\"Non class\u00e9\",\"item\":\"https:\/\/staging.gravitzero.com\/categorie-produit\/non-classe\/\"},{\"@type\":\"ListItem\",\"position\":4,\"name\":\"Travail en espaces clos &#8211; Travailleur habilit\u00e9 (25 novembre 2019)\"}]},{\"@type\":\"WebSite\",\"@id\":\"https:\/\/staging.gravitzero.com\/#website\",\"url\":\"https:\/\/staging.gravitzero.com\/\",\"name\":\"GRAVI-T ZERO\",\"description\":\"Entreprise de formation en sant\u00e9 et s\u00e9curit\u00e9 au travail\",\"publisher\":{\"@id\":\"https:\/\/staging.gravitzero.com\/#organization\"},\"inLanguage\":\"en-US\"},{\"@type\":\"Organization\",\"@id\":\"https:\/\/staging.gravitzero.com\/#organization\",\"name\":\"GRAVI-T ZERO\",\"url\":\"https:\/\/staging.gravitzero.com\/\",\"logo\":{\"@type\":\"ImageObject\",\"inLanguage\":\"en-US\",\"@id\":\"https:\/\/staging.gravitzero.com\/#\/schema\/logo\/image\/\",\"url\":\"https:\/\/staging.gravitzero.com\/wp-content\/uploads\/2018\/03\/logo-340-156.jpg\",\"contentUrl\":\"https:\/\/staging.gravitzero.com\/wp-content\/uploads\/2018\/03\/logo-340-156.jpg\",\"width\":340,\"height\":156,\"caption\":\"GRAVI-T ZERO\"},\"image\":{\"@id\":\"https:\/\/staging.gravitzero.com\/#\/schema\/logo\/image\/\"},\"sameAs\":[\"https:\/\/www.facebook.com\/gravitzero\/\"]}]}<\/script>\n<!-- \/ Yoast SEO Premium plugin. -->","yoast_head_json":{"title":"Travail en espaces clos - Travailleur habilit\u00e9 (25 novembre 2019) | GRAVI-T ZERO","robots":{"index":"index","follow":"follow","max-snippet":"max-snippet:-1","max-image-preview":"max-image-preview:large","max-video-preview":"max-video-preview:-1"},"canonical":"https:\/\/staging.gravitzero.com\/session\/espaces-clos-travailleur-habilite-7\/","og_locale":"en_US","og_type":"article","og_title":"Travail en espaces clos - Travailleur habilit\u00e9 (25 novembre 2019)","og_url":"https:\/\/staging.gravitzero.com\/session\/espaces-clos-travailleur-habilite-7\/","og_site_name":"GRAVI-T ZERO","article_publisher":"https:\/\/www.facebook.com\/gravitzero\/","article_modified_time":"2019-11-11T17:03:04+00:00","og_image":[{"width":1200,"height":900,"url":"https:\/\/staging.gravitzero.com\/wp-content\/uploads\/2019\/10\/espaces-clos-surveillant.jpg","type":"image\/jpeg"}],"twitter_card":"summary_large_image","schema":{"@context":"https:\/\/schema.org","@graph":[{"@type":"WebPage","@id":"https:\/\/staging.gravitzero.com\/session\/espaces-clos-travailleur-habilite-7\/","url":"https:\/\/staging.gravitzero.com\/session\/espaces-clos-travailleur-habilite-7\/","name":"Travail en espaces clos - Travailleur habilit\u00e9 (25 novembre 2019) | GRAVI-T ZERO","isPartOf":{"@id":"https:\/\/staging.gravitzero.com\/#website"},"primaryImageOfPage":{"@id":"https:\/\/staging.gravitzero.com\/session\/espaces-clos-travailleur-habilite-7\/#primaryimage"},"image":{"@id":"https:\/\/staging.gravitzero.com\/session\/espaces-clos-travailleur-habilite-7\/#primaryimage"},"thumbnailUrl":"https:\/\/staging.gravitzero.com\/wp-content\/uploads\/2019\/10\/espaces-clos-surveillant.jpg","datePublished":"2019-10-18T15:30:40+00:00","dateModified":"2019-11-11T17:03:04+00:00","breadcrumb":{"@id":"https:\/\/staging.gravitzero.com\/session\/espaces-clos-travailleur-habilite-7\/#breadcrumb"},"inLanguage":"en-US","potentialAction":[{"@type":"ReadAction","target":["https:\/\/staging.gravitzero.com\/session\/espaces-clos-travailleur-habilite-7\/"]}]},{"@type":"ImageObject","inLanguage":"en-US","@id":"https:\/\/staging.gravitzero.com\/session\/espaces-clos-travailleur-habilite-7\/#primaryimage","url":"https:\/\/staging.gravitzero.com\/wp-content\/uploads\/2019\/10\/espaces-clos-surveillant.jpg","contentUrl":"https:\/\/staging.gravitzero.com\/wp-content\/uploads\/2019\/10\/espaces-clos-surveillant.jpg","width":1200,"height":900},{"@type":"BreadcrumbList","@id":"https:\/\/staging.gravitzero.com\/session\/espaces-clos-travailleur-habilite-7\/#breadcrumb","itemListElement":[{"@type":"ListItem","position":1,"name":"Accueil","item":"https:\/\/staging.gravitzero.com\/"},{"@type":"ListItem","position":2,"name":"Shop","item":"https:\/\/staging.gravitzero.com\/en\/shop\/"},{"@type":"ListItem","position":3,"name":"Non class\u00e9","item":"https:\/\/staging.gravitzero.com\/categorie-produit\/non-classe\/"},{"@type":"ListItem","position":4,"name":"Travail en espaces clos &#8211; Travailleur habilit\u00e9 (25 novembre 2019)"}]},{"@type":"WebSite","@id":"https:\/\/staging.gravitzero.com\/#website","url":"https:\/\/staging.gravitzero.com\/","name":"GRAVI-T ZERO","description":"Entreprise de formation en sant\u00e9 et s\u00e9curit\u00e9 au travail","publisher":{"@id":"https:\/\/staging.gravitzero.com\/#organization"},"inLanguage":"en-US"},{"@type":"Organization","@id":"https:\/\/staging.gravitzero.com\/#organization","name":"GRAVI-T ZERO","url":"https:\/\/staging.gravitzero.com\/","logo":{"@type":"ImageObject","inLanguage":"en-US","@id":"https:\/\/staging.gravitzero.com\/#\/schema\/logo\/image\/","url":"https:\/\/staging.gravitzero.com\/wp-content\/uploads\/2018\/03\/logo-340-156.jpg","contentUrl":"https:\/\/staging.gravitzero.com\/wp-content\/uploads\/2018\/03\/logo-340-156.jpg","width":340,"height":156,"caption":"GRAVI-T ZERO"},"image":{"@id":"https:\/\/staging.gravitzero.com\/#\/schema\/logo\/image\/"},"sameAs":["https:\/\/www.facebook.com\/gravitzero\/"]}]}},"_links":{"self":[{"href":"https:\/\/staging.gravitzero.com\/en\/wp-json\/wp\/v2\/product\/12372","targetHints":{"allow":["GET"]}}],"collection":[{"href":"https:\/\/staging.gravitzero.com\/en\/wp-json\/wp\/v2\/product"}],"about":[{"href":"https:\/\/staging.gravitzero.com\/en\/wp-json\/wp\/v2\/types\/product"}],"version-history":[{"count":0,"href":"https:\/\/staging.gravitzero.com\/en\/wp-json\/wp\/v2\/product\/12372\/revisions"}],"wp:featuredmedia":[{"embeddable":true,"href":"https:\/\/staging.gravitzero.com\/en\/wp-json\/wp\/v2\/media\/12068"}],"wp:attachment":[{"href":"https:\/\/staging.gravitzero.com\/en\/wp-json\/wp\/v2\/media?parent=12372"}],"wp:term":[{"taxonomy":"product_brand","embeddable":true,"href":"https:\/\/staging.gravitzero.com\/en\/wp-json\/wp\/v2\/product_brand?post=12372"},{"taxonomy":"product_cat","embeddable":true,"href":"https:\/\/staging.gravitzero.com\/en\/wp-json\/wp\/v2\/product_cat?post=12372"},{"taxonomy":"product_tag","embeddable":true,"href":"https:\/\/staging.gravitzero.com\/en\/wp-json\/wp\/v2\/product_tag?post=12372"}],"curies":[{"name":"wp","href":"https:\/\/api.w.org\/{rel}","templated":true}]}}